{"id":23822,"date":"2025-11-10T03:33:56","date_gmt":"2025-11-10T03:33:56","guid":{"rendered":"https:\/\/www.yousanusb.com\/?page_id=23822"},"modified":"2025-11-10T03:34:01","modified_gmt":"2025-11-10T03:34:01","slug":"search-product","status":"publish","type":"page","link":"https:\/\/www.yousanusb.com\/de\/search-product\/","title":{"rendered":"search product"},"content":{"rendered":"<div data-elementor-type=\"wp-page\" data-elementor-id=\"23822\" class=\"elementor elementor-23822\" data-elementor-post-type=\"page\">\n\t\t\t\t\t\t<section class=\"elementor-section elementor-top-section elementor-element elementor-element-c5e9c7a elementor-section-boxed elementor-section-height-default elementor-section-height-default\" data-id=\"c5e9c7a\" data-element_type=\"section\" data-settings=\"{&quot;background_background&quot;:&quot;classic&quot;}\">\n\t\t\t\t\t\t<div class=\"elementor-container elementor-column-gap-default\">\n\t\t\t\t\t<div class=\"elementor-column elementor-col-100 elementor-top-column elementor-element elementor-element-6735502a\" data-id=\"6735502a\" data-element_type=\"column\">\n\t\t\t<div class=\"elementor-widget-wrap elementor-element-populated\">\n\t\t\t\t\t\t<div class=\"elementor-element elementor-element-3edd5aad elementor-widget elementor-widget-heading\" data-id=\"3edd5aad\" data-element_type=\"widget\" data-widget_type=\"heading.default\">\n\t\t\t\t<div class=\"elementor-widget-container\">\n\t\t\t<h2 class=\"elementor-heading-title elementor-size-default\">Suche auf<\/h2>\t\t<\/div>\n\t\t\t\t<\/div>\n\t\t\t\t<div class=\"elementor-element elementor-element-2d77db6c elementor-widget elementor-widget-search\" data-id=\"2d77db6c\" data-element_type=\"widget\" data-settings=\"{&quot;submit_trigger&quot;:&quot;click_submit&quot;}\" data-widget_type=\"search.default\">\n\t\t\t\t<div class=\"elementor-widget-container\">\n\t\t\t\t\t<search class=\"e-search hidden\" role=\"search\">\n\t\t\t<form class=\"e-search-form\" action=\"https:\/\/www.yousanusb.com\/de\/\" method=\"get\" data-trp-original-action=\"https:\/\/www.yousanusb.com\/de\">\n\n\t\t\t\t\n\t\t\t\t<label class=\"e-search-label\" for=\"search-2d77db6c\">\n\t\t\t\t\t<span class=\"elementor-screen-only\">\n\t\t\t\t\t\tSuche\t\t\t\t\t<\/span>\n\t\t\t\t\t\t\t\t\t<\/label>\n\n\t\t\t\t<div class=\"e-search-input-wrapper\">\n\t\t\t\t\t<input id=\"search-2d77db6c\" placeholder=\"Tippen Sie, um die Suche zu starten...\" class=\"e-search-input\" type=\"search\" name=\"s\" value=\"\" autocomplete=\"off\" role=\"combobox\" aria-autocomplete=\"list\" aria-expanded=\"false\" aria-controls=\"results-2d77db6c\" aria-haspopup=\"listbox\">\n\t\t\t\t\t<i aria-hidden=\"true\" class=\"fas fa-times\"><\/i>\t\t\t\t\t\t\t\t\t\t<output id=\"results-2d77db6c\" class=\"e-search-results-container hide-loader\" aria-live=\"polite\" aria-atomic=\"true\" aria-label=\"Ergebnisse f\u00fcr die Suche\" tabindex=\"0\">\n\t\t\t\t\t\t<div class=\"e-search-results\"><\/div>\n\t\t\t\t\t\t\t\t\t\t\t<\/output>\n\t\t\t\t\t\t\t\t\t<\/div>\n\t\t\t\t\n\t\t\t\t\n\t\t\t\t<button class=\"e-search-submit\" type=\"submit\">\n\t\t\t\t\t\n\t\t\t\t\t<span class=\"\">\n\t\t\t\t\t\tSuche\t\t\t\t\t<\/span>\n\t\t\t\t<\/button>\n\t\t\t\t<input type=\"hidden\" name=\"e_search_props\" value=\"2d77db6c-23822\">\n\t\t\t<input type=\"hidden\" name=\"trp-form-language\" value=\"de\"\/><\/form>\n\t\t<\/search>\n\t\t\t\t<\/div>\n\t\t\t\t<\/div>\n\t\t\t\t<div class=\"elementor-element elementor-element-2f62424c elementor-widget elementor-widget-text-editor\" data-id=\"2f62424c\" data-element_type=\"widget\" data-widget_type=\"text-editor.default\">\n\t\t\t\t<div class=\"elementor-widget-container\">\n\t\t\t\t\t\t\t<p>Wir bieten eine gro\u00dfe Auswahl an Produktstilen. Um die Suche nach dem gew\u00fcnschten Stil zu erleichtern, k\u00f6nnen Sie einfach nach einem Stichwort suchen. Wenn Sie zum Beispiel ein USB-Laufwerk aus Holz suchen, suchen Sie einfach nach \"Holz\".<\/p>\t\t\t\t\t\t<\/div>\n\t\t\t\t<\/div>\n\t\t\t\t\t<\/div>\n\t\t<\/div>\n\t\t\t\t\t<\/div>\n\t\t<\/section>\n\t\t\t\t<\/div>","protected":false},"excerpt":{"rendered":"<p>Searching Search Search We offer a wide variety of product styles. To make it easier to find the style you want, simply search by keyword. For example, if you&#8217;re looking for a wooden USB drive, just search for \u201cwooden.\u201d<\/p>","protected":false},"author":1,"featured_media":0,"parent":0,"menu_order":0,"comment_status":"closed","ping_status":"closed","template":"","meta":{"_seopress_robots_primary_cat":"","_seopress_titles_title":"","_seopress_titles_desc":"","_seopress_robots_index":"","footnotes":""},"class_list":["post-23822","page","type-page","status-publish","hentry"],"_links":{"self":[{"href":"https:\/\/www.yousanusb.com\/de\/wp-json\/wp\/v2\/pages\/23822"}],"collection":[{"href":"https:\/\/www.yousanusb.com\/de\/wp-json\/wp\/v2\/pages"}],"about":[{"href":"https:\/\/www.yousanusb.com\/de\/wp-json\/wp\/v2\/types\/page"}],"author":[{"embeddable":true,"href":"https:\/\/www.yousanusb.com\/de\/wp-json\/wp\/v2\/users\/1"}],"replies":[{"embeddable":true,"href":"https:\/\/www.yousanusb.com\/de\/wp-json\/wp\/v2\/comments?post=23822"}],"version-history":[{"count":4,"href":"https:\/\/www.yousanusb.com\/de\/wp-json\/wp\/v2\/pages\/23822\/revisions"}],"predecessor-version":[{"id":23828,"href":"https:\/\/www.yousanusb.com\/de\/wp-json\/wp\/v2\/pages\/23822\/revisions\/23828"}],"wp:attachment":[{"href":"https:\/\/www.yousanusb.com\/de\/wp-json\/wp\/v2\/media?parent=23822"}],"curies":[{"name":"wp","href":"https:\/\/api.w.org\/{rel}","templated":true}]}}