{"id":1011,"date":"2021-06-02T01:27:13","date_gmt":"2021-06-02T01:27:13","guid":{"rendered":"https:\/\/yousanusb.com\/?post_type=product&#038;p=1011"},"modified":"2025-11-04T06:24:58","modified_gmt":"2025-11-04T06:24:58","slug":"most-popluar-swivel-usb-flash-drive","status":"publish","type":"product","link":"https:\/\/www.yousanusb.com\/de\/product\/most-popluar-swivel-usb-flash-drive\/","title":{"rendered":"Beliebtestes schwenkbares USB-Flash-Laufwerk"},"content":{"rendered":"<p>Das klassische drehbare USB-Laufwerk im Clip-Stil ist das am h\u00e4ufigsten bestellte USB-Modell in unseren Exportgesch\u00e4ften und bleibt das beliebteste Design. Seit der Einf\u00fchrung des USB wurde dieses Modell von 80% unserer Kunden gew\u00e4hlt.<\/p>\n\n\n\n<div class=\"wp-block-columns is-layout-flex wp-container-core-columns-is-layout-1 wp-block-columns-is-layout-flex\">\n<div class=\"wp-block-column is-layout-flow wp-block-column-is-layout-flow\">\n<figure class=\"wp-block-image size-full\"><img fetchpriority=\"high\" decoding=\"async\" width=\"800\" height=\"800\" src=\"https:\/\/www.yousanusb.com\/wp-content\/uploads\/2021\/06\/China-swivel-usb-flash-drive.webp\" alt=\"\" class=\"wp-image-23394\" srcset=\"https:\/\/www.yousanusb.com\/wp-content\/uploads\/2021\/06\/China-swivel-usb-flash-drive.webp 800w, https:\/\/www.yousanusb.com\/wp-content\/uploads\/2021\/06\/China-swivel-usb-flash-drive-300x300.webp 300w, https:\/\/www.yousanusb.com\/wp-content\/uploads\/2021\/06\/China-swivel-usb-flash-drive-150x150.webp 150w, https:\/\/www.yousanusb.com\/wp-content\/uploads\/2021\/06\/China-swivel-usb-flash-drive-768x768.webp 768w, https:\/\/www.yousanusb.com\/wp-content\/uploads\/2021\/06\/China-swivel-usb-flash-drive-12x12.webp 12w, https:\/\/www.yousanusb.com\/wp-content\/uploads\/2021\/06\/China-swivel-usb-flash-drive-600x600.webp 600w, https:\/\/www.yousanusb.com\/wp-content\/uploads\/2021\/06\/China-swivel-usb-flash-drive-100x100.webp 100w\" sizes=\"(max-width: 800px) 100vw, 800px\" \/><\/figure>\n<\/div>\n\n\n\n<div class=\"wp-block-column is-vertically-aligned-center is-layout-flow wp-block-column-is-layout-flow\">\n<p>Die&nbsp;<strong>Schwenkbares USB-Flash-Laufwerk<\/strong>&nbsp;besteht aus einem&nbsp;<strong>ABS-Kunststoffgeh\u00e4use<\/strong>&nbsp;und ein&nbsp;<strong>Geh\u00e4use aus geb\u00fcrsteter Aluminiumlegierung<\/strong>.<\/p>\n\n\n\n<p>Das ABS-Kunststoffgeh\u00e4use besteht aus ABS-Material mit ausgezeichneter Sto\u00dffestigkeit, das leicht und robust ist. Es wird nicht leicht durch t\u00e4gliche St\u00fcrze oder Quetschungen besch\u00e4digt, w\u00e4hrend das Gesamtgewicht reduziert und die Tragbarkeit verbessert wird.<\/p>\n\n\n\n<p>Geb\u00fcrstetes Geh\u00e4use aus Aluminiumlegierung: Die Schale besteht aus einer Aluminiumlegierung, die durch ein B\u00fcrstverfahren hergestellt wird. Dadurch werden Fingerabdr\u00fccke reduziert und das Aussehen bleibt auch nach l\u00e4ngerem Gebrauch sauber.<\/p>\n<\/div>\n<\/div>\n\n\n\n<p>Dank des einzigartigen 360\u00b0-Rotationsdesigns kann die USB-Schnittstelle herausgedreht und zur Daten\u00fcbertragung direkt in das Ger\u00e4t gesteckt werden. Wird sie nicht verwendet, kann sie wieder in das Geh\u00e4use zur\u00fcckgedreht werden, um Staub und Kratzer zu vermeiden, was die Schnittstelle vor Besch\u00e4digungen sch\u00fctzt und die Stabilit\u00e4t der Daten\u00fcbertragung erheblich verbessert.<\/p>\n\n\n\n<p>Das Produkt hat ein eingebautes Schl\u00fcsselloch an der Seite, das Schl\u00fcsselanh\u00e4nger und Schl\u00fcsselb\u00e4nder unterst\u00fctzt. Es kann direkt an Schl\u00fcsselanh\u00e4ngern, Rucksack-Rei\u00dfverschl\u00fcssen usw. befestigt werden, wodurch das Problem, dass herk\u00f6mmliche USB-Laufwerke leicht verloren gehen k\u00f6nnen, vollst\u00e4ndig gel\u00f6st wird.<\/p>\n\n\n\n<p>Eine Vielzahl von Farben (z. B. schwarz, violett, blau, rot usw.) steht zur Verf\u00fcgung, um den \u00e4sthetischen Vorlieben sowohl von Privatpersonen als auch von Unternehmen gerecht zu werden.<\/p>\n\n\n\n<div class=\"wp-block-columns is-layout-flex wp-container-core-columns-is-layout-2 wp-block-columns-is-layout-flex\">\n<div class=\"wp-block-column is-layout-flow wp-block-column-is-layout-flow\">\n<figure class=\"wp-block-image size-full\"><img decoding=\"async\" width=\"800\" height=\"800\" src=\"https:\/\/www.yousanusb.com\/wp-content\/uploads\/2021\/06\/bulk-metal-rotating-usb-flash-drive.webp\" alt=\"\" class=\"wp-image-23392\" srcset=\"https:\/\/www.yousanusb.com\/wp-content\/uploads\/2021\/06\/bulk-metal-rotating-usb-flash-drive.webp 800w, https:\/\/www.yousanusb.com\/wp-content\/uploads\/2021\/06\/bulk-metal-rotating-usb-flash-drive-300x300.webp 300w, https:\/\/www.yousanusb.com\/wp-content\/uploads\/2021\/06\/bulk-metal-rotating-usb-flash-drive-150x150.webp 150w, https:\/\/www.yousanusb.com\/wp-content\/uploads\/2021\/06\/bulk-metal-rotating-usb-flash-drive-768x768.webp 768w, https:\/\/www.yousanusb.com\/wp-content\/uploads\/2021\/06\/bulk-metal-rotating-usb-flash-drive-12x12.webp 12w, https:\/\/www.yousanusb.com\/wp-content\/uploads\/2021\/06\/bulk-metal-rotating-usb-flash-drive-600x600.webp 600w, https:\/\/www.yousanusb.com\/wp-content\/uploads\/2021\/06\/bulk-metal-rotating-usb-flash-drive-100x100.webp 100w\" sizes=\"(max-width: 800px) 100vw, 800px\" \/><\/figure>\n<\/div>\n\n\n\n<div class=\"wp-block-column is-layout-flow wp-block-column-is-layout-flow\">\n<figure class=\"wp-block-image size-full\"><img decoding=\"async\" width=\"800\" height=\"800\" src=\"https:\/\/www.yousanusb.com\/wp-content\/uploads\/2021\/06\/bulk-rotating-plastic-usb-flash-drive.webp\" alt=\"\" class=\"wp-image-23393\" srcset=\"https:\/\/www.yousanusb.com\/wp-content\/uploads\/2021\/06\/bulk-rotating-plastic-usb-flash-drive.webp 800w, https:\/\/www.yousanusb.com\/wp-content\/uploads\/2021\/06\/bulk-rotating-plastic-usb-flash-drive-300x300.webp 300w, https:\/\/www.yousanusb.com\/wp-content\/uploads\/2021\/06\/bulk-rotating-plastic-usb-flash-drive-150x150.webp 150w, https:\/\/www.yousanusb.com\/wp-content\/uploads\/2021\/06\/bulk-rotating-plastic-usb-flash-drive-768x768.webp 768w, https:\/\/www.yousanusb.com\/wp-content\/uploads\/2021\/06\/bulk-rotating-plastic-usb-flash-drive-12x12.webp 12w, https:\/\/www.yousanusb.com\/wp-content\/uploads\/2021\/06\/bulk-rotating-plastic-usb-flash-drive-600x600.webp 600w, https:\/\/www.yousanusb.com\/wp-content\/uploads\/2021\/06\/bulk-rotating-plastic-usb-flash-drive-100x100.webp 100w\" sizes=\"(max-width: 800px) 100vw, 800px\" \/><\/figure>\n<\/div>\n\n\n\n<div class=\"wp-block-column is-layout-flow wp-block-column-is-layout-flow\">\n<figure class=\"wp-block-image size-full\"><img loading=\"lazy\" decoding=\"async\" width=\"800\" height=\"800\" src=\"https:\/\/www.yousanusb.com\/wp-content\/uploads\/2021\/06\/custom-rotating-usb-drives.webp\" alt=\"\" class=\"wp-image-23395\" srcset=\"https:\/\/www.yousanusb.com\/wp-content\/uploads\/2021\/06\/custom-rotating-usb-drives.webp 800w, https:\/\/www.yousanusb.com\/wp-content\/uploads\/2021\/06\/custom-rotating-usb-drives-300x300.webp 300w, https:\/\/www.yousanusb.com\/wp-content\/uploads\/2021\/06\/custom-rotating-usb-drives-150x150.webp 150w, https:\/\/www.yousanusb.com\/wp-content\/uploads\/2021\/06\/custom-rotating-usb-drives-768x768.webp 768w, https:\/\/www.yousanusb.com\/wp-content\/uploads\/2021\/06\/custom-rotating-usb-drives-12x12.webp 12w, https:\/\/www.yousanusb.com\/wp-content\/uploads\/2021\/06\/custom-rotating-usb-drives-600x600.webp 600w, https:\/\/www.yousanusb.com\/wp-content\/uploads\/2021\/06\/custom-rotating-usb-drives-100x100.webp 100w\" sizes=\"(max-width: 800px) 100vw, 800px\" \/><\/figure>\n<\/div>\n<\/div>\n\n\n\n<div class=\"wp-block-columns is-layout-flex wp-container-core-columns-is-layout-3 wp-block-columns-is-layout-flex\">\n<div class=\"wp-block-column is-layout-flow wp-block-column-is-layout-flow\">\n<figure class=\"wp-block-image size-full\"><img loading=\"lazy\" decoding=\"async\" width=\"800\" height=\"800\" src=\"https:\/\/www.yousanusb.com\/wp-content\/uploads\/2021\/06\/custom-rotating-usb-flash-drive.webp\" alt=\"\" class=\"wp-image-23396\" srcset=\"https:\/\/www.yousanusb.com\/wp-content\/uploads\/2021\/06\/custom-rotating-usb-flash-drive.webp 800w, https:\/\/www.yousanusb.com\/wp-content\/uploads\/2021\/06\/custom-rotating-usb-flash-drive-300x300.webp 300w, https:\/\/www.yousanusb.com\/wp-content\/uploads\/2021\/06\/custom-rotating-usb-flash-drive-150x150.webp 150w, https:\/\/www.yousanusb.com\/wp-content\/uploads\/2021\/06\/custom-rotating-usb-flash-drive-768x768.webp 768w, https:\/\/www.yousanusb.com\/wp-content\/uploads\/2021\/06\/custom-rotating-usb-flash-drive-12x12.webp 12w, https:\/\/www.yousanusb.com\/wp-content\/uploads\/2021\/06\/custom-rotating-usb-flash-drive-600x600.webp 600w, https:\/\/www.yousanusb.com\/wp-content\/uploads\/2021\/06\/custom-rotating-usb-flash-drive-100x100.webp 100w\" sizes=\"(max-width: 800px) 100vw, 800px\" \/><\/figure>\n<\/div>\n\n\n\n<div class=\"wp-block-column is-layout-flow wp-block-column-is-layout-flow\">\n<figure class=\"wp-block-image size-full\"><img loading=\"lazy\" decoding=\"async\" width=\"800\" height=\"800\" src=\"https:\/\/www.yousanusb.com\/wp-content\/uploads\/2021\/06\/rotating-usb-drive.webp\" alt=\"\" class=\"wp-image-23397\" srcset=\"https:\/\/www.yousanusb.com\/wp-content\/uploads\/2021\/06\/rotating-usb-drive.webp 800w, https:\/\/www.yousanusb.com\/wp-content\/uploads\/2021\/06\/rotating-usb-drive-300x300.webp 300w, https:\/\/www.yousanusb.com\/wp-content\/uploads\/2021\/06\/rotating-usb-drive-150x150.webp 150w, https:\/\/www.yousanusb.com\/wp-content\/uploads\/2021\/06\/rotating-usb-drive-768x768.webp 768w, https:\/\/www.yousanusb.com\/wp-content\/uploads\/2021\/06\/rotating-usb-drive-12x12.webp 12w, https:\/\/www.yousanusb.com\/wp-content\/uploads\/2021\/06\/rotating-usb-drive-600x600.webp 600w, https:\/\/www.yousanusb.com\/wp-content\/uploads\/2021\/06\/rotating-usb-drive-100x100.webp 100w\" sizes=\"(max-width: 800px) 100vw, 800px\" \/><\/figure>\n<\/div>\n\n\n\n<div class=\"wp-block-column is-layout-flow wp-block-column-is-layout-flow\">\n<figure class=\"wp-block-image size-full\"><img loading=\"lazy\" decoding=\"async\" width=\"800\" height=\"800\" src=\"https:\/\/www.yousanusb.com\/wp-content\/uploads\/2021\/06\/rotating-usb-drives-cheapest.webp\" alt=\"\" class=\"wp-image-23398\" srcset=\"https:\/\/www.yousanusb.com\/wp-content\/uploads\/2021\/06\/rotating-usb-drives-cheapest.webp 800w, https:\/\/www.yousanusb.com\/wp-content\/uploads\/2021\/06\/rotating-usb-drives-cheapest-300x300.webp 300w, https:\/\/www.yousanusb.com\/wp-content\/uploads\/2021\/06\/rotating-usb-drives-cheapest-150x150.webp 150w, https:\/\/www.yousanusb.com\/wp-content\/uploads\/2021\/06\/rotating-usb-drives-cheapest-768x768.webp 768w, https:\/\/www.yousanusb.com\/wp-content\/uploads\/2021\/06\/rotating-usb-drives-cheapest-12x12.webp 12w, https:\/\/www.yousanusb.com\/wp-content\/uploads\/2021\/06\/rotating-usb-drives-cheapest-600x600.webp 600w, https:\/\/www.yousanusb.com\/wp-content\/uploads\/2021\/06\/rotating-usb-drives-cheapest-100x100.webp 100w\" sizes=\"(max-width: 800px) 100vw, 800px\" \/><\/figure>\n<\/div>\n<\/div>\n\n\n\n<div class=\"wp-block-columns is-layout-flex wp-container-core-columns-is-layout-4 wp-block-columns-is-layout-flex\">\n<div class=\"wp-block-column is-layout-flow wp-block-column-is-layout-flow\">\n<figure class=\"wp-block-image size-full\"><img loading=\"lazy\" decoding=\"async\" width=\"800\" height=\"800\" src=\"https:\/\/www.yousanusb.com\/wp-content\/uploads\/2021\/06\/swivel-usb-flash-drive.webp\" alt=\"\" class=\"wp-image-23399\" srcset=\"https:\/\/www.yousanusb.com\/wp-content\/uploads\/2021\/06\/swivel-usb-flash-drive.webp 800w, https:\/\/www.yousanusb.com\/wp-content\/uploads\/2021\/06\/swivel-usb-flash-drive-300x300.webp 300w, https:\/\/www.yousanusb.com\/wp-content\/uploads\/2021\/06\/swivel-usb-flash-drive-150x150.webp 150w, https:\/\/www.yousanusb.com\/wp-content\/uploads\/2021\/06\/swivel-usb-flash-drive-768x768.webp 768w, https:\/\/www.yousanusb.com\/wp-content\/uploads\/2021\/06\/swivel-usb-flash-drive-12x12.webp 12w, https:\/\/www.yousanusb.com\/wp-content\/uploads\/2021\/06\/swivel-usb-flash-drive-600x600.webp 600w, https:\/\/www.yousanusb.com\/wp-content\/uploads\/2021\/06\/swivel-usb-flash-drive-100x100.webp 100w\" sizes=\"(max-width: 800px) 100vw, 800px\" \/><\/figure>\n<\/div>\n\n\n\n<div class=\"wp-block-column is-layout-flow wp-block-column-is-layout-flow\">\n<figure class=\"wp-block-image size-full\"><img loading=\"lazy\" decoding=\"async\" width=\"800\" height=\"800\" src=\"https:\/\/www.yousanusb.com\/wp-content\/uploads\/2021\/06\/swivel-usb-flash-drives.webp\" alt=\"\" class=\"wp-image-23400\" srcset=\"https:\/\/www.yousanusb.com\/wp-content\/uploads\/2021\/06\/swivel-usb-flash-drives.webp 800w, https:\/\/www.yousanusb.com\/wp-content\/uploads\/2021\/06\/swivel-usb-flash-drives-300x300.webp 300w, https:\/\/www.yousanusb.com\/wp-content\/uploads\/2021\/06\/swivel-usb-flash-drives-150x150.webp 150w, https:\/\/www.yousanusb.com\/wp-content\/uploads\/2021\/06\/swivel-usb-flash-drives-768x768.webp 768w, https:\/\/www.yousanusb.com\/wp-content\/uploads\/2021\/06\/swivel-usb-flash-drives-12x12.webp 12w, https:\/\/www.yousanusb.com\/wp-content\/uploads\/2021\/06\/swivel-usb-flash-drives-600x600.webp 600w, https:\/\/www.yousanusb.com\/wp-content\/uploads\/2021\/06\/swivel-usb-flash-drives-100x100.webp 100w\" sizes=\"(max-width: 800px) 100vw, 800px\" \/><\/figure>\n<\/div>\n\n\n\n<div class=\"wp-block-column is-layout-flow wp-block-column-is-layout-flow\">\n<figure class=\"wp-block-image size-full\"><img loading=\"lazy\" decoding=\"async\" width=\"800\" height=\"800\" src=\"https:\/\/www.yousanusb.com\/wp-content\/uploads\/2021\/06\/swivel-usb-pen-drive.webp\" alt=\"\" class=\"wp-image-23401\" srcset=\"https:\/\/www.yousanusb.com\/wp-content\/uploads\/2021\/06\/swivel-usb-pen-drive.webp 800w, https:\/\/www.yousanusb.com\/wp-content\/uploads\/2021\/06\/swivel-usb-pen-drive-300x300.webp 300w, https:\/\/www.yousanusb.com\/wp-content\/uploads\/2021\/06\/swivel-usb-pen-drive-150x150.webp 150w, https:\/\/www.yousanusb.com\/wp-content\/uploads\/2021\/06\/swivel-usb-pen-drive-768x768.webp 768w, https:\/\/www.yousanusb.com\/wp-content\/uploads\/2021\/06\/swivel-usb-pen-drive-12x12.webp 12w, https:\/\/www.yousanusb.com\/wp-content\/uploads\/2021\/06\/swivel-usb-pen-drive-600x600.webp 600w, https:\/\/www.yousanusb.com\/wp-content\/uploads\/2021\/06\/swivel-usb-pen-drive-100x100.webp 100w\" sizes=\"(max-width: 800px) 100vw, 800px\" \/><\/figure>\n<\/div>\n<\/div>\n\n\n\n<ul class=\"wp-block-list\">\n<li>Lasergravur: F\u00fcr einfarbige Logos auf dem Geh\u00e4use aus Aluminiumlegierung. Es ist verschlei\u00dffest, langlebig und nicht leicht abzubl\u00e4ttern, mit einer High-End-Textur, besonders geeignet f\u00fcr Unternehmen, die Professionalit\u00e4t und dauerhafte Logos widerspiegeln m\u00fcssen.<\/li>\n\n\n\n<li>Digitaler Druck: Unterst\u00fctzt den Vollfarbdruck (z. B. Farbverl\u00e4ufe, vollst\u00e4ndige Markenlogos, veranstaltungsspezifische Muster).<\/li>\n<\/ul>\n\n\n\n<p>Beide Verfahren erm\u00f6glichen eine pr\u00e4zise Positionierung und passen sich an unterschiedliche Szenarien an, wie z. B. Firmengeschenke, Veranstaltungspromotionen sowie kulturelle und kreative Peripherieger\u00e4te.<\/p>","protected":false},"excerpt":{"rendered":"<ul>\n<li>Lasergraviert<\/li>\n<li>Digitaler Druck<\/li>\n<li>Materialien: ABS-K\u00f6rper, Aluminiumschale<\/li>\n<li>Farben:<br \/>Schwarz\/Wei\u00df, Schwarz\/Silber, Schwarz\/Orange, Schwarz\/Rot, Schwarz\/Violett, Schwarz\/Gr\u00fcn, Schwarz\/Hellblau, Schwarz\/Dunkelblau, Schwarz\/Schwarz<\/li>\n<li>MOQ:100St\u00fcck<\/li>\n<\/ul>","protected":false},"featured_media":23394,"comment_status":"open","ping_status":"closed","template":"","meta":{"_seopress_robots_primary_cat":"none","_seopress_titles_title":"","_seopress_titles_desc":"","_seopress_robots_index":""},"class_list":["post-1011","product","type-product","status-publish","has-post-thumbnail","hentry","product_cat-usb30-flash-drive","product_cat-rotating-usb-flash-drive","product_tag-aluminum-flash-drive","product_tag-twist-usb-flash-drive"],"_links":{"self":[{"href":"https:\/\/www.yousanusb.com\/de\/wp-json\/wp\/v2\/product\/1011"}],"collection":[{"href":"https:\/\/www.yousanusb.com\/de\/wp-json\/wp\/v2\/product"}],"about":[{"href":"https:\/\/www.yousanusb.com\/de\/wp-json\/wp\/v2\/types\/product"}],"replies":[{"embeddable":true,"href":"https:\/\/www.yousanusb.com\/de\/wp-json\/wp\/v2\/comments?post=1011"}],"wp:featuredmedia":[{"embeddable":true,"href":"https:\/\/www.yousanusb.com\/de\/wp-json\/wp\/v2\/media\/23394"}],"wp:attachment":[{"href":"https:\/\/www.yousanusb.com\/de\/wp-json\/wp\/v2\/media?parent=1011"}],"curies":[{"name":"wp","href":"https:\/\/api.w.org\/{rel}","templated":true}]}}