{"id":10293,"date":"2024-11-11T02:11:31","date_gmt":"2024-11-11T02:11:31","guid":{"rendered":"https:\/\/yousanusb.com\/?post_type=product&#038;p=10293"},"modified":"2025-11-12T07:20:40","modified_gmt":"2025-11-12T07:20:40","slug":"biodegradable-lipstick-usb-flash-disk","status":"publish","type":"product","link":"https:\/\/www.yousanusb.com\/de\/product\/biodegradable-lipstick-usb-flash-disk\/","title":{"rendered":"Biologisch abbaubarer Lippenstift USB Flash Disk"},"content":{"rendered":"<div class=\"wp-block-columns is-layout-flex wp-container-core-columns-is-layout-1 wp-block-columns-is-layout-flex\">\n<div class=\"wp-block-column is-layout-flow wp-block-column-is-layout-flow\">\n<figure class=\"wp-block-image size-full\"><img fetchpriority=\"high\" decoding=\"async\" width=\"800\" height=\"800\" src=\"https:\/\/www.yousanusb.com\/wp-content\/uploads\/2024\/11\/Biodegradable-Lipstick-USB-flash-pendrive.jpg\" alt=\"\" class=\"wp-image-10298\" srcset=\"https:\/\/www.yousanusb.com\/wp-content\/uploads\/2024\/11\/Biodegradable-Lipstick-USB-flash-pendrive.jpg 800w, https:\/\/www.yousanusb.com\/wp-content\/uploads\/2024\/11\/Biodegradable-Lipstick-USB-flash-pendrive-300x300.jpg 300w, https:\/\/www.yousanusb.com\/wp-content\/uploads\/2024\/11\/Biodegradable-Lipstick-USB-flash-pendrive-150x150.jpg 150w, https:\/\/www.yousanusb.com\/wp-content\/uploads\/2024\/11\/Biodegradable-Lipstick-USB-flash-pendrive-768x768.jpg 768w, https:\/\/www.yousanusb.com\/wp-content\/uploads\/2024\/11\/Biodegradable-Lipstick-USB-flash-pendrive-600x600.jpg 600w, https:\/\/www.yousanusb.com\/wp-content\/uploads\/2024\/11\/Biodegradable-Lipstick-USB-flash-pendrive-100x100.jpg 100w\" sizes=\"(max-width: 800px) 100vw, 800px\" \/><\/figure>\n<\/div>\n\n\n\n<div class=\"wp-block-column is-vertically-aligned-center is-layout-flow wp-block-column-is-layout-flow\">\n<p><strong><br>Biologisch abbaubares und umweltfreundliches Material\uff1a<\/strong><br>\u00a0 \u00a0 \u00a0Die Schale besteht aus fortschrittlichem, biologisch abbaubarem und umweltfreundlichem Material und kann in einer bestimmten Umgebung innerhalb von 12 Monaten abgebaut werden, wodurch die Umweltbelastung erheblich reduziert wird.<\/p>\n\n\n\n<p><br><strong>Klassisches Design:<\/strong><br>\u00a0 \u00a0Einfache und klassische Stil, Nachahmung Lippenstift Form exquisit und kompakt, leicht zu tragen, sowohl als eine praktische Lagerung Ger\u00e4t, sondern auch ein Mode-Accessoire, zeigt einzigartigen Geschmack.<br><\/p>\n<\/div>\n<\/div>\n\n\n\n<div class=\"wp-block-columns is-layout-flex wp-container-core-columns-is-layout-2 wp-block-columns-is-layout-flex\">\n<div class=\"wp-block-column is-vertically-aligned-center is-layout-flow wp-block-column-is-layout-flow\">\n<p><strong>Mehrere Schnittstellen:<\/strong><br>\u00a0 \u00a0 Ausgestattet mit USB2.0- und USB3.0-Schnittstellen. Im Allgemeinen wird die Lese-\/Schreibgeschwindigkeit von USB2.0 USB-Flash-Laufwerken von vielen Faktoren beeinflusst, in der Regel liegt die Lesegeschwindigkeit zwischen 10-30MB\/s und die Schreibgeschwindigkeit zwischen 4-15MB\/s, was f\u00fcr die t\u00e4gliche Grund\u00fcbertragung ausreicht. <\/p>\n\n\n\n<p>Die Lesegeschwindigkeit von USB3.0 liegt in der Regel zwischen 60MB\/s und 150MB\/s und die Schreibgeschwindigkeit zwischen 10MB\/s und 45MB\/s, was eine schnelle und effiziente Daten\u00fcbertragung erm\u00f6glicht und Ihren unterschiedlichen Bed\u00fcrfnissen gerecht wird.<\/p>\n<\/div>\n\n\n\n<div class=\"wp-block-column is-layout-flow wp-block-column-is-layout-flow\">\n<figure class=\"wp-block-image size-full\"><img decoding=\"async\" width=\"800\" height=\"800\" src=\"https:\/\/www.yousanusb.com\/wp-content\/uploads\/2024\/11\/Biodegradable-Lipstick-USB-flash-drive.jpg\" alt=\"\" class=\"wp-image-10297\" srcset=\"https:\/\/www.yousanusb.com\/wp-content\/uploads\/2024\/11\/Biodegradable-Lipstick-USB-flash-drive.jpg 800w, https:\/\/www.yousanusb.com\/wp-content\/uploads\/2024\/11\/Biodegradable-Lipstick-USB-flash-drive-300x300.jpg 300w, https:\/\/www.yousanusb.com\/wp-content\/uploads\/2024\/11\/Biodegradable-Lipstick-USB-flash-drive-150x150.jpg 150w, https:\/\/www.yousanusb.com\/wp-content\/uploads\/2024\/11\/Biodegradable-Lipstick-USB-flash-drive-768x768.jpg 768w, https:\/\/www.yousanusb.com\/wp-content\/uploads\/2024\/11\/Biodegradable-Lipstick-USB-flash-drive-600x600.jpg 600w, https:\/\/www.yousanusb.com\/wp-content\/uploads\/2024\/11\/Biodegradable-Lipstick-USB-flash-drive-100x100.jpg 100w\" sizes=\"(max-width: 800px) 100vw, 800px\" \/><\/figure>\n<\/div>\n<\/div>","protected":false},"excerpt":{"rendered":"<ul>\n<li>Biologisch abbaubares Material<\/li>\n<li>Design im klassischen Stil<\/li>\n<li>USB2.0- und USB3.0-Anschl\u00fcsse verf\u00fcgbar<\/li>\n<li>Individuelles Logo verf\u00fcgbar<\/li>\n<li>MOQ:100St\u00fcck<\/li>\n<\/ul>","protected":false},"featured_media":10296,"comment_status":"open","ping_status":"closed","template":"","meta":{"_seopress_robots_primary_cat":"none","_seopress_titles_title":"Biodegradable Lipstick USB Flash Disk-YOUSAN Custom USB drive","_seopress_titles_desc":"Biodegradable material\uff0cBiodegradable Lipstick USB pendrive Classic style design\uff0cUSB2.0 and USB3.0 ports available\uff0cCustomized logo available","_seopress_robots_index":""},"class_list":["post-10293","product","type-product","status-publish","has-post-thumbnail","hentry","product_cat-biodegradable-usb-flash-disk","product_tag-biodegradable-usb-flashdrive","product_tag-classic-usb-flash-disk","product_tag-lipstick-usb-flash-disk"],"_links":{"self":[{"href":"https:\/\/www.yousanusb.com\/de\/wp-json\/wp\/v2\/product\/10293"}],"collection":[{"href":"https:\/\/www.yousanusb.com\/de\/wp-json\/wp\/v2\/product"}],"about":[{"href":"https:\/\/www.yousanusb.com\/de\/wp-json\/wp\/v2\/types\/product"}],"replies":[{"embeddable":true,"href":"https:\/\/www.yousanusb.com\/de\/wp-json\/wp\/v2\/comments?post=10293"}],"wp:featuredmedia":[{"embeddable":true,"href":"https:\/\/www.yousanusb.com\/de\/wp-json\/wp\/v2\/media\/10296"}],"wp:attachment":[{"href":"https:\/\/www.yousanusb.com\/de\/wp-json\/wp\/v2\/media?parent=10293"}],"curies":[{"name":"wp","href":"https:\/\/api.w.org\/{rel}","templated":true}]}}