{"id":10338,"date":"2024-11-11T12:26:31","date_gmt":"2024-11-11T12:26:31","guid":{"rendered":"https:\/\/yousanusb.com\/?post_type=product&#038;p=10338"},"modified":"2025-11-11T07:42:58","modified_gmt":"2025-11-11T07:42:58","slug":"abs-classic-knife-usb-flash-drive","status":"publish","type":"product","link":"https:\/\/www.yousanusb.com\/de\/product\/abs-classic-knife-usb-flash-drive\/","title":{"rendered":"ABS Classic Knife USB-Stick"},"content":{"rendered":"<p>Dieses klassische USB-Flash-Laufwerk in Form eines Messers ist das erste USB-Laufwerksmodell auf dem Markt und erfreut sich anhaltender Beliebtheit. Seine kompakte, messer\u00e4hnliche Form zeichnet sich durch minimalistische Linien aus und verhindert, dass er bei der t\u00e4glichen Aufbewahrung an Kleidung oder Schreibwaren h\u00e4ngen bleibt. <\/p>\n\n\n\n<p>Er passt m\u00fchelos in Taschen oder in die Ritzen von Notebooks, ohne Platz zu beanspruchen. Sein unverwechselbares Design hat ihn bei seiner Einf\u00fchrung schnell vom Markt f\u00fcr USB-Geschenke f\u00fcr Unternehmen abgehoben. Seit Jahren ist der USB-Stick ein beliebtes Produkt f\u00fcr die Beschaffung in Unternehmen - er hat einen hohen Wiedererkennungswert und l\u00e4sst sich nahtlos in verschiedene Nutzungsszenarien integrieren. <\/p>\n\n\n\n<div class=\"wp-block-columns is-layout-flex wp-container-core-columns-is-layout-1 wp-block-columns-is-layout-flex\">\n<div class=\"wp-block-column is-layout-flow wp-block-column-is-layout-flow\">\n<figure class=\"wp-block-image size-full\"><img fetchpriority=\"high\" decoding=\"async\" width=\"800\" height=\"800\" src=\"https:\/\/www.yousanusb.com\/wp-content\/uploads\/2024\/11\/Classic-Knife-USB-flash-drive-ABS.jpg\" alt=\"Classic-Knife-USB-Flash-Laufwerk-ABS\" class=\"wp-image-10343\" srcset=\"https:\/\/www.yousanusb.com\/wp-content\/uploads\/2024\/11\/Classic-Knife-USB-flash-drive-ABS.jpg 800w, https:\/\/www.yousanusb.com\/wp-content\/uploads\/2024\/11\/Classic-Knife-USB-flash-drive-ABS-300x300.jpg 300w, https:\/\/www.yousanusb.com\/wp-content\/uploads\/2024\/11\/Classic-Knife-USB-flash-drive-ABS-150x150.jpg 150w, https:\/\/www.yousanusb.com\/wp-content\/uploads\/2024\/11\/Classic-Knife-USB-flash-drive-ABS-768x768.jpg 768w, https:\/\/www.yousanusb.com\/wp-content\/uploads\/2024\/11\/Classic-Knife-USB-flash-drive-ABS-600x600.jpg 600w, https:\/\/www.yousanusb.com\/wp-content\/uploads\/2024\/11\/Classic-Knife-USB-flash-drive-ABS-100x100.jpg 100w\" sizes=\"(max-width: 800px) 100vw, 800px\" \/><\/figure>\n<\/div>\n\n\n\n<div class=\"wp-block-column is-vertically-aligned-center is-layout-flow wp-block-column-is-layout-flow\">\n<p>Das Hauptgeh\u00e4use besteht aus hochschlagfestem ABS-Kunststoff und einer eloxierten Aluminiumlegierung: Das hochschlagfeste ABS-Material widersteht St\u00fcrzen und Kratzern und \u00fcbersteht t\u00e4gliche St\u00f6\u00dfe und kleinere St\u00fcrze ohne Schaden.<\/p>\n\n\n\n<p> Das rot-wei\u00dfe Geh\u00e4use ist mit einer matten Oberfl\u00e4che versehen, die Fingerabdr\u00fccke verhindert und die Farben lebendig und widerstandsf\u00e4hig gegen Vergilbung h\u00e4lt.<\/p>\n\n\n\n<p> Die Komponenten aus einer Aluminiumlegierung sind eloxiert, was die Gesamttextur verbessert und Fingerabdr\u00fccke reduziert.<\/p>\n\n\n\n<p> Die Gewichtsverteilung liegt perfekt ausbalanciert in der Hand - weder zu leicht, um sich billig anzuf\u00fchlen, noch zu schwer, um das Tragen zu erschweren. Es bietet einen bequemen, festen Griff.<\/p>\n<\/div>\n<\/div>\n\n\n\n<div class=\"wp-block-columns is-layout-flex wp-container-core-columns-is-layout-2 wp-block-columns-is-layout-flex\">\n<div class=\"wp-block-column is-vertically-aligned-center is-layout-flow wp-block-column-is-layout-flow\">\n<p>Unterst\u00fctzt mehrere Anpassungsoptionen, um unterschiedlichen Anforderungen gerecht zu werden:<\/p>\n\n\n\n<ul class=\"wp-block-list\">\n<li>Der Farbdruck gibt die Farben der Marke VI genau wieder und sorgt f\u00fcr eine starke visuelle Wirkung auf wei\u00dfen Oberfl\u00e4chen - ideal f\u00fcr Unternehmen mit einer lebendigen Markenidentit\u00e4t als Messe-Giveaways;<\/li>\n\n\n\n<li>Die Lasergravur erzeugt komplizierte, gleichm\u00e4\u00dfig tiefe Markierungen, die sowohl auf den wei\u00dfen Geh\u00e4usen als auch auf den roten Komponenten eine subtile, raffinierte \u00c4sthetik vermitteln und auch bei l\u00e4ngerem Gebrauch klar bleiben.<\/li>\n<\/ul>\n\n\n\n<p>Die Gestaltung kann auf der Vorder-, R\u00fcck- und Innenseite der Kappe erfolgen. Bei Gro\u00dfbestellungen k\u00f6nnen die Verpackungsfarben koordiniert werden, um das gesamte Markenimage zu verst\u00e4rken. Ob als Kundengeschenk oder Mitarbeitergeschenk, sie f\u00fcgen sich nahtlos in den Ton des Anlasses ein.<\/p>\n<\/div>\n\n\n\n<div class=\"wp-block-column is-layout-flow wp-block-column-is-layout-flow\">\n<figure class=\"wp-block-image size-full\"><img decoding=\"async\" width=\"800\" height=\"800\" src=\"https:\/\/www.yousanusb.com\/wp-content\/uploads\/2024\/11\/Classic-Knife-USB-flash-drive.jpg\" alt=\"\" class=\"wp-image-10342\" srcset=\"https:\/\/www.yousanusb.com\/wp-content\/uploads\/2024\/11\/Classic-Knife-USB-flash-drive.jpg 800w, https:\/\/www.yousanusb.com\/wp-content\/uploads\/2024\/11\/Classic-Knife-USB-flash-drive-300x300.jpg 300w, https:\/\/www.yousanusb.com\/wp-content\/uploads\/2024\/11\/Classic-Knife-USB-flash-drive-150x150.jpg 150w, https:\/\/www.yousanusb.com\/wp-content\/uploads\/2024\/11\/Classic-Knife-USB-flash-drive-768x768.jpg 768w, https:\/\/www.yousanusb.com\/wp-content\/uploads\/2024\/11\/Classic-Knife-USB-flash-drive-600x600.jpg 600w, https:\/\/www.yousanusb.com\/wp-content\/uploads\/2024\/11\/Classic-Knife-USB-flash-drive-100x100.jpg 100w\" sizes=\"(max-width: 800px) 100vw, 800px\" \/><\/figure>\n<\/div>\n<\/div>\n\n\n\n<div class=\"wp-block-columns is-layout-flex wp-container-core-columns-is-layout-3 wp-block-columns-is-layout-flex\">\n<div class=\"wp-block-column is-layout-flow wp-block-column-is-layout-flow\">\n<figure class=\"wp-block-image size-full\"><img decoding=\"async\" width=\"800\" height=\"800\" src=\"https:\/\/www.yousanusb.com\/wp-content\/uploads\/2024\/11\/Classic-Knife-USB-flash-disk.jpg\" alt=\"\" class=\"wp-image-10341\" srcset=\"https:\/\/www.yousanusb.com\/wp-content\/uploads\/2024\/11\/Classic-Knife-USB-flash-disk.jpg 800w, https:\/\/www.yousanusb.com\/wp-content\/uploads\/2024\/11\/Classic-Knife-USB-flash-disk-300x300.jpg 300w, https:\/\/www.yousanusb.com\/wp-content\/uploads\/2024\/11\/Classic-Knife-USB-flash-disk-150x150.jpg 150w, https:\/\/www.yousanusb.com\/wp-content\/uploads\/2024\/11\/Classic-Knife-USB-flash-disk-768x768.jpg 768w, https:\/\/www.yousanusb.com\/wp-content\/uploads\/2024\/11\/Classic-Knife-USB-flash-disk-600x600.jpg 600w, https:\/\/www.yousanusb.com\/wp-content\/uploads\/2024\/11\/Classic-Knife-USB-flash-disk-100x100.jpg 100w\" sizes=\"(max-width: 800px) 100vw, 800px\" \/><\/figure>\n<\/div>\n\n\n\n<div class=\"wp-block-column is-vertically-aligned-center is-layout-flow wp-block-column-is-layout-flow\">\n<p>Das Ger\u00e4t verf\u00fcgt \u00fcber eine stabile USB-Schnittstelle mit Lese- und Schreibgeschwindigkeiten, die f\u00fcr die effiziente \u00dcbertragung von Dateien im B\u00fcroalltag optimiert sind. Die Speicherkapazit\u00e4t reicht von 16 GB bis 128 GB und bietet Platz f\u00fcr Tausende von B\u00fcrodokumenten und Dutzende von hochaufl\u00f6senden Bildordnern.<\/p>\n\n\n\n<p>Sie ist mit g\u00e4ngigen Betriebssystemen wie Windows, macOS und Linux kompatibel und bietet Plug-and-Play-Funktionalit\u00e4t ohne zus\u00e4tzliche Treiber. Die Stabilit\u00e4t der Datenspeicherung wurde strengen Lese-\/Schreibzyklustests mit niedrigen Fehlerraten unterzogen und unterst\u00fctzt zuverl\u00e4ssig die Anforderungen an Datensicherung und Dateifreigabe.<\/p>\n\n\n\n<p>Dar\u00fcber hinaus verhindert das klingenf\u00f6rmige Design mit integrierter Kappe das Eindringen von Staub und Oxidation und vermeidet den h\u00e4ufigen Verlust herk\u00f6mmlicher USB-Kappen.<\/p>\n<\/div>\n<\/div>","protected":false},"excerpt":{"rendered":"<ul>\n<li>Klassisches Design<\/li>\n<li>MOQ:100St\u00fcck<\/li>\n<li>Individuelles farbiges Logo<\/li>\n<li>Viele Farben zur Auswahl<\/li>\n<li>Beliebtester Stil<\/li>\n<\/ul>","protected":false},"featured_media":10343,"comment_status":"open","ping_status":"closed","template":"","meta":{"_seopress_robots_primary_cat":"none","_seopress_titles_title":"ABS Classic Knife USB Flash Drive","_seopress_titles_desc":"Classic design: the earliest and always popular style, knife-shaped appearance is unique and creative, the perfect blend of practicality and personality, showing unique taste.","_seopress_robots_index":""},"class_list":["post-10338","product","type-product","status-publish","has-post-thumbnail","hentry","product_cat-usb-flash-drive","product_tag-aluminum-flash-drive","product_tag-classic-usb-flash-disk","product_tag-knife-usb-flash-drive"],"_links":{"self":[{"href":"https:\/\/www.yousanusb.com\/de\/wp-json\/wp\/v2\/product\/10338"}],"collection":[{"href":"https:\/\/www.yousanusb.com\/de\/wp-json\/wp\/v2\/product"}],"about":[{"href":"https:\/\/www.yousanusb.com\/de\/wp-json\/wp\/v2\/types\/product"}],"replies":[{"embeddable":true,"href":"https:\/\/www.yousanusb.com\/de\/wp-json\/wp\/v2\/comments?post=10338"}],"wp:featuredmedia":[{"embeddable":true,"href":"https:\/\/www.yousanusb.com\/de\/wp-json\/wp\/v2\/media\/10343"}],"wp:attachment":[{"href":"https:\/\/www.yousanusb.com\/de\/wp-json\/wp\/v2\/media?parent=10338"}],"curies":[{"name":"wp","href":"https:\/\/api.w.org\/{rel}","templated":true}]}}