{"id":1035,"date":"2021-06-02T03:38:09","date_gmt":"2021-06-02T03:38:09","guid":{"rendered":"https:\/\/yousanusb.com\/?post_type=product&#038;p=1035"},"modified":"2025-10-06T00:30:02","modified_gmt":"2025-10-06T00:30:02","slug":"high-speed-sleek-metal-keyring-usb-stick","status":"publish","type":"product","link":"https:\/\/www.yousanusb.com\/de\/product\/high-speed-sleek-metal-keyring-usb-stick\/","title":{"rendered":"USB Flash Drive Wasserdichter Stick mit Schl\u00fcsselanh\u00e4nger"},"content":{"rendered":"<p>An einem Ende der U-Scheibe befindet sich ein Schl\u00fcsselanh\u00e4nger, der den Schl\u00fcsselanh\u00e4nger, die Tasche, die Aktentasche und das Portemonnaie miteinander verbindet, so dass Sie sich keine Sorgen machen m\u00fcssen, ihn zu verlieren.<\/p>\n<p><img fetchpriority=\"high\" decoding=\"async\" class=\"size-full wp-image-9181 aligncenter\" src=\"https:\/\/yousanusb.com\/wp-content\/uploads\/2021\/06\/1gb-metal-usb-flash-drive-supplier.jpg\" alt=\"1gb metall usb flash drive lieferant\" width=\"1000\" height=\"1000\" srcset=\"https:\/\/www.yousanusb.com\/wp-content\/uploads\/2021\/06\/1gb-metal-usb-flash-drive-supplier.jpg 1000w, https:\/\/www.yousanusb.com\/wp-content\/uploads\/2021\/06\/1gb-metal-usb-flash-drive-supplier-300x300.jpg 300w, https:\/\/www.yousanusb.com\/wp-content\/uploads\/2021\/06\/1gb-metal-usb-flash-drive-supplier-150x150.jpg 150w, https:\/\/www.yousanusb.com\/wp-content\/uploads\/2021\/06\/1gb-metal-usb-flash-drive-supplier-768x768.jpg 768w, https:\/\/www.yousanusb.com\/wp-content\/uploads\/2021\/06\/1gb-metal-usb-flash-drive-supplier-600x600.jpg 600w, https:\/\/www.yousanusb.com\/wp-content\/uploads\/2021\/06\/1gb-metal-usb-flash-drive-supplier-100x100.jpg 100w\" sizes=\"(max-width: 1000px) 100vw, 1000px\" \/> <img decoding=\"async\" class=\"size-full wp-image-9179 aligncenter\" src=\"https:\/\/yousanusb.com\/wp-content\/uploads\/2021\/06\/1gb-metal-usb-flash-drive-factory.png\" alt=\"1gb metall usb flash drive fabrik\" width=\"1000\" height=\"1000\" srcset=\"https:\/\/www.yousanusb.com\/wp-content\/uploads\/2021\/06\/1gb-metal-usb-flash-drive-factory.png 1000w, https:\/\/www.yousanusb.com\/wp-content\/uploads\/2021\/06\/1gb-metal-usb-flash-drive-factory-300x300.png 300w, https:\/\/www.yousanusb.com\/wp-content\/uploads\/2021\/06\/1gb-metal-usb-flash-drive-factory-150x150.png 150w, https:\/\/www.yousanusb.com\/wp-content\/uploads\/2021\/06\/1gb-metal-usb-flash-drive-factory-768x768.png 768w, https:\/\/www.yousanusb.com\/wp-content\/uploads\/2021\/06\/1gb-metal-usb-flash-drive-factory-600x600.png 600w, https:\/\/www.yousanusb.com\/wp-content\/uploads\/2021\/06\/1gb-metal-usb-flash-drive-factory-100x100.png 100w\" sizes=\"(max-width: 1000px) 100vw, 1000px\" \/> <img decoding=\"async\" class=\"size-full wp-image-9184 aligncenter\" src=\"https:\/\/yousanusb.com\/wp-content\/uploads\/2021\/06\/128gb-usb-3.0-flash-drive-metal.jpg\" alt=\"128gb usb 3.0 flash drive metall\" width=\"1000\" height=\"1000\" srcset=\"https:\/\/www.yousanusb.com\/wp-content\/uploads\/2021\/06\/128gb-usb-3.0-flash-drive-metal.jpg 1000w, https:\/\/www.yousanusb.com\/wp-content\/uploads\/2021\/06\/128gb-usb-3.0-flash-drive-metal-300x300.jpg 300w, https:\/\/www.yousanusb.com\/wp-content\/uploads\/2021\/06\/128gb-usb-3.0-flash-drive-metal-150x150.jpg 150w, https:\/\/www.yousanusb.com\/wp-content\/uploads\/2021\/06\/128gb-usb-3.0-flash-drive-metal-768x768.jpg 768w, https:\/\/www.yousanusb.com\/wp-content\/uploads\/2021\/06\/128gb-usb-3.0-flash-drive-metal-600x600.jpg 600w, https:\/\/www.yousanusb.com\/wp-content\/uploads\/2021\/06\/128gb-usb-3.0-flash-drive-metal-100x100.jpg 100w\" sizes=\"(max-width: 1000px) 100vw, 1000px\" \/> <img loading=\"lazy\" decoding=\"async\" class=\"size-full wp-image-9180 aligncenter\" src=\"https:\/\/yousanusb.com\/wp-content\/uploads\/2021\/06\/1gb-metal-usb-flash-drive-manufacturer.jpg\" alt=\"1gb metall usb flash drive hersteller\" width=\"1000\" height=\"1000\" srcset=\"https:\/\/www.yousanusb.com\/wp-content\/uploads\/2021\/06\/1gb-metal-usb-flash-drive-manufacturer.jpg 1000w, https:\/\/www.yousanusb.com\/wp-content\/uploads\/2021\/06\/1gb-metal-usb-flash-drive-manufacturer-300x300.jpg 300w, https:\/\/www.yousanusb.com\/wp-content\/uploads\/2021\/06\/1gb-metal-usb-flash-drive-manufacturer-150x150.jpg 150w, https:\/\/www.yousanusb.com\/wp-content\/uploads\/2021\/06\/1gb-metal-usb-flash-drive-manufacturer-768x768.jpg 768w, https:\/\/www.yousanusb.com\/wp-content\/uploads\/2021\/06\/1gb-metal-usb-flash-drive-manufacturer-600x600.jpg 600w, https:\/\/www.yousanusb.com\/wp-content\/uploads\/2021\/06\/1gb-metal-usb-flash-drive-manufacturer-100x100.jpg 100w\" sizes=\"(max-width: 1000px) 100vw, 1000px\" \/><\/p>","protected":false},"excerpt":{"rendered":"<ul>\n<li>Schl\u00fcsselanh\u00e4nger Design<\/li>\n<li>Werkstoff Metall<\/li>\n<li>Wasserdicht und langlebig<\/li>\n<li>Schnellere Geschwindigkeit und hohe Qualit\u00e4t<\/li>\n<li>Zuverl\u00e4ssig und sicher<\/li>\n<li>Gro\u00dfartig f\u00fcr alle Zwecke<\/li>\n<\/ul>","protected":false},"featured_media":9182,"comment_status":"open","ping_status":"closed","template":"","meta":{"_seopress_robots_primary_cat":"none","_seopress_titles_title":"","_seopress_titles_desc":"","_seopress_robots_index":""},"class_list":["post-1035","product","type-product","status-publish","has-post-thumbnail","hentry","product_cat-metal-usb-flash-drive","product_tag-rose-gold-usb-flash-drive","product_tag-custom-metal-keychain-usb-flash-drive","product_tag-buy-metal-leather-usb-flash-drive"],"_links":{"self":[{"href":"https:\/\/www.yousanusb.com\/de\/wp-json\/wp\/v2\/product\/1035"}],"collection":[{"href":"https:\/\/www.yousanusb.com\/de\/wp-json\/wp\/v2\/product"}],"about":[{"href":"https:\/\/www.yousanusb.com\/de\/wp-json\/wp\/v2\/types\/product"}],"replies":[{"embeddable":true,"href":"https:\/\/www.yousanusb.com\/de\/wp-json\/wp\/v2\/comments?post=1035"}],"wp:featuredmedia":[{"embeddable":true,"href":"https:\/\/www.yousanusb.com\/de\/wp-json\/wp\/v2\/media\/9182"}],"wp:attachment":[{"href":"https:\/\/www.yousanusb.com\/de\/wp-json\/wp\/v2\/media?parent=1035"}],"curies":[{"name":"wp","href":"https:\/\/api.w.org\/{rel}","templated":true}]}}