{"id":10409,"date":"2024-11-14T14:16:10","date_gmt":"2024-11-14T14:16:10","guid":{"rendered":"https:\/\/yousanusb.com\/?post_type=product&#038;p=10409"},"modified":"2025-11-13T04:41:51","modified_gmt":"2025-11-13T04:41:51","slug":"electric-drill-shape-usb-flash-drives","status":"publish","type":"product","link":"https:\/\/www.yousanusb.com\/de\/product\/electric-drill-shape-usb-flash-drives\/","title":{"rendered":"USB-Flash-Laufwerke in Form einer elektrischen Bohrmaschine"},"content":{"rendered":"<div class=\"wp-block-columns is-layout-flex wp-container-core-columns-is-layout-1 wp-block-columns-is-layout-flex\">\n<div class=\"wp-block-column is-layout-flow wp-block-column-is-layout-flow\">\n<figure class=\"wp-block-image size-full\"><img fetchpriority=\"high\" decoding=\"async\" width=\"800\" height=\"800\" src=\"https:\/\/www.yousanusb.com\/wp-content\/uploads\/2024\/11\/red-Electric-Drill-Shape-USB-Flash-Drives.jpg\" alt=\"rote Elektro-Bohrmaschinen-USB-Flash-Laufwerke\" class=\"wp-image-10414\" srcset=\"https:\/\/www.yousanusb.com\/wp-content\/uploads\/2024\/11\/red-Electric-Drill-Shape-USB-Flash-Drives.jpg 800w, https:\/\/www.yousanusb.com\/wp-content\/uploads\/2024\/11\/red-Electric-Drill-Shape-USB-Flash-Drives-300x300.jpg 300w, https:\/\/www.yousanusb.com\/wp-content\/uploads\/2024\/11\/red-Electric-Drill-Shape-USB-Flash-Drives-150x150.jpg 150w, https:\/\/www.yousanusb.com\/wp-content\/uploads\/2024\/11\/red-Electric-Drill-Shape-USB-Flash-Drives-768x768.jpg 768w, https:\/\/www.yousanusb.com\/wp-content\/uploads\/2024\/11\/red-Electric-Drill-Shape-USB-Flash-Drives-600x600.jpg 600w, https:\/\/www.yousanusb.com\/wp-content\/uploads\/2024\/11\/red-Electric-Drill-Shape-USB-Flash-Drives-100x100.jpg 100w\" sizes=\"(max-width: 800px) 100vw, 800px\" \/><\/figure>\n<\/div>\n\n\n\n<div class=\"wp-block-column is-vertically-aligned-center is-layout-flow wp-block-column-is-layout-flow\">\n<h2 class=\"wp-block-heading\"><strong>Realistisches Design der elektrischen Bohrmaschine<\/strong><\/h2>\n\n\n\n<p>Die USB-Flash-Laufwerke in Form einer elektrischen Bohrmaschine haben ein extrem realistisches Design, das bis ins kleinste Detail durch sorgf\u00e4ltige Handwerkskunst besticht.<\/p>\n\n\n\n<p>Es ist kompakt und exquisit und dient nicht nur als praktisches Aufbewahrungsger\u00e4t, sondern auch als einzigartiges Dekorationselement auf dem Schreibtisch.<\/p>\n\n\n\n<h2 class=\"wp-block-heading\"><strong>PVC-Formteil-Anpassung<\/strong><\/h2>\n\n\n\n<p>Dieses Verfahren gew\u00e4hrleistet die Genauigkeit und Stabilit\u00e4t der Form der elektrischen Bohrmaschine und garantiert eine zuverl\u00e4ssige Qualit\u00e4t.<\/p>\n\n\n\n<p>Mit Hilfe des PVC-Gusses kann eine gro\u00dfe Vielfalt an elektrischen Bohrmaschinen pr\u00e4sentiert werden, die die individuellen Bed\u00fcrfnisse der verschiedenen Benutzer nach der Form erf\u00fcllen.<\/p>\n<\/div>\n<\/div>\n\n\n\n<div class=\"wp-block-columns is-layout-flex wp-container-core-columns-is-layout-2 wp-block-columns-is-layout-flex\">\n<div class=\"wp-block-column is-vertically-aligned-center is-layout-flow wp-block-column-is-layout-flow\">\n<h2 class=\"wp-block-heading\"><strong>Werbegeschenke f\u00fcr elektrische Bohrmaschinen<\/strong><\/h2>\n\n\n\n<p>Dieses USB-Flash-Laufwerk eignet sich hervorragend als Werbegeschenk f\u00fcr elektrische Bohrmaschinen und ist eng mit dem Thema der elektrischen Bohrmaschine verbunden und kann dem Werbegeschenk Spa\u00df und Einzigartigkeit verleihen.<\/p>\n\n\n\n<p>Egal, ob er als Gratisartikel beim Kauf einer Bohrmaschine oder als Preis f\u00fcr damit verbundene Aktivit\u00e4ten verwendet wird, er kann viel Aufmerksamkeit erregen und die Markengunst steigern.<\/p>\n\n\n\n<h2 class=\"wp-block-heading\"><strong>M\u00f6glichkeiten zur Anpassung von Logos<\/strong><\/h2>\n\n\n\n<p>Sie k\u00f6nnen Ihr Firmenlogo, Ihren Markennamen usw. einfach auf das Flash-Laufwerk drucken lassen.<\/p>\n\n\n\n<p>Egal, ob es f\u00fcr gesch\u00e4ftliche Werbung oder zum pers\u00f6nlichen Gedenken verwendet wird, durch die Anpassung des Logos kann dieser Stick perfekt auf Ihre spezifischen Bed\u00fcrfnisse abgestimmt werden und Ihre Individualit\u00e4t zum Ausdruck bringen.<\/p>\n<\/div>\n\n\n\n<div class=\"wp-block-column is-layout-flow wp-block-column-is-layout-flow\">\n<figure class=\"wp-block-image size-full\"><img decoding=\"async\" width=\"800\" height=\"800\" src=\"https:\/\/www.yousanusb.com\/wp-content\/uploads\/2024\/11\/Electric-Drill-Shape-USB-Flash-Drives.jpg\" alt=\"Elektro-Bohrmaschinen-USB-Flash-Laufwerke\" class=\"wp-image-10412\" srcset=\"https:\/\/www.yousanusb.com\/wp-content\/uploads\/2024\/11\/Electric-Drill-Shape-USB-Flash-Drives.jpg 800w, https:\/\/www.yousanusb.com\/wp-content\/uploads\/2024\/11\/Electric-Drill-Shape-USB-Flash-Drives-300x300.jpg 300w, https:\/\/www.yousanusb.com\/wp-content\/uploads\/2024\/11\/Electric-Drill-Shape-USB-Flash-Drives-150x150.jpg 150w, https:\/\/www.yousanusb.com\/wp-content\/uploads\/2024\/11\/Electric-Drill-Shape-USB-Flash-Drives-768x768.jpg 768w, https:\/\/www.yousanusb.com\/wp-content\/uploads\/2024\/11\/Electric-Drill-Shape-USB-Flash-Drives-600x600.jpg 600w, https:\/\/www.yousanusb.com\/wp-content\/uploads\/2024\/11\/Electric-Drill-Shape-USB-Flash-Drives-100x100.jpg 100w\" sizes=\"(max-width: 800px) 100vw, 800px\" \/><\/figure>\n<\/div>\n<\/div>","protected":false},"excerpt":{"rendered":"<ul>\n<li>Realistisches Design der elektrischen Bohrmaschine<\/li>\n<li>PVC-Formteil-Anpassung<\/li>\n<li>Werbegeschenke f\u00fcr elektrische Bohrmaschine Produkt<\/li>\n<li>M\u00f6glichkeiten zur Anpassung von Logos<\/li>\n<li>MOQ:100PCS<\/li>\n<\/ul>","protected":false},"featured_media":10412,"comment_status":"open","ping_status":"closed","template":"","meta":{"_seopress_robots_primary_cat":"none","_seopress_titles_title":"Electric Drill Shape USB Flash Drives","_seopress_titles_desc":"Electric Drill Shape USB Flash Drives by China manufacturer! Ideal for wholesale & bulk. Get custom designs too. Stylish, practical. Your top storage pick!","_seopress_robots_index":""},"class_list":["post-10409","product","type-product","status-publish","has-post-thumbnail","hentry","product_cat-custom-usb-drive","product_cat-usb-flash-drive-customer","product_tag-electric-drill-shape-usb-flash-drives","product_tag-tool-shape-usb-flash-drive"],"_links":{"self":[{"href":"https:\/\/www.yousanusb.com\/de\/wp-json\/wp\/v2\/product\/10409"}],"collection":[{"href":"https:\/\/www.yousanusb.com\/de\/wp-json\/wp\/v2\/product"}],"about":[{"href":"https:\/\/www.yousanusb.com\/de\/wp-json\/wp\/v2\/types\/product"}],"replies":[{"embeddable":true,"href":"https:\/\/www.yousanusb.com\/de\/wp-json\/wp\/v2\/comments?post=10409"}],"wp:featuredmedia":[{"embeddable":true,"href":"https:\/\/www.yousanusb.com\/de\/wp-json\/wp\/v2\/media\/10412"}],"wp:attachment":[{"href":"https:\/\/www.yousanusb.com\/de\/wp-json\/wp\/v2\/media?parent=10409"}],"curies":[{"name":"wp","href":"https:\/\/api.w.org\/{rel}","templated":true}]}}