{"id":10643,"date":"2024-11-18T12:36:55","date_gmt":"2024-11-18T12:36:55","guid":{"rendered":"https:\/\/yousanusb.com\/?post_type=product&#038;p=10643"},"modified":"2025-11-13T04:44:32","modified_gmt":"2025-11-13T04:44:32","slug":"golf-club-and-bucket-shaped-usb-flash-drive","status":"publish","type":"product","link":"https:\/\/www.yousanusb.com\/de\/product\/golf-club-and-bucket-shaped-usb-flash-drive\/","title":{"rendered":"USB-Flash-Laufwerk in Form eines Golfschl\u00e4gers und eines Eimers"},"content":{"rendered":"<p>Das USB-Flash-Laufwerk in Form eines Golfschl\u00e4gers und eines Eimers ist ein einzigartiges und innovatives Speichermedium, das Funktionalit\u00e4t mit einem lustigen und sportlichen Design verbindet. Es hat die unverwechselbare Form eines Golfschl\u00e4gers mit sorgf\u00e4ltigen Details, die das echte Aussehen eines Schl\u00e4gers imitieren.<\/p>\n\n\n\n<div class=\"wp-block-columns is-layout-flex wp-container-core-columns-is-layout-1 wp-block-columns-is-layout-flex\">\n<div class=\"wp-block-column is-layout-flow wp-block-column-is-layout-flow\">\n<figure class=\"wp-block-image size-full\"><img fetchpriority=\"high\" decoding=\"async\" width=\"800\" height=\"800\" src=\"https:\/\/www.yousanusb.com\/wp-content\/uploads\/2024\/11\/Golf-Bag-USB-Flash-Drive.jpg\" alt=\"\" class=\"wp-image-10646\" srcset=\"https:\/\/www.yousanusb.com\/wp-content\/uploads\/2024\/11\/Golf-Bag-USB-Flash-Drive.jpg 800w, https:\/\/www.yousanusb.com\/wp-content\/uploads\/2024\/11\/Golf-Bag-USB-Flash-Drive-300x300.jpg 300w, https:\/\/www.yousanusb.com\/wp-content\/uploads\/2024\/11\/Golf-Bag-USB-Flash-Drive-150x150.jpg 150w, https:\/\/www.yousanusb.com\/wp-content\/uploads\/2024\/11\/Golf-Bag-USB-Flash-Drive-768x768.jpg 768w, https:\/\/www.yousanusb.com\/wp-content\/uploads\/2024\/11\/Golf-Bag-USB-Flash-Drive-600x600.jpg 600w, https:\/\/www.yousanusb.com\/wp-content\/uploads\/2024\/11\/Golf-Bag-USB-Flash-Drive-100x100.jpg 100w\" sizes=\"(max-width: 800px) 100vw, 800px\" \/><\/figure>\n<\/div>\n\n\n\n<div class=\"wp-block-column is-vertically-aligned-center is-layout-flow wp-block-column-is-layout-flow\">\n<p>Der eimerf\u00f6rmige Teil hingegen dient als praktische Halterung f\u00fcr den keulenf\u00f6rmigen Antrieb und verleiht dem Gesamtdesign einen zus\u00e4tzlichen Charme.<\/p>\n\n\n\n<p>Dieses USB-Flash-Laufwerk bietet reichlich Speicherplatz f\u00fcr alle Arten von Daten, wie Dokumente, Fotos, Videos und Musik.<\/p>\n\n\n\n<p>Es ist mit verschiedenen Ger\u00e4ten wie Computern, Laptops und Smart-TVs kompatibel und erm\u00f6glicht eine einfache Daten\u00fcbertragung und einen einfachen Zugriff.<\/p>\n<\/div>\n<\/div>\n\n\n\n<div class=\"wp-block-columns is-layout-flex wp-container-core-columns-is-layout-2 wp-block-columns-is-layout-flex\">\n<div class=\"wp-block-column is-vertically-aligned-center is-layout-flow wp-block-column-is-layout-flow\">\n<p>Er besteht aus hochwertigen Materialien, ist langlebig und zuverl\u00e4ssig und gew\u00e4hrleistet, dass Ihre wertvollen Daten sicher sind.<\/p>\n\n\n\n<p>Egal, ob Sie ein Golfer sind, der auf der Suche nach einer stilvollen M\u00f6glichkeit ist, seine Daten auf dem Golfplatz zu transportieren, oder einfach jemand, der kreative und funktionelle Gadgets sch\u00e4tzt, der USB-Stick in Form eines Golfschl\u00e4gers und eines Eimers ist eine ausgezeichnete Wahl.<\/p>\n<\/div>\n\n\n\n<div class=\"wp-block-column is-layout-flow wp-block-column-is-layout-flow\">\n<figure class=\"wp-block-image size-full\"><img decoding=\"async\" width=\"800\" height=\"800\" src=\"https:\/\/www.yousanusb.com\/wp-content\/uploads\/2024\/11\/Golf-Bag-USB-pendrive.jpg\" alt=\"\" class=\"wp-image-10647\" srcset=\"https:\/\/www.yousanusb.com\/wp-content\/uploads\/2024\/11\/Golf-Bag-USB-pendrive.jpg 800w, https:\/\/www.yousanusb.com\/wp-content\/uploads\/2024\/11\/Golf-Bag-USB-pendrive-300x300.jpg 300w, https:\/\/www.yousanusb.com\/wp-content\/uploads\/2024\/11\/Golf-Bag-USB-pendrive-150x150.jpg 150w, https:\/\/www.yousanusb.com\/wp-content\/uploads\/2024\/11\/Golf-Bag-USB-pendrive-768x768.jpg 768w, https:\/\/www.yousanusb.com\/wp-content\/uploads\/2024\/11\/Golf-Bag-USB-pendrive-600x600.jpg 600w, https:\/\/www.yousanusb.com\/wp-content\/uploads\/2024\/11\/Golf-Bag-USB-pendrive-100x100.jpg 100w\" sizes=\"(max-width: 800px) 100vw, 800px\" \/><\/figure>\n<\/div>\n<\/div>","protected":false},"excerpt":{"rendered":"<ul>\n<li>Golfschl\u00e4ger und Eimerf\u00f6rmiger USB<\/li>\n<li>PVC-Material<\/li>\n<li>Lila und Rot<\/li>\n<li>USB2.0 und USB3.0 k\u00f6nnen w\u00e4hlen<\/li>\n<li>MOQ:100St\u00fcck<\/li>\n<\/ul>","protected":false},"featured_media":10649,"comment_status":"open","ping_status":"closed","template":"","meta":{"_seopress_robots_primary_cat":"none","_seopress_titles_title":"Golf Club and Bucket Shaped USB Flash Drive","_seopress_titles_desc":"The Golf club and bucket shaped USB flash drive is a unique and innovative storage device that combines functionality with a fun and sporty design.","_seopress_robots_index":""},"class_list":["post-10643","product","type-product","status-publish","has-post-thumbnail","hentry","product_cat-custom-usb-drive","product_tag-golf-usb-flash-drive","product_tag-sports-usb-flash-drive"],"_links":{"self":[{"href":"https:\/\/www.yousanusb.com\/de\/wp-json\/wp\/v2\/product\/10643"}],"collection":[{"href":"https:\/\/www.yousanusb.com\/de\/wp-json\/wp\/v2\/product"}],"about":[{"href":"https:\/\/www.yousanusb.com\/de\/wp-json\/wp\/v2\/types\/product"}],"replies":[{"embeddable":true,"href":"https:\/\/www.yousanusb.com\/de\/wp-json\/wp\/v2\/comments?post=10643"}],"wp:featuredmedia":[{"embeddable":true,"href":"https:\/\/www.yousanusb.com\/de\/wp-json\/wp\/v2\/media\/10649"}],"wp:attachment":[{"href":"https:\/\/www.yousanusb.com\/de\/wp-json\/wp\/v2\/media?parent=10643"}],"curies":[{"name":"wp","href":"https:\/\/api.w.org\/{rel}","templated":true}]}}