{"id":10656,"date":"2024-11-18T13:02:40","date_gmt":"2024-11-18T13:02:40","guid":{"rendered":"https:\/\/yousanusb.com\/?post_type=product&#038;p=10656"},"modified":"2025-11-10T08:46:59","modified_gmt":"2025-11-10T08:46:59","slug":"black-transparent-crystal-usb-flash-drive","status":"publish","type":"product","link":"https:\/\/www.yousanusb.com\/de\/product\/black-transparent-crystal-usb-flash-drive\/","title":{"rendered":"Schwarzer transparenter Kristall USB-Stick"},"content":{"rendered":"<p>Dieser schwarze Metallkristall-USB-Stick zeichnet sich durch die goldene Kombination aus Kristallk\u00f6rper und Metallakzenten aus. Der transparente Kristallteil dient als optischer Blickfang und ist aus hochreinem K9-Kristallmaterial gefertigt. Es wurde mehrfach pr\u00e4zisionsgeschliffen und poliert, so dass die Oberfl\u00e4che eiskalt und frei von Verunreinigungen und Kratzern ist. <\/p>\n\n\n\n<div class=\"wp-block-columns is-layout-flex wp-container-core-columns-is-layout-1 wp-block-columns-is-layout-flex\">\n<div class=\"wp-block-column is-layout-flow wp-block-column-is-layout-flow\">\n<figure class=\"wp-block-image size-full\"><img fetchpriority=\"high\" decoding=\"async\" width=\"800\" height=\"800\" src=\"https:\/\/www.yousanusb.com\/wp-content\/uploads\/2024\/11\/Black-Transparent-Crystal-USB-Flash-Drive-bulk.jpg\" alt=\"\" class=\"wp-image-23834\" srcset=\"https:\/\/www.yousanusb.com\/wp-content\/uploads\/2024\/11\/Black-Transparent-Crystal-USB-Flash-Drive-bulk.jpg 800w, https:\/\/www.yousanusb.com\/wp-content\/uploads\/2024\/11\/Black-Transparent-Crystal-USB-Flash-Drive-bulk-300x300.jpg 300w, https:\/\/www.yousanusb.com\/wp-content\/uploads\/2024\/11\/Black-Transparent-Crystal-USB-Flash-Drive-bulk-150x150.jpg 150w, https:\/\/www.yousanusb.com\/wp-content\/uploads\/2024\/11\/Black-Transparent-Crystal-USB-Flash-Drive-bulk-768x768.jpg 768w, https:\/\/www.yousanusb.com\/wp-content\/uploads\/2024\/11\/Black-Transparent-Crystal-USB-Flash-Drive-bulk-12x12.jpg 12w, https:\/\/www.yousanusb.com\/wp-content\/uploads\/2024\/11\/Black-Transparent-Crystal-USB-Flash-Drive-bulk-600x600.jpg 600w, https:\/\/www.yousanusb.com\/wp-content\/uploads\/2024\/11\/Black-Transparent-Crystal-USB-Flash-Drive-bulk-100x100.jpg 100w\" sizes=\"(max-width: 800px) 100vw, 800px\" \/><\/figure>\n<\/div>\n\n\n\n<div class=\"wp-block-column is-layout-flow wp-block-column-is-layout-flow\">\n<figure class=\"wp-block-image size-full\"><img decoding=\"async\" width=\"800\" height=\"800\" src=\"https:\/\/www.yousanusb.com\/wp-content\/uploads\/2024\/11\/custom-Black-Transparent-Crystal-USB-Flash-Drive.jpg\" alt=\"\" class=\"wp-image-23837\" srcset=\"https:\/\/www.yousanusb.com\/wp-content\/uploads\/2024\/11\/custom-Black-Transparent-Crystal-USB-Flash-Drive.jpg 800w, https:\/\/www.yousanusb.com\/wp-content\/uploads\/2024\/11\/custom-Black-Transparent-Crystal-USB-Flash-Drive-300x300.jpg 300w, https:\/\/www.yousanusb.com\/wp-content\/uploads\/2024\/11\/custom-Black-Transparent-Crystal-USB-Flash-Drive-150x150.jpg 150w, https:\/\/www.yousanusb.com\/wp-content\/uploads\/2024\/11\/custom-Black-Transparent-Crystal-USB-Flash-Drive-768x768.jpg 768w, https:\/\/www.yousanusb.com\/wp-content\/uploads\/2024\/11\/custom-Black-Transparent-Crystal-USB-Flash-Drive-12x12.jpg 12w, https:\/\/www.yousanusb.com\/wp-content\/uploads\/2024\/11\/custom-Black-Transparent-Crystal-USB-Flash-Drive-600x600.jpg 600w, https:\/\/www.yousanusb.com\/wp-content\/uploads\/2024\/11\/custom-Black-Transparent-Crystal-USB-Flash-Drive-100x100.jpg 100w\" sizes=\"(max-width: 800px) 100vw, 800px\" \/><\/figure>\n<\/div>\n<\/div>\n\n\n\n<p>Im Inneren werden mit der fortschrittlichen 3D-Lasergravurtechnologie Markenlogos, Firmensymbole oder individuelle Designs pr\u00e4zise ge\u00e4tzt. Diese Muster weisen unterschiedliche Schichten und glatte Linien auf, die bei Beleuchtung einen beeindruckenden dreidimensionalen Effekt erzeugen.<\/p>\n\n\n\n<p>Die schwarzen Metallteile erg\u00e4nzen die Eleganz des Kristalls mit einer raffinierten Textur. Die aus einer hochwertigen Aluminiumlegierung in Luft- und Raumfahrtqualit\u00e4t gefertigte und eloxierte Oberfl\u00e4che ist mit einer raffinierten mattschwarzen Beschichtung versehen, die kratzfest ist, nicht ausbleicht und eine glatte, luxuri\u00f6se Haptik bietet. Die Metallkomponenten k\u00f6nnen als Sockel, Rahmen oder dekorative Elemente angepasst werden. <\/p>\n\n\n\n<div class=\"wp-block-columns is-layout-flex wp-container-core-columns-is-layout-2 wp-block-columns-is-layout-flex\">\n<div class=\"wp-block-column is-layout-flow wp-block-column-is-layout-flow\">\n<figure class=\"wp-block-image size-full\"><img decoding=\"async\" width=\"800\" height=\"800\" src=\"https:\/\/www.yousanusb.com\/wp-content\/uploads\/2024\/11\/Black-Transparent-Crystal-USB-Flash-Drive.jpg\" alt=\"\" class=\"wp-image-23836\" srcset=\"https:\/\/www.yousanusb.com\/wp-content\/uploads\/2024\/11\/Black-Transparent-Crystal-USB-Flash-Drive.jpg 800w, https:\/\/www.yousanusb.com\/wp-content\/uploads\/2024\/11\/Black-Transparent-Crystal-USB-Flash-Drive-300x300.jpg 300w, https:\/\/www.yousanusb.com\/wp-content\/uploads\/2024\/11\/Black-Transparent-Crystal-USB-Flash-Drive-150x150.jpg 150w, https:\/\/www.yousanusb.com\/wp-content\/uploads\/2024\/11\/Black-Transparent-Crystal-USB-Flash-Drive-768x768.jpg 768w, https:\/\/www.yousanusb.com\/wp-content\/uploads\/2024\/11\/Black-Transparent-Crystal-USB-Flash-Drive-12x12.jpg 12w, https:\/\/www.yousanusb.com\/wp-content\/uploads\/2024\/11\/Black-Transparent-Crystal-USB-Flash-Drive-600x600.jpg 600w, https:\/\/www.yousanusb.com\/wp-content\/uploads\/2024\/11\/Black-Transparent-Crystal-USB-Flash-Drive-100x100.jpg 100w\" sizes=\"(max-width: 800px) 100vw, 800px\" \/><\/figure>\n<\/div>\n\n\n\n<div class=\"wp-block-column is-layout-flow wp-block-column-is-layout-flow\">\n<figure class=\"wp-block-image size-full\"><img loading=\"lazy\" decoding=\"async\" width=\"800\" height=\"800\" src=\"https:\/\/www.yousanusb.com\/wp-content\/uploads\/2024\/11\/Black-Transparent-Crystal-USB-Flash-Drive-manufacturer.jpg\" alt=\"\" class=\"wp-image-23835\" srcset=\"https:\/\/www.yousanusb.com\/wp-content\/uploads\/2024\/11\/Black-Transparent-Crystal-USB-Flash-Drive-manufacturer.jpg 800w, https:\/\/www.yousanusb.com\/wp-content\/uploads\/2024\/11\/Black-Transparent-Crystal-USB-Flash-Drive-manufacturer-300x300.jpg 300w, https:\/\/www.yousanusb.com\/wp-content\/uploads\/2024\/11\/Black-Transparent-Crystal-USB-Flash-Drive-manufacturer-150x150.jpg 150w, https:\/\/www.yousanusb.com\/wp-content\/uploads\/2024\/11\/Black-Transparent-Crystal-USB-Flash-Drive-manufacturer-768x768.jpg 768w, https:\/\/www.yousanusb.com\/wp-content\/uploads\/2024\/11\/Black-Transparent-Crystal-USB-Flash-Drive-manufacturer-12x12.jpg 12w, https:\/\/www.yousanusb.com\/wp-content\/uploads\/2024\/11\/Black-Transparent-Crystal-USB-Flash-Drive-manufacturer-600x600.jpg 600w, https:\/\/www.yousanusb.com\/wp-content\/uploads\/2024\/11\/Black-Transparent-Crystal-USB-Flash-Drive-manufacturer-100x100.jpg 100w\" sizes=\"(max-width: 800px) 100vw, 800px\" \/><\/figure>\n<\/div>\n<\/div>\n\n\n\n<p>Der zentrale Bereich f\u00fcr die individuelle Gestaltung unterst\u00fctzt die Lasergravurtechnologie, mit der Markenlogos, Firmennamen, Kontaktinformationen oder pers\u00f6nliche Mitteilungen pr\u00e4zise eingraviert werden k\u00f6nnen. Die eingravierten Linien sind scharf und klar und gew\u00e4hrleisten eine hohe Logoerkennung. Ob f\u00fcr die Markendarstellung oder als Erinnerungsgeschenk, es unterstreicht die einzigartige Identit\u00e4t.<\/p>","protected":false},"excerpt":{"rendered":"<ul>\n<li>Schlankes Design<\/li>\n<li>Crystle-Material<\/li>\n<li>Benutzerdefiniertes Logo<\/li>\n<li>Flug-LED<\/li>\n<li>MOQ:100PCS<\/li>\n<\/ul>","protected":false},"featured_media":23834,"comment_status":"open","ping_status":"closed","template":"","meta":{"_seopress_robots_primary_cat":"none","_seopress_titles_title":"Black Transparent Crystal USB Flash Drive","_seopress_titles_desc":"This black metal crystal USB drive features the golden combination of a crystal body and metal accents. The transparent crystal section serves as the visual focal point, crafted from high-purity K9 crystal material. It undergoes multiple precision cutting and polishing processes","_seopress_robots_index":""},"class_list":["post-10656","product","type-product","status-publish","has-post-thumbnail","hentry","product_cat-crystal-led-usb-flash-drive","product_tag-balck-usb-flash-drive","product_tag-crystyle-usb-flash-drive"],"_links":{"self":[{"href":"https:\/\/www.yousanusb.com\/de\/wp-json\/wp\/v2\/product\/10656"}],"collection":[{"href":"https:\/\/www.yousanusb.com\/de\/wp-json\/wp\/v2\/product"}],"about":[{"href":"https:\/\/www.yousanusb.com\/de\/wp-json\/wp\/v2\/types\/product"}],"replies":[{"embeddable":true,"href":"https:\/\/www.yousanusb.com\/de\/wp-json\/wp\/v2\/comments?post=10656"}],"wp:featuredmedia":[{"embeddable":true,"href":"https:\/\/www.yousanusb.com\/de\/wp-json\/wp\/v2\/media\/23834"}],"wp:attachment":[{"href":"https:\/\/www.yousanusb.com\/de\/wp-json\/wp\/v2\/media?parent=10656"}],"curies":[{"name":"wp","href":"https:\/\/api.w.org\/{rel}","templated":true}]}}