{"id":10798,"date":"2024-11-20T02:31:13","date_gmt":"2024-11-20T02:31:13","guid":{"rendered":"https:\/\/yousanusb.com\/?post_type=product&#038;p=10798"},"modified":"2025-11-12T01:31:37","modified_gmt":"2025-11-12T01:31:37","slug":"desk-and-chair-shaped-usb-flash-drive","status":"publish","type":"product","link":"https:\/\/www.yousanusb.com\/de\/product\/desk-and-chair-shaped-usb-flash-drive\/","title":{"rendered":"USB-Flash-Laufwerk in Form von Schreibtisch und Stuhl"},"content":{"rendered":"<p>Dieses USB-Laufwerk ist im Design eines Stuhls und eines Schreibtischs mit lebhaften, lebendigen Farben gestaltet, was es zu einem praktischen und unterhaltsamen t\u00e4glichen Aufbewahrungsinstrument macht.<\/p>\n\n\n\n<div class=\"wp-block-columns is-layout-flex wp-container-core-columns-is-layout-1 wp-block-columns-is-layout-flex\">\n<div class=\"wp-block-column is-layout-flow wp-block-column-is-layout-flow\">\n<figure class=\"wp-block-image size-full\"><img fetchpriority=\"high\" decoding=\"async\" width=\"800\" height=\"800\" src=\"https:\/\/www.yousanusb.com\/wp-content\/uploads\/2024\/11\/desk-and-chair-usb-flash-drive-pendrive-3.jpg\" alt=\"\" class=\"wp-image-10794\" srcset=\"https:\/\/www.yousanusb.com\/wp-content\/uploads\/2024\/11\/desk-and-chair-usb-flash-drive-pendrive-3.jpg 800w, https:\/\/www.yousanusb.com\/wp-content\/uploads\/2024\/11\/desk-and-chair-usb-flash-drive-pendrive-3-300x300.jpg 300w, https:\/\/www.yousanusb.com\/wp-content\/uploads\/2024\/11\/desk-and-chair-usb-flash-drive-pendrive-3-150x150.jpg 150w, https:\/\/www.yousanusb.com\/wp-content\/uploads\/2024\/11\/desk-and-chair-usb-flash-drive-pendrive-3-768x768.jpg 768w, https:\/\/www.yousanusb.com\/wp-content\/uploads\/2024\/11\/desk-and-chair-usb-flash-drive-pendrive-3-600x600.jpg 600w, https:\/\/www.yousanusb.com\/wp-content\/uploads\/2024\/11\/desk-and-chair-usb-flash-drive-pendrive-3-100x100.jpg 100w\" sizes=\"(max-width: 800px) 100vw, 800px\" \/><\/figure>\n<\/div>\n\n\n\n<div class=\"wp-block-column is-vertically-aligned-center is-layout-flow wp-block-column-is-layout-flow\">\n<p>Es gibt zwei Arten: Stuhl-USB-Laufwerke und Schreibtisch-USB-Laufwerke. <\/p>\n\n\n\n<p>Der Stuhl usb drives hat die Form eines Miniaturhockers, bei dem der USB-Anschluss in seinem K\u00f6rper verborgen ist und ein kleiner quadratischer Block als Anschlussabdeckung dient. <\/p>\n\n\n\n<p>Das Desk-USB-Laufwerk verwendet eine Tischplatte als USB-Laufwerksk\u00f6rper und verf\u00fcgt \u00fcber einen Standardanschluss an der Unterseite, der durch mehrere hockerf\u00f6rmige Zubeh\u00f6rteile erg\u00e4nzt wird.<\/p>\n\n\n\n<p> Dieses Design nimmt die vertraute Form von Alltagsm\u00f6beln wieder auf und integriert gleichzeitig Aufbewahrungsfunktionen in ein dekoratives St\u00fcck - es dient als Schreibtischdekoration, wenn es nicht gebraucht wird, und l\u00e4sst sich bei Bedarf leicht f\u00fcr den Anschluss von Ger\u00e4ten und den Datenzugriff abtrennen. Es verbindet meisterhaft Kreativit\u00e4t mit Praktikabilit\u00e4t.<\/p>\n<\/div>\n<\/div>\n\n\n\n<div class=\"wp-block-columns is-layout-flex wp-container-core-columns-is-layout-2 wp-block-columns-is-layout-flex\">\n<div class=\"wp-block-column is-vertically-aligned-center is-layout-flow wp-block-column-is-layout-flow\">\n<p>Das Material ist umweltfreundlicher ABS-Kunststoff, leicht und dennoch haltbar, so dass es leicht zu tragen ist, ohne zus\u00e4tzlichen Aufwand. Sein erschwinglicher Preis macht ihn zu einem idealen Werbegeschenk.<\/p>\n\n\n\n<p>Die einheitliche, leuchtend gr\u00fcne Farbe sorgt f\u00fcr einen hellen, gut sichtbaren Ton. Das Gesamtdesign ist sauber und schl\u00fcssig und passt zu den meisten Desktop-Umgebungen.<\/p>\n\n\n\n<p>Er verf\u00fcgt \u00fcber eine Standard-USB-Schnittstelle, die mit g\u00e4ngigen elektronischen Ger\u00e4ten wie Computern und Tablets kompatibel ist. Er unterst\u00fctzt g\u00e4ngige \u00dcbertragungsprotokolle und bietet stabile Lese-\/Schreibgeschwindigkeiten f\u00fcr die Speicherung und \u00dcbertragung allt\u00e4glicher Dateien wie Dokumente, Bilder und kleine Videos. <\/p>\n\n\n\n<p>Erh\u00e4ltlich in praktischen Kapazit\u00e4ten wie 8 GB und 16 GB, gew\u00e4hrleistet er eine sichere Datenspeicherung und erf\u00fcllt die grundlegenden Speicheranforderungen f\u00fcr B\u00fcroarbeit, Studium und \u00e4hnliche Szenarien.<\/p>\n<\/div>\n\n\n\n<div class=\"wp-block-column is-layout-flow wp-block-column-is-layout-flow\">\n<figure class=\"wp-block-image size-full\"><img decoding=\"async\" width=\"800\" height=\"800\" src=\"https:\/\/www.yousanusb.com\/wp-content\/uploads\/2024\/11\/desk-and-chair-usb-flash-drive-pendrive-4.jpg\" alt=\"\" class=\"wp-image-10795\" srcset=\"https:\/\/www.yousanusb.com\/wp-content\/uploads\/2024\/11\/desk-and-chair-usb-flash-drive-pendrive-4.jpg 800w, https:\/\/www.yousanusb.com\/wp-content\/uploads\/2024\/11\/desk-and-chair-usb-flash-drive-pendrive-4-300x300.jpg 300w, https:\/\/www.yousanusb.com\/wp-content\/uploads\/2024\/11\/desk-and-chair-usb-flash-drive-pendrive-4-150x150.jpg 150w, https:\/\/www.yousanusb.com\/wp-content\/uploads\/2024\/11\/desk-and-chair-usb-flash-drive-pendrive-4-768x768.jpg 768w, https:\/\/www.yousanusb.com\/wp-content\/uploads\/2024\/11\/desk-and-chair-usb-flash-drive-pendrive-4-600x600.jpg 600w, https:\/\/www.yousanusb.com\/wp-content\/uploads\/2024\/11\/desk-and-chair-usb-flash-drive-pendrive-4-100x100.jpg 100w\" sizes=\"(max-width: 800px) 100vw, 800px\" \/><\/figure>\n<\/div>\n<\/div>","protected":false},"excerpt":{"rendered":"<ul>\n<li>Stuhl geformt usb<\/li>\n<li>Pultf\u00f6rmige usb<\/li>\n<li>MOQ:500PCS<\/li>\n<li>Benutzerdefiniertes Logo<\/li>\n<li>Gro\u00dfhandelspreis<\/li>\n<\/ul>","protected":false},"featured_media":10794,"comment_status":"open","ping_status":"closed","template":"","meta":{"_seopress_robots_primary_cat":"none","_seopress_titles_title":"Desk And Chair Shaped USB Flash Drive","_seopress_titles_desc":"","_seopress_robots_index":""},"class_list":["post-10798","product","type-product","status-publish","has-post-thumbnail","hentry","product_cat-usb-flash-drive","product_tag-chair-usb-flash-drive","product_tag-desk-usb-flash-drive"],"_links":{"self":[{"href":"https:\/\/www.yousanusb.com\/de\/wp-json\/wp\/v2\/product\/10798"}],"collection":[{"href":"https:\/\/www.yousanusb.com\/de\/wp-json\/wp\/v2\/product"}],"about":[{"href":"https:\/\/www.yousanusb.com\/de\/wp-json\/wp\/v2\/types\/product"}],"replies":[{"embeddable":true,"href":"https:\/\/www.yousanusb.com\/de\/wp-json\/wp\/v2\/comments?post=10798"}],"wp:featuredmedia":[{"embeddable":true,"href":"https:\/\/www.yousanusb.com\/de\/wp-json\/wp\/v2\/media\/10794"}],"wp:attachment":[{"href":"https:\/\/www.yousanusb.com\/de\/wp-json\/wp\/v2\/media?parent=10798"}],"curies":[{"name":"wp","href":"https:\/\/api.w.org\/{rel}","templated":true}]}}