{"id":10909,"date":"2024-11-24T03:20:05","date_gmt":"2024-11-24T03:20:05","guid":{"rendered":"https:\/\/yousanusb.com\/?post_type=product&#038;p=10909"},"modified":"2025-10-06T00:27:22","modified_gmt":"2025-10-06T00:27:22","slug":"new-rotating-usb-c-usb-flash-drive-for-phone","status":"publish","type":"product","link":"https:\/\/www.yousanusb.com\/de\/product\/new-rotating-usb-c-usb-flash-drive-for-phone\/","title":{"rendered":"Neues drehbares USB-C USB-Flash-Laufwerk f\u00fcr das Telefon"},"content":{"rendered":"<p>Dieses rotierende USB-Flash-Laufwerk wurde speziell f\u00fcr Smartphones entwickelt und ist perfekt mit Ger\u00e4ten mit Typ-C-Anschluss kompatibel. Es werden keine umst\u00e4ndlichen Adapter ben\u00f6tigt - es wird direkt an Ihr Smartphone angeschlossen und erm\u00f6glicht so jederzeit und \u00fcberall eine sofortige Speichererweiterung sowie eine schnelle und bequeme Datei\u00fcbertragung.<\/p>\n\n\n\n<div class=\"wp-block-columns is-layout-flex wp-container-core-columns-is-layout-1 wp-block-columns-is-layout-flex\">\n<div class=\"wp-block-column is-layout-flow wp-block-column-is-layout-flow\">\n<figure class=\"wp-block-image size-full\"><img fetchpriority=\"high\" decoding=\"async\" width=\"800\" height=\"800\" src=\"https:\/\/www.yousanusb.com\/wp-content\/uploads\/2021\/06\/silver-New-rotating-USB-C-USB-flash-drive-for-phone.jpg\" alt=\"\" class=\"wp-image-18873\" srcset=\"https:\/\/www.yousanusb.com\/wp-content\/uploads\/2021\/06\/silver-New-rotating-USB-C-USB-flash-drive-for-phone.jpg 800w, https:\/\/www.yousanusb.com\/wp-content\/uploads\/2021\/06\/silver-New-rotating-USB-C-USB-flash-drive-for-phone-300x300.jpg 300w, https:\/\/www.yousanusb.com\/wp-content\/uploads\/2021\/06\/silver-New-rotating-USB-C-USB-flash-drive-for-phone-150x150.jpg 150w, https:\/\/www.yousanusb.com\/wp-content\/uploads\/2021\/06\/silver-New-rotating-USB-C-USB-flash-drive-for-phone-768x768.jpg 768w, https:\/\/www.yousanusb.com\/wp-content\/uploads\/2021\/06\/silver-New-rotating-USB-C-USB-flash-drive-for-phone-12x12.jpg 12w, https:\/\/www.yousanusb.com\/wp-content\/uploads\/2021\/06\/silver-New-rotating-USB-C-USB-flash-drive-for-phone-600x600.jpg 600w, https:\/\/www.yousanusb.com\/wp-content\/uploads\/2021\/06\/silver-New-rotating-USB-C-USB-flash-drive-for-phone-100x100.jpg 100w\" sizes=\"(max-width: 800px) 100vw, 800px\" \/><\/figure>\n<\/div>\n\n\n\n<div class=\"wp-block-column is-vertically-aligned-center is-layout-flow wp-block-column-is-layout-flow\">\n<p>Durch sein einzigartiges, drehbares Design sch\u00fctzt er die Schnittstelle vor Besch\u00e4digungen und bietet gleichzeitig eine bequeme Aufbewahrung und Tragbarkeit. Ausgestattet mit einer fortschrittlichen USB 3.0-Schnittstelle bietet er Hochgeschwindigkeits-Daten\u00fcbertragungsfunktionen. Egal, ob Sie Fotos, Videos oder gro\u00dfe Dateien \u00fcbertragen, es erledigt alle Aufgaben blitzschnell und spart Ihnen dadurch viel Zeit und steigert die Effizienz.<\/p>\n\n\n\n<p>Von professionellen Anwendern, die mit Gesch\u00e4ftsdokumenten arbeiten, \u00fcber Technikbegeisterte, die Multimedia-Ressourcen speichern, bis hin zu M\u00fcttern, die die Momente des Heranwachsens ihrer Kinder festhalten, und Autobesitzern, die ihre Musikbibliotheken im Auto aufbauen - dieses drehbare USB-Laufwerk ist in den verschiedensten Szenarien von Nutzen und macht die Datenspeicherung und -freigabe sowohl bequem als auch hochwertig.<\/p>\n<\/div>\n<\/div>","protected":false},"excerpt":{"rendered":"<ul>\n<li>OTG USB-Flash-Laufwerk<\/li>\n<li>MOQ:100St\u00fcck<\/li>\n<li>Gro\u00dfhandelspreis<\/li>\n<li>USB2.0 und USB3.0 k\u00f6nnen w\u00e4hlen<\/li>\n<li>Benutzerdefiniertes Logo<\/li>\n<\/ul>","protected":false},"featured_media":13325,"comment_status":"open","ping_status":"closed","template":"","meta":{"_seopress_robots_primary_cat":"none","_seopress_titles_title":"New rotating USB-C USB flash drive for phone","_seopress_titles_desc":"This USB flash drive is specially designed for cell phones,perfectly adapted to TYPE-C interface cell phones,so you do not need to cumbersome adapter,easy to realize the direct connection between the cell phone and the USB flash drive","_seopress_robots_index":""},"class_list":["post-10909","product","type-product","status-publish","has-post-thumbnail","hentry","product_cat-usb30-flash-drive","product_cat-rotating-usb-flash-drive","product_cat-otg-usb-flash-drive","product_tag-rotating-usb-c-usb-flash-drive-for-phone","product_tag-custom-metal-keychain-usb-flash-drive","product_tag-otg-usb-flash-drive","product_tag-buy-metal-leather-usb-flash-drive"],"_links":{"self":[{"href":"https:\/\/www.yousanusb.com\/de\/wp-json\/wp\/v2\/product\/10909"}],"collection":[{"href":"https:\/\/www.yousanusb.com\/de\/wp-json\/wp\/v2\/product"}],"about":[{"href":"https:\/\/www.yousanusb.com\/de\/wp-json\/wp\/v2\/types\/product"}],"replies":[{"embeddable":true,"href":"https:\/\/www.yousanusb.com\/de\/wp-json\/wp\/v2\/comments?post=10909"}],"wp:featuredmedia":[{"embeddable":true,"href":"https:\/\/www.yousanusb.com\/de\/wp-json\/wp\/v2\/media\/13325"}],"wp:attachment":[{"href":"https:\/\/www.yousanusb.com\/de\/wp-json\/wp\/v2\/media?parent=10909"}],"curies":[{"name":"wp","href":"https:\/\/api.w.org\/{rel}","templated":true}]}}