{"id":11006,"date":"2024-11-25T16:36:07","date_gmt":"2024-11-25T16:36:07","guid":{"rendered":"https:\/\/yousanusb.com\/?post_type=product&#038;p=11006"},"modified":"2025-12-13T13:26:12","modified_gmt":"2025-12-13T13:26:12","slug":"mini-rectangular-card-flash-drives","status":"publish","type":"product","link":"https:\/\/www.yousanusb.com\/de\/product\/mini-rectangular-card-flash-drives\/","title":{"rendered":"Mini-Rechteckige Karten-Flash-Laufwerke"},"content":{"rendered":"<div class=\"wp-block-columns is-layout-flex wp-container-core-columns-is-layout-1 wp-block-columns-is-layout-flex\">\n<div class=\"wp-block-column is-layout-flow wp-block-column-is-layout-flow\">\n<figure class=\"wp-block-image size-full\"><img fetchpriority=\"high\" decoding=\"async\" width=\"800\" height=\"800\" src=\"https:\/\/www.yousanusb.com\/wp-content\/uploads\/2024\/11\/Mini-Rectangular-Card-Flash-Drives-3.jpg\" alt=\"\" class=\"wp-image-10986\" srcset=\"https:\/\/www.yousanusb.com\/wp-content\/uploads\/2024\/11\/Mini-Rectangular-Card-Flash-Drives-3.jpg 800w, https:\/\/www.yousanusb.com\/wp-content\/uploads\/2024\/11\/Mini-Rectangular-Card-Flash-Drives-3-300x300.jpg 300w, https:\/\/www.yousanusb.com\/wp-content\/uploads\/2024\/11\/Mini-Rectangular-Card-Flash-Drives-3-150x150.jpg 150w, https:\/\/www.yousanusb.com\/wp-content\/uploads\/2024\/11\/Mini-Rectangular-Card-Flash-Drives-3-768x768.jpg 768w, https:\/\/www.yousanusb.com\/wp-content\/uploads\/2024\/11\/Mini-Rectangular-Card-Flash-Drives-3-600x600.jpg 600w, https:\/\/www.yousanusb.com\/wp-content\/uploads\/2024\/11\/Mini-Rectangular-Card-Flash-Drives-3-100x100.jpg 100w\" sizes=\"(max-width: 800px) 100vw, 800px\" \/><\/figure>\n<\/div>\n\n\n\n<div class=\"wp-block-column is-vertically-aligned-center is-layout-flow wp-block-column-is-layout-flow\">\n<p>Bei diesem Produkt handelt es sich um ein USB-Laufwerk im Minikartenformat mit einem kartenf\u00f6rmigen Design. Das USB-Laufwerk kann in das Kartengeh\u00e4use eingebettet werden und bietet so einen staub- und kratzfesten Schutz f\u00fcr die Schnittstelle. Ausgestattet mit einem Clip-Mechanismus kann es an Taschen, Ausweishaltern und anderen Gegenst\u00e4nden befestigt werden, wodurch es f\u00fcr den t\u00e4glichen Gebrauch geeignet ist und das Verlustrisiko verringert wird.<\/p>\n\n\n\n<p>Das PVC-Geh\u00e4use bietet eine leichte Konstruktion mit grundlegendem Schutz, die allt\u00e4glichen leichten Biegungen und Kratzern standh\u00e4lt und gleichzeitig das flache Profil der Karte beibeh\u00e4lt. Dies gew\u00e4hrleistet die Kompatibilit\u00e4t mit Kartenhaltern, Brieftaschen und anderen Aufbewahrungsl\u00f6sungen.<\/p>\n<\/div>\n<\/div>\n\n\n\n<div class=\"wp-block-columns is-layout-flex wp-container-core-columns-is-layout-2 wp-block-columns-is-layout-flex\">\n<div class=\"wp-block-column is-vertically-aligned-center is-layout-flow wp-block-column-is-layout-flow\">\n<p>Das Produkt hat ein Standardkartenformat (\u00e4hnlich wie Bankkarten) und ein schlankes und kompaktes Design, das direkt in Brieftaschen, Kartenhalter und andere Alltagsgegenst\u00e4nde passt, ohne dass zus\u00e4tzlicher Stauraum ben\u00f6tigt wird. Es ist ideal f\u00fcr das Pendeln, Gesch\u00e4ftsreisen und andere mobile Szenarien und erm\u00f6glicht jederzeit einen einfachen Zugriff.<\/p>\n\n\n\n<p>Ausgestattet mit einer Standard-USB-Schnittstelle, die mit den USB 2.0\/3.0-Spezifikationen kompatibel ist, funktioniert es mit den g\u00e4ngigsten Ger\u00e4ten. Die Verwendung von Original-Speicherchips gew\u00e4hrleistet eine stabile Leistung beim Lesen und Schreiben von Daten. Unterst\u00fctzt mehrere Dateiformate und ist mit den wichtigsten Betriebssystemen wie Windows und Mac OS kompatibel.<\/p>\n\n\n\n<p> Die Plug-and-Play-Funktionalit\u00e4t macht zus\u00e4tzliche Treiber \u00fcberfl\u00fcssig und erm\u00f6glicht die zuverl\u00e4ssige Speicherung von Dokumenten, Bildern, kleinen Videos und vielem mehr. Ideal f\u00fcr den t\u00e4glichen Gebrauch im B\u00fcro und f\u00fcr gesch\u00e4ftliche Datentransferszenarien.<\/p>\n\n\n\n<p>Unterst\u00fctzt den vollfl\u00e4chigen, individuellen Druck auf der Kartenoberfl\u00e4che und erm\u00f6glicht so den Druck von Markenlogos, Text, Mustern und anderen Inhalten nach Bedarf. Geeignet f\u00fcr Gro\u00dfeinkaufsszenarien, wie z. B. Markenpromotion, Verteilung von Gesch\u00e4ftsgeschenken und Werbegeschenken f\u00fcr Veranstaltungen, wobei praktische Aspekte mit der Sichtbarkeit der Marke kombiniert werden.<\/p>\n<\/div>\n\n\n\n<div class=\"wp-block-column is-layout-flow wp-block-column-is-layout-flow\">\n<figure class=\"wp-block-image size-full\"><img decoding=\"async\" width=\"800\" height=\"800\" src=\"https:\/\/www.yousanusb.com\/wp-content\/uploads\/2024\/11\/Mini-Rectangular-Card-Flash-Drives-5.jpg\" alt=\"\" class=\"wp-image-10988\" srcset=\"https:\/\/www.yousanusb.com\/wp-content\/uploads\/2024\/11\/Mini-Rectangular-Card-Flash-Drives-5.jpg 800w, https:\/\/www.yousanusb.com\/wp-content\/uploads\/2024\/11\/Mini-Rectangular-Card-Flash-Drives-5-300x300.jpg 300w, https:\/\/www.yousanusb.com\/wp-content\/uploads\/2024\/11\/Mini-Rectangular-Card-Flash-Drives-5-150x150.jpg 150w, https:\/\/www.yousanusb.com\/wp-content\/uploads\/2024\/11\/Mini-Rectangular-Card-Flash-Drives-5-768x768.jpg 768w, https:\/\/www.yousanusb.com\/wp-content\/uploads\/2024\/11\/Mini-Rectangular-Card-Flash-Drives-5-600x600.jpg 600w, https:\/\/www.yousanusb.com\/wp-content\/uploads\/2024\/11\/Mini-Rectangular-Card-Flash-Drives-5-100x100.jpg 100w\" sizes=\"(max-width: 800px) 100vw, 800px\" \/><\/figure>\n<\/div>\n<\/div>","protected":false},"excerpt":{"rendered":"<ul>\n<li>Kartenf\u00f6rmiges USB-Laufwerk<\/li>\n<li>Mini-Stil<\/li>\n<li>MOQ:100St\u00fcck<\/li>\n<li>Freier Smaple<\/li>\n<li>Fabrikpreis<\/li>\n<\/ul>","protected":false},"featured_media":10984,"comment_status":"open","ping_status":"closed","template":"","meta":{"_seopress_robots_primary_cat":"none","_seopress_titles_title":"Mini Rectangular Card Flash Drives","_seopress_titles_desc":"","_seopress_robots_index":""},"class_list":["post-11006","product","type-product","status-publish","has-post-thumbnail","hentry","product_cat-card-usb-flash-drive","product_cat-mini-usb-flash-drive","product_tag-mini-card-usb-disk","product_tag-plastic-card-usb-flash-drive"],"_links":{"self":[{"href":"https:\/\/www.yousanusb.com\/de\/wp-json\/wp\/v2\/product\/11006"}],"collection":[{"href":"https:\/\/www.yousanusb.com\/de\/wp-json\/wp\/v2\/product"}],"about":[{"href":"https:\/\/www.yousanusb.com\/de\/wp-json\/wp\/v2\/types\/product"}],"replies":[{"embeddable":true,"href":"https:\/\/www.yousanusb.com\/de\/wp-json\/wp\/v2\/comments?post=11006"}],"wp:featuredmedia":[{"embeddable":true,"href":"https:\/\/www.yousanusb.com\/de\/wp-json\/wp\/v2\/media\/10984"}],"wp:attachment":[{"href":"https:\/\/www.yousanusb.com\/de\/wp-json\/wp\/v2\/media?parent=11006"}],"curies":[{"name":"wp","href":"https:\/\/api.w.org\/{rel}","templated":true}]}}