{"id":11765,"date":"2024-12-07T01:08:12","date_gmt":"2024-12-07T01:08:12","guid":{"rendered":"https:\/\/yousanusb.com\/?post_type=product&#038;p=11765"},"modified":"2024-12-07T01:08:12","modified_gmt":"2024-12-07T01:08:12","slug":"customized-hammer-flash-drive-from-tool-manufacturing-company","status":"publish","type":"product","link":"https:\/\/www.yousanusb.com\/de\/product\/customized-hammer-flash-drive-from-tool-manufacturing-company\/","title":{"rendered":"Kundenspezifisches Hammer-Flash-Laufwerk von Werkzeugbauunternehmen"},"content":{"rendered":"<p>Der Customized Hammer Flash Drive aus unserer Werkzeugmanufaktur ist ein einzigartiger und praktischer Werbeartikel. Dieses USB-Laufwerk ist genial in der Form eines Hammers gestaltet, so dass es auff\u00e4llt.<br \/>\nAls professioneller Hersteller von USB-Flash-Laufwerken bieten wir hochwertige Anpassungen an. Er bietet ausreichend Speicherplatz f\u00fcr verschiedene arbeitsbezogene Dateien, Pl\u00e4ne oder Werkzeughandb\u00fccher. Die robuste Konstruktion sorgt daf\u00fcr, dass er den Strapazen eines Werkzeugkastens oder des t\u00e4glichen Gebrauchs standh\u00e4lt.<br \/>\nMit dem Firmenlogo oder anderen Markendetails versehen, eignet er sich hervorragend als Werbegeschenk auf Messen, Workshops oder unter Mitarbeitern und erh\u00f6ht die Markenbekanntheit und -treue.<\/p>","protected":false},"excerpt":{"rendered":"<p>Der Customized Hammer Flash Drive aus unserer Werkzeugmanufaktur ist ein einzigartiger und praktischer Werbeartikel. Dieses USB-Laufwerk ist genial in der Form eines Hammers gestaltet, so dass es auff\u00e4llt.<\/p>","protected":false},"featured_media":11733,"comment_status":"open","ping_status":"closed","template":"","meta":{"_seopress_robots_primary_cat":"","_seopress_titles_title":"Customized hammer flash drive from tool manufacturing company","_seopress_titles_desc":"The Customized Hammer Flash Drive from our tool manufacturing company is a unique and practical promotional item. This USB drive is ingeniously designed in the shape of a hammer, making it stand out.","_seopress_robots_index":""},"class_list":["post-11765","product","type-product","status-publish","has-post-thumbnail","hentry","product_cat-usb-flash-drive-customer","product_tag-hammer-flash-drive"],"_links":{"self":[{"href":"https:\/\/www.yousanusb.com\/de\/wp-json\/wp\/v2\/product\/11765"}],"collection":[{"href":"https:\/\/www.yousanusb.com\/de\/wp-json\/wp\/v2\/product"}],"about":[{"href":"https:\/\/www.yousanusb.com\/de\/wp-json\/wp\/v2\/types\/product"}],"replies":[{"embeddable":true,"href":"https:\/\/www.yousanusb.com\/de\/wp-json\/wp\/v2\/comments?post=11765"}],"wp:featuredmedia":[{"embeddable":true,"href":"https:\/\/www.yousanusb.com\/de\/wp-json\/wp\/v2\/media\/11733"}],"wp:attachment":[{"href":"https:\/\/www.yousanusb.com\/de\/wp-json\/wp\/v2\/media?parent=11765"}],"curies":[{"name":"wp","href":"https:\/\/api.w.org\/{rel}","templated":true}]}}