{"id":11814,"date":"2024-12-07T01:49:00","date_gmt":"2024-12-07T01:49:00","guid":{"rendered":"https:\/\/yousanusb.com\/?post_type=product&#038;p=11814"},"modified":"2024-12-07T01:49:00","modified_gmt":"2024-12-07T01:49:00","slug":"goodyears-customized-usb-flash-drive-with-car-tires","status":"publish","type":"product","link":"https:\/\/www.yousanusb.com\/de\/product\/goodyears-customized-usb-flash-drive-with-car-tires\/","title":{"rendered":"Goodyear's kundenspezifischer USB-Stick mit Autoreifen"},"content":{"rendered":"<p>Der individuelle USB-Stick mit Autoreifen von Goodyear, der von der YOUSAN Flash Drive Factory fachm\u00e4nnisch hergestellt wird, ist ein einzigartiges und praktisches Firmengeschenk. Er hat die Form eines Miniatur-Autoreifens und ist eine perfekte Mischung aus automobilem Charme und digitalem Nutzen.<br \/>\nDieses USB-Laufwerk bietet eine ordentliche Menge an Speicherplatz, ideal f\u00fcr die Speicherung von Produktkatalogen, technischen Daten und Marketingmaterialien von Goodyear. Diese Flash-Laufwerke k\u00f6nnen auf Automobilmessen, H\u00e4ndlerevents oder Unternehmenstreffen im Zusammenhang mit der Reifenindustrie verteilt werden. Mechaniker und Autoenthusiasten k\u00f6nnen sie zum Speichern von Fahrzeugwartungsprotokollen, Reifenforschungsinformationen oder sogar ihrer Lieblingsfotos und -videos rund ums Auto verwenden.<br \/>\nDas markante Autoreifendesign mit dem Goodyear-Logo ist ein wirkungsvolles Branding-Instrument. Ob auf einer Werkbank, in der Werkzeugkiste eines Mechanikers oder im B\u00fcro - dieses individuelle Flash-Laufwerk ist eine st\u00e4ndige Erinnerung an die Qualit\u00e4t und Innovation von Goodyear und damit ein unvergesslicher und n\u00fctzlicher Artikel f\u00fcr den Empf\u00e4nger.<\/p>","protected":false},"excerpt":{"rendered":"<p>Der individuelle USB-Stick mit Autoreifen von Goodyear, der von der YOUSAN Flash Drive Factory fachm\u00e4nnisch hergestellt wird, ist ein einzigartiges und praktisches Firmengeschenk. Er hat die Form eines Miniatur-Autoreifens und ist eine perfekte Mischung aus automobilem Charme und digitalem Nutzen.<\/p>","protected":false},"featured_media":11719,"comment_status":"open","ping_status":"closed","template":"","meta":{"_seopress_robots_primary_cat":"","_seopress_titles_title":"Goodyear's customized USB flash drive with car tires","_seopress_titles_desc":"The Goodyear's Customized USB Flash Drive with Car Tires, expertly crafted by YOUSAN Flash Drive Factory, is a unique and practical corporate gift. Shaped like miniature car tires, it showcases a perfect blend of automotive charm and digital utility.","_seopress_robots_index":""},"class_list":["post-11814","product","type-product","status-publish","has-post-thumbnail","hentry","product_cat-usb-flash-drive-customer","product_tag-usb-flash-drive-with-car-tires"],"_links":{"self":[{"href":"https:\/\/www.yousanusb.com\/de\/wp-json\/wp\/v2\/product\/11814"}],"collection":[{"href":"https:\/\/www.yousanusb.com\/de\/wp-json\/wp\/v2\/product"}],"about":[{"href":"https:\/\/www.yousanusb.com\/de\/wp-json\/wp\/v2\/types\/product"}],"replies":[{"embeddable":true,"href":"https:\/\/www.yousanusb.com\/de\/wp-json\/wp\/v2\/comments?post=11814"}],"wp:featuredmedia":[{"embeddable":true,"href":"https:\/\/www.yousanusb.com\/de\/wp-json\/wp\/v2\/media\/11719"}],"wp:attachment":[{"href":"https:\/\/www.yousanusb.com\/de\/wp-json\/wp\/v2\/media?parent=11814"}],"curies":[{"name":"wp","href":"https:\/\/api.w.org\/{rel}","templated":true}]}}