{"id":11838,"date":"2024-12-07T02:13:54","date_gmt":"2024-12-07T02:13:54","guid":{"rendered":"https:\/\/yousanusb.com\/?post_type=product&#038;p=11838"},"modified":"2025-10-02T02:19:56","modified_gmt":"2025-10-02T02:19:56","slug":"biodegradable-mini-rectangular-card-usb-flash-drive","status":"publish","type":"product","link":"https:\/\/www.yousanusb.com\/de\/product\/biodegradable-mini-rectangular-card-usb-flash-drive\/","title":{"rendered":"Biologisch abbaubarer Mini Card USB Flash Drive"},"content":{"rendered":"<div class=\"wp-block-columns is-layout-flex wp-container-core-columns-is-layout-1 wp-block-columns-is-layout-flex\">\n<div class=\"wp-block-column is-layout-flow wp-block-column-is-layout-flow\">\n<figure class=\"wp-block-image size-full\"><img fetchpriority=\"high\" decoding=\"async\" width=\"800\" height=\"800\" src=\"https:\/\/www.yousanusb.com\/wp-content\/uploads\/2024\/12\/Biyobozunur-Mini-Dikdortgen-Kart-USB-Flash-Surucu.webp\" alt=\"\" class=\"wp-image-18637\" srcset=\"https:\/\/www.yousanusb.com\/wp-content\/uploads\/2024\/12\/Biyobozunur-Mini-Dikdortgen-Kart-USB-Flash-Surucu.webp 800w, https:\/\/www.yousanusb.com\/wp-content\/uploads\/2024\/12\/Biyobozunur-Mini-Dikdortgen-Kart-USB-Flash-Surucu-300x300.webp 300w, https:\/\/www.yousanusb.com\/wp-content\/uploads\/2024\/12\/Biyobozunur-Mini-Dikdortgen-Kart-USB-Flash-Surucu-150x150.webp 150w, https:\/\/www.yousanusb.com\/wp-content\/uploads\/2024\/12\/Biyobozunur-Mini-Dikdortgen-Kart-USB-Flash-Surucu-768x768.webp 768w, https:\/\/www.yousanusb.com\/wp-content\/uploads\/2024\/12\/Biyobozunur-Mini-Dikdortgen-Kart-USB-Flash-Surucu-12x12.webp 12w, https:\/\/www.yousanusb.com\/wp-content\/uploads\/2024\/12\/Biyobozunur-Mini-Dikdortgen-Kart-USB-Flash-Surucu-600x600.webp 600w, https:\/\/www.yousanusb.com\/wp-content\/uploads\/2024\/12\/Biyobozunur-Mini-Dikdortgen-Kart-USB-Flash-Surucu-100x100.webp 100w\" sizes=\"(max-width: 800px) 100vw, 800px\" \/><\/figure>\n<\/div>\n\n\n\n<div class=\"wp-block-column is-vertically-aligned-center is-layout-flow wp-block-column-is-layout-flow\">\n<p>Das neue biologisch abbaubare USB-Flash-Laufwerk mit rechteckiger Minikarte der YOUSAN Flash Drive Factory ist ein hervorragendes neues Produkt im Bereich der tragbaren Speicher. Dieses kleine, elegante Flash-Laufwerk verf\u00fcgt \u00fcber ein rechteckiges Mini-Kartendesign, das eine hervorragende Tragbarkeit und Bequemlichkeit bietet.<\/p>\n\n\n\n<p>Das Besondere an diesem Flash-Laufwerk ist, dass sein \u00c4u\u00dferes aus biologisch abbaubaren Materialien besteht. Angesichts des wachsenden Umweltbewusstseins k\u00f6nnen Sie durch die Verwendung dieses Flash-Laufwerks zum Speichern von Daten Ihre Umweltbelastung minimieren. Au\u00dferdem bietet es reichlich Speicherplatz f\u00fcr Arbeitsdokumente, Pr\u00e4sentationen, pers\u00f6nliche Fotos und Musik.<\/p>\n<\/div>\n<\/div>\n\n\n\n<div class=\"wp-block-columns is-layout-flex wp-container-core-columns-is-layout-2 wp-block-columns-is-layout-flex\">\n<div class=\"wp-block-column is-vertically-aligned-center is-layout-flow wp-block-column-is-layout-flow\">\n<p>Dieses USB-Flash-Laufwerk verf\u00fcgt \u00fcber ein Push-Pull-Kartendesign, das so d\u00fcnn wie eine Bankkarte ist und problemlos in eine Brieftasche passt. <\/p>\n\n\n\n<p>Au\u00dferdem k\u00f6nnen Logos oder Muster individuell aufgedruckt werden, so dass Unternehmen ihn als Werbegeschenk verwenden k\u00f6nnen. Durch Siebdruck oder Lasergravur kann das gew\u00fcnschte Logo oder Muster auf die Oberfl\u00e4che des Flash-Laufwerks gedruckt werden.<\/p>\n<\/div>\n\n\n\n<div class=\"wp-block-column is-layout-flow wp-block-column-is-layout-flow\">\n<figure class=\"wp-block-image size-full\"><img decoding=\"async\" width=\"800\" height=\"800\" src=\"https:\/\/www.yousanusb.com\/wp-content\/uploads\/2024\/12\/Biodegradable-Mini-Rectangular-Card-USB-Pendrive-UDP.webp\" alt=\"\" class=\"wp-image-18636\" srcset=\"https:\/\/www.yousanusb.com\/wp-content\/uploads\/2024\/12\/Biodegradable-Mini-Rectangular-Card-USB-Pendrive-UDP.webp 800w, https:\/\/www.yousanusb.com\/wp-content\/uploads\/2024\/12\/Biodegradable-Mini-Rectangular-Card-USB-Pendrive-UDP-300x300.webp 300w, https:\/\/www.yousanusb.com\/wp-content\/uploads\/2024\/12\/Biodegradable-Mini-Rectangular-Card-USB-Pendrive-UDP-150x150.webp 150w, https:\/\/www.yousanusb.com\/wp-content\/uploads\/2024\/12\/Biodegradable-Mini-Rectangular-Card-USB-Pendrive-UDP-768x768.webp 768w, https:\/\/www.yousanusb.com\/wp-content\/uploads\/2024\/12\/Biodegradable-Mini-Rectangular-Card-USB-Pendrive-UDP-12x12.webp 12w, https:\/\/www.yousanusb.com\/wp-content\/uploads\/2024\/12\/Biodegradable-Mini-Rectangular-Card-USB-Pendrive-UDP-600x600.webp 600w, https:\/\/www.yousanusb.com\/wp-content\/uploads\/2024\/12\/Biodegradable-Mini-Rectangular-Card-USB-Pendrive-UDP-100x100.webp 100w\" sizes=\"(max-width: 800px) 100vw, 800px\" \/><\/figure>\n<\/div>\n<\/div>","protected":false},"excerpt":{"rendered":"<ul>\n<li>\u00a0Biologisch abbaubare Materialien<\/li>\n<li>Umweltfreundliches Karten-USB-Laufwerk<\/li>\n<li>Logo kann angepasst werden<\/li>\n<li>Kostenloses Design, kostenlose Muster<\/li>\n<li>MOQ:100St\u00fcck<\/li>\n<\/ul>","protected":false},"featured_media":11842,"comment_status":"open","ping_status":"closed","template":"","meta":{"_seopress_robots_primary_cat":"none","_seopress_titles_title":"Biodegradable Mini Rectangular Card USB Flash Drive","_seopress_titles_desc":"The Biodegradable Mini Rectangular Card USB Flash Drive from YOUSAN Flash Drive Factory is a remarkable new addition to the world of portable storage. This compact and sleek drive features a mini rectangular card design, making it highly portable and convenient.","_seopress_robots_index":""},"class_list":["post-11838","product","type-product","status-publish","has-post-thumbnail","hentry","product_cat-biodegradable-usb-flash-disk","product_cat-card-usb-flash-drive"],"_links":{"self":[{"href":"https:\/\/www.yousanusb.com\/de\/wp-json\/wp\/v2\/product\/11838"}],"collection":[{"href":"https:\/\/www.yousanusb.com\/de\/wp-json\/wp\/v2\/product"}],"about":[{"href":"https:\/\/www.yousanusb.com\/de\/wp-json\/wp\/v2\/types\/product"}],"replies":[{"embeddable":true,"href":"https:\/\/www.yousanusb.com\/de\/wp-json\/wp\/v2\/comments?post=11838"}],"wp:featuredmedia":[{"embeddable":true,"href":"https:\/\/www.yousanusb.com\/de\/wp-json\/wp\/v2\/media\/11842"}],"wp:attachment":[{"href":"https:\/\/www.yousanusb.com\/de\/wp-json\/wp\/v2\/media?parent=11838"}],"curies":[{"name":"wp","href":"https:\/\/api.w.org\/{rel}","templated":true}]}}