{"id":11856,"date":"2024-12-07T02:23:14","date_gmt":"2024-12-07T02:23:14","guid":{"rendered":"https:\/\/yousanusb.com\/?post_type=product&#038;p=11856"},"modified":"2025-11-12T08:14:53","modified_gmt":"2025-11-12T08:14:53","slug":"biodegradable-push-pull-flash-drive","status":"publish","type":"product","link":"https:\/\/www.yousanusb.com\/de\/product\/biodegradable-push-pull-flash-drive\/","title":{"rendered":"Biologisch abbaubares Push-Pull-USB-Flash-Laufwerk"},"content":{"rendered":"<p>Das biologisch abbaubare Push-Pull USB-Flash-Laufwerk von YOUSAN Flash Drive Factory ist eine innovative und umweltbewusste L\u00f6sung f\u00fcr die Datenspeicherung. Dieses neu eingef\u00fchrte Flash-Laufwerk verbindet Funktionalit\u00e4t mit Umweltverantwortung.<\/p>\n\n\n\n<p>Das Push-Pull-Design bietet einen bequemen Zugang zum USB-Anschluss und gew\u00e4hrleistet eine einfache Handhabung. Das biologisch abbaubare Material der \u00e4u\u00dferen H\u00fclle ist ein herausragendes Merkmal. In einer Welt, die sich zunehmend auf Nachhaltigkeit konzentriert, erm\u00f6glicht dieses Laufwerk den Nutzern, ihre wichtigen Dokumente, Fotos und Videos zu speichern, ohne zu langfristigem Abfall beizutragen. Es verf\u00fcgt \u00fcber eine angemessene Speicherkapazit\u00e4t, die f\u00fcr verschiedene Bed\u00fcrfnisse geeignet ist, z. B. f\u00fcr Studenten, die Unterrichtsnotizen und Forschungsunterlagen speichern, oder f\u00fcr Fachleute, die Arbeitsprojekte und Pr\u00e4sentationen bearbeiten.<\/p>\n\n\n\n<div class=\"wp-block-columns is-layout-flex wp-container-core-columns-is-layout-1 wp-block-columns-is-layout-flex\">\n<div class=\"wp-block-column is-layout-flow wp-block-column-is-layout-flow\">\n<figure class=\"wp-block-image size-full\"><img fetchpriority=\"high\" decoding=\"async\" width=\"800\" height=\"800\" src=\"https:\/\/www.yousanusb.com\/wp-content\/uploads\/2024\/12\/Biodegradable-Mini-White-Rectangle-Card-Flash-Drive.jpg\" alt=\"\" class=\"wp-image-11853\" srcset=\"https:\/\/www.yousanusb.com\/wp-content\/uploads\/2024\/12\/Biodegradable-Mini-White-Rectangle-Card-Flash-Drive.jpg 800w, https:\/\/www.yousanusb.com\/wp-content\/uploads\/2024\/12\/Biodegradable-Mini-White-Rectangle-Card-Flash-Drive-300x300.jpg 300w, https:\/\/www.yousanusb.com\/wp-content\/uploads\/2024\/12\/Biodegradable-Mini-White-Rectangle-Card-Flash-Drive-150x150.jpg 150w, https:\/\/www.yousanusb.com\/wp-content\/uploads\/2024\/12\/Biodegradable-Mini-White-Rectangle-Card-Flash-Drive-768x768.jpg 768w, https:\/\/www.yousanusb.com\/wp-content\/uploads\/2024\/12\/Biodegradable-Mini-White-Rectangle-Card-Flash-Drive-600x600.jpg 600w, https:\/\/www.yousanusb.com\/wp-content\/uploads\/2024\/12\/Biodegradable-Mini-White-Rectangle-Card-Flash-Drive-100x100.jpg 100w\" sizes=\"(max-width: 800px) 100vw, 800px\" \/><\/figure>\n<\/div>\n\n\n\n<div class=\"wp-block-column is-layout-flow wp-block-column-is-layout-flow\">\n<figure class=\"wp-block-image size-full\"><img decoding=\"async\" width=\"800\" height=\"800\" src=\"https:\/\/www.yousanusb.com\/wp-content\/uploads\/2024\/12\/Biyobozunur-Mini-Beyaz-Dikdortgen-Kart-Flash-Surucu.jpg\" alt=\"\" class=\"wp-image-11854\" srcset=\"https:\/\/www.yousanusb.com\/wp-content\/uploads\/2024\/12\/Biyobozunur-Mini-Beyaz-Dikdortgen-Kart-Flash-Surucu.jpg 800w, https:\/\/www.yousanusb.com\/wp-content\/uploads\/2024\/12\/Biyobozunur-Mini-Beyaz-Dikdortgen-Kart-Flash-Surucu-300x300.jpg 300w, https:\/\/www.yousanusb.com\/wp-content\/uploads\/2024\/12\/Biyobozunur-Mini-Beyaz-Dikdortgen-Kart-Flash-Surucu-150x150.jpg 150w, https:\/\/www.yousanusb.com\/wp-content\/uploads\/2024\/12\/Biyobozunur-Mini-Beyaz-Dikdortgen-Kart-Flash-Surucu-768x768.jpg 768w, https:\/\/www.yousanusb.com\/wp-content\/uploads\/2024\/12\/Biyobozunur-Mini-Beyaz-Dikdortgen-Kart-Flash-Surucu-600x600.jpg 600w, https:\/\/www.yousanusb.com\/wp-content\/uploads\/2024\/12\/Biyobozunur-Mini-Beyaz-Dikdortgen-Kart-Flash-Surucu-100x100.jpg 100w\" sizes=\"(max-width: 800px) 100vw, 800px\" \/><\/figure>\n<\/div>\n<\/div>\n\n\n\n<p>F\u00fcr Technikbegeisterte, die an Umweltausstellungen oder Seminaren \u00fcber gr\u00fcne Technologien teilnehmen, ist es ein gro\u00dfartiges Accessoire, um relevante digitale Inhalte mit sich zu f\u00fchren und zu teilen. Es kann auch von Privatpersonen im t\u00e4glichen Leben verwendet werden, um Dateien zwischen verschiedenen Ger\u00e4ten zu \u00fcbertragen. Mit dem biologisch abbaubaren Push-Pull-Flash-Laufwerk k\u00f6nnen Sie die moderne Technologie nutzen und gleichzeitig aktiv zum Schutz unserer Umwelt beitragen.<\/p>\n\n\n\n<div class=\"wp-block-columns is-layout-flex wp-container-core-columns-is-layout-2 wp-block-columns-is-layout-flex\">\n<div class=\"wp-block-column is-layout-flow wp-block-column-is-layout-flow\">\n<figure class=\"wp-block-image size-full\"><img decoding=\"async\" width=\"800\" height=\"800\" src=\"https:\/\/www.yousanusb.com\/wp-content\/uploads\/2024\/12\/Biodegradable-Mini-White-Rectangle-Card-Flash-Drive-opne.jpg\" alt=\"\" class=\"wp-image-11852\" srcset=\"https:\/\/www.yousanusb.com\/wp-content\/uploads\/2024\/12\/Biodegradable-Mini-White-Rectangle-Card-Flash-Drive-opne.jpg 800w, https:\/\/www.yousanusb.com\/wp-content\/uploads\/2024\/12\/Biodegradable-Mini-White-Rectangle-Card-Flash-Drive-opne-300x300.jpg 300w, https:\/\/www.yousanusb.com\/wp-content\/uploads\/2024\/12\/Biodegradable-Mini-White-Rectangle-Card-Flash-Drive-opne-150x150.jpg 150w, https:\/\/www.yousanusb.com\/wp-content\/uploads\/2024\/12\/Biodegradable-Mini-White-Rectangle-Card-Flash-Drive-opne-768x768.jpg 768w, https:\/\/www.yousanusb.com\/wp-content\/uploads\/2024\/12\/Biodegradable-Mini-White-Rectangle-Card-Flash-Drive-opne-600x600.jpg 600w, https:\/\/www.yousanusb.com\/wp-content\/uploads\/2024\/12\/Biodegradable-Mini-White-Rectangle-Card-Flash-Drive-opne-100x100.jpg 100w\" sizes=\"(max-width: 800px) 100vw, 800px\" \/><\/figure>\n<\/div>\n\n\n\n<div class=\"wp-block-column is-layout-flow wp-block-column-is-layout-flow\">\n<figure class=\"wp-block-image size-full\"><img loading=\"lazy\" decoding=\"async\" width=\"800\" height=\"800\" src=\"https:\/\/www.yousanusb.com\/wp-content\/uploads\/2024\/12\/Biodegradable-Mini-White-Rectangle-Card-Flash-Drive-front.jpg\" alt=\"\" class=\"wp-image-11851\" srcset=\"https:\/\/www.yousanusb.com\/wp-content\/uploads\/2024\/12\/Biodegradable-Mini-White-Rectangle-Card-Flash-Drive-front.jpg 800w, https:\/\/www.yousanusb.com\/wp-content\/uploads\/2024\/12\/Biodegradable-Mini-White-Rectangle-Card-Flash-Drive-front-300x300.jpg 300w, https:\/\/www.yousanusb.com\/wp-content\/uploads\/2024\/12\/Biodegradable-Mini-White-Rectangle-Card-Flash-Drive-front-150x150.jpg 150w, https:\/\/www.yousanusb.com\/wp-content\/uploads\/2024\/12\/Biodegradable-Mini-White-Rectangle-Card-Flash-Drive-front-768x768.jpg 768w, https:\/\/www.yousanusb.com\/wp-content\/uploads\/2024\/12\/Biodegradable-Mini-White-Rectangle-Card-Flash-Drive-front-600x600.jpg 600w, https:\/\/www.yousanusb.com\/wp-content\/uploads\/2024\/12\/Biodegradable-Mini-White-Rectangle-Card-Flash-Drive-front-100x100.jpg 100w\" sizes=\"(max-width: 800px) 100vw, 800px\" \/><\/figure>\n<\/div>\n<\/div>","protected":false},"excerpt":{"rendered":"<ul>\n<li>Kartenf\u00f6rmiges Design<\/li>\n<li>Umweltvertr\u00e4gliche Materialien<\/li>\n<li>D\u00fcnn und leicht<\/li>\n<li>Leicht zu transportieren<\/li>\n<li>Gro\u00dfartig f\u00fcr alle Zwecke<\/li>\n<li>MOQ:100St\u00fcck<\/li>\n<\/ul>","protected":false},"featured_media":11861,"comment_status":"open","ping_status":"closed","template":"","meta":{"_seopress_robots_primary_cat":"none","_seopress_titles_title":"Biodegradable Push-Pull Flash Drive","_seopress_titles_desc":"The Biodegradable Push-Pull Flash Drive from YOUSAN Flash Drive Factory is an innovative and eco-conscious solution for data storage. This newly introduced flash drive combines functionality with environmental responsibility.","_seopress_robots_index":""},"class_list":["post-11856","product","type-product","status-publish","has-post-thumbnail","hentry","product_cat-biodegradable-usb-flash-disk","product_cat-push-pull-usb-flash-drive","product_tag-push-pull-flash-drive"],"_links":{"self":[{"href":"https:\/\/www.yousanusb.com\/de\/wp-json\/wp\/v2\/product\/11856"}],"collection":[{"href":"https:\/\/www.yousanusb.com\/de\/wp-json\/wp\/v2\/product"}],"about":[{"href":"https:\/\/www.yousanusb.com\/de\/wp-json\/wp\/v2\/types\/product"}],"replies":[{"embeddable":true,"href":"https:\/\/www.yousanusb.com\/de\/wp-json\/wp\/v2\/comments?post=11856"}],"wp:featuredmedia":[{"embeddable":true,"href":"https:\/\/www.yousanusb.com\/de\/wp-json\/wp\/v2\/media\/11861"}],"wp:attachment":[{"href":"https:\/\/www.yousanusb.com\/de\/wp-json\/wp\/v2\/media?parent=11856"}],"curies":[{"name":"wp","href":"https:\/\/api.w.org\/{rel}","templated":true}]}}