{"id":11880,"date":"2024-12-07T02:31:27","date_gmt":"2024-12-07T02:31:27","guid":{"rendered":"https:\/\/yousanusb.com\/?post_type=product&#038;p=11880"},"modified":"2025-11-12T07:47:13","modified_gmt":"2025-11-12T07:47:13","slug":"biodegradable-round-head-key-flash-pendrive","status":"publish","type":"product","link":"https:\/\/www.yousanusb.com\/de\/product\/biodegradable-round-head-key-flash-pendrive\/","title":{"rendered":"Biologisch abbaubarer Schl\u00fcssel mit rundem Kopf Flash Pendrive"},"content":{"rendered":"<p><br>Das biologisch abbaubare Round Head Key Flash Pendrive von YOUSAN Flash Drive Factory ist ein herausragendes neues Produkt. Mit seinem schlanken Rundkopf-Schl\u00fcsseldesign bietet er sowohl Stil als auch Komfort. Das biologisch abbaubare Material des Geh\u00e4uses ist ein gro\u00dfes Highlight.<\/p>\n\n\n\n<div class=\"wp-block-columns is-layout-flex wp-container-core-columns-is-layout-1 wp-block-columns-is-layout-flex\">\n<div class=\"wp-block-column is-layout-flow wp-block-column-is-layout-flow\">\n<figure class=\"wp-block-image size-full\"><img fetchpriority=\"high\" decoding=\"async\" width=\"800\" height=\"800\" src=\"https:\/\/www.yousanusb.com\/wp-content\/uploads\/2024\/12\/Biodegradable-Round-Head-Key-Flash-Pendrive.jpg\" alt=\"\" class=\"wp-image-11884\" srcset=\"https:\/\/www.yousanusb.com\/wp-content\/uploads\/2024\/12\/Biodegradable-Round-Head-Key-Flash-Pendrive.jpg 800w, https:\/\/www.yousanusb.com\/wp-content\/uploads\/2024\/12\/Biodegradable-Round-Head-Key-Flash-Pendrive-300x300.jpg 300w, https:\/\/www.yousanusb.com\/wp-content\/uploads\/2024\/12\/Biodegradable-Round-Head-Key-Flash-Pendrive-150x150.jpg 150w, https:\/\/www.yousanusb.com\/wp-content\/uploads\/2024\/12\/Biodegradable-Round-Head-Key-Flash-Pendrive-768x768.jpg 768w, https:\/\/www.yousanusb.com\/wp-content\/uploads\/2024\/12\/Biodegradable-Round-Head-Key-Flash-Pendrive-600x600.jpg 600w, https:\/\/www.yousanusb.com\/wp-content\/uploads\/2024\/12\/Biodegradable-Round-Head-Key-Flash-Pendrive-100x100.jpg 100w\" sizes=\"(max-width: 800px) 100vw, 800px\" \/><\/figure>\n<\/div>\n\n\n\n<div class=\"wp-block-column is-vertically-aligned-center is-layout-flow wp-block-column-is-layout-flow\">\n<p>In der heutigen umweltbewussten Welt erm\u00f6glicht Ihnen dieses Laufwerk, Ihre digitalen Daten zu speichern, ohne den Planeten zu sch\u00e4digen. Er bietet reichlich Speicherplatz f\u00fcr eine Vielzahl von Dateien. <\/p>\n\n\n\n<p>B\u00fcroangestellte k\u00f6nnen damit t\u00e4gliche Arbeitsberichte, Sitzungsprotokolle und wichtige Projektdateien zwischen B\u00fcro und Zuhause transportieren. Studenten k\u00f6nnen ihre Lehrb\u00fccher im digitalen Format, Aufgaben und Forschungsmaterialien speichern. <\/p>\n\n\n\n<p>Es ist auch eine gute Wahl f\u00fcr alle, die immer unterwegs sind. Auf Reisen kann er Reisepl\u00e4ne, Hotelbuchungen und Erinnerungsfotos speichern.<\/p>\n<\/div>\n<\/div>\n\n\n\n<div class=\"wp-block-columns is-layout-flex wp-container-core-columns-is-layout-2 wp-block-columns-is-layout-flex\">\n<div class=\"wp-block-column is-vertically-aligned-center is-layout-flow wp-block-column-is-layout-flow\">\n<p>Dieses biologisch abbaubare USB-Laufwerk verf\u00fcgt \u00fcber einen blauen USB 3.0-Anschluss. USB 3.0 bietet deutlich schnellere \u00dcbertragungsgeschwindigkeiten als USB 2.0 und erm\u00f6glicht eine effizientere t\u00e4gliche \u00dcbertragung von Dokumenten, Bildern und anderen Dateien.<\/p>\n\n\n\n<p> Er ist r\u00fcckw\u00e4rtskompatibel mit USB 2.0-Ger\u00e4ten und funktioniert mit g\u00e4ngigen elektronischen Ger\u00e4ten wie Computern und Tablets. Der Anschluss erg\u00e4nzt das umweltfreundliche Geh\u00e4use und schafft einen Ausgleich zwischen Umweltvertr\u00e4glichkeit und praktischer \u00dcbertragungsleistung.<\/p>\n\n\n\n<p>Die runde Form des Schl\u00fcssels macht es einfach, ihn am Schl\u00fcsselbund zu befestigen, damit er nicht verloren geht. Ob f\u00fcr den privaten oder beruflichen Gebrauch, dieser biologisch abbaubare USB-Stick vereint Funktionalit\u00e4t und Umweltfreundlichkeit und ist somit ein unverzichtbares Accessoire f\u00fcr das moderne Leben.<\/p>\n<\/div>\n\n\n\n<div class=\"wp-block-column is-layout-flow wp-block-column-is-layout-flow\">\n<figure class=\"wp-block-image size-full\"><img decoding=\"async\" width=\"800\" height=\"800\" src=\"https:\/\/www.yousanusb.com\/wp-content\/uploads\/2024\/12\/Biodegradable-Round-Head-Key-Flash-Drive.jpg\" alt=\"\" class=\"wp-image-11883\" srcset=\"https:\/\/www.yousanusb.com\/wp-content\/uploads\/2024\/12\/Biodegradable-Round-Head-Key-Flash-Drive.jpg 800w, https:\/\/www.yousanusb.com\/wp-content\/uploads\/2024\/12\/Biodegradable-Round-Head-Key-Flash-Drive-300x300.jpg 300w, https:\/\/www.yousanusb.com\/wp-content\/uploads\/2024\/12\/Biodegradable-Round-Head-Key-Flash-Drive-150x150.jpg 150w, https:\/\/www.yousanusb.com\/wp-content\/uploads\/2024\/12\/Biodegradable-Round-Head-Key-Flash-Drive-768x768.jpg 768w, https:\/\/www.yousanusb.com\/wp-content\/uploads\/2024\/12\/Biodegradable-Round-Head-Key-Flash-Drive-600x600.jpg 600w, https:\/\/www.yousanusb.com\/wp-content\/uploads\/2024\/12\/Biodegradable-Round-Head-Key-Flash-Drive-100x100.jpg 100w\" sizes=\"(max-width: 800px) 100vw, 800px\" \/><\/figure>\n<\/div>\n<\/div>","protected":false},"excerpt":{"rendered":"<p>Das biologisch abbaubare Round Head Key Flash Pendrive von YOUSAN Flash Drive Factory ist ein herausragendes neues Produkt. Mit seinem schlanken Rundkopf-Schl\u00fcsseldesign bietet er sowohl Stil als auch Komfort. Das biologisch abbaubare Material des Geh\u00e4uses ist ein gro\u00dfes Highlight.<\/p>","protected":false},"featured_media":11884,"comment_status":"open","ping_status":"closed","template":"","meta":{"_seopress_robots_primary_cat":"none","_seopress_titles_title":"Biodegradable Round Head Key Flash Pendrive","_seopress_titles_desc":"The Biodegradable Round Head Key Flash Pendrive from YOUSAN Flash Drive Factory is an outstanding new product. With its sleek round head key design, it offers both style and convenience. The biodegradable material of the casing is a major highlight.","_seopress_robots_index":""},"class_list":["post-11880","product","type-product","status-publish","has-post-thumbnail","hentry","product_cat-usb30-flash-drive","product_cat-biodegradable-usb-flash-disk","product_cat-retractable-usb-flash-drive","product_tag-biodegradable-key-usb-drive"],"_links":{"self":[{"href":"https:\/\/www.yousanusb.com\/de\/wp-json\/wp\/v2\/product\/11880"}],"collection":[{"href":"https:\/\/www.yousanusb.com\/de\/wp-json\/wp\/v2\/product"}],"about":[{"href":"https:\/\/www.yousanusb.com\/de\/wp-json\/wp\/v2\/types\/product"}],"replies":[{"embeddable":true,"href":"https:\/\/www.yousanusb.com\/de\/wp-json\/wp\/v2\/comments?post=11880"}],"wp:featuredmedia":[{"embeddable":true,"href":"https:\/\/www.yousanusb.com\/de\/wp-json\/wp\/v2\/media\/11884"}],"wp:attachment":[{"href":"https:\/\/www.yousanusb.com\/de\/wp-json\/wp\/v2\/media?parent=11880"}],"curies":[{"name":"wp","href":"https:\/\/api.w.org\/{rel}","templated":true}]}}