{"id":1193,"date":"2021-06-09T03:32:48","date_gmt":"2021-06-09T03:32:48","guid":{"rendered":"https:\/\/yousanusb.com\/?post_type=product&#038;p=1193"},"modified":"2025-11-14T06:56:53","modified_gmt":"2025-11-14T06:56:53","slug":"hot-sale-plate-ultra-thin-waterproof-metal-usb-flash-drive","status":"publish","type":"product","link":"https:\/\/www.yousanusb.com\/de\/product\/hot-sale-plate-ultra-thin-waterproof-metal-usb-flash-drive\/","title":{"rendered":"USB Flash Drive wasserdicht mit Schl\u00fcsselanh\u00e4nger"},"content":{"rendered":"<p>Der USB-Stick ist so klein und handlich, dass Sie Ihre digitale Welt in Ihrer kleinsten Tasche immer bei sich haben! An einem Ende der U-Scheibe befindet sich ein Schl\u00fcsselanh\u00e4nger, der den Schl\u00fcsselbund mit der Tasche verbindet.<\/p>\n\n\n\n<div class=\"wp-block-columns is-layout-flex wp-container-core-columns-is-layout-1 wp-block-columns-is-layout-flex\">\n<div class=\"wp-block-column is-layout-flow wp-block-column-is-layout-flow\">\n<figure class=\"wp-block-image size-full\"><img fetchpriority=\"high\" decoding=\"async\" width=\"800\" height=\"800\" src=\"https:\/\/www.yousanusb.com\/wp-content\/uploads\/2021\/06\/hot-sale-plate-ultra-thin-waterproof-metal-usb-flash-drive-1.jpg\" alt=\"\" class=\"wp-image-1196\" srcset=\"https:\/\/www.yousanusb.com\/wp-content\/uploads\/2021\/06\/hot-sale-plate-ultra-thin-waterproof-metal-usb-flash-drive-1.jpg 800w, https:\/\/www.yousanusb.com\/wp-content\/uploads\/2021\/06\/hot-sale-plate-ultra-thin-waterproof-metal-usb-flash-drive-1-600x600.jpg 600w, https:\/\/www.yousanusb.com\/wp-content\/uploads\/2021\/06\/hot-sale-plate-ultra-thin-waterproof-metal-usb-flash-drive-1-100x100.jpg 100w, https:\/\/www.yousanusb.com\/wp-content\/uploads\/2021\/06\/hot-sale-plate-ultra-thin-waterproof-metal-usb-flash-drive-1-300x300.jpg 300w, https:\/\/www.yousanusb.com\/wp-content\/uploads\/2021\/06\/hot-sale-plate-ultra-thin-waterproof-metal-usb-flash-drive-1-150x150.jpg 150w, https:\/\/www.yousanusb.com\/wp-content\/uploads\/2021\/06\/hot-sale-plate-ultra-thin-waterproof-metal-usb-flash-drive-1-768x768.jpg 768w\" sizes=\"(max-width: 800px) 100vw, 800px\" \/><\/figure>\n<\/div>\n\n\n\n<div class=\"wp-block-column is-vertically-aligned-center is-layout-flow wp-block-column-is-layout-flow\">\n<p>Das Hauptgeh\u00e4use ist aus Metall gefertigt und bietet hervorragende Haltbarkeit und Verschlei\u00dffestigkeit. Es widersteht kleineren St\u00f6\u00dfen und Kratzern im t\u00e4glichen Gebrauch, sch\u00fctzt den internen Speicherchip und erh\u00f6ht die allgemeine Langlebigkeit des Produkts. Bei l\u00e4ngerem Gebrauch ist es unwahrscheinlich, dass das Geh\u00e4use besch\u00e4digt wird.<\/p>\n\n\n\n<p>Erh\u00e4ltlich in zwei Grundfarben - Silber und Gold - passt das Metallic-Finish zu verschiedenen Umgebungen, vom Gesch\u00e4ftsleben bis zum t\u00e4glichen Gebrauch. Sie entspricht verschiedenen visuellen Vorlieben und erm\u00f6glicht es Benutzern, USB-Laufwerke mit unterschiedlichem Speicherinhalt anhand der Farbe zu unterscheiden.<\/p>\n<\/div>\n<\/div>\n\n\n\n<div class=\"wp-block-columns is-layout-flex wp-container-core-columns-is-layout-2 wp-block-columns-is-layout-flex\">\n<div class=\"wp-block-column is-vertically-aligned-center is-layout-flow wp-block-column-is-layout-flow\">\n<p>Das schlanke, langgestreckte, minimalistische Design mit kreisf\u00f6rmiger Hakenbefestigung: Der Haken kann direkt an Schl\u00fcsselanh\u00e4ngern, Rucksackgurten und \u00e4hnlichen Gegenst\u00e4nden befestigt werden, was die Tragbarkeit erheblich verbessert und das Risiko des Verlusts des USB-Laufwerks verringert.<\/p>\n\n\n\n<p> Seine kompakte Struktur macht unn\u00f6tige Komponenten \u00fcberfl\u00fcssig und sorgt f\u00fcr einen m\u00fchelosen Betrieb sowie eine bequeme Lagerung und einen bequemen Transport.<br><\/p>\n<\/div>\n\n\n\n<div class=\"wp-block-column is-layout-flow wp-block-column-is-layout-flow\">\n<figure class=\"wp-block-image size-full\"><img decoding=\"async\" width=\"800\" height=\"980\" src=\"https:\/\/www.yousanusb.com\/wp-content\/uploads\/2021\/06\/ultra-thin-waterproof-metal-usb-dirve-2.jpg\" alt=\"\" class=\"wp-image-1200\" srcset=\"https:\/\/www.yousanusb.com\/wp-content\/uploads\/2021\/06\/ultra-thin-waterproof-metal-usb-dirve-2.jpg 800w, https:\/\/www.yousanusb.com\/wp-content\/uploads\/2021\/06\/ultra-thin-waterproof-metal-usb-dirve-2-600x735.jpg 600w, https:\/\/www.yousanusb.com\/wp-content\/uploads\/2021\/06\/ultra-thin-waterproof-metal-usb-dirve-2-245x300.jpg 245w, https:\/\/www.yousanusb.com\/wp-content\/uploads\/2021\/06\/ultra-thin-waterproof-metal-usb-dirve-2-768x941.jpg 768w\" sizes=\"(max-width: 800px) 100vw, 800px\" \/><\/figure>\n<\/div>\n<\/div>\n\n\n\n<div class=\"wp-block-columns is-layout-flex wp-container-core-columns-is-layout-3 wp-block-columns-is-layout-flex\">\n<div class=\"wp-block-column is-layout-flow wp-block-column-is-layout-flow\">\n<figure class=\"wp-block-image size-full\"><img decoding=\"async\" width=\"800\" height=\"800\" src=\"https:\/\/www.yousanusb.com\/wp-content\/uploads\/2021\/06\/ultra-thin-waterproof-metal-usb-dirve-3.jpg\" alt=\"\" class=\"wp-image-1201\" srcset=\"https:\/\/www.yousanusb.com\/wp-content\/uploads\/2021\/06\/ultra-thin-waterproof-metal-usb-dirve-3.jpg 800w, https:\/\/www.yousanusb.com\/wp-content\/uploads\/2021\/06\/ultra-thin-waterproof-metal-usb-dirve-3-600x600.jpg 600w, https:\/\/www.yousanusb.com\/wp-content\/uploads\/2021\/06\/ultra-thin-waterproof-metal-usb-dirve-3-100x100.jpg 100w, https:\/\/www.yousanusb.com\/wp-content\/uploads\/2021\/06\/ultra-thin-waterproof-metal-usb-dirve-3-300x300.jpg 300w, https:\/\/www.yousanusb.com\/wp-content\/uploads\/2021\/06\/ultra-thin-waterproof-metal-usb-dirve-3-150x150.jpg 150w, https:\/\/www.yousanusb.com\/wp-content\/uploads\/2021\/06\/ultra-thin-waterproof-metal-usb-dirve-3-768x768.jpg 768w\" sizes=\"(max-width: 800px) 100vw, 800px\" \/><\/figure>\n<\/div>\n\n\n\n<div class=\"wp-block-column is-vertically-aligned-center is-layout-flow wp-block-column-is-layout-flow\">\n<p>Unterst\u00fctzt Plug-and-Play-Funktionen, ohne dass zus\u00e4tzliche Treiber erforderlich sind. Er ist mit g\u00e4ngigen Betriebssystemen wie Windows und Mac kompatibel und kann an Computer, Laptops und andere Ger\u00e4te angeschlossen werden, um den t\u00e4glichen Speicher- und \u00dcbertragungsbedarf f\u00fcr Dokumente, Multimedia-Dateien und Arbeitsdaten zu decken. <\/p>\n\n\n\n<p>Das Metallgeh\u00e4use unterst\u00fctzt die W\u00e4rmeableitung und tr\u00e4gt dazu bei, dass das USB-Laufwerk w\u00e4hrend der Daten\u00fcbertragung stabil l\u00e4uft und eine reibungslose Datenlese- und -schreibleistung gew\u00e4hrleistet.<br><\/p>\n<\/div>\n<\/div>\n\n\n\n<div class=\"wp-block-columns is-layout-flex wp-container-core-columns-is-layout-4 wp-block-columns-is-layout-flex\">\n<div class=\"wp-block-column is-layout-flow wp-block-column-is-layout-flow\">\n<figure class=\"wp-block-image size-full\"><img loading=\"lazy\" decoding=\"async\" width=\"800\" height=\"709\" src=\"https:\/\/www.yousanusb.com\/wp-content\/uploads\/2021\/06\/ultra-thin-waterproof-metal-usb-dirve-5.jpg\" alt=\"\" class=\"wp-image-1203\" srcset=\"https:\/\/www.yousanusb.com\/wp-content\/uploads\/2021\/06\/ultra-thin-waterproof-metal-usb-dirve-5.jpg 800w, https:\/\/www.yousanusb.com\/wp-content\/uploads\/2021\/06\/ultra-thin-waterproof-metal-usb-dirve-5-600x532.jpg 600w, https:\/\/www.yousanusb.com\/wp-content\/uploads\/2021\/06\/ultra-thin-waterproof-metal-usb-dirve-5-300x266.jpg 300w, https:\/\/www.yousanusb.com\/wp-content\/uploads\/2021\/06\/ultra-thin-waterproof-metal-usb-dirve-5-768x681.jpg 768w\" sizes=\"(max-width: 800px) 100vw, 800px\" \/><\/figure>\n<\/div>\n\n\n\n<div class=\"wp-block-column is-layout-flow wp-block-column-is-layout-flow\">\n<figure class=\"wp-block-image size-full\"><img loading=\"lazy\" decoding=\"async\" width=\"800\" height=\"800\" src=\"https:\/\/www.yousanusb.com\/wp-content\/uploads\/2021\/06\/hot-sale-plate-ultra-thin-waterproof-metal-usb-flash-drive-4.jpg\" alt=\"\" class=\"wp-image-1198\" srcset=\"https:\/\/www.yousanusb.com\/wp-content\/uploads\/2021\/06\/hot-sale-plate-ultra-thin-waterproof-metal-usb-flash-drive-4.jpg 800w, https:\/\/www.yousanusb.com\/wp-content\/uploads\/2021\/06\/hot-sale-plate-ultra-thin-waterproof-metal-usb-flash-drive-4-600x600.jpg 600w, https:\/\/www.yousanusb.com\/wp-content\/uploads\/2021\/06\/hot-sale-plate-ultra-thin-waterproof-metal-usb-flash-drive-4-100x100.jpg 100w, https:\/\/www.yousanusb.com\/wp-content\/uploads\/2021\/06\/hot-sale-plate-ultra-thin-waterproof-metal-usb-flash-drive-4-300x300.jpg 300w, https:\/\/www.yousanusb.com\/wp-content\/uploads\/2021\/06\/hot-sale-plate-ultra-thin-waterproof-metal-usb-flash-drive-4-150x150.jpg 150w, https:\/\/www.yousanusb.com\/wp-content\/uploads\/2021\/06\/hot-sale-plate-ultra-thin-waterproof-metal-usb-flash-drive-4-768x768.jpg 768w\" sizes=\"(max-width: 800px) 100vw, 800px\" \/><\/figure>\n<\/div>\n<\/div>","protected":false},"excerpt":{"rendered":"<ul>\n<li>Schl\u00fcsselanh\u00e4nger Design<\/li>\n<li>Werkstoff Metall<\/li>\n<li>Wasserdicht und langlebig<\/li>\n<li>Schnellere Geschwindigkeit und hohe Qualit\u00e4t<\/li>\n<li>Zuverl\u00e4ssig und sicher<\/li>\n<li>Gro\u00dfartig f\u00fcr alle Zwecke<\/li>\n<li>48*28*5mm<\/li>\n<\/ul>","protected":false},"featured_media":9253,"comment_status":"open","ping_status":"closed","template":"","meta":{"_seopress_robots_primary_cat":"none","_seopress_titles_title":"Hot Sale Plate Ultra-thin Waterproof Metal USB Flash Drive","_seopress_titles_desc":"Hot sale plate ultra-thin waterproof mini high speed metal usb flash drive personalized 64gb 32gb 16gb 8gb 4gb pen drive","_seopress_robots_index":""},"class_list":["post-1193","product","type-product","status-publish","has-post-thumbnail","hentry","product_cat-metal-usb-flash-drive","product_tag-rose-gold-usb-flash-drive","product_tag-custom-metal-keychain-usb-flash-drive","product_tag-buy-metal-leather-usb-flash-drive"],"_links":{"self":[{"href":"https:\/\/www.yousanusb.com\/de\/wp-json\/wp\/v2\/product\/1193"}],"collection":[{"href":"https:\/\/www.yousanusb.com\/de\/wp-json\/wp\/v2\/product"}],"about":[{"href":"https:\/\/www.yousanusb.com\/de\/wp-json\/wp\/v2\/types\/product"}],"replies":[{"embeddable":true,"href":"https:\/\/www.yousanusb.com\/de\/wp-json\/wp\/v2\/comments?post=1193"}],"wp:featuredmedia":[{"embeddable":true,"href":"https:\/\/www.yousanusb.com\/de\/wp-json\/wp\/v2\/media\/9253"}],"wp:attachment":[{"href":"https:\/\/www.yousanusb.com\/de\/wp-json\/wp\/v2\/media?parent=1193"}],"curies":[{"name":"wp","href":"https:\/\/api.w.org\/{rel}","templated":true}]}}