{"id":1207,"date":"2021-06-09T03:45:13","date_gmt":"2021-06-09T03:45:13","guid":{"rendered":"https:\/\/yousanusb.com\/?post_type=product&#038;p=1207"},"modified":"2025-11-04T10:29:09","modified_gmt":"2025-11-04T10:29:09","slug":"eco-friendly-100-recyclable-wooden-usb-flash-drive","status":"publish","type":"product","link":"https:\/\/www.yousanusb.com\/de\/product\/eco-friendly-100-recyclable-wooden-usb-flash-drive\/","title":{"rendered":"H\u00f6lzerne USB-Flash-Laufwerke im Rechteckformat"},"content":{"rendered":"<div class=\"wp-block-columns is-layout-flex wp-container-core-columns-is-layout-1 wp-block-columns-is-layout-flex\">\n<div class=\"wp-block-column is-layout-flow wp-block-column-is-layout-flow\">\n<figure class=\"wp-block-image size-full\"><img fetchpriority=\"high\" decoding=\"async\" width=\"1000\" height=\"1000\" src=\"https:\/\/www.yousanusb.com\/wp-content\/uploads\/2021\/06\/low-price-rectangle-wood-usb-flash-drive.webp\" alt=\"\" class=\"wp-image-23443\" srcset=\"https:\/\/www.yousanusb.com\/wp-content\/uploads\/2021\/06\/low-price-rectangle-wood-usb-flash-drive.webp 1000w, https:\/\/www.yousanusb.com\/wp-content\/uploads\/2021\/06\/low-price-rectangle-wood-usb-flash-drive-300x300.webp 300w, https:\/\/www.yousanusb.com\/wp-content\/uploads\/2021\/06\/low-price-rectangle-wood-usb-flash-drive-150x150.webp 150w, https:\/\/www.yousanusb.com\/wp-content\/uploads\/2021\/06\/low-price-rectangle-wood-usb-flash-drive-768x768.webp 768w, https:\/\/www.yousanusb.com\/wp-content\/uploads\/2021\/06\/low-price-rectangle-wood-usb-flash-drive-12x12.webp 12w, https:\/\/www.yousanusb.com\/wp-content\/uploads\/2021\/06\/low-price-rectangle-wood-usb-flash-drive-600x600.webp 600w, https:\/\/www.yousanusb.com\/wp-content\/uploads\/2021\/06\/low-price-rectangle-wood-usb-flash-drive-100x100.webp 100w\" sizes=\"(max-width: 1000px) 100vw, 1000px\" \/><\/figure>\n<\/div>\n\n\n\n<div class=\"wp-block-column is-vertically-aligned-center is-layout-flow wp-block-column-is-layout-flow\">\n<p>Der rechteckige USB-Stick aus Holz ist das meistverkaufte Modell unserer USB-Stick-Serie aus Holz. Er ist in drei beliebten Varianten erh\u00e4ltlich, die jeweils aus Naturholz gefertigt sind und auf einem klassischen rechteckigen Design basieren.<\/p>\n\n\n\n<p>Alle Produkte werden einem sorgf\u00e4ltigen neunstufigen Polierprozess unterzogen, der zu einer glatten, warmen Oberfl\u00e4che mit deutlich sichtbarer Holzmaserung f\u00fchrt. Sie sind in verschiedenen Gr\u00f6\u00dfen erh\u00e4ltlich und eignen sich ideal f\u00fcr die Aufbewahrung von Daten und f\u00fcr individuelle Geschenke.<\/p>\n<\/div>\n<\/div>\n\n\n\n<div class=\"wp-block-columns is-layout-flex wp-container-core-columns-is-layout-2 wp-block-columns-is-layout-flex\">\n<div class=\"wp-block-column is-vertically-aligned-center is-layout-flow wp-block-column-is-layout-flow\">\n<p>Warum ist es das beliebteste USB-Holzmodell? <\/p>\n\n\n\n<p>Das klassische rechteckige USB-Laufwerk aus Holz hat sich dank seines minimalistischen und eleganten Designs zu einem Marktfavoriten entwickelt. Seine rechteckige Form, gepaart mit einer magnetischen Kappe, ist nur 8 mm dick und daher leicht zu transportieren. Mit einer L\u00e4nge von 55 mm und einer Breite von 30 mm liegt es gut in der Hand.<\/p>\n\n\n\n<p> Die Magnetkappe besteht aus Neodym-Eisen-Bor-Magneten mit einer Haftkraft von 1,8 N, die daf\u00fcr sorgen, dass sie w\u00e4hrend des Gebrauchs sicher befestigt bleibt.<\/p>\n\n\n\n<p> Dank seines vielseitigen Designs und seiner hochwertigen Haptik ist es zur ersten Wahl f\u00fcr Geschenke, Hochzeitsandenken und die Datenspeicherung von Fotografen geworden und macht einen betr\u00e4chtlichen Anteil der kundenspezifischen USB-Sticks aus Holz aus.<\/p>\n<\/div>\n\n\n\n<div class=\"wp-block-column is-layout-flow wp-block-column-is-layout-flow\">\n<figure class=\"wp-block-image size-full\"><img decoding=\"async\" width=\"1000\" height=\"1000\" src=\"https:\/\/www.yousanusb.com\/wp-content\/uploads\/2021\/06\/low-price-wooden-usb-flash-drive.webp\" alt=\"\" class=\"wp-image-23446\" srcset=\"https:\/\/www.yousanusb.com\/wp-content\/uploads\/2021\/06\/low-price-wooden-usb-flash-drive.webp 1000w, https:\/\/www.yousanusb.com\/wp-content\/uploads\/2021\/06\/low-price-wooden-usb-flash-drive-300x300.webp 300w, https:\/\/www.yousanusb.com\/wp-content\/uploads\/2021\/06\/low-price-wooden-usb-flash-drive-150x150.webp 150w, https:\/\/www.yousanusb.com\/wp-content\/uploads\/2021\/06\/low-price-wooden-usb-flash-drive-768x768.webp 768w, https:\/\/www.yousanusb.com\/wp-content\/uploads\/2021\/06\/low-price-wooden-usb-flash-drive-12x12.webp 12w, https:\/\/www.yousanusb.com\/wp-content\/uploads\/2021\/06\/low-price-wooden-usb-flash-drive-600x600.webp 600w, https:\/\/www.yousanusb.com\/wp-content\/uploads\/2021\/06\/low-price-wooden-usb-flash-drive-100x100.webp 100w\" sizes=\"(max-width: 1000px) 100vw, 1000px\" \/><\/figure>\n<\/div>\n<\/div>\n\n\n\n<div class=\"wp-block-columns is-layout-flex wp-container-core-columns-is-layout-3 wp-block-columns-is-layout-flex\">\n<div class=\"wp-block-column is-layout-flow wp-block-column-is-layout-flow\">\n<figure class=\"wp-block-image size-full\"><img decoding=\"async\" width=\"1000\" height=\"1000\" src=\"https:\/\/www.yousanusb.com\/wp-content\/uploads\/2021\/06\/low-price-wooden-rectangle-usb-flash-drive.webp\" alt=\"\" class=\"wp-image-23445\" srcset=\"https:\/\/www.yousanusb.com\/wp-content\/uploads\/2021\/06\/low-price-wooden-rectangle-usb-flash-drive.webp 1000w, https:\/\/www.yousanusb.com\/wp-content\/uploads\/2021\/06\/low-price-wooden-rectangle-usb-flash-drive-300x300.webp 300w, https:\/\/www.yousanusb.com\/wp-content\/uploads\/2021\/06\/low-price-wooden-rectangle-usb-flash-drive-150x150.webp 150w, https:\/\/www.yousanusb.com\/wp-content\/uploads\/2021\/06\/low-price-wooden-rectangle-usb-flash-drive-768x768.webp 768w, https:\/\/www.yousanusb.com\/wp-content\/uploads\/2021\/06\/low-price-wooden-rectangle-usb-flash-drive-12x12.webp 12w, https:\/\/www.yousanusb.com\/wp-content\/uploads\/2021\/06\/low-price-wooden-rectangle-usb-flash-drive-600x600.webp 600w, https:\/\/www.yousanusb.com\/wp-content\/uploads\/2021\/06\/low-price-wooden-rectangle-usb-flash-drive-100x100.webp 100w\" sizes=\"(max-width: 1000px) 100vw, 1000px\" \/><\/figure>\n<\/div>\n\n\n\n<div class=\"wp-block-column is-vertically-aligned-center is-layout-flow wp-block-column-is-layout-flow\">\n<p>Diese Serie von rechteckigen USB-Flash-Laufwerken aus Holz wird von professionellen Herstellern mit fortschrittlichen Techniken in modernen Fabriken hergestellt. <\/p>\n\n\n\n<p>Er unterst\u00fctzt zwei g\u00e4ngige Anpassungsmethoden - Lasergravur und Farbdruck - um Logos, Text oder Muster auf der USB-Oberfl\u00e4che pr\u00e4zise darzustellen. <\/p>\n\n\n\n<p>Wir bieten auch Geschenkboxen aus Holz an, um die Eleganz Ihrer Geschenke zu unterstreichen. Ob f\u00fcr die individuelle Gestaltung von Firmengeschenken, die Beschaffung von Hochzeitssouvenirs oder den Gro\u00dfhandel, wir k\u00f6nnen Ihre Bed\u00fcrfnisse erf\u00fcllen. Erkundigen Sie sich nach unseren Dienstleistungen f\u00fcr die werkseitige Individualisierung und den Gro\u00dfhandel. Wir bieten hochwertige Produkte und umfassende L\u00f6sungen.<\/p>\n<\/div>\n<\/div>","protected":false},"excerpt":{"rendered":"<ul>\n<li>Rechteckiges Design<\/li>\n<li>H\u00f6lzernes Material<\/li>\n<li>Geeignet f\u00fcr Geschenke<\/li>\n<li>Schnellere Geschwindigkeit und hohe Qualit\u00e4t<\/li>\n<li>Zuverl\u00e4ssig und sicher<\/li>\n<li>Gro\u00dfartig f\u00fcr alle Zwecke<\/li>\n<\/ul>","protected":false},"featured_media":9388,"comment_status":"open","ping_status":"closed","template":"","meta":{"_seopress_robots_primary_cat":"none","_seopress_titles_title":"","_seopress_titles_desc":"Promotional customized desgin wooden usb free laser engraving logo wood usb stick","_seopress_robots_index":""},"class_list":["post-1207","product","type-product","status-publish","has-post-thumbnail","hentry","product_cat-wooden-usb-flash-drive","product_tag-low-price-rectangle-wood-usb-flash-drive"],"_links":{"self":[{"href":"https:\/\/www.yousanusb.com\/de\/wp-json\/wp\/v2\/product\/1207"}],"collection":[{"href":"https:\/\/www.yousanusb.com\/de\/wp-json\/wp\/v2\/product"}],"about":[{"href":"https:\/\/www.yousanusb.com\/de\/wp-json\/wp\/v2\/types\/product"}],"replies":[{"embeddable":true,"href":"https:\/\/www.yousanusb.com\/de\/wp-json\/wp\/v2\/comments?post=1207"}],"wp:featuredmedia":[{"embeddable":true,"href":"https:\/\/www.yousanusb.com\/de\/wp-json\/wp\/v2\/media\/9388"}],"wp:attachment":[{"href":"https:\/\/www.yousanusb.com\/de\/wp-json\/wp\/v2\/media?parent=1207"}],"curies":[{"name":"wp","href":"https:\/\/api.w.org\/{rel}","templated":true}]}}