{"id":1229,"date":"2021-06-09T04:10:05","date_gmt":"2021-06-09T04:10:05","guid":{"rendered":"https:\/\/yousanusb.com\/?post_type=product&#038;p=1229"},"modified":"2025-11-10T08:28:45","modified_gmt":"2025-11-10T08:28:45","slug":"crystal-usb-flash-drives-with-led-light","status":"publish","type":"product","link":"https:\/\/www.yousanusb.com\/de\/product\/crystal-usb-flash-drives-with-led-light\/","title":{"rendered":"Kristall-USB-Sticks mit LED-Licht"},"content":{"rendered":"<div class=\"wp-block-columns is-layout-flex wp-container-core-columns-is-layout-1 wp-block-columns-is-layout-flex\">\n<div class=\"wp-block-column is-layout-flow wp-block-column-is-layout-flow\">\n<figure class=\"wp-block-image size-full\"><img fetchpriority=\"high\" decoding=\"async\" width=\"800\" height=\"790\" src=\"https:\/\/www.yousanusb.com\/wp-content\/uploads\/2021\/06\/crystal-usb-flash-drives-with-led-light-1.png\" alt=\"\" class=\"wp-image-1234\" srcset=\"https:\/\/www.yousanusb.com\/wp-content\/uploads\/2021\/06\/crystal-usb-flash-drives-with-led-light-1.png 800w, https:\/\/www.yousanusb.com\/wp-content\/uploads\/2021\/06\/crystal-usb-flash-drives-with-led-light-1-100x100.png 100w, https:\/\/www.yousanusb.com\/wp-content\/uploads\/2021\/06\/crystal-usb-flash-drives-with-led-light-1-600x593.png 600w, https:\/\/www.yousanusb.com\/wp-content\/uploads\/2021\/06\/crystal-usb-flash-drives-with-led-light-1-300x296.png 300w, https:\/\/www.yousanusb.com\/wp-content\/uploads\/2021\/06\/crystal-usb-flash-drives-with-led-light-1-768x758.png 768w\" sizes=\"(max-width: 800px) 100vw, 800px\" \/><\/figure>\n<\/div>\n\n\n\n<div class=\"wp-block-column is-vertically-aligned-center is-layout-flow wp-block-column-is-layout-flow\">\n<p>Wenn das USB-Laufwerk in Gebrauch ist, leuchtet die LED auf dem internen Chip auf. Das Licht wird durch die Kristalllinse gebrochen\/\u00fcbertragen, wodurch das interne Logo beleuchtet wird. <\/p>\n\n\n\n<p>Einige Modelle verf\u00fcgen \u00fcber eine integrierte mehrfarbige Umgebungsbeleuchtung, die den Kristallbereich beim Einschalten direkt beleuchtet und so die technische \u00c4sthetik unterstreicht.<\/p>\n<\/div>\n<\/div>\n\n\n\n<div class=\"wp-block-columns is-layout-flex wp-container-core-columns-is-layout-2 wp-block-columns-is-layout-flex\">\n<div class=\"wp-block-column is-vertically-aligned-center is-layout-flow wp-block-column-is-layout-flow\">\n<ul class=\"wp-block-list\">\n<li>Metallteil: Meistens aus Aluminiumlegierung, rostfreiem Stahl usw., die sich durch Robustheit, Verschlei\u00dffestigkeit und gute W\u00e4rmeableitung auszeichnen. Es kann t\u00e4glichen St\u00f6\u00dfen widerstehen und den stabilen Betrieb des USB-Laufwerks gew\u00e4hrleisten.<br><\/li>\n\n\n\n<li>Kristallteil: Hergestellt aus hochtransparentem Kristallglas, das einen kristallklaren visuellen Effekt bietet. Es bildet eine kontrastreiche \u00c4sthetik der \"Kombination von Starrheit und Weichheit\" mit der harten Textur von Metall.<\/li>\n<\/ul>\n<\/div>\n\n\n\n<div class=\"wp-block-column is-layout-flow wp-block-column-is-layout-flow\">\n<figure class=\"wp-block-image size-full\"><img decoding=\"async\" width=\"800\" height=\"800\" src=\"https:\/\/www.yousanusb.com\/wp-content\/uploads\/2021\/06\/crystal-usb-flash-drives-with-led-light-2.jpg\" alt=\"\" class=\"wp-image-1232\" srcset=\"https:\/\/www.yousanusb.com\/wp-content\/uploads\/2021\/06\/crystal-usb-flash-drives-with-led-light-2.jpg 800w, https:\/\/www.yousanusb.com\/wp-content\/uploads\/2021\/06\/crystal-usb-flash-drives-with-led-light-2-600x600.jpg 600w, https:\/\/www.yousanusb.com\/wp-content\/uploads\/2021\/06\/crystal-usb-flash-drives-with-led-light-2-100x100.jpg 100w, https:\/\/www.yousanusb.com\/wp-content\/uploads\/2021\/06\/crystal-usb-flash-drives-with-led-light-2-300x300.jpg 300w, https:\/\/www.yousanusb.com\/wp-content\/uploads\/2021\/06\/crystal-usb-flash-drives-with-led-light-2-150x150.jpg 150w, https:\/\/www.yousanusb.com\/wp-content\/uploads\/2021\/06\/crystal-usb-flash-drives-with-led-light-2-768x768.jpg 768w\" sizes=\"(max-width: 800px) 100vw, 800px\" \/><\/figure>\n<\/div>\n<\/div>\n\n\n\n<div class=\"wp-block-columns is-layout-flex wp-container-core-columns-is-layout-3 wp-block-columns-is-layout-flex\">\n<div class=\"wp-block-column is-layout-flow wp-block-column-is-layout-flow\">\n<figure class=\"wp-block-image size-full\"><img decoding=\"async\" width=\"800\" height=\"800\" src=\"https:\/\/www.yousanusb.com\/wp-content\/uploads\/2021\/06\/crystal-usb-flash-drives-with-led-light-5.jpg\" alt=\"\" class=\"wp-image-1236\" srcset=\"https:\/\/www.yousanusb.com\/wp-content\/uploads\/2021\/06\/crystal-usb-flash-drives-with-led-light-5.jpg 800w, https:\/\/www.yousanusb.com\/wp-content\/uploads\/2021\/06\/crystal-usb-flash-drives-with-led-light-5-600x600.jpg 600w, https:\/\/www.yousanusb.com\/wp-content\/uploads\/2021\/06\/crystal-usb-flash-drives-with-led-light-5-100x100.jpg 100w, https:\/\/www.yousanusb.com\/wp-content\/uploads\/2021\/06\/crystal-usb-flash-drives-with-led-light-5-300x300.jpg 300w, https:\/\/www.yousanusb.com\/wp-content\/uploads\/2021\/06\/crystal-usb-flash-drives-with-led-light-5-150x150.jpg 150w, https:\/\/www.yousanusb.com\/wp-content\/uploads\/2021\/06\/crystal-usb-flash-drives-with-led-light-5-768x768.jpg 768w\" sizes=\"(max-width: 800px) 100vw, 800px\" \/><\/figure>\n<\/div>\n\n\n\n<div class=\"wp-block-column is-vertically-aligned-center is-layout-flow wp-block-column-is-layout-flow\">\n<p>Zu den Anpassungsm\u00f6glichkeiten geh\u00f6ren die Lasergravur von Logos oder exklusiven Symbolen auf transparenten Fl\u00e4chen (mit verschlei\u00dffesten, langlebigen Mustern) sowie individuell anpassbare Lichtfarben, die in der Regel in Rot, Blau oder Gr\u00fcn erh\u00e4ltlich sind. <\/p>\n\n\n\n<p>In Kombination mit dem Beleuchtungsprozess wird der individuelle Inhalt durch die Beleuchtung noch auff\u00e4lliger: - Im gesch\u00e4ftlichen Umfeld erh\u00f6ht die Gravur von Firmenlogos die Sichtbarkeit der Marke. <\/p>\n\n\n\n<p> F\u00fcr den pers\u00f6nlichen Gebrauch erh\u00f6ht das Hinzuf\u00fcgen einzigartiger Symbole die Exklusivit\u00e4t. Auf diese Weise lassen sich vielf\u00e4ltige Anpassungsw\u00fcnsche realisieren.<\/p>\n<\/div>\n<\/div>","protected":false},"excerpt":{"rendered":"<ul>\n<li>Gro\u00dfhandel rose gold kristall usb flash drives<\/li>\n<li>3.0 mit LED-Licht <\/li>\n<li>Graviertes 3d-Logo<\/li>\n<li>Kristall usb stick<\/li>\n<li>MOQ:100St\u00fcck<\/li>\n<\/ul>","protected":false},"featured_media":1231,"comment_status":"open","ping_status":"closed","template":"","meta":{"_seopress_robots_primary_cat":"none","_seopress_titles_title":"Crystal USB Flash Drives with LED light","_seopress_titles_desc":"wholesale rose gold crystal usb flash drives 3.0 with LED light customised 32gb 64gb engraved 3d logo crystal usb stick","_seopress_robots_index":""},"class_list":["post-1229","product","type-product","status-publish","has-post-thumbnail","hentry","product_cat-crystal-led-usb-flash-drive","product_tag-rose-gold-usb-flash-drive"],"_links":{"self":[{"href":"https:\/\/www.yousanusb.com\/de\/wp-json\/wp\/v2\/product\/1229"}],"collection":[{"href":"https:\/\/www.yousanusb.com\/de\/wp-json\/wp\/v2\/product"}],"about":[{"href":"https:\/\/www.yousanusb.com\/de\/wp-json\/wp\/v2\/types\/product"}],"replies":[{"embeddable":true,"href":"https:\/\/www.yousanusb.com\/de\/wp-json\/wp\/v2\/comments?post=1229"}],"wp:featuredmedia":[{"embeddable":true,"href":"https:\/\/www.yousanusb.com\/de\/wp-json\/wp\/v2\/media\/1231"}],"wp:attachment":[{"href":"https:\/\/www.yousanusb.com\/de\/wp-json\/wp\/v2\/media?parent=1229"}],"curies":[{"name":"wp","href":"https:\/\/api.w.org\/{rel}","templated":true}]}}