{"id":12561,"date":"2024-12-08T10:34:18","date_gmt":"2024-12-08T10:34:18","guid":{"rendered":"https:\/\/yousanusb.com\/?post_type=product&#038;p=12561"},"modified":"2025-10-10T03:59:36","modified_gmt":"2025-10-10T03:59:36","slug":"stitched-rotating-leather-sleeve-usb-flash-drive","status":"publish","type":"product","link":"https:\/\/www.yousanusb.com\/de\/product\/stitched-rotating-leather-sleeve-usb-flash-drive\/","title":{"rendered":"Drehbare Lederh\u00fclle f\u00fcr USB-Flash-Laufwerk mit Naht"},"content":{"rendered":"<p>Das 360\u00b0 drehbare USB-Laufwerk im Ledergeh\u00e4use ist der \"verbesserte Bestseller\" in der Kategorie der USB-Laufwerke mit Ledergeh\u00e4use in den letzten zwei Jahren. Es integriert auf innovative Weise ein \"schl\u00fcsself\u00f6rmiges USB-Laufwerk aus Metall mit einer um 360\u00b0 drehbaren Schutzkappe aus Leder\".<\/p>\n\n\n\n<div class=\"wp-block-columns is-layout-flex wp-container-core-columns-is-layout-1 wp-block-columns-is-layout-flex\">\n<div class=\"wp-block-column is-layout-flow wp-block-column-is-layout-flow\">\n<figure class=\"wp-block-image size-full\"><img fetchpriority=\"high\" decoding=\"async\" width=\"800\" height=\"800\" src=\"https:\/\/www.yousanusb.com\/wp-content\/uploads\/2024\/12\/Dikisli-Doner-Deri-Kilif-USB-Flash-Surucu.webp\" alt=\"\" class=\"wp-image-20260\" srcset=\"https:\/\/www.yousanusb.com\/wp-content\/uploads\/2024\/12\/Dikisli-Doner-Deri-Kilif-USB-Flash-Surucu.webp 800w, https:\/\/www.yousanusb.com\/wp-content\/uploads\/2024\/12\/Dikisli-Doner-Deri-Kilif-USB-Flash-Surucu-300x300.webp 300w, https:\/\/www.yousanusb.com\/wp-content\/uploads\/2024\/12\/Dikisli-Doner-Deri-Kilif-USB-Flash-Surucu-150x150.webp 150w, https:\/\/www.yousanusb.com\/wp-content\/uploads\/2024\/12\/Dikisli-Doner-Deri-Kilif-USB-Flash-Surucu-768x768.webp 768w, https:\/\/www.yousanusb.com\/wp-content\/uploads\/2024\/12\/Dikisli-Doner-Deri-Kilif-USB-Flash-Surucu-12x12.webp 12w, https:\/\/www.yousanusb.com\/wp-content\/uploads\/2024\/12\/Dikisli-Doner-Deri-Kilif-USB-Flash-Surucu-600x600.webp 600w, https:\/\/www.yousanusb.com\/wp-content\/uploads\/2024\/12\/Dikisli-Doner-Deri-Kilif-USB-Flash-Surucu-100x100.webp 100w\" sizes=\"(max-width: 800px) 100vw, 800px\" \/><\/figure>\n<\/div>\n\n\n\n<div class=\"wp-block-column is-vertically-aligned-center is-layout-flow wp-block-column-is-layout-flow\">\n<p>Die um 360\u00b0 drehbare Lederh\u00fclle und das USB-Laufwerk aus Metall sind \u00fcber eine Pr\u00e4zisionsdrehachse miteinander verbunden, die eine freie Drehung beim \u00d6ffnen und Schlie\u00dfen erm\u00f6glicht. Dies erleichtert nicht nur das einfache Einstecken und Herausnehmen, sondern erm\u00f6glicht es der Lederh\u00fclle auch, den USB-Anschluss vollst\u00e4ndig zu sch\u00fctzen (staubdicht, kratzfest und oxidationsbest\u00e4ndig). Die Kanten der Ledertasche sind mit feinen, gleichm\u00e4\u00dfigen Steppstichen gen\u00e4ht und haben einen starken dreidimensionalen Effekt, der den Premium-Charakter des Produkts deutlich erh\u00f6ht. Mit einer Gesamtdicke von \u22645 mm ist es leicht und tragbar und kann leicht an Schl\u00fcsseln oder Taschen befestigt werden.<\/p>\n\n\n\n<p>Sie k\u00f6nnen Ihre bevorzugte Lederfarbe und Material anpassen, zum Beispiel: blau, wei\u00df, schwarz, rot, gr\u00fcn.<\/p>\n<\/div>\n<\/div>\n\n\n\n<div class=\"wp-block-columns is-layout-flex wp-container-core-columns-is-layout-2 wp-block-columns-is-layout-flex\">\n<div class=\"wp-block-column is-vertically-aligned-center is-layout-flow wp-block-column-is-layout-flow\">\n<p>USB-Laufwerk aus Metall und Lederh\u00fclle: Das aus einer Zinklegierung gefertigte Monocoque-Gussst\u00fcck ist kratz- und verschlei\u00dffest, und das schl\u00fcsself\u00f6rmige Design sorgt f\u00fcr dekoratives Flair. Hochwertiges PU-Leder (Standard) oder echtes Leder (anpassbar) bietet au\u00dfergew\u00f6hnliche Flexibilit\u00e4t. Die Kantenverriegelungsn\u00e4hte sorgen f\u00fcr mehr Raffinesse, w\u00e4hrend die Version aus echtem Leder eine luxuri\u00f6se Textur aufweist.<\/p>\n\n\n\n<p>Das drehbare, schl\u00fcsself\u00f6rmige Geh\u00e4use unterst\u00fctzt \"Hei\u00dfpr\u00e4gung\" auf seiner Oberfl\u00e4che, um Markenlogos, Muster oder Text pr\u00e4zise zu reproduzieren. Das Metall-USB-Laufwerk kann mit einer Lasergravur versehen werden, was eine doppelte Individualisierung mit \"Geh\u00e4usepr\u00e4gung + Metallgravur\" erm\u00f6glicht, um den hohen Anspr\u00fcchen von Premiummarken gerecht zu werden.<\/p>\n<\/div>\n\n\n\n<div class=\"wp-block-column is-vertically-aligned-center is-layout-flow wp-block-column-is-layout-flow\">\n<figure class=\"wp-block-image size-full\"><img decoding=\"async\" width=\"800\" height=\"800\" src=\"https:\/\/www.yousanusb.com\/wp-content\/uploads\/2024\/12\/360\u00b0-Rotating-Key-Shaped-USB-Flash-Drive-in-Leather-Sleeve.webp\" alt=\"\" class=\"wp-image-20261\" srcset=\"https:\/\/www.yousanusb.com\/wp-content\/uploads\/2024\/12\/360\u00b0-Rotating-Key-Shaped-USB-Flash-Drive-in-Leather-Sleeve.webp 800w, https:\/\/www.yousanusb.com\/wp-content\/uploads\/2024\/12\/360\u00b0-Rotating-Key-Shaped-USB-Flash-Drive-in-Leather-Sleeve-300x300.webp 300w, https:\/\/www.yousanusb.com\/wp-content\/uploads\/2024\/12\/360\u00b0-Rotating-Key-Shaped-USB-Flash-Drive-in-Leather-Sleeve-150x150.webp 150w, https:\/\/www.yousanusb.com\/wp-content\/uploads\/2024\/12\/360\u00b0-Rotating-Key-Shaped-USB-Flash-Drive-in-Leather-Sleeve-768x768.webp 768w, https:\/\/www.yousanusb.com\/wp-content\/uploads\/2024\/12\/360\u00b0-Rotating-Key-Shaped-USB-Flash-Drive-in-Leather-Sleeve-12x12.webp 12w, https:\/\/www.yousanusb.com\/wp-content\/uploads\/2024\/12\/360\u00b0-Rotating-Key-Shaped-USB-Flash-Drive-in-Leather-Sleeve-600x600.webp 600w, https:\/\/www.yousanusb.com\/wp-content\/uploads\/2024\/12\/360\u00b0-Rotating-Key-Shaped-USB-Flash-Drive-in-Leather-Sleeve-100x100.webp 100w\" sizes=\"(max-width: 800px) 100vw, 800px\" \/><\/figure>\n<\/div>\n<\/div>\n\n\n\n<div class=\"wp-block-columns is-layout-flex wp-container-core-columns-is-layout-3 wp-block-columns-is-layout-flex\">\n<div class=\"wp-block-column is-layout-flow wp-block-column-is-layout-flow\">\n<figure class=\"wp-block-image size-full\"><img decoding=\"async\" width=\"800\" height=\"800\" src=\"https:\/\/www.yousanusb.com\/wp-content\/uploads\/2024\/12\/Leather-USB-drive-4.webp\" alt=\"\" class=\"wp-image-20264\" srcset=\"https:\/\/www.yousanusb.com\/wp-content\/uploads\/2024\/12\/Leather-USB-drive-4.webp 800w, https:\/\/www.yousanusb.com\/wp-content\/uploads\/2024\/12\/Leather-USB-drive-4-300x300.webp 300w, https:\/\/www.yousanusb.com\/wp-content\/uploads\/2024\/12\/Leather-USB-drive-4-150x150.webp 150w, https:\/\/www.yousanusb.com\/wp-content\/uploads\/2024\/12\/Leather-USB-drive-4-768x768.webp 768w, https:\/\/www.yousanusb.com\/wp-content\/uploads\/2024\/12\/Leather-USB-drive-4-12x12.webp 12w, https:\/\/www.yousanusb.com\/wp-content\/uploads\/2024\/12\/Leather-USB-drive-4-600x600.webp 600w, https:\/\/www.yousanusb.com\/wp-content\/uploads\/2024\/12\/Leather-USB-drive-4-100x100.webp 100w\" sizes=\"(max-width: 800px) 100vw, 800px\" \/><\/figure>\n<\/div>\n\n\n\n<div class=\"wp-block-column is-vertically-aligned-center is-layout-flow wp-block-column-is-layout-flow\">\n<p>Luxus-Automobilmarken (wie BBA und Hersteller von Supersportwagen) nutzen sie als \"Schl\u00fcsselanh\u00e4nger-Geschenksets\" zur Speicherung von Fahranleitungen und Fahrdaten.<\/p>\n\n\n\n<p>Schmuck-, Uhren- und Premium-Lederwarenmarken fertigen individuelle Editionen mit gepr\u00e4gtem Markenlogo als Dankesch\u00f6n f\u00fcr VIP-Kunden an.<\/p>\n\n\n\n<p>Designer- und Trendmarken lancieren \"Collaborative Editions\" mit Ledertaschen in den Farben der Marke und USB-Laufwerken aus Metall, die Markenelemente enthalten, um \"tragbare modische Speicheraccessoires\" zu schaffen.<\/p>\n<\/div>\n<\/div>","protected":false},"excerpt":{"rendered":"<ul>\n<li>360\u00b0 drehbar<\/li>\n<li>Zinklegierung<\/li>\n<li>Hei\u00dfpr\u00e4geverfahren<\/li>\n<li>Hochwertiges PU-Leder<\/li>\n<li>MOQ\uff1a100PCS<\/li>\n<\/ul>","protected":false},"featured_media":12564,"comment_status":"open","ping_status":"closed","template":"","meta":{"_seopress_robots_primary_cat":"none","_seopress_titles_title":"Stitched Rotating Leather Sleeve USB Flash Drive","_seopress_titles_desc":"The newly launched Stitched Rotating Leather Sleeve USB Flash Drive brings you an unprecedented storage experience.","_seopress_robots_index":""},"class_list":["post-12561","product","type-product","status-publish","has-post-thumbnail","hentry","product_cat-leather-usb-flash-drive","product_cat-rotating-usb-flash-drive","product_tag-rotating-leather-sleeve-usb-flash-drive"],"_links":{"self":[{"href":"https:\/\/www.yousanusb.com\/de\/wp-json\/wp\/v2\/product\/12561"}],"collection":[{"href":"https:\/\/www.yousanusb.com\/de\/wp-json\/wp\/v2\/product"}],"about":[{"href":"https:\/\/www.yousanusb.com\/de\/wp-json\/wp\/v2\/types\/product"}],"replies":[{"embeddable":true,"href":"https:\/\/www.yousanusb.com\/de\/wp-json\/wp\/v2\/comments?post=12561"}],"wp:featuredmedia":[{"embeddable":true,"href":"https:\/\/www.yousanusb.com\/de\/wp-json\/wp\/v2\/media\/12564"}],"wp:attachment":[{"href":"https:\/\/www.yousanusb.com\/de\/wp-json\/wp\/v2\/media?parent=12561"}],"curies":[{"name":"wp","href":"https:\/\/api.w.org\/{rel}","templated":true}]}}