{"id":1331,"date":"2021-06-09T08:17:36","date_gmt":"2021-06-09T08:17:36","guid":{"rendered":"https:\/\/yousanusb.com\/?post_type=product&#038;p=1331"},"modified":"2025-10-06T00:29:30","modified_gmt":"2025-10-06T00:29:30","slug":"super-mini-metal-usb-flash-drive","status":"publish","type":"product","link":"https:\/\/www.yousanusb.com\/de\/product\/super-mini-metal-usb-flash-drive\/","title":{"rendered":"Mini USB Flash Drive mit Schl\u00fcsselanh\u00e4nger"},"content":{"rendered":"<p>Das Metallgeh\u00e4use bietet Schutz vor Staub, Wasser und Temperaturen und ist au\u00dferdem sto\u00dffest. An einem Ende befindet sich ein Schl\u00fcsselring, mit dem Sie es an Ihrem Schl\u00fcsselbund, Ihrer Tasche, Ihrem Aktenkoffer oder Ihrer Handtasche befestigen k\u00f6nnen, damit Sie nicht bef\u00fcrchten m\u00fcssen, Ihre Daten und wichtigen Dateien zu verlieren.<\/p>\n<p><img fetchpriority=\"high\" decoding=\"async\" class=\"size-full wp-image-9232 aligncenter\" src=\"https:\/\/yousanusb.com\/wp-content\/uploads\/2021\/06\/china-mini-metal-usb-flash-drive-supplier.jpg\" alt=\"china mini-metall-usb-flash-laufwerk lieferant\" width=\"1000\" height=\"1000\" srcset=\"https:\/\/www.yousanusb.com\/wp-content\/uploads\/2021\/06\/china-mini-metal-usb-flash-drive-supplier.jpg 1000w, https:\/\/www.yousanusb.com\/wp-content\/uploads\/2021\/06\/china-mini-metal-usb-flash-drive-supplier-300x300.jpg 300w, https:\/\/www.yousanusb.com\/wp-content\/uploads\/2021\/06\/china-mini-metal-usb-flash-drive-supplier-150x150.jpg 150w, https:\/\/www.yousanusb.com\/wp-content\/uploads\/2021\/06\/china-mini-metal-usb-flash-drive-supplier-768x768.jpg 768w, https:\/\/www.yousanusb.com\/wp-content\/uploads\/2021\/06\/china-mini-metal-usb-flash-drive-supplier-600x600.jpg 600w, https:\/\/www.yousanusb.com\/wp-content\/uploads\/2021\/06\/china-mini-metal-usb-flash-drive-supplier-100x100.jpg 100w\" sizes=\"(max-width: 1000px) 100vw, 1000px\" \/><\/p>\n<p><img decoding=\"async\" class=\"size-full wp-image-9233 aligncenter\" src=\"https:\/\/yousanusb.com\/wp-content\/uploads\/2021\/06\/china-mini-metal-usb-flash-drive-wholesale.jpg\" alt=\"china mini metall usb flash drive gro\u00dfhandel\" width=\"1000\" height=\"1000\" srcset=\"https:\/\/www.yousanusb.com\/wp-content\/uploads\/2021\/06\/china-mini-metal-usb-flash-drive-wholesale.jpg 1000w, https:\/\/www.yousanusb.com\/wp-content\/uploads\/2021\/06\/china-mini-metal-usb-flash-drive-wholesale-300x300.jpg 300w, https:\/\/www.yousanusb.com\/wp-content\/uploads\/2021\/06\/china-mini-metal-usb-flash-drive-wholesale-150x150.jpg 150w, https:\/\/www.yousanusb.com\/wp-content\/uploads\/2021\/06\/china-mini-metal-usb-flash-drive-wholesale-768x768.jpg 768w, https:\/\/www.yousanusb.com\/wp-content\/uploads\/2021\/06\/china-mini-metal-usb-flash-drive-wholesale-600x600.jpg 600w, https:\/\/www.yousanusb.com\/wp-content\/uploads\/2021\/06\/china-mini-metal-usb-flash-drive-wholesale-100x100.jpg 100w\" sizes=\"(max-width: 1000px) 100vw, 1000px\" \/><\/p>","protected":false},"excerpt":{"rendered":"<ul>\n<li>Super-Mini-Design<\/li>\n<li>Werkstoff Metall<\/li>\n<li>Wasserdicht und langlebig<\/li>\n<li>Schnellere Geschwindigkeit und hohe Qualit\u00e4t<\/li>\n<li>Zuverl\u00e4ssig und sicher<\/li>\n<li>Gro\u00dfartig f\u00fcr alle Zwecke<\/li>\n<\/ul>","protected":false},"featured_media":9230,"comment_status":"open","ping_status":"closed","template":"","meta":{"_seopress_robots_primary_cat":"none","_seopress_titles_title":"Super Mini metal USB Flash Drive","_seopress_titles_desc":"Super Mini metal USB Flash Drive 8Gb 16Gb 32Gb Bulk 64Gb Data Storage Thumb Pendrive 3.0 high speed usb flash memory.","_seopress_robots_index":""},"class_list":["post-1331","product","type-product","status-publish","has-post-thumbnail","hentry","product_cat-metal-usb-flash-drive","product_tag-rose-gold-usb-flash-drive","product_tag-custom-metal-keychain-usb-flash-drive","product_tag-buy-metal-leather-usb-flash-drive"],"_links":{"self":[{"href":"https:\/\/www.yousanusb.com\/de\/wp-json\/wp\/v2\/product\/1331"}],"collection":[{"href":"https:\/\/www.yousanusb.com\/de\/wp-json\/wp\/v2\/product"}],"about":[{"href":"https:\/\/www.yousanusb.com\/de\/wp-json\/wp\/v2\/types\/product"}],"replies":[{"embeddable":true,"href":"https:\/\/www.yousanusb.com\/de\/wp-json\/wp\/v2\/comments?post=1331"}],"wp:featuredmedia":[{"embeddable":true,"href":"https:\/\/www.yousanusb.com\/de\/wp-json\/wp\/v2\/media\/9230"}],"wp:attachment":[{"href":"https:\/\/www.yousanusb.com\/de\/wp-json\/wp\/v2\/media?parent=1331"}],"curies":[{"name":"wp","href":"https:\/\/api.w.org\/{rel}","templated":true}]}}