{"id":13316,"date":"2025-01-04T05:37:07","date_gmt":"2025-01-04T05:37:07","guid":{"rendered":"https:\/\/yousanusb.com\/?post_type=product&#038;p=13316"},"modified":"2025-10-06T00:26:27","modified_gmt":"2025-10-06T00:26:27","slug":"fastest-rotating-metal-usb-type-c-flash-drive","status":"publish","type":"product","link":"https:\/\/www.yousanusb.com\/de\/product\/fastest-rotating-metal-usb-type-c-flash-drive\/","title":{"rendered":"schnellstes rotierendes metall-usb-typ-c-flash-laufwerk"},"content":{"rendered":"<p>Dieses drehbare USB-Typ-C-Flash-Laufwerk aus Metall wird von Gesch\u00e4ftsleuten wegen seiner blitzschnellen Lesegeschwindigkeiten bevorzugt. Es ist kompakt und tragbar und passt in jede Tasche oder an jeden Schl\u00fcsselbund, sodass Sie Ihre Daten \u00fcberallhin mitnehmen k\u00f6nnen und Ihre Arbeit noch bequemer wird.<\/p>\n\n\n\n<div class=\"wp-block-columns is-layout-flex wp-container-core-columns-is-layout-1 wp-block-columns-is-layout-flex\">\n<div class=\"wp-block-column is-layout-flow wp-block-column-is-layout-flow\">\n<figure class=\"wp-block-image size-full\"><img fetchpriority=\"high\" decoding=\"async\" width=\"800\" height=\"800\" src=\"https:\/\/www.yousanusb.com\/wp-content\/uploads\/2025\/01\/siliver-fastest-rotating-metal-usb-type-c-flash-drive.jpg\" alt=\"siliver-schnellstes rotierendes metall usb typ c flash drive\" class=\"wp-image-13320\" srcset=\"https:\/\/www.yousanusb.com\/wp-content\/uploads\/2025\/01\/siliver-fastest-rotating-metal-usb-type-c-flash-drive.jpg 800w, https:\/\/www.yousanusb.com\/wp-content\/uploads\/2025\/01\/siliver-fastest-rotating-metal-usb-type-c-flash-drive-300x300.jpg 300w, https:\/\/www.yousanusb.com\/wp-content\/uploads\/2025\/01\/siliver-fastest-rotating-metal-usb-type-c-flash-drive-150x150.jpg 150w, https:\/\/www.yousanusb.com\/wp-content\/uploads\/2025\/01\/siliver-fastest-rotating-metal-usb-type-c-flash-drive-768x768.jpg 768w, https:\/\/www.yousanusb.com\/wp-content\/uploads\/2025\/01\/siliver-fastest-rotating-metal-usb-type-c-flash-drive-12x12.jpg 12w, https:\/\/www.yousanusb.com\/wp-content\/uploads\/2025\/01\/siliver-fastest-rotating-metal-usb-type-c-flash-drive-600x600.jpg 600w, https:\/\/www.yousanusb.com\/wp-content\/uploads\/2025\/01\/siliver-fastest-rotating-metal-usb-type-c-flash-drive-100x100.jpg 100w\" sizes=\"(max-width: 800px) 100vw, 800px\" \/><\/figure>\n<\/div>\n\n\n\n<div class=\"wp-block-column is-layout-flow wp-block-column-is-layout-flow\">\n<figure class=\"wp-block-image size-full\"><img decoding=\"async\" width=\"800\" height=\"800\" src=\"https:\/\/www.yousanusb.com\/wp-content\/uploads\/2025\/01\/rose-gold-fastest-rotating-metal-usb-type-c-flash-drive.jpg\" alt=\"rose-gold-schnellstes rotierendes metall usb typ c flash drive\" class=\"wp-image-13319\" srcset=\"https:\/\/www.yousanusb.com\/wp-content\/uploads\/2025\/01\/rose-gold-fastest-rotating-metal-usb-type-c-flash-drive.jpg 800w, https:\/\/www.yousanusb.com\/wp-content\/uploads\/2025\/01\/rose-gold-fastest-rotating-metal-usb-type-c-flash-drive-300x300.jpg 300w, https:\/\/www.yousanusb.com\/wp-content\/uploads\/2025\/01\/rose-gold-fastest-rotating-metal-usb-type-c-flash-drive-150x150.jpg 150w, https:\/\/www.yousanusb.com\/wp-content\/uploads\/2025\/01\/rose-gold-fastest-rotating-metal-usb-type-c-flash-drive-768x768.jpg 768w, https:\/\/www.yousanusb.com\/wp-content\/uploads\/2025\/01\/rose-gold-fastest-rotating-metal-usb-type-c-flash-drive-12x12.jpg 12w, https:\/\/www.yousanusb.com\/wp-content\/uploads\/2025\/01\/rose-gold-fastest-rotating-metal-usb-type-c-flash-drive-600x600.jpg 600w, https:\/\/www.yousanusb.com\/wp-content\/uploads\/2025\/01\/rose-gold-fastest-rotating-metal-usb-type-c-flash-drive-100x100.jpg 100w\" sizes=\"(max-width: 800px) 100vw, 800px\" \/><\/figure>\n<\/div>\n\n\n\n<div class=\"wp-block-column is-layout-flow wp-block-column-is-layout-flow\">\n<figure class=\"wp-block-image size-full is-resized\"><img decoding=\"async\" width=\"800\" height=\"800\" src=\"https:\/\/www.yousanusb.com\/wp-content\/uploads\/2025\/01\/gunmetal-fastest-rotating-metal-usb-type-c-flash-drive.jpg\" alt=\"gunmetal-schnellstes rotierendes metall usb typ c flash drive\" class=\"wp-image-13318\" style=\"width:273px;height:auto\" srcset=\"https:\/\/www.yousanusb.com\/wp-content\/uploads\/2025\/01\/gunmetal-fastest-rotating-metal-usb-type-c-flash-drive.jpg 800w, https:\/\/www.yousanusb.com\/wp-content\/uploads\/2025\/01\/gunmetal-fastest-rotating-metal-usb-type-c-flash-drive-300x300.jpg 300w, https:\/\/www.yousanusb.com\/wp-content\/uploads\/2025\/01\/gunmetal-fastest-rotating-metal-usb-type-c-flash-drive-150x150.jpg 150w, https:\/\/www.yousanusb.com\/wp-content\/uploads\/2025\/01\/gunmetal-fastest-rotating-metal-usb-type-c-flash-drive-768x768.jpg 768w, https:\/\/www.yousanusb.com\/wp-content\/uploads\/2025\/01\/gunmetal-fastest-rotating-metal-usb-type-c-flash-drive-12x12.jpg 12w, https:\/\/www.yousanusb.com\/wp-content\/uploads\/2025\/01\/gunmetal-fastest-rotating-metal-usb-type-c-flash-drive-600x600.jpg 600w, https:\/\/www.yousanusb.com\/wp-content\/uploads\/2025\/01\/gunmetal-fastest-rotating-metal-usb-type-c-flash-drive-100x100.jpg 100w\" sizes=\"(max-width: 800px) 100vw, 800px\" \/><\/figure>\n<\/div>\n<\/div>\n\n\n\n<div class=\"wp-block-columns is-layout-flex wp-container-core-columns-is-layout-2 wp-block-columns-is-layout-flex\">\n<div class=\"wp-block-column is-vertically-aligned-center is-layout-flow wp-block-column-is-layout-flow\">\n<figure class=\"wp-block-image size-full\"><img loading=\"lazy\" decoding=\"async\" width=\"800\" height=\"800\" src=\"https:\/\/www.yousanusb.com\/wp-content\/uploads\/2025\/01\/fastest-rotating-metal-usb-type-c-flash-drive.jpg\" alt=\"schnellstes rotierendes metall-usb-typ-c-flash-laufwerk\" class=\"wp-image-13317\" srcset=\"https:\/\/www.yousanusb.com\/wp-content\/uploads\/2025\/01\/fastest-rotating-metal-usb-type-c-flash-drive.jpg 800w, https:\/\/www.yousanusb.com\/wp-content\/uploads\/2025\/01\/fastest-rotating-metal-usb-type-c-flash-drive-300x300.jpg 300w, https:\/\/www.yousanusb.com\/wp-content\/uploads\/2025\/01\/fastest-rotating-metal-usb-type-c-flash-drive-150x150.jpg 150w, https:\/\/www.yousanusb.com\/wp-content\/uploads\/2025\/01\/fastest-rotating-metal-usb-type-c-flash-drive-768x768.jpg 768w, https:\/\/www.yousanusb.com\/wp-content\/uploads\/2025\/01\/fastest-rotating-metal-usb-type-c-flash-drive-12x12.jpg 12w, https:\/\/www.yousanusb.com\/wp-content\/uploads\/2025\/01\/fastest-rotating-metal-usb-type-c-flash-drive-600x600.jpg 600w, https:\/\/www.yousanusb.com\/wp-content\/uploads\/2025\/01\/fastest-rotating-metal-usb-type-c-flash-drive-100x100.jpg 100w\" sizes=\"(max-width: 800px) 100vw, 800px\" \/><\/figure>\n<\/div>\n\n\n\n<div class=\"wp-block-column is-vertically-aligned-center is-layout-flow wp-block-column-is-layout-flow\">\n<p>Er ist aus hochwertigem Metall gefertigt, f\u00fchlt sich solide und langlebig an und ist in drei Farboptionen erh\u00e4ltlich: Silber, Gunmetal Gray und Rose Gold. Jeder Farbton steht f\u00fcr eine bestimmte Stimmung: Silber verk\u00f6rpert schlichte Eleganz, Gunmetal Gray vermittelt klassische Raffinesse, w\u00e4hrend Rose Gold eine hochwertige Textur mit einem Hauch von W\u00e4rme verbindet - ganz im Sinne des anspruchsvollen Geschmacks von Profis.<br>Was das Design und die Kompatibilit\u00e4t angeht, so verf\u00fcgt die um 360 Grad drehbare Struktur \u00fcber zwei Schnittstellen (USB-A und USB Typ-C) f\u00fcr einen flexiblen Wechsel. Dieses vielseitige Flash-Laufwerk gew\u00e4hrleistet nahtlose Kompatibilit\u00e4t mit allen Ger\u00e4ten, ganz gleich, ob es zur Datei\u00fcbertragung an Laptops, Smartphones oder Tablets angeschlossen wird, und macht Schluss mit inkompatiblen Anschl\u00fcssen.<br>F\u00fcr die \u00dcbertragungsgeschwindigkeiten nutzt er die USB 3.0-Hochgeschwindigkeitstechnologie und erreicht so blitzschnelle \u00dcbertragungsraten von bis zu 5 Gbit\/s. Ob bei der \u00dcbertragung gro\u00dfer Designdateien, Video-Assets oder bei der Sicherung wichtiger Arbeitsdaten - lange Wartezeiten geh\u00f6ren der Vergangenheit an und sorgen f\u00fcr ein effizientes Arbeiten.<\/p>\n<\/div>\n<\/div>\n\n\n\n<p><\/p>","protected":false},"excerpt":{"rendered":"<ul>\n<li>USB a- und USB C-Schnittstelle<\/li>\n<li>Silber, Gunmetal, Rose Gold Farbe<\/li>\n<li>USB3.0-Hochgeschwindigkeit<\/li>\n<li>Benutzerdefiniertes Logo<\/li>\n<li>MOQ:100St\u00fcck<\/li>\n<\/ul>","protected":false},"featured_media":13320,"comment_status":"open","ping_status":"closed","template":"","meta":{"_seopress_robots_primary_cat":"none","_seopress_titles_title":"fastest rotating metal usb type c flash drive","_seopress_titles_desc":"Elevate your data storage game with the Fastest Rotating Metal USB Type-C Flash Drive ,where cutting-edge technology meets sleek,modern design.This isn\u2019t just a flash drive\u2014it\u2019s a statement piece for the tech-savvy and style-conscious.","_seopress_robots_index":""},"class_list":["post-13316","product","type-product","status-publish","has-post-thumbnail","hentry","product_cat-usb30-flash-drive","product_cat-rotating-usb-flash-drive","product_cat-otg-usb-flash-drive","product_tag-custom-metal-keychain-usb-flash-drive","product_tag-otg-usb-flash-drive","product_tag-buy-metal-leather-usb-flash-drive"],"_links":{"self":[{"href":"https:\/\/www.yousanusb.com\/de\/wp-json\/wp\/v2\/product\/13316"}],"collection":[{"href":"https:\/\/www.yousanusb.com\/de\/wp-json\/wp\/v2\/product"}],"about":[{"href":"https:\/\/www.yousanusb.com\/de\/wp-json\/wp\/v2\/types\/product"}],"replies":[{"embeddable":true,"href":"https:\/\/www.yousanusb.com\/de\/wp-json\/wp\/v2\/comments?post=13316"}],"wp:featuredmedia":[{"embeddable":true,"href":"https:\/\/www.yousanusb.com\/de\/wp-json\/wp\/v2\/media\/13320"}],"wp:attachment":[{"href":"https:\/\/www.yousanusb.com\/de\/wp-json\/wp\/v2\/media?parent=13316"}],"curies":[{"name":"wp","href":"https:\/\/api.w.org\/{rel}","templated":true}]}}