{"id":13333,"date":"2025-01-04T06:30:46","date_gmt":"2025-01-04T06:30:46","guid":{"rendered":"https:\/\/yousanusb.com\/?post_type=product&#038;p=13333"},"modified":"2025-10-06T00:26:19","modified_gmt":"2025-10-06T00:26:19","slug":"zinc-alloy-rotating-metal-usb-type-c-flash-drive","status":"publish","type":"product","link":"https:\/\/www.yousanusb.com\/de\/product\/zinc-alloy-rotating-metal-usb-type-c-flash-drive\/","title":{"rendered":"zinklegierung rotierendes metall usb a und usb c flash drive"},"content":{"rendered":"<div class=\"wp-block-columns is-layout-flex wp-container-core-columns-is-layout-1 wp-block-columns-is-layout-flex\">\n<div class=\"wp-block-column is-layout-flow wp-block-column-is-layout-flow\">\n<figure class=\"wp-block-image size-full\"><img fetchpriority=\"high\" decoding=\"async\" width=\"800\" height=\"800\" src=\"https:\/\/www.yousanusb.com\/wp-content\/uploads\/2025\/01\/zinc-alloy-rotating-metal-usb-type-c-flash-drive.jpg\" alt=\"zinklegierung rotierendes metall usb typ c flash drive\" class=\"wp-image-13327\" srcset=\"https:\/\/www.yousanusb.com\/wp-content\/uploads\/2025\/01\/zinc-alloy-rotating-metal-usb-type-c-flash-drive.jpg 800w, https:\/\/www.yousanusb.com\/wp-content\/uploads\/2025\/01\/zinc-alloy-rotating-metal-usb-type-c-flash-drive-300x300.jpg 300w, https:\/\/www.yousanusb.com\/wp-content\/uploads\/2025\/01\/zinc-alloy-rotating-metal-usb-type-c-flash-drive-150x150.jpg 150w, https:\/\/www.yousanusb.com\/wp-content\/uploads\/2025\/01\/zinc-alloy-rotating-metal-usb-type-c-flash-drive-768x768.jpg 768w, https:\/\/www.yousanusb.com\/wp-content\/uploads\/2025\/01\/zinc-alloy-rotating-metal-usb-type-c-flash-drive-12x12.jpg 12w, https:\/\/www.yousanusb.com\/wp-content\/uploads\/2025\/01\/zinc-alloy-rotating-metal-usb-type-c-flash-drive-600x600.jpg 600w, https:\/\/www.yousanusb.com\/wp-content\/uploads\/2025\/01\/zinc-alloy-rotating-metal-usb-type-c-flash-drive-100x100.jpg 100w\" sizes=\"(max-width: 800px) 100vw, 800px\" \/><\/figure>\n<\/div>\n\n\n\n<div class=\"wp-block-column is-vertically-aligned-center is-layout-flow wp-block-column-is-layout-flow\">\n<p>Dieses USB-Typ-C-Flash-Laufwerk aus einer Zinklegierung mit drehbarem Metall wurde f\u00fcr diejenigen entwickelt, die h\u00f6chste Anspr\u00fcche stellen. Das Geh\u00e4use aus einer robusten Zinklegierung bietet au\u00dfergew\u00f6hnliche Festigkeit und ein luxuri\u00f6ses Aussehen. Sein elegantes, drehbares Design sorgt nicht nur f\u00fcr eine atemberaubende \u00c4sthetik, sondern auch f\u00fcr einen nahtlosen Wechsel zwischen USB-A- und Typ-C-Anschl\u00fcssen, wodurch es sowohl mit Computern als auch mit mobilen Ger\u00e4ten kompatibel ist. Ausgestattet mit USB 3.0-Technologie bietet dieses Laufwerk blitzschnelle \u00dcbertragungsgeschwindigkeiten von bis zu 5 Gbps. Ob beim \u00dcbertragen gro\u00dfer Dateien, beim Sichern von Daten oder beim mobilen Arbeiten - dieses Flash-Laufwerk sorgt f\u00fcr Effizienz ohne Kompromisse.<\/p>\n<\/div>\n<\/div>\n\n\n\n<div class=\"wp-block-columns is-layout-flex wp-container-core-columns-is-layout-2 wp-block-columns-is-layout-flex\">\n<div class=\"wp-block-column is-vertically-aligned-center is-layout-flow wp-block-column-is-layout-flow\">\n<p>Das innovative Drehdesign ist sein Hauptvorteil. Der leichtg\u00e4ngige Drehmechanismus verhindert das bei herk\u00f6mmlichen USB-Laufwerken \u00fcbliche Problem des Verlusts von Kappen und erm\u00f6glicht ein m\u00fcheloses Umschalten und den Schutz der Schnittstelle mit einem einfachen Handgriff. Dieses kompakte und tragbare USB-Laufwerk l\u00e4sst sich leicht \u00fcberallhin mitnehmen. Ein noch \u00fcberzeugenderes Merkmal ist die Unterst\u00fctzung f\u00fcr eine individuelle Logoanpassung. Unternehmen k\u00f6nnen den USB-Stick mit ihrem Logo versehen, um die Markenpr\u00e4senz als Firmengeschenk zu erh\u00f6hen, w\u00e4hrend Privatpersonen ihre Lieblings-IP, Muster oder Texte ausw\u00e4hlen k\u00f6nnen, um ein einzigartiges, trendiges digitales Accessoire zu schaffen.<br><\/p>\n<\/div>\n\n\n\n<div class=\"wp-block-column is-layout-flow wp-block-column-is-layout-flow\">\n<figure class=\"wp-block-image size-full\"><img decoding=\"async\" width=\"800\" height=\"800\" src=\"https:\/\/www.yousanusb.com\/wp-content\/uploads\/2025\/01\/zinc-alloy-rotating-metal-usb-type-c-flash-drive-wholesale.jpg\" alt=\"zinklegierung rotierendes metall usb typ c flash drive-grosshandel\" class=\"wp-image-13329\" srcset=\"https:\/\/www.yousanusb.com\/wp-content\/uploads\/2025\/01\/zinc-alloy-rotating-metal-usb-type-c-flash-drive-wholesale.jpg 800w, https:\/\/www.yousanusb.com\/wp-content\/uploads\/2025\/01\/zinc-alloy-rotating-metal-usb-type-c-flash-drive-wholesale-300x300.jpg 300w, https:\/\/www.yousanusb.com\/wp-content\/uploads\/2025\/01\/zinc-alloy-rotating-metal-usb-type-c-flash-drive-wholesale-150x150.jpg 150w, https:\/\/www.yousanusb.com\/wp-content\/uploads\/2025\/01\/zinc-alloy-rotating-metal-usb-type-c-flash-drive-wholesale-768x768.jpg 768w, https:\/\/www.yousanusb.com\/wp-content\/uploads\/2025\/01\/zinc-alloy-rotating-metal-usb-type-c-flash-drive-wholesale-12x12.jpg 12w, https:\/\/www.yousanusb.com\/wp-content\/uploads\/2025\/01\/zinc-alloy-rotating-metal-usb-type-c-flash-drive-wholesale-600x600.jpg 600w, https:\/\/www.yousanusb.com\/wp-content\/uploads\/2025\/01\/zinc-alloy-rotating-metal-usb-type-c-flash-drive-wholesale-100x100.jpg 100w\" sizes=\"(max-width: 800px) 100vw, 800px\" \/><\/figure>\n<\/div>\n<\/div>","protected":false},"excerpt":{"rendered":"<ul>\n<li>Neues Design und Geh\u00e4use aus Zinklegierung<\/li>\n<li>USB-A- und USB-C-Schnittstellen<\/li>\n<li>PC- und Mobiltelefonnutzung<\/li>\n<li>USB3.0-Hochgeschwindigkeit<\/li>\n<li>Benutzerdefiniertes Logo<\/li>\n<li>MOQ:100St\u00fcck<\/li>\n<\/ul>","protected":false},"featured_media":13327,"comment_status":"open","ping_status":"closed","template":"","meta":{"_seopress_robots_primary_cat":"none","_seopress_titles_title":"zinc alloy rotating metal usb type c flash drive","_seopress_titles_desc":"Introducing the Zinc Alloy Rotating Metal USB Type-C Flash Drive, the ultimate blend of durability, style, and performance. Designed for those who demand the best, this flash drive combines premium materials, cutting-edge technology, and customizable features to meet your every need.","_seopress_robots_index":""},"class_list":["post-13333","product","type-product","status-publish","has-post-thumbnail","hentry","product_cat-usb30-flash-drive","product_cat-rotating-usb-flash-drive","product_cat-otg-usb-flash-drive","product_tag-rose-gold-usb-flash-drive","product_tag-custom-metal-keychain-usb-flash-drive","product_tag-otg-usb-flash-drive","product_tag-buy-metal-leather-usb-flash-drive"],"_links":{"self":[{"href":"https:\/\/www.yousanusb.com\/de\/wp-json\/wp\/v2\/product\/13333"}],"collection":[{"href":"https:\/\/www.yousanusb.com\/de\/wp-json\/wp\/v2\/product"}],"about":[{"href":"https:\/\/www.yousanusb.com\/de\/wp-json\/wp\/v2\/types\/product"}],"replies":[{"embeddable":true,"href":"https:\/\/www.yousanusb.com\/de\/wp-json\/wp\/v2\/comments?post=13333"}],"wp:featuredmedia":[{"embeddable":true,"href":"https:\/\/www.yousanusb.com\/de\/wp-json\/wp\/v2\/media\/13327"}],"wp:attachment":[{"href":"https:\/\/www.yousanusb.com\/de\/wp-json\/wp\/v2\/media?parent=13333"}],"curies":[{"name":"wp","href":"https:\/\/api.w.org\/{rel}","templated":true}]}}