{"id":13414,"date":"2025-01-05T05:59:05","date_gmt":"2025-01-05T05:59:05","guid":{"rendered":"https:\/\/yousanusb.com\/?post_type=product&#038;p=13414"},"modified":"2025-10-05T05:35:16","modified_gmt":"2025-10-05T05:35:16","slug":"metal-panda-shaped-usb-flash-drive","status":"publish","type":"product","link":"https:\/\/www.yousanusb.com\/de\/product\/metal-panda-shaped-usb-flash-drive\/","title":{"rendered":"Metall-Panda - geformter USB-Stick"},"content":{"rendered":"<p><strong>USB-Flash-Laufwerk in Form eines Metall-Pandas: Eine bezaubernde Mischung aus Niedlichkeit und Langlebigkeit<\/strong><br \/>\nWir stellen Ihnen unsere neueste Kreation vor, den USB-Flash-Drive in Form eines Metall-Pandas, eine reizvolle Erg\u00e4nzung unserer USB-Drive-Kollektion, die sich schnell zu einem der beliebtesten Modelle entwickelt hat.<br \/>\nDieses USB-Laufwerk aus einer Zinklegierung ist nicht nur niedlich, sondern auch sehr langlebig. Die Zinklegierung bietet eine au\u00dfergew\u00f6hnliche Langlebigkeit und stellt sicher, dass Ihr geliebter pandaf\u00f6rmiger Stick den St\u00f6\u00dfen und Ersch\u00fctterungen des t\u00e4glichen Gebrauchs standh\u00e4lt. Egal, ob es in einen Rucksack gesteckt, in einer Tasche getragen oder h\u00e4ufig f\u00fcr Daten\u00fcbertragungen verwendet wird, das robuste Geh\u00e4use aus Zinklegierung sch\u00fctzt die internen Komponenten.<br \/>\nDer Star der Show ist nat\u00fcrlich die bezaubernde Panda-Form. Jedes Detail des Pandas wurde sorgf\u00e4ltig entworfen, von der schwarz-wei\u00dfen Farbgebung, die den echten Panda nachahmt, bis hin zu den niedlichen, abgerundeten Ohren und dem liebenswerten Ausdruck. Er ist nicht nur ein Aufbewahrungsger\u00e4t, sondern auch ein charmantes Kunstwerk, das f\u00fcr Gespr\u00e4chsstoff sorgt.<br \/>\nDieses USB-Flash-Laufwerk im neuen Stil ist perfekt f\u00fcr jeden, sei es f\u00fcr Panda-Fans, f\u00fcr diejenigen, die eine einzigartige und auff\u00e4llige Speicherl\u00f6sung suchen, oder f\u00fcr Eltern, die ein ansprechendes Laufwerk f\u00fcr ihre Kinder suchen. Er kombiniert die Funktionalit\u00e4t eines hochwertigen USB-Laufwerks mit dem Charme eines geliebten Tieres. Mit seiner Mischung aus Niedlichkeit und Langlebigkeit ist es kein Wunder, dass unser USB-Flash-Laufwerk in Form eines Metall-Pandas die Herzen so vieler Menschen erobert hat und zu einer ersten Wahl unter den USB-Laufwerken geworden ist.<\/p>","protected":false},"excerpt":{"rendered":"<ul>\n<li>Geh\u00e4use aus Zink-Legierung<\/li>\n<li>Pandaf\u00f6rmiger Stil<\/li>\n<li>Neuester Designstil<\/li>\n<li>MOQ:100PCS<\/li>\n<li>Benutzerdefiniertes Logo<\/li>\n<\/ul>","protected":false},"featured_media":13418,"comment_status":"open","ping_status":"closed","template":"","meta":{"_seopress_robots_primary_cat":"","_seopress_titles_title":"Metal Panda - shaped USB Flash Drive: A Charming Blend of Cuteness and Durability","_seopress_titles_desc":"Introducing our latest creation, the Metal Panda - shaped USB Flash Drive, a delightful addition to our USB drive collection that has quickly become one of the most popular models.","_seopress_robots_index":""},"class_list":["post-13414","product","type-product","status-publish","has-post-thumbnail","hentry","product_cat-metal-usb-flash-drive","product_tag-panda-usb-flash-drive","product_tag-buy-metal-leather-usb-flash-drive"],"_links":{"self":[{"href":"https:\/\/www.yousanusb.com\/de\/wp-json\/wp\/v2\/product\/13414"}],"collection":[{"href":"https:\/\/www.yousanusb.com\/de\/wp-json\/wp\/v2\/product"}],"about":[{"href":"https:\/\/www.yousanusb.com\/de\/wp-json\/wp\/v2\/types\/product"}],"replies":[{"embeddable":true,"href":"https:\/\/www.yousanusb.com\/de\/wp-json\/wp\/v2\/comments?post=13414"}],"wp:featuredmedia":[{"embeddable":true,"href":"https:\/\/www.yousanusb.com\/de\/wp-json\/wp\/v2\/media\/13418"}],"wp:attachment":[{"href":"https:\/\/www.yousanusb.com\/de\/wp-json\/wp\/v2\/media?parent=13414"}],"curies":[{"name":"wp","href":"https:\/\/api.w.org\/{rel}","templated":true}]}}