{"id":13433,"date":"2025-01-06T03:37:51","date_gmt":"2025-01-06T03:37:51","guid":{"rendered":"https:\/\/yousanusb.com\/?post_type=product&#038;p=13433"},"modified":"2025-11-10T06:01:03","modified_gmt":"2025-11-10T06:01:03","slug":"dual-interface-usb3-0-type-c-usb-flash-drive-for-android-phone-computer","status":"publish","type":"product","link":"https:\/\/www.yousanusb.com\/de\/product\/dual-interface-usb3-0-type-c-usb-flash-drive-for-android-phone-computer\/","title":{"rendered":"Typ-C-USB-Flash-Laufwerk aus Metall, drehbar"},"content":{"rendered":"<p>Dieses Dual Interface USB3.0+Type-C USB-Flash-Laufwerk eignet sich f\u00fcr Android-Telefone und Computer.Dieses USB-Flash-Laufwerk verf\u00fcgt sowohl \u00fcber einen USB 3.0- als auch einen Type-C-Anschluss. Der USB 3.0-Anschluss sorgt f\u00fcr eine nahtlose Verbindung mit Computern f\u00fcr High-Speed-Daten\u00fcbertragung. In der Zwischenzeit ist der Typ-C-Anschluss vollst\u00e4ndig kompatibel mit den meisten Android-Telefonen, so dass Sie m\u00fchelos Dateien zwischen Ihrem Telefon und Computer \u00fcbertragen k\u00f6nnen, ohne zus\u00e4tzliche Adapter zu ben\u00f6tigen.<\/p>\n\n\n\n<div class=\"wp-block-columns is-layout-flex wp-container-core-columns-is-layout-1 wp-block-columns-is-layout-flex\">\n<div class=\"wp-block-column is-layout-flow wp-block-column-is-layout-flow\">\n<figure class=\"wp-block-image size-full\"><img fetchpriority=\"high\" decoding=\"async\" width=\"800\" height=\"800\" src=\"https:\/\/www.yousanusb.com\/wp-content\/uploads\/2025\/01\/Type-C-Rotating-Metal-USB-Flash-Drive-manufacturer.jpg\" alt=\"\" class=\"wp-image-23851\" srcset=\"https:\/\/www.yousanusb.com\/wp-content\/uploads\/2025\/01\/Type-C-Rotating-Metal-USB-Flash-Drive-manufacturer.jpg 800w, https:\/\/www.yousanusb.com\/wp-content\/uploads\/2025\/01\/Type-C-Rotating-Metal-USB-Flash-Drive-manufacturer-300x300.jpg 300w, https:\/\/www.yousanusb.com\/wp-content\/uploads\/2025\/01\/Type-C-Rotating-Metal-USB-Flash-Drive-manufacturer-150x150.jpg 150w, https:\/\/www.yousanusb.com\/wp-content\/uploads\/2025\/01\/Type-C-Rotating-Metal-USB-Flash-Drive-manufacturer-768x768.jpg 768w, https:\/\/www.yousanusb.com\/wp-content\/uploads\/2025\/01\/Type-C-Rotating-Metal-USB-Flash-Drive-manufacturer-12x12.jpg 12w, https:\/\/www.yousanusb.com\/wp-content\/uploads\/2025\/01\/Type-C-Rotating-Metal-USB-Flash-Drive-manufacturer-600x600.jpg 600w, https:\/\/www.yousanusb.com\/wp-content\/uploads\/2025\/01\/Type-C-Rotating-Metal-USB-Flash-Drive-manufacturer-100x100.jpg 100w\" sizes=\"(max-width: 800px) 100vw, 800px\" \/><\/figure>\n<\/div>\n\n\n\n<div class=\"wp-block-column is-layout-flow wp-block-column-is-layout-flow\">\n<figure class=\"wp-block-image size-full\"><img decoding=\"async\" width=\"1000\" height=\"1000\" src=\"https:\/\/www.yousanusb.com\/wp-content\/uploads\/2025\/01\/Type-C-Rotating-Metal-USB-Flash-Drive-style.jpg\" alt=\"\" class=\"wp-image-23852\" srcset=\"https:\/\/www.yousanusb.com\/wp-content\/uploads\/2025\/01\/Type-C-Rotating-Metal-USB-Flash-Drive-style.jpg 1000w, https:\/\/www.yousanusb.com\/wp-content\/uploads\/2025\/01\/Type-C-Rotating-Metal-USB-Flash-Drive-style-300x300.jpg 300w, https:\/\/www.yousanusb.com\/wp-content\/uploads\/2025\/01\/Type-C-Rotating-Metal-USB-Flash-Drive-style-150x150.jpg 150w, https:\/\/www.yousanusb.com\/wp-content\/uploads\/2025\/01\/Type-C-Rotating-Metal-USB-Flash-Drive-style-768x768.jpg 768w, https:\/\/www.yousanusb.com\/wp-content\/uploads\/2025\/01\/Type-C-Rotating-Metal-USB-Flash-Drive-style-12x12.jpg 12w, https:\/\/www.yousanusb.com\/wp-content\/uploads\/2025\/01\/Type-C-Rotating-Metal-USB-Flash-Drive-style-600x600.jpg 600w, https:\/\/www.yousanusb.com\/wp-content\/uploads\/2025\/01\/Type-C-Rotating-Metal-USB-Flash-Drive-style-100x100.jpg 100w\" sizes=\"(max-width: 1000px) 100vw, 1000px\" \/><\/figure>\n<\/div>\n<\/div>\n\n\n\n<p>Dieses Flash-Laufwerk verf\u00fcgt \u00fcber ein innovatives, drehbares Design f\u00fcr mehr Komfort und Schutz. Egal, ob Sie es an ein Android-Telefon oder einen Computer anschlie\u00dfen, Sie k\u00f6nnen es einfach drehen, um die gew\u00fcnschte Schnittstelle freizulegen. Wenn Sie es nicht benutzen, drehen Sie einfach die Kappe, um den Anschluss vor Staub, Kratzern und m\u00f6glichen Sch\u00e4den zu sch\u00fctzen. Die aus Metall gefertigte Kappe bietet Langlebigkeit, hervorragende W\u00e4rmeableitung und Widerstandsf\u00e4higkeit gegen Abnutzung und Verschlei\u00df.<\/p>\n\n\n\n<div class=\"wp-block-columns is-layout-flex wp-container-core-columns-is-layout-2 wp-block-columns-is-layout-flex\">\n<div class=\"wp-block-column is-layout-flow wp-block-column-is-layout-flow\">\n<figure class=\"wp-block-image size-full\"><img decoding=\"async\" width=\"800\" height=\"800\" src=\"https:\/\/www.yousanusb.com\/wp-content\/uploads\/2025\/01\/rose-gold-Type-C-Rotating-Metal-USB-Flash-Drive.webp\" alt=\"\" class=\"wp-image-23849\" srcset=\"https:\/\/www.yousanusb.com\/wp-content\/uploads\/2025\/01\/rose-gold-Type-C-Rotating-Metal-USB-Flash-Drive.webp 800w, https:\/\/www.yousanusb.com\/wp-content\/uploads\/2025\/01\/rose-gold-Type-C-Rotating-Metal-USB-Flash-Drive-300x300.webp 300w, https:\/\/www.yousanusb.com\/wp-content\/uploads\/2025\/01\/rose-gold-Type-C-Rotating-Metal-USB-Flash-Drive-150x150.webp 150w, https:\/\/www.yousanusb.com\/wp-content\/uploads\/2025\/01\/rose-gold-Type-C-Rotating-Metal-USB-Flash-Drive-768x768.webp 768w, https:\/\/www.yousanusb.com\/wp-content\/uploads\/2025\/01\/rose-gold-Type-C-Rotating-Metal-USB-Flash-Drive-12x12.webp 12w, https:\/\/www.yousanusb.com\/wp-content\/uploads\/2025\/01\/rose-gold-Type-C-Rotating-Metal-USB-Flash-Drive-600x600.webp 600w, https:\/\/www.yousanusb.com\/wp-content\/uploads\/2025\/01\/rose-gold-Type-C-Rotating-Metal-USB-Flash-Drive-100x100.webp 100w\" sizes=\"(max-width: 800px) 100vw, 800px\" \/><\/figure>\n<\/div>\n\n\n\n<div class=\"wp-block-column is-layout-flow wp-block-column-is-layout-flow\">\n<figure class=\"wp-block-image size-full\"><img loading=\"lazy\" decoding=\"async\" width=\"800\" height=\"800\" src=\"https:\/\/www.yousanusb.com\/wp-content\/uploads\/2025\/01\/gold-Type-C-Rotating-Metal-USB-Flash-Drive.webp\" alt=\"\" class=\"wp-image-23848\" srcset=\"https:\/\/www.yousanusb.com\/wp-content\/uploads\/2025\/01\/gold-Type-C-Rotating-Metal-USB-Flash-Drive.webp 800w, https:\/\/www.yousanusb.com\/wp-content\/uploads\/2025\/01\/gold-Type-C-Rotating-Metal-USB-Flash-Drive-300x300.webp 300w, https:\/\/www.yousanusb.com\/wp-content\/uploads\/2025\/01\/gold-Type-C-Rotating-Metal-USB-Flash-Drive-150x150.webp 150w, https:\/\/www.yousanusb.com\/wp-content\/uploads\/2025\/01\/gold-Type-C-Rotating-Metal-USB-Flash-Drive-768x768.webp 768w, https:\/\/www.yousanusb.com\/wp-content\/uploads\/2025\/01\/gold-Type-C-Rotating-Metal-USB-Flash-Drive-12x12.webp 12w, https:\/\/www.yousanusb.com\/wp-content\/uploads\/2025\/01\/gold-Type-C-Rotating-Metal-USB-Flash-Drive-600x600.webp 600w, https:\/\/www.yousanusb.com\/wp-content\/uploads\/2025\/01\/gold-Type-C-Rotating-Metal-USB-Flash-Drive-100x100.webp 100w\" sizes=\"(max-width: 800px) 100vw, 800px\" \/><\/figure>\n<\/div>\n\n\n\n<div class=\"wp-block-column is-layout-flow wp-block-column-is-layout-flow\">\n<figure class=\"wp-block-image size-full\"><img loading=\"lazy\" decoding=\"async\" width=\"800\" height=\"800\" src=\"https:\/\/www.yousanusb.com\/wp-content\/uploads\/2025\/01\/black-Type-C-Rotating-Metal-USB-Flash-Drive.webp\" alt=\"\" class=\"wp-image-23845\" srcset=\"https:\/\/www.yousanusb.com\/wp-content\/uploads\/2025\/01\/black-Type-C-Rotating-Metal-USB-Flash-Drive.webp 800w, https:\/\/www.yousanusb.com\/wp-content\/uploads\/2025\/01\/black-Type-C-Rotating-Metal-USB-Flash-Drive-300x300.webp 300w, https:\/\/www.yousanusb.com\/wp-content\/uploads\/2025\/01\/black-Type-C-Rotating-Metal-USB-Flash-Drive-150x150.webp 150w, https:\/\/www.yousanusb.com\/wp-content\/uploads\/2025\/01\/black-Type-C-Rotating-Metal-USB-Flash-Drive-768x768.webp 768w, https:\/\/www.yousanusb.com\/wp-content\/uploads\/2025\/01\/black-Type-C-Rotating-Metal-USB-Flash-Drive-12x12.webp 12w, https:\/\/www.yousanusb.com\/wp-content\/uploads\/2025\/01\/black-Type-C-Rotating-Metal-USB-Flash-Drive-600x600.webp 600w, https:\/\/www.yousanusb.com\/wp-content\/uploads\/2025\/01\/black-Type-C-Rotating-Metal-USB-Flash-Drive-100x100.webp 100w\" sizes=\"(max-width: 800px) 100vw, 800px\" \/><\/figure>\n<\/div>\n<\/div>\n\n\n\n<p>Mit der USB3.0-Schnittstelle unterst\u00fctzt dieses Flash-Laufwerk hohe Daten\u00fcbertragungsgeschwindigkeiten. Sie k\u00f6nnen gro\u00dfe Dateien wie hochaufl\u00f6sende Videos, Musikbibliotheken und umfangreiche Arbeitsdokumente in einem Bruchteil der Zeit im Vergleich zu herk\u00f6mmlichen USB 2.0-Laufwerken \u00fcbertragen.<\/p>\n\n\n\n<div class=\"wp-block-columns is-layout-flex wp-container-core-columns-is-layout-3 wp-block-columns-is-layout-flex\">\n<div class=\"wp-block-column is-layout-flow wp-block-column-is-layout-flow\">\n<figure class=\"wp-block-image size-full\"><img loading=\"lazy\" decoding=\"async\" width=\"1000\" height=\"1000\" src=\"https:\/\/www.yousanusb.com\/wp-content\/uploads\/2025\/01\/Type-C-Rotating-Metal-USB3.0-Flash-Drive.jpg\" alt=\"\" class=\"wp-image-23853\" srcset=\"https:\/\/www.yousanusb.com\/wp-content\/uploads\/2025\/01\/Type-C-Rotating-Metal-USB3.0-Flash-Drive.jpg 1000w, https:\/\/www.yousanusb.com\/wp-content\/uploads\/2025\/01\/Type-C-Rotating-Metal-USB3.0-Flash-Drive-300x300.jpg 300w, https:\/\/www.yousanusb.com\/wp-content\/uploads\/2025\/01\/Type-C-Rotating-Metal-USB3.0-Flash-Drive-150x150.jpg 150w, https:\/\/www.yousanusb.com\/wp-content\/uploads\/2025\/01\/Type-C-Rotating-Metal-USB3.0-Flash-Drive-768x768.jpg 768w, https:\/\/www.yousanusb.com\/wp-content\/uploads\/2025\/01\/Type-C-Rotating-Metal-USB3.0-Flash-Drive-12x12.jpg 12w, https:\/\/www.yousanusb.com\/wp-content\/uploads\/2025\/01\/Type-C-Rotating-Metal-USB3.0-Flash-Drive-600x600.jpg 600w, https:\/\/www.yousanusb.com\/wp-content\/uploads\/2025\/01\/Type-C-Rotating-Metal-USB3.0-Flash-Drive-100x100.jpg 100w\" sizes=\"(max-width: 1000px) 100vw, 1000px\" \/><\/figure>\n<\/div>\n\n\n\n<div class=\"wp-block-column is-layout-flow wp-block-column-is-layout-flow\">\n<figure class=\"wp-block-image size-full\"><img loading=\"lazy\" decoding=\"async\" width=\"1000\" height=\"1000\" src=\"https:\/\/www.yousanusb.com\/wp-content\/uploads\/2025\/01\/fast-Type-C-Rotating-Metal-USB-Flash-Drive.jpg\" alt=\"\" class=\"wp-image-23847\" srcset=\"https:\/\/www.yousanusb.com\/wp-content\/uploads\/2025\/01\/fast-Type-C-Rotating-Metal-USB-Flash-Drive.jpg 1000w, https:\/\/www.yousanusb.com\/wp-content\/uploads\/2025\/01\/fast-Type-C-Rotating-Metal-USB-Flash-Drive-300x300.jpg 300w, https:\/\/www.yousanusb.com\/wp-content\/uploads\/2025\/01\/fast-Type-C-Rotating-Metal-USB-Flash-Drive-150x150.jpg 150w, https:\/\/www.yousanusb.com\/wp-content\/uploads\/2025\/01\/fast-Type-C-Rotating-Metal-USB-Flash-Drive-768x768.jpg 768w, https:\/\/www.yousanusb.com\/wp-content\/uploads\/2025\/01\/fast-Type-C-Rotating-Metal-USB-Flash-Drive-12x12.jpg 12w, https:\/\/www.yousanusb.com\/wp-content\/uploads\/2025\/01\/fast-Type-C-Rotating-Metal-USB-Flash-Drive-600x600.jpg 600w, https:\/\/www.yousanusb.com\/wp-content\/uploads\/2025\/01\/fast-Type-C-Rotating-Metal-USB-Flash-Drive-100x100.jpg 100w\" sizes=\"(max-width: 1000px) 100vw, 1000px\" \/><\/figure>\n<\/div>\n<\/div>\n\n\n\n<p><\/p>","protected":false},"excerpt":{"rendered":"<ul>\n<li>Neue USB-C-Flash-Laufwerkstypen<\/li>\n<li>Vielseitige Duale Schnittstelle<\/li>\n<li>Innovatives rotierendes Design<\/li>\n<li>Hochgeschwindigkeits-USB3.0-Leistung<\/li>\n<li>Benutzerdefiniertes Logo<\/li>\n<li>MOQ:100St\u00fcck<\/li>\n<\/ul>\n<p>&nbsp;<\/p>","protected":false},"featured_media":13437,"comment_status":"open","ping_status":"closed","template":"","meta":{"_seopress_robots_primary_cat":"none","_seopress_titles_title":"Dual Interface USB3.0\/Type-c USB Flash Drive for Android Phone Computer","_seopress_titles_desc":"Looking for custom Dual Interface USB 3.0\/Type-C flash drives? Our factory specializes in manufacturing high-quality drives compatible with Android phones and computers, perfect for fast data transfer and tailored to your needs!","_seopress_robots_index":""},"class_list":["post-13433","product","type-product","status-publish","has-post-thumbnail","hentry","product_cat-usb30-flash-drive","product_cat-rotating-usb-flash-drive","product_cat-otg-usb-flash-drive","product_tag-otg-usb-flash-drive","product_tag-buy-metal-leather-usb-flash-drive"],"_links":{"self":[{"href":"https:\/\/www.yousanusb.com\/de\/wp-json\/wp\/v2\/product\/13433"}],"collection":[{"href":"https:\/\/www.yousanusb.com\/de\/wp-json\/wp\/v2\/product"}],"about":[{"href":"https:\/\/www.yousanusb.com\/de\/wp-json\/wp\/v2\/types\/product"}],"replies":[{"embeddable":true,"href":"https:\/\/www.yousanusb.com\/de\/wp-json\/wp\/v2\/comments?post=13433"}],"wp:featuredmedia":[{"embeddable":true,"href":"https:\/\/www.yousanusb.com\/de\/wp-json\/wp\/v2\/media\/13437"}],"wp:attachment":[{"href":"https:\/\/www.yousanusb.com\/de\/wp-json\/wp\/v2\/media?parent=13433"}],"curies":[{"name":"wp","href":"https:\/\/api.w.org\/{rel}","templated":true}]}}