{"id":1345,"date":"2021-06-09T08:27:30","date_gmt":"2021-06-09T08:27:30","guid":{"rendered":"https:\/\/yousanusb.com\/?post_type=product&#038;p=1345"},"modified":"2025-10-06T00:29:24","modified_gmt":"2025-10-06T00:29:24","slug":"metal-memory-stick-logo-engraved-with-key-chain-ring","status":"publish","type":"product","link":"https:\/\/www.yousanusb.com\/de\/product\/metal-memory-stick-logo-engraved-with-key-chain-ring\/","title":{"rendered":"Kurvenf\u00f6rmiges USB-Laufwerk aus Metall mit Schl\u00fcsselanh\u00e4nger"},"content":{"rendered":"<p>Experience the performance and reliability from the world-class brand for flash memory with metal curve keychain USB flash drive.<\/p>\n<p><img fetchpriority=\"high\" decoding=\"async\" class=\"size-full wp-image-9172 aligncenter\" src=\"https:\/\/yousanusb.com\/wp-content\/uploads\/2021\/06\/bulk-all-metal-usb-flash-drive.jpg\" alt=\"bulk all metal usb flash drive\" width=\"1000\" height=\"1000\" srcset=\"https:\/\/www.yousanusb.com\/wp-content\/uploads\/2021\/06\/bulk-all-metal-usb-flash-drive.jpg 1000w, https:\/\/www.yousanusb.com\/wp-content\/uploads\/2021\/06\/bulk-all-metal-usb-flash-drive-300x300.jpg 300w, https:\/\/www.yousanusb.com\/wp-content\/uploads\/2021\/06\/bulk-all-metal-usb-flash-drive-150x150.jpg 150w, https:\/\/www.yousanusb.com\/wp-content\/uploads\/2021\/06\/bulk-all-metal-usb-flash-drive-768x768.jpg 768w, https:\/\/www.yousanusb.com\/wp-content\/uploads\/2021\/06\/bulk-all-metal-usb-flash-drive-600x600.jpg 600w, https:\/\/www.yousanusb.com\/wp-content\/uploads\/2021\/06\/bulk-all-metal-usb-flash-drive-100x100.jpg 100w\" sizes=\"(max-width: 1000px) 100vw, 1000px\" \/> <img decoding=\"async\" class=\"size-full wp-image-9171 aligncenter\" src=\"https:\/\/yousanusb.com\/wp-content\/uploads\/2021\/06\/best-metal-usb-3.0-flash-drive.jpg\" alt=\"best metal usb 3.0 flash drive\" width=\"1000\" height=\"1000\" srcset=\"https:\/\/www.yousanusb.com\/wp-content\/uploads\/2021\/06\/best-metal-usb-3.0-flash-drive.jpg 1000w, https:\/\/www.yousanusb.com\/wp-content\/uploads\/2021\/06\/best-metal-usb-3.0-flash-drive-300x300.jpg 300w, https:\/\/www.yousanusb.com\/wp-content\/uploads\/2021\/06\/best-metal-usb-3.0-flash-drive-150x150.jpg 150w, https:\/\/www.yousanusb.com\/wp-content\/uploads\/2021\/06\/best-metal-usb-3.0-flash-drive-768x768.jpg 768w, https:\/\/www.yousanusb.com\/wp-content\/uploads\/2021\/06\/best-metal-usb-3.0-flash-drive-600x600.jpg 600w, https:\/\/www.yousanusb.com\/wp-content\/uploads\/2021\/06\/best-metal-usb-3.0-flash-drive-100x100.jpg 100w\" sizes=\"(max-width: 1000px) 100vw, 1000px\" \/> <img decoding=\"async\" class=\"size-full wp-image-9170 aligncenter\" src=\"https:\/\/yousanusb.com\/wp-content\/uploads\/2021\/06\/all-metal-usb-flash-drive-supplier.jpg\" alt=\"all metal usb flash drive supplier\" width=\"1000\" height=\"1000\" srcset=\"https:\/\/www.yousanusb.com\/wp-content\/uploads\/2021\/06\/all-metal-usb-flash-drive-supplier.jpg 1000w, https:\/\/www.yousanusb.com\/wp-content\/uploads\/2021\/06\/all-metal-usb-flash-drive-supplier-300x300.jpg 300w, https:\/\/www.yousanusb.com\/wp-content\/uploads\/2021\/06\/all-metal-usb-flash-drive-supplier-150x150.jpg 150w, https:\/\/www.yousanusb.com\/wp-content\/uploads\/2021\/06\/all-metal-usb-flash-drive-supplier-768x768.jpg 768w, https:\/\/www.yousanusb.com\/wp-content\/uploads\/2021\/06\/all-metal-usb-flash-drive-supplier-600x600.jpg 600w, https:\/\/www.yousanusb.com\/wp-content\/uploads\/2021\/06\/all-metal-usb-flash-drive-supplier-100x100.jpg 100w\" sizes=\"(max-width: 1000px) 100vw, 1000px\" \/> <img loading=\"lazy\" decoding=\"async\" class=\"size-full wp-image-9176 aligncenter\" src=\"https:\/\/yousanusb.com\/wp-content\/uploads\/2021\/06\/metal-usb-flash-drive-curve.jpg\" alt=\"metal usb flash drive curve\" width=\"1000\" height=\"1000\" srcset=\"https:\/\/www.yousanusb.com\/wp-content\/uploads\/2021\/06\/metal-usb-flash-drive-curve.jpg 1000w, https:\/\/www.yousanusb.com\/wp-content\/uploads\/2021\/06\/metal-usb-flash-drive-curve-300x300.jpg 300w, https:\/\/www.yousanusb.com\/wp-content\/uploads\/2021\/06\/metal-usb-flash-drive-curve-150x150.jpg 150w, https:\/\/www.yousanusb.com\/wp-content\/uploads\/2021\/06\/metal-usb-flash-drive-curve-768x768.jpg 768w, https:\/\/www.yousanusb.com\/wp-content\/uploads\/2021\/06\/metal-usb-flash-drive-curve-600x600.jpg 600w, https:\/\/www.yousanusb.com\/wp-content\/uploads\/2021\/06\/metal-usb-flash-drive-curve-100x100.jpg 100w\" sizes=\"(max-width: 1000px) 100vw, 1000px\" \/><\/p>","protected":false},"excerpt":{"rendered":"<ul>\n<li>Metal Curve Design<\/li>\n<li>Werkstoff Metall<\/li>\n<li>Wasserdicht und langlebig<\/li>\n<li>Schnellere Geschwindigkeit und hohe Qualit\u00e4t<\/li>\n<li>Zuverl\u00e4ssig und sicher<\/li>\n<li>Gro\u00dfartig f\u00fcr alle Zwecke<\/li>\n<\/ul>","protected":false},"featured_media":9175,"comment_status":"open","ping_status":"closed","template":"","meta":{"_seopress_robots_primary_cat":"none","_seopress_titles_title":"Metal Memory Stick Logo engraved with Key Chain Ring","_seopress_titles_desc":"Portable Metal Memory Stick Logo engraved USB disk 2GB 8GB 32GB Logo Printing USB flash drive with Key Chain Ring.","_seopress_robots_index":""},"class_list":["post-1345","product","type-product","status-publish","has-post-thumbnail","hentry","product_cat-metal-usb-flash-drive","product_tag-rose-gold-usb-flash-drive","product_tag-metal-curve-usb-flash-drive","product_tag-custom-metal-keychain-usb-flash-drive","product_tag-buy-metal-leather-usb-flash-drive"],"_links":{"self":[{"href":"https:\/\/www.yousanusb.com\/de\/wp-json\/wp\/v2\/product\/1345"}],"collection":[{"href":"https:\/\/www.yousanusb.com\/de\/wp-json\/wp\/v2\/product"}],"about":[{"href":"https:\/\/www.yousanusb.com\/de\/wp-json\/wp\/v2\/types\/product"}],"replies":[{"embeddable":true,"href":"https:\/\/www.yousanusb.com\/de\/wp-json\/wp\/v2\/comments?post=1345"}],"wp:featuredmedia":[{"embeddable":true,"href":"https:\/\/www.yousanusb.com\/de\/wp-json\/wp\/v2\/media\/9175"}],"wp:attachment":[{"href":"https:\/\/www.yousanusb.com\/de\/wp-json\/wp\/v2\/media?parent=1345"}],"curies":[{"name":"wp","href":"https:\/\/api.w.org\/{rel}","templated":true}]}}