{"id":13578,"date":"2025-02-06T06:45:44","date_gmt":"2025-02-06T06:45:44","guid":{"rendered":"https:\/\/yousanusb.com\/?post_type=product&#038;p=13578"},"modified":"2025-10-06T00:24:49","modified_gmt":"2025-10-06T00:24:49","slug":"best-metal-flower-notebook-with-usb-flash-drive","status":"publish","type":"product","link":"https:\/\/www.yousanusb.com\/de\/product\/best-metal-flower-notebook-with-usb-flash-drive\/","title":{"rendered":"Bestes Metallblumen-Notebook mit USB-Flash-Laufwerk"},"content":{"rendered":"<p>1. Exquisites Design \uff1aUnser bestes Metallblumen-Notizbuch mit USB-Flash-Laufwerk verf\u00fcgt \u00fcber ein einzigartiges und charmantes Metallblumen-Design. Die zarte Metallblume verleiht ihm nicht nur einen eleganten Touch, sondern zeigt auch hervorragende Handwerkskunst. Es ist ein Produkt, das die Funktionalit\u00e4t von Notizen und Datenspeicherung auf stilvolle Art und Weise kombiniert.<br \/>\n2. Ma\u00dfgeschneiderte Anpassung \uff1aAls Fabrik bieten wir umfangreiche Anpassungsm\u00f6glichkeiten. Sie k\u00f6nnen die Notebook-H\u00fclle mit verschiedenen Farben und Mustern gestalten oder Ihr Logo einpr\u00e4gen. Das USB-Flash-Laufwerk kann auch mit individuellen Etiketten oder vorinstallierten Inhalten personalisiert werden. Dies macht es perfekt f\u00fcr Firmengeschenke, Werbeveranstaltungen oder den pers\u00f6nlichen Gebrauch.<br \/>\n3. Vielseitige Optionen \uff1aDas Notizbuch ist in einer Vielzahl von Ausf\u00fchrungen erh\u00e4ltlich. Egal, ob Sie linierte Seiten zum Schreiben, leere Seiten zum Zeichnen oder linierte Seiten f\u00fcr strukturierte Notizen bevorzugen - wir haben alles f\u00fcr Sie. Dar\u00fcber hinaus ist das USB-Flash-Laufwerk mit verschiedenen Speicherkapazit\u00e4ten von 8 GB bis 128 GB erh\u00e4ltlich, um Ihre unterschiedlichen Anforderungen an die Datenspeicherung zu erf\u00fcllen.<br \/>\n4. Factory - direct Perks \uff1aDer Kauf direkt von unserer Fabrik bedeutet, dass Sie erhebliche Kosten - Einsparungen genie\u00dfen. Wir eliminieren den Aufschlag des Zwischenh\u00e4ndlers und bieten Ihnen qualitativ hochwertige Produkte zu direkten Fabrikpreisen. Sowohl bei kundenspezifischen Auftr\u00e4gen in kleinem Umfang als auch bei Gro\u00dfeink\u00e4ufen gew\u00e4hrleisten wir eine effiziente Produktion und p\u00fcnktliche Lieferung.<\/p>","protected":false},"excerpt":{"rendered":"<ul>\n<li>USB-Laufwerk f\u00fcr A5-Notizbuch Tagebuch<\/li>\n<li>Blumenf\u00f6rmig<\/li>\n<li>Gold und Silber k\u00f6nnen w\u00e4hlen<\/li>\n<li>Wenn Sie ein Notebook ben\u00f6tigen, kontaktieren Sie uns<\/li>\n<li>Benutzerdefiniertes LOGO<\/li>\n<\/ul>","protected":false},"featured_media":13579,"comment_status":"open","ping_status":"closed","template":"","meta":{"_seopress_robots_primary_cat":"none","_seopress_titles_title":"New Design Notebook Button Metal USB Flash Drive","_seopress_titles_desc":"Looking for a standout giveaway or corporate gift? Our Best Metal Flower Notebook with USB Flash Drive fits the bill! As a factory, we offer custom logo printing and bulk - order discounts. Fast production. Contact us for unique, high - quality stationery solutions now!","_seopress_robots_index":""},"class_list":["post-13578","product","type-product","status-publish","has-post-thumbnail","hentry","product_cat-usb-flash-drive-with-notebook","product_tag-a5-notebook-with-usb-flash-drive","product_tag-custom-metal-keychain-usb-flash-drive","product_tag-buy-metal-leather-usb-flash-drive"],"_links":{"self":[{"href":"https:\/\/www.yousanusb.com\/de\/wp-json\/wp\/v2\/product\/13578"}],"collection":[{"href":"https:\/\/www.yousanusb.com\/de\/wp-json\/wp\/v2\/product"}],"about":[{"href":"https:\/\/www.yousanusb.com\/de\/wp-json\/wp\/v2\/types\/product"}],"replies":[{"embeddable":true,"href":"https:\/\/www.yousanusb.com\/de\/wp-json\/wp\/v2\/comments?post=13578"}],"wp:featuredmedia":[{"embeddable":true,"href":"https:\/\/www.yousanusb.com\/de\/wp-json\/wp\/v2\/media\/13579"}],"wp:attachment":[{"href":"https:\/\/www.yousanusb.com\/de\/wp-json\/wp\/v2\/media?parent=13578"}],"curies":[{"name":"wp","href":"https:\/\/api.w.org\/{rel}","templated":true}]}}