{"id":13801,"date":"2025-02-12T01:14:52","date_gmt":"2025-02-12T01:14:52","guid":{"rendered":"https:\/\/yousanusb.com\/?post_type=product&#038;p=13801"},"modified":"2025-12-13T13:25:36","modified_gmt":"2025-12-13T13:25:36","slug":"credit-card-usb-flash-drive-with-logo","status":"publish","type":"product","link":"https:\/\/www.yousanusb.com\/de\/product\/credit-card-usb-flash-drive-with-logo\/","title":{"rendered":"Kreditkarte USB-Flash-Laufwerk mit Logo"},"content":{"rendered":"<h2 class=\"wp-block-heading\"><strong>Kreditkartendesign &amp; anpassbares Logo<\/strong><\/h2>\n\n\n\n<div class=\"wp-block-columns is-layout-flex wp-container-core-columns-is-layout-1 wp-block-columns-is-layout-flex\">\n<div class=\"wp-block-column is-vertically-aligned-center is-layout-flow wp-block-column-is-layout-flow\">\n<p>Der Credit Card USB-Flash-Laufwerk hat ein schlankes, ultrad\u00fcnnes Design, das die Gr\u00f6\u00dfe und Form einer Standard-Kreditkarte nachahmt, was ihn \u00e4u\u00dferst tragbar und praktisch macht.<\/p>\n\n\n\n<p>Sein kompakter Formfaktor eignet sich perfekt f\u00fcr den Transport in Brieftaschen oder Hosentaschen. Die Oberfl\u00e4che des USB-Laufwerks kann vollst\u00e4ndig mit Ihrem Logo oder Design versehen werden und bietet so eine einzigartige M\u00f6glichkeit zur Markenbildung f\u00fcr Unternehmen oder eine pers\u00f6nliche Note f\u00fcr Geschenke.<\/p>\n<\/div>\n\n\n\n<div class=\"wp-block-column is-layout-flow wp-block-column-is-layout-flow\">\n<figure class=\"wp-block-image size-full\"><img fetchpriority=\"high\" decoding=\"async\" width=\"800\" height=\"800\" src=\"https:\/\/www.yousanusb.com\/wp-content\/uploads\/2025\/02\/credit-card-usb-flash-drive-size.webp\" alt=\"\" class=\"wp-image-18710\" srcset=\"https:\/\/www.yousanusb.com\/wp-content\/uploads\/2025\/02\/credit-card-usb-flash-drive-size.webp 800w, https:\/\/www.yousanusb.com\/wp-content\/uploads\/2025\/02\/credit-card-usb-flash-drive-size-300x300.webp 300w, https:\/\/www.yousanusb.com\/wp-content\/uploads\/2025\/02\/credit-card-usb-flash-drive-size-150x150.webp 150w, https:\/\/www.yousanusb.com\/wp-content\/uploads\/2025\/02\/credit-card-usb-flash-drive-size-768x768.webp 768w, https:\/\/www.yousanusb.com\/wp-content\/uploads\/2025\/02\/credit-card-usb-flash-drive-size-12x12.webp 12w, https:\/\/www.yousanusb.com\/wp-content\/uploads\/2025\/02\/credit-card-usb-flash-drive-size-600x600.webp 600w, https:\/\/www.yousanusb.com\/wp-content\/uploads\/2025\/02\/credit-card-usb-flash-drive-size-100x100.webp 100w\" sizes=\"(max-width: 800px) 100vw, 800px\" \/><\/figure>\n<\/div>\n<\/div>\n\n\n\n<h2 class=\"wp-block-heading\"><strong>Hochwertiger UV-Druck f\u00fcr komplexe Designs<\/strong><\/h2>\n\n\n\n<div class=\"wp-block-columns is-layout-flex wp-container-core-columns-is-layout-2 wp-block-columns-is-layout-flex\">\n<div class=\"wp-block-column is-layout-flow wp-block-column-is-layout-flow\">\n<figure class=\"wp-block-image size-full\"><img decoding=\"async\" width=\"800\" height=\"800\" src=\"https:\/\/www.yousanusb.com\/wp-content\/uploads\/2025\/02\/low-minimum-credit-card-usb-flash-drive-with-logo.webp\" alt=\"\" class=\"wp-image-18715\" srcset=\"https:\/\/www.yousanusb.com\/wp-content\/uploads\/2025\/02\/low-minimum-credit-card-usb-flash-drive-with-logo.webp 800w, https:\/\/www.yousanusb.com\/wp-content\/uploads\/2025\/02\/low-minimum-credit-card-usb-flash-drive-with-logo-300x300.webp 300w, https:\/\/www.yousanusb.com\/wp-content\/uploads\/2025\/02\/low-minimum-credit-card-usb-flash-drive-with-logo-150x150.webp 150w, https:\/\/www.yousanusb.com\/wp-content\/uploads\/2025\/02\/low-minimum-credit-card-usb-flash-drive-with-logo-768x768.webp 768w, https:\/\/www.yousanusb.com\/wp-content\/uploads\/2025\/02\/low-minimum-credit-card-usb-flash-drive-with-logo-12x12.webp 12w, https:\/\/www.yousanusb.com\/wp-content\/uploads\/2025\/02\/low-minimum-credit-card-usb-flash-drive-with-logo-600x600.webp 600w, https:\/\/www.yousanusb.com\/wp-content\/uploads\/2025\/02\/low-minimum-credit-card-usb-flash-drive-with-logo-100x100.webp 100w\" sizes=\"(max-width: 800px) 100vw, 800px\" \/><\/figure>\n<\/div>\n\n\n\n<div class=\"wp-block-column is-vertically-aligned-center is-layout-flow wp-block-column-is-layout-flow\">\n<p>Dieses USB-Flash-Laufwerk nutzt die fortschrittliche UV-Drucktechnologie, um komplexe Muster, leuchtende Farben und detaillierte Grafiken mit au\u00dfergew\u00f6hnlicher Pr\u00e4zision zu erzeugen. Egal, ob es sich um ein Firmenlogo, ein Werbedesign oder eine benutzerdefinierte Illustration handelt, das Druckergebnis garantiert Langlebigkeit und ein professionelles Erscheinungsbild, mit Farben, die im Laufe der Zeit nicht verblassen.<\/p>\n<\/div>\n<\/div>\n\n\n\n<h2 class=\"wp-block-heading\"><strong>USB 2.0- und USB 3.0-Optionen<\/strong><\/h2>\n\n\n\n<p>Die Karte USB-Flash-Laufwerk hat USB 2.0 und USB 3.0 Schnittstellen. USB 2.0 ist langsamer (ca. 480 Mbps) und eignet sich besser f\u00fcr kleine Dateien, w\u00e4hrend USB 3.0 schneller ist (ca. 5 Gbps) und sich besser f\u00fcr gro\u00dfe Dateien eignet.<\/p>\n\n\n\n<div class=\"wp-block-columns is-layout-flex wp-container-core-columns-is-layout-3 wp-block-columns-is-layout-flex\">\n<div class=\"wp-block-column is-layout-flow wp-block-column-is-layout-flow\"><div class=\"wp-block-image\">\n<figure class=\"aligncenter size-full\"><img decoding=\"async\" width=\"800\" height=\"800\" src=\"https:\/\/www.yousanusb.com\/wp-content\/uploads\/2025\/02\/USB-2.0-card-usb-flash-drive.png\" alt=\"\" class=\"wp-image-18713\" srcset=\"https:\/\/www.yousanusb.com\/wp-content\/uploads\/2025\/02\/USB-2.0-card-usb-flash-drive.png 800w, https:\/\/www.yousanusb.com\/wp-content\/uploads\/2025\/02\/USB-2.0-card-usb-flash-drive-300x300.png 300w, https:\/\/www.yousanusb.com\/wp-content\/uploads\/2025\/02\/USB-2.0-card-usb-flash-drive-150x150.png 150w, https:\/\/www.yousanusb.com\/wp-content\/uploads\/2025\/02\/USB-2.0-card-usb-flash-drive-768x768.png 768w, https:\/\/www.yousanusb.com\/wp-content\/uploads\/2025\/02\/USB-2.0-card-usb-flash-drive-12x12.png 12w, https:\/\/www.yousanusb.com\/wp-content\/uploads\/2025\/02\/USB-2.0-card-usb-flash-drive-600x600.png 600w, https:\/\/www.yousanusb.com\/wp-content\/uploads\/2025\/02\/USB-2.0-card-usb-flash-drive-100x100.png 100w\" sizes=\"(max-width: 800px) 100vw, 800px\" \/><figcaption class=\"wp-element-caption\">USB 2.0<\/figcaption><\/figure><\/div><\/div>\n\n\n\n<div class=\"wp-block-column is-layout-flow wp-block-column-is-layout-flow\"><div class=\"wp-block-image\">\n<figure class=\"aligncenter size-full\"><img loading=\"lazy\" decoding=\"async\" width=\"800\" height=\"800\" src=\"https:\/\/www.yousanusb.com\/wp-content\/uploads\/2025\/02\/usb-3.0-card-usb-drive.png\" alt=\"\" class=\"wp-image-18714\" srcset=\"https:\/\/www.yousanusb.com\/wp-content\/uploads\/2025\/02\/usb-3.0-card-usb-drive.png 800w, https:\/\/www.yousanusb.com\/wp-content\/uploads\/2025\/02\/usb-3.0-card-usb-drive-300x300.png 300w, https:\/\/www.yousanusb.com\/wp-content\/uploads\/2025\/02\/usb-3.0-card-usb-drive-150x150.png 150w, https:\/\/www.yousanusb.com\/wp-content\/uploads\/2025\/02\/usb-3.0-card-usb-drive-768x768.png 768w, https:\/\/www.yousanusb.com\/wp-content\/uploads\/2025\/02\/usb-3.0-card-usb-drive-12x12.png 12w, https:\/\/www.yousanusb.com\/wp-content\/uploads\/2025\/02\/usb-3.0-card-usb-drive-600x600.png 600w, https:\/\/www.yousanusb.com\/wp-content\/uploads\/2025\/02\/usb-3.0-card-usb-drive-100x100.png 100w\" sizes=\"(max-width: 800px) 100vw, 800px\" \/><figcaption class=\"wp-element-caption\">USB 3.0<\/figcaption><\/figure><\/div><\/div>\n<\/div>","protected":false},"excerpt":{"rendered":"<ul>\n<li>Kreditkarten-Stil<\/li>\n<li>Ihr LOGO anpassen<\/li>\n<li>MOQ:100St\u00fcck<\/li>\n<li>USB2.0 und USB3.0 k\u00f6nnen w\u00e4hlen<\/li>\n<li>Kundenspezifisches Paket<\/li>\n<\/ul>","protected":false},"featured_media":13805,"comment_status":"open","ping_status":"closed","template":"","meta":{"_seopress_robots_primary_cat":"none","_seopress_titles_title":"Credit Card USB Flash Drive with Logo","_seopress_titles_desc":"Promote your brand with sleek Credit Card USB Flash Drives! Custom logo printing, ultra-slim design, perfect for corporate gifts or marketing. Durable, portable, and budget-friendly. Order branded USB drives today!","_seopress_robots_index":""},"class_list":["post-13801","product","type-product","status-publish","has-post-thumbnail","hentry","product_cat-card-usb-flash-drive","product_tag-plastic-card-usb-flash-drive"],"_links":{"self":[{"href":"https:\/\/www.yousanusb.com\/de\/wp-json\/wp\/v2\/product\/13801"}],"collection":[{"href":"https:\/\/www.yousanusb.com\/de\/wp-json\/wp\/v2\/product"}],"about":[{"href":"https:\/\/www.yousanusb.com\/de\/wp-json\/wp\/v2\/types\/product"}],"replies":[{"embeddable":true,"href":"https:\/\/www.yousanusb.com\/de\/wp-json\/wp\/v2\/comments?post=13801"}],"wp:featuredmedia":[{"embeddable":true,"href":"https:\/\/www.yousanusb.com\/de\/wp-json\/wp\/v2\/media\/13805"}],"wp:attachment":[{"href":"https:\/\/www.yousanusb.com\/de\/wp-json\/wp\/v2\/media?parent=13801"}],"curies":[{"name":"wp","href":"https:\/\/api.w.org\/{rel}","templated":true}]}}