{"id":1443,"date":"2021-06-09T15:07:20","date_gmt":"2021-06-09T15:07:20","guid":{"rendered":"https:\/\/yousanusb.com\/?post_type=product&#038;p=1443"},"modified":"2025-10-10T02:46:43","modified_gmt":"2025-10-10T02:46:43","slug":"cheap-leather-usb-cle-flash-drive","status":"publish","type":"product","link":"https:\/\/www.yousanusb.com\/de\/product\/cheap-leather-usb-cle-flash-drive\/","title":{"rendered":"G\u00fcnstigstes Stahlrand-Lederetui USB-Flash-Laufwerk"},"content":{"rendered":"<div class=\"wp-block-columns is-layout-flex wp-container-core-columns-is-layout-1 wp-block-columns-is-layout-flex\">\n<div class=\"wp-block-column is-vertically-aligned-center is-layout-flow wp-block-column-is-layout-flow\">\n<p>Das USB-Laufwerk mit Stahlecken und Ledergeh\u00e4use war das erste Produkt, das in Massenproduktion hergestellt wurde, und geh\u00f6rt seither zu den Spitzenreitern im Export. Sein integriertes Design, das \"Stahlkanten aus Metall mit einem Geh\u00e4use aus Leder\" kombiniert, schafft ein perfektes Gleichgewicht zwischen Haltbarkeit und hochwertigem Gef\u00fchl.<\/p>\n\n\n\n<p>Handwerkliche Details:<br>Die Leder- und Stahlkanten sind mit doppelt gen\u00e4hten N\u00e4hten und Metallnieten verst\u00e4rkt, um die strukturelle Integrit\u00e4t zu gew\u00e4hrleisten.<br>Stahlkante Montage:<br>Hergestellt aus einer f\u00fcr die Luft- und Raumfahrt geeigneten Aluminiumlegierung\/Edelstahl durch integriertes Druckgie\u00dfen, dann CNC-gefast f\u00fcr ein glattes, abgerundetes Finish ohne scharfe Kanten. Verf\u00fcgt \u00fcber Rost- und Verformungsbest\u00e4ndigkeit.<\/p>\n<\/div>\n\n\n\n<div class=\"wp-block-column is-vertically-aligned-center is-layout-flow wp-block-column-is-layout-flow\">\n<figure class=\"wp-block-image size-full\"><img fetchpriority=\"high\" decoding=\"async\" width=\"800\" height=\"800\" src=\"https:\/\/www.yousanusb.com\/wp-content\/uploads\/2021\/06\/leather-usb-flash-drives-1.webp\" alt=\"\" class=\"wp-image-20194\" srcset=\"https:\/\/www.yousanusb.com\/wp-content\/uploads\/2021\/06\/leather-usb-flash-drives-1.webp 800w, https:\/\/www.yousanusb.com\/wp-content\/uploads\/2021\/06\/leather-usb-flash-drives-1-300x300.webp 300w, https:\/\/www.yousanusb.com\/wp-content\/uploads\/2021\/06\/leather-usb-flash-drives-1-150x150.webp 150w, https:\/\/www.yousanusb.com\/wp-content\/uploads\/2021\/06\/leather-usb-flash-drives-1-768x768.webp 768w, https:\/\/www.yousanusb.com\/wp-content\/uploads\/2021\/06\/leather-usb-flash-drives-1-12x12.webp 12w, https:\/\/www.yousanusb.com\/wp-content\/uploads\/2021\/06\/leather-usb-flash-drives-1-600x600.webp 600w, https:\/\/www.yousanusb.com\/wp-content\/uploads\/2021\/06\/leather-usb-flash-drives-1-100x100.webp 100w\" sizes=\"(max-width: 800px) 100vw, 800px\" \/><\/figure>\n<\/div>\n<\/div>\n\n\n\n<h2 class=\"wp-block-heading\">Welche Anpassungen sind m\u00f6glich?<\/h2>\n\n\n\n<h3 class=\"wp-block-heading\">1. Anpassbares LOGO<\/h3>\n\n\n\n<p>Handwerk Typ:Lasergravur,Hei\u00dfpr\u00e4gung,Siebdruck,Galvanische Goldpr\u00e4gung<\/p>\n\n\n\n<h3 class=\"wp-block-heading\">2. farbliche und materielle Anpassungen<\/h3>\n\n\n\n<ul class=\"wp-block-list\">\n<li>Farboptionen: Zu den Standardfarben geh\u00f6ren Schwarz, Braun, Blau und Rot (Pantone-Grundfarben). Benutzerdefinierte Farbcodes werden unterst\u00fctzt (z. B. exklusive VI-Farben f\u00fcr Unternehmen, mit einer Mindestbestellmenge von \u2265 500 St\u00fcck);<\/li>\n\n\n\n<li>Leder-Upgrades: Optionale Spezialtexturen wie genarbtes Rindsleder (genarbtes\/getrommeltes Finish), PU-Leder mit Krokodilmuster und Crazy Horse-Leder f\u00fcr eine unverwechselbare Optik;<\/li>\n\n\n\n<li>Erweiterte Anpassungsm\u00f6glichkeiten: Die Stahlkanten k\u00f6nnen farbig galvanisiert (z. B. Ros\u00e9gold, Rotguss) und mit lasergravierten Texturen versehen werden, um die Gesamt\u00e4sthetik des Designs zu verbessern.<\/li>\n<\/ul>\n\n\n\n<div class=\"wp-block-columns is-layout-flex wp-container-core-columns-is-layout-2 wp-block-columns-is-layout-flex\">\n<div class=\"wp-block-column is-layout-flow wp-block-column-is-layout-flow\">\n<figure class=\"wp-block-image size-full\"><img decoding=\"async\" width=\"800\" height=\"800\" src=\"https:\/\/www.yousanusb.com\/wp-content\/uploads\/2021\/06\/Leather-USB-Elegant-Flash-Drive-China.webp\" alt=\"\" class=\"wp-image-20197\" srcset=\"https:\/\/www.yousanusb.com\/wp-content\/uploads\/2021\/06\/Leather-USB-Elegant-Flash-Drive-China.webp 800w, https:\/\/www.yousanusb.com\/wp-content\/uploads\/2021\/06\/Leather-USB-Elegant-Flash-Drive-China-300x300.webp 300w, https:\/\/www.yousanusb.com\/wp-content\/uploads\/2021\/06\/Leather-USB-Elegant-Flash-Drive-China-150x150.webp 150w, https:\/\/www.yousanusb.com\/wp-content\/uploads\/2021\/06\/Leather-USB-Elegant-Flash-Drive-China-768x768.webp 768w, https:\/\/www.yousanusb.com\/wp-content\/uploads\/2021\/06\/Leather-USB-Elegant-Flash-Drive-China-12x12.webp 12w, https:\/\/www.yousanusb.com\/wp-content\/uploads\/2021\/06\/Leather-USB-Elegant-Flash-Drive-China-600x600.webp 600w, https:\/\/www.yousanusb.com\/wp-content\/uploads\/2021\/06\/Leather-USB-Elegant-Flash-Drive-China-100x100.webp 100w\" sizes=\"(max-width: 800px) 100vw, 800px\" \/><\/figure>\n<\/div>\n\n\n\n<div class=\"wp-block-column is-layout-flow wp-block-column-is-layout-flow\">\n<figure class=\"wp-block-image size-full\"><img decoding=\"async\" width=\"800\" height=\"800\" src=\"https:\/\/www.yousanusb.com\/wp-content\/uploads\/2021\/06\/cheap-leather-usb-cle-flash-drive-1.png\" alt=\"\" class=\"wp-image-1447\" srcset=\"https:\/\/www.yousanusb.com\/wp-content\/uploads\/2021\/06\/cheap-leather-usb-cle-flash-drive-1.png 800w, https:\/\/www.yousanusb.com\/wp-content\/uploads\/2021\/06\/cheap-leather-usb-cle-flash-drive-1-600x600.png 600w, https:\/\/www.yousanusb.com\/wp-content\/uploads\/2021\/06\/cheap-leather-usb-cle-flash-drive-1-100x100.png 100w, https:\/\/www.yousanusb.com\/wp-content\/uploads\/2021\/06\/cheap-leather-usb-cle-flash-drive-1-300x300.png 300w, https:\/\/www.yousanusb.com\/wp-content\/uploads\/2021\/06\/cheap-leather-usb-cle-flash-drive-1-150x150.png 150w, https:\/\/www.yousanusb.com\/wp-content\/uploads\/2021\/06\/cheap-leather-usb-cle-flash-drive-1-768x768.png 768w\" sizes=\"(max-width: 800px) 100vw, 800px\" \/><\/figure>\n<\/div>\n<\/div>\n\n\n\n<div class=\"wp-block-columns is-layout-flex wp-container-core-columns-is-layout-3 wp-block-columns-is-layout-flex\">\n<div class=\"wp-block-column is-vertically-aligned-center is-layout-flow wp-block-column-is-layout-flow\">\n<p>Das unverwechselbare Design des Lederriemens ist ein echter Hingucker: Bei Gebrauch l\u00e4sst er sich zur\u00fcckklappen, um den USB-Anschluss freizugeben, und wenn er nicht ben\u00f6tigt wird, ist der Anschluss ordentlich im Inneren verstaut, wodurch er gesch\u00fctzt wird und gleichzeitig einen dekorativen Touch erh\u00e4lt. Die schlanke, l\u00e4ngliche Form mit einer Aufh\u00e4ngeschlaufe am Ende, an der ein Schl\u00fcsselband befestigt werden kann, erleichtert das Mitf\u00fchren unterwegs. So wird Ihr Aufbewahrungsger\u00e4t zu einem stilvollen Accessoire, das sowohl sch\u00f6n als auch tragbar ist.<\/p>\n<\/div>\n\n\n\n<div class=\"wp-block-column is-layout-flow wp-block-column-is-layout-flow\">\n<figure class=\"wp-block-image size-full\"><img loading=\"lazy\" decoding=\"async\" width=\"750\" height=\"819\" src=\"https:\/\/www.yousanusb.com\/wp-content\/uploads\/2021\/06\/cheap-leather-usb-cle-flash-drive-6.jpg\" alt=\"\" class=\"wp-image-1451\" srcset=\"https:\/\/www.yousanusb.com\/wp-content\/uploads\/2021\/06\/cheap-leather-usb-cle-flash-drive-6.jpg 750w, https:\/\/www.yousanusb.com\/wp-content\/uploads\/2021\/06\/cheap-leather-usb-cle-flash-drive-6-600x655.jpg 600w, https:\/\/www.yousanusb.com\/wp-content\/uploads\/2021\/06\/cheap-leather-usb-cle-flash-drive-6-275x300.jpg 275w\" sizes=\"(max-width: 750px) 100vw, 750px\" \/><\/figure>\n<\/div>\n<\/div>","protected":false},"excerpt":{"rendered":"<ul>\n<li>Metallische Stahlkanten<\/li>\n<li>Einstecken und loslegen<\/li>\n<li>Lasergravur-Logo, Siebdruck-Logo<\/li>\n<li>Zertifizierungsstandards: CE, FCC, RoHS<\/li>\n<li>MOQ:100St\u00fcck<\/li>\n<\/ul>","protected":false},"featured_media":8989,"comment_status":"open","ping_status":"closed","template":"","meta":{"_seopress_robots_primary_cat":"none","_seopress_titles_title":"Cheap Leather USB Cle Flash Drive","_seopress_titles_desc":"Leather promotional usb flash Drive Creative Gift USB Stick Memory 32GB 64GB leather pendrive logo.","_seopress_robots_index":""},"class_list":["post-1443","product","type-product","status-publish","has-post-thumbnail","hentry","product_cat-leather-usb-flash-drive","product_tag-cheap-usb-flash-drive"],"_links":{"self":[{"href":"https:\/\/www.yousanusb.com\/de\/wp-json\/wp\/v2\/product\/1443"}],"collection":[{"href":"https:\/\/www.yousanusb.com\/de\/wp-json\/wp\/v2\/product"}],"about":[{"href":"https:\/\/www.yousanusb.com\/de\/wp-json\/wp\/v2\/types\/product"}],"replies":[{"embeddable":true,"href":"https:\/\/www.yousanusb.com\/de\/wp-json\/wp\/v2\/comments?post=1443"}],"wp:featuredmedia":[{"embeddable":true,"href":"https:\/\/www.yousanusb.com\/de\/wp-json\/wp\/v2\/media\/8989"}],"wp:attachment":[{"href":"https:\/\/www.yousanusb.com\/de\/wp-json\/wp\/v2\/media?parent=1443"}],"curies":[{"name":"wp","href":"https:\/\/api.w.org\/{rel}","templated":true}]}}