{"id":16684,"date":"2025-06-09T07:02:44","date_gmt":"2025-06-09T07:02:44","guid":{"rendered":"https:\/\/yousanusb.com\/?post_type=product&#038;p=16684"},"modified":"2025-10-04T11:36:20","modified_gmt":"2025-10-04T11:36:20","slug":"usb-3-0-metal-card-flash-drive-specifications","status":"publish","type":"product","link":"https:\/\/www.yousanusb.com\/de\/product\/usb-3-0-metal-card-flash-drive-specifications\/","title":{"rendered":"Individuelles USB 3.0 Metallkarten-Flash-Laufwerk mit Logo"},"content":{"rendered":"<figure class=\"wp-block-table\"><table class=\"has-fixed-layout\"><tbody><tr><td>\u200b<strong>Produktname<\/strong>\uff1a<\/td><td>USB 3.0 Metallkarten-Flash-Laufwerk<\/td><\/tr><tr><td>\u200b<strong>Material<\/strong>\uff1a<\/td><td>Metall (Zinklegierung\/Edelstahl)<\/td><\/tr><tr><td>\u200b<strong>Gewicht<\/strong>\uff1a<\/td><td>22g<\/td><\/tr><tr><td><strong>\u00dcbertragungsgeschwindigkeit<\/strong>\uff1a<\/td><td>Bis zu 8000 MB\/s (USB 3.0-Schnittstelle)<\/td><\/tr><tr><td><strong>Abmessungen<\/strong>\uff1a<\/td><td>83 \u00d7 52 mm (Kreditkartengr\u00f6\u00dfe)<\/td><\/tr><tr><td>\u200b<strong>Kapazit\u00e4tsoptionen<\/strong>\uff1a<\/td><td>8GB\/16GB\/32GB\/64GB\/128GB <\/td><\/tr><tr><td>\u200b<strong>Farboptionen<\/strong>\uff1a<\/td><td>Mehrere Farben verf\u00fcgbar<\/td><\/tr><tr><td>\u200b<strong>Schnittstelle<\/strong>\uff1a<\/td><td>USB 3.0 (Typ-A)<\/td><\/tr><tr><td>\u200b<strong>Besondere Merkmale<\/strong>\uff1a<\/td><td>Sto\u00dffest \/ Wasserbest\u00e4ndig \/ Anti-EMI<\/td><\/tr><\/tbody><\/table><\/figure>\n\n\n\n<div class=\"wp-block-columns is-layout-flex wp-container-core-columns-is-layout-1 wp-block-columns-is-layout-flex\">\n<div class=\"wp-block-column is-layout-flow wp-block-column-is-layout-flow\">\n<p>Dieses USB 3.0-Metallkarten-Flash-Laufwerk besteht aus einer Aluminiumlegierung, die eine geringe Dichte und hohe Festigkeit aufweist. Dies verleiht dem Flash-Laufwerk ein geringes Gewicht und eine hervorragende Sto\u00dffestigkeit. Es wurde einem Zieh- und Oxidationsprozess unterzogen.<\/p>\n\n\n<div class=\"wp-block-image\">\n<figure class=\"aligncenter size-full\"><img fetchpriority=\"high\" decoding=\"async\" width=\"800\" height=\"800\" src=\"https:\/\/yousanusb.com\/wp-content\/uploads\/2025\/06\/oem-metal-card-usb-flash-drive.jpg\" alt=\"oem metall karte usb flash laufwerk\" class=\"wp-image-16703\" srcset=\"https:\/\/www.yousanusb.com\/wp-content\/uploads\/2025\/06\/oem-metal-card-usb-flash-drive.jpg 800w, https:\/\/www.yousanusb.com\/wp-content\/uploads\/2025\/06\/oem-metal-card-usb-flash-drive-300x300.jpg 300w, https:\/\/www.yousanusb.com\/wp-content\/uploads\/2025\/06\/oem-metal-card-usb-flash-drive-150x150.jpg 150w, https:\/\/www.yousanusb.com\/wp-content\/uploads\/2025\/06\/oem-metal-card-usb-flash-drive-768x768.jpg 768w, https:\/\/www.yousanusb.com\/wp-content\/uploads\/2025\/06\/oem-metal-card-usb-flash-drive-12x12.jpg 12w, https:\/\/www.yousanusb.com\/wp-content\/uploads\/2025\/06\/oem-metal-card-usb-flash-drive-600x600.jpg 600w, https:\/\/www.yousanusb.com\/wp-content\/uploads\/2025\/06\/oem-metal-card-usb-flash-drive-100x100.jpg 100w\" sizes=\"(max-width: 800px) 100vw, 800px\" \/><figcaption class=\"wp-element-caption\">Oem-Metallkarte USB-Flash-Laufwerk 3.0 Schnittstelle<\/figcaption><\/figure><\/div><\/div>\n\n\n\n<div class=\"wp-block-column is-layout-flow wp-block-column-is-layout-flow\">\n<p>Es ist verschlei\u00df- und korrosionsbest\u00e4ndig und in sch\u00f6nen Farben wie Spacegrau und Ros\u00e9gold erh\u00e4ltlich. Sein Design ist superd\u00fcnn und nur 1 mm dick. Es vereint Tragbarkeit und eine hochwertige Beschaffenheit, wodurch es sich f\u00fcr viele Einsatzbereiche eignet.<\/p>\n\n\n<div class=\"wp-block-image\">\n<figure class=\"aligncenter size-full\"><img decoding=\"async\" width=\"800\" height=\"800\" src=\"https:\/\/yousanusb.com\/wp-content\/uploads\/2025\/06\/metal-usb-micro-sd-card-reader.jpg\" alt=\"metall usb micro sd kartenleser\" class=\"wp-image-16701\" srcset=\"https:\/\/www.yousanusb.com\/wp-content\/uploads\/2025\/06\/metal-usb-micro-sd-card-reader.jpg 800w, https:\/\/www.yousanusb.com\/wp-content\/uploads\/2025\/06\/metal-usb-micro-sd-card-reader-300x300.jpg 300w, https:\/\/www.yousanusb.com\/wp-content\/uploads\/2025\/06\/metal-usb-micro-sd-card-reader-150x150.jpg 150w, https:\/\/www.yousanusb.com\/wp-content\/uploads\/2025\/06\/metal-usb-micro-sd-card-reader-768x768.jpg 768w, https:\/\/www.yousanusb.com\/wp-content\/uploads\/2025\/06\/metal-usb-micro-sd-card-reader-12x12.jpg 12w, https:\/\/www.yousanusb.com\/wp-content\/uploads\/2025\/06\/metal-usb-micro-sd-card-reader-600x600.jpg 600w, https:\/\/www.yousanusb.com\/wp-content\/uploads\/2025\/06\/metal-usb-micro-sd-card-reader-100x100.jpg 100w\" sizes=\"(max-width: 800px) 100vw, 800px\" \/><figcaption class=\"wp-element-caption\">Plastik usb3.0 Visitenkarte <\/figcaption><\/figure><\/div><\/div>\n\n\n\n<div class=\"wp-block-column is-layout-flow wp-block-column-is-layout-flow\">\n<p>Verf\u00fcgbar in<strong>8GB, 16GB, 32GB, 64GB, und 128GB<\/strong>Kapazit\u00e4ten zum Speichern all Ihrer Fotos, Dokumente, Musik und Videos. Mehrere elegante Metallicfarben und ein ultraschlankes Kartendesign verbinden Funktionalit\u00e4t mit \u00c4sthetik.<\/p>\n\n\n<div class=\"wp-block-image\">\n<figure class=\"aligncenter size-full\"><img decoding=\"async\" width=\"800\" height=\"800\" src=\"https:\/\/yousanusb.com\/wp-content\/uploads\/2025\/06\/metal-credit-card-usb.jpg\" alt=\"metall kreditkarte usb\" class=\"wp-image-16698\" srcset=\"https:\/\/www.yousanusb.com\/wp-content\/uploads\/2025\/06\/metal-credit-card-usb.jpg 800w, https:\/\/www.yousanusb.com\/wp-content\/uploads\/2025\/06\/metal-credit-card-usb-300x300.jpg 300w, https:\/\/www.yousanusb.com\/wp-content\/uploads\/2025\/06\/metal-credit-card-usb-150x150.jpg 150w, https:\/\/www.yousanusb.com\/wp-content\/uploads\/2025\/06\/metal-credit-card-usb-768x768.jpg 768w, https:\/\/www.yousanusb.com\/wp-content\/uploads\/2025\/06\/metal-credit-card-usb-12x12.jpg 12w, https:\/\/www.yousanusb.com\/wp-content\/uploads\/2025\/06\/metal-credit-card-usb-600x600.jpg 600w, https:\/\/www.yousanusb.com\/wp-content\/uploads\/2025\/06\/metal-credit-card-usb-100x100.jpg 100w\" sizes=\"(max-width: 800px) 100vw, 800px\" \/><figcaption class=\"wp-element-caption\">ABS 3.0 Kreditkarte USB<\/figcaption><\/figure><\/div><\/div>\n<\/div>\n\n\n\n<h2 class=\"wp-block-heading\">Was ist der Unterschied zwischen einer gl\u00e4nzenden und einer geb\u00fcrsteten Oberfl\u00e4che eines USB-Flash-Laufwerks mit Metallkarte?<\/h2>\n\n\n\n<p>Die Hauptunterschiede zwischen den gl\u00e4nzenden und geb\u00fcrsteten Oberfl\u00e4chen von USB-Sticks mit Metallkarten liegen in der Verarbeitung und der Leistung:<\/p>\n\n\n\n<ul class=\"wp-block-list\">\n<li><strong>Gl\u00e4nzende Oberfl\u00e4che<\/strong>: Es wird durch Polieren und Galvanisieren hergestellt und hat einen spiegel\u00e4hnlichen Effekt mit einem Glanzgrad von \u00fcber 80\u00b0 und leuchtenden Farben (z.B. Ros\u00e9gold-Reflexion &gt;90%). Sie hat jedoch nur eine Oberfl\u00e4chenh\u00e4rte von 2H, ist anf\u00e4llig f\u00fcr Fingerabdr\u00fccke (R\u00fcckst\u00e4nde von Fingerabdr\u00fccken ~75%) und hat einen Abnutzungswiderstandsindex von &lt;300 Reibzyklen.Sie wird oft als stilvoller und attraktiver angesehen und hat ein hochwertiges Aussehen. Allerdings ist diese Oberfl\u00e4che sehr glatt, was bedeutet, dass sie leicht verkratzt oder durch Fingerabdr\u00fccke verunreinigt werden kann. Um ein sauberes Aussehen zu erhalten, ist eine regelm\u00e4\u00dfige Reinigung erforderlich.<\/li>\n\n\n\n<li><strong>Geb\u00fcrstete Oberfl\u00e4che<\/strong>: Es wird durch Sandstrahlen oder B\u00fcrsten geformt, um 0,02-0,05 mm tiefe Strukturen zu erzeugen, und hat eine matte Oberfl\u00e4che mit einem Glanzgrad von &lt;20\u00b0 (z. B. Raumgrau-Reflexionsgrad &lt;15%). Mit einer Oberfl\u00e4chenh\u00e4rte von 4H ist es resistent gegen Fingerabdr\u00fccke (R\u00fcckstandsrate 2000 Reibzyklen. Die Griffigkeit ist um 40% h\u00f6her und l\u00e4sst sich durch Fingerabdr\u00fccke oder Staub nicht so leicht zerkratzen oder verschmutzen. Es ist leicht zu reinigen. Es ist besser geeignet f\u00fcr hochfrequente Einsatzszenarien.<\/li>\n<\/ul>\n\n\n\n<h2 class=\"wp-block-heading\">Welche Farbe der USB 3.0-Karte USB-Flash-Laufwerk ist mehr beliebt?<\/h2>\n\n\n\n<p><br>Die Beliebtheit von Farben f\u00fcr USB 3.0-Karten-USB-Flash-Laufwerke variiert je nach Szenario, aber klassische neutrale T\u00f6ne wie Spacegrau und mattes Schwarz sind derzeit am beliebtesten. Mit geb\u00fcrsteten\/sandgestrahlten Oberfl\u00e4chen bieten diese Farben einen Glanzgrad von &lt;20\u00b0, eine Fingerabdruckbest\u00e4ndigkeit von &lt;20% und eine Verschlei\u00dffestigkeit von mehr als 2.000 Reibungszyklen, die ein Gleichgewicht zwischen unaufdringlicher Professionalit\u00e4t und Langlebigkeit schaffen - sie machen mehr als 60% der Beschaffung in Unternehmen und B\u00fcros aus. <\/p>\n\n\n\n<p>Als n\u00e4chstes dominieren Chromsilber und Champagnergold mit hohem Glanz (&gt;80%) durch Polieren und Galvanisieren etwa 35% des Geschenkemarktes, insbesondere auf den asiatischen M\u00e4rkten f\u00fcr Unterhaltungselektronik. Trendfarben wie Ros\u00e9gold und Rotguss, die durch innovative Verfahren (z. B. PVD-Beschichtung, feines B\u00fcrsten) angetrieben werden, haben im Vergleich zum Vorjahr einen Anstieg von 45% bei E-Commerce-Suchen unter j\u00fcngeren Nutzern und in den Bereichen Kultur\/Unterhaltung und Esports verzeichnet, obwohl klassische Farbt\u00f6ne weiterhin den Markt dominieren.<\/p>\n\n\n\n<div class=\"wp-block-columns is-layout-flex wp-container-core-columns-is-layout-2 wp-block-columns-is-layout-flex\">\n<div class=\"wp-block-column is-layout-flow wp-block-column-is-layout-flow\">\n<figure class=\"wp-block-image alignfull size-full\"><img loading=\"lazy\" decoding=\"async\" width=\"800\" height=\"800\" src=\"https:\/\/yousanusb.com\/wp-content\/uploads\/2025\/06\/china-metal-card-usb-flash-drive.jpg\" alt=\"china metall karte usb flash drive\" class=\"wp-image-16694\" srcset=\"https:\/\/www.yousanusb.com\/wp-content\/uploads\/2025\/06\/china-metal-card-usb-flash-drive.jpg 800w, https:\/\/www.yousanusb.com\/wp-content\/uploads\/2025\/06\/china-metal-card-usb-flash-drive-300x300.jpg 300w, https:\/\/www.yousanusb.com\/wp-content\/uploads\/2025\/06\/china-metal-card-usb-flash-drive-150x150.jpg 150w, https:\/\/www.yousanusb.com\/wp-content\/uploads\/2025\/06\/china-metal-card-usb-flash-drive-768x768.jpg 768w, https:\/\/www.yousanusb.com\/wp-content\/uploads\/2025\/06\/china-metal-card-usb-flash-drive-12x12.jpg 12w, https:\/\/www.yousanusb.com\/wp-content\/uploads\/2025\/06\/china-metal-card-usb-flash-drive-600x600.jpg 600w, https:\/\/www.yousanusb.com\/wp-content\/uploads\/2025\/06\/china-metal-card-usb-flash-drive-100x100.jpg 100w\" sizes=\"(max-width: 800px) 100vw, 800px\" \/><\/figure>\n<\/div>\n\n\n\n<div class=\"wp-block-column is-layout-flow wp-block-column-is-layout-flow\">\n<figure class=\"wp-block-image alignfull size-full\"><img loading=\"lazy\" decoding=\"async\" width=\"800\" height=\"800\" src=\"https:\/\/yousanusb.com\/wp-content\/uploads\/2025\/06\/china-metal-card-usb-flash-drive-supplier.jpg\" alt=\"\" class=\"wp-image-16693\" srcset=\"https:\/\/www.yousanusb.com\/wp-content\/uploads\/2025\/06\/china-metal-card-usb-flash-drive-supplier.jpg 800w, https:\/\/www.yousanusb.com\/wp-content\/uploads\/2025\/06\/china-metal-card-usb-flash-drive-supplier-300x300.jpg 300w, https:\/\/www.yousanusb.com\/wp-content\/uploads\/2025\/06\/china-metal-card-usb-flash-drive-supplier-150x150.jpg 150w, https:\/\/www.yousanusb.com\/wp-content\/uploads\/2025\/06\/china-metal-card-usb-flash-drive-supplier-768x768.jpg 768w, https:\/\/www.yousanusb.com\/wp-content\/uploads\/2025\/06\/china-metal-card-usb-flash-drive-supplier-12x12.jpg 12w, https:\/\/www.yousanusb.com\/wp-content\/uploads\/2025\/06\/china-metal-card-usb-flash-drive-supplier-600x600.jpg 600w, https:\/\/www.yousanusb.com\/wp-content\/uploads\/2025\/06\/china-metal-card-usb-flash-drive-supplier-100x100.jpg 100w\" sizes=\"(max-width: 800px) 100vw, 800px\" \/><\/figure>\n<\/div>\n\n\n\n<div class=\"wp-block-column is-layout-flow wp-block-column-is-layout-flow\">\n<figure class=\"wp-block-image alignfull size-full\"><img loading=\"lazy\" decoding=\"async\" width=\"800\" height=\"800\" src=\"https:\/\/yousanusb.com\/wp-content\/uploads\/2025\/06\/china-metal-card-usb-flash-drive-factory.jpg\" alt=\"\" class=\"wp-image-16692\" srcset=\"https:\/\/www.yousanusb.com\/wp-content\/uploads\/2025\/06\/china-metal-card-usb-flash-drive-factory.jpg 800w, https:\/\/www.yousanusb.com\/wp-content\/uploads\/2025\/06\/china-metal-card-usb-flash-drive-factory-300x300.jpg 300w, https:\/\/www.yousanusb.com\/wp-content\/uploads\/2025\/06\/china-metal-card-usb-flash-drive-factory-150x150.jpg 150w, https:\/\/www.yousanusb.com\/wp-content\/uploads\/2025\/06\/china-metal-card-usb-flash-drive-factory-768x768.jpg 768w, https:\/\/www.yousanusb.com\/wp-content\/uploads\/2025\/06\/china-metal-card-usb-flash-drive-factory-12x12.jpg 12w, https:\/\/www.yousanusb.com\/wp-content\/uploads\/2025\/06\/china-metal-card-usb-flash-drive-factory-600x600.jpg 600w, https:\/\/www.yousanusb.com\/wp-content\/uploads\/2025\/06\/china-metal-card-usb-flash-drive-factory-100x100.jpg 100w\" sizes=\"(max-width: 800px) 100vw, 800px\" \/><\/figure>\n<\/div>\n<\/div>\n\n\n\n<p>\u200b<\/p>\n\n\n\n<h2 class=\"wp-block-heading\">Kann ich sie mit meinem Firmen-\/Personenlogo individuell gestalten? <\/h2>\n\n\n\n<p>Sowohl die Vorder- als auch die R\u00fcckseite der Metallkarte k\u00f6nnen individuell gestaltet werden:<\/p>\n\n\n\n<ul class=\"wp-block-list\">\n<li><strong>Vollfarbiger Druck.<\/strong>Moderne Mehrfarbentechnologie f\u00fcr lebendige, fotorealistische Logos mit Farbverl\u00e4ufen und komplexen Designs.<\/li>\n\n\n\n<li><strong>Lasergraviertes Logo:<\/strong>Bei der Lasergravur von Logos auf USB-Sticks f\u00fcr Metallkarten wird eine hochpr\u00e4zise Lasertechnologie eingesetzt, um Muster oder Text in die Metalloberfl\u00e4che zu \u00e4tzen. So entstehen dauerhafte, verschlei\u00dffeste Markierungen mit feinen Details und einem eleganten, professionellen Finish. Dieses Verfahren stellt sicher, dass das Logo auch nach l\u00e4ngerem Gebrauch klar und unversehrt bleibt, was den Wiedererkennungswert der Marke und die \u00c4sthetik des Produkts erh\u00f6ht.<\/li>\n<\/ul>\n\n\n\n<div class=\"wp-block-columns is-layout-flex wp-container-core-columns-is-layout-3 wp-block-columns-is-layout-flex\">\n<div class=\"wp-block-column is-layout-flow wp-block-column-is-layout-flow\"><div class=\"wp-block-image\">\n<figure class=\"aligncenter size-full\"><img loading=\"lazy\" decoding=\"async\" width=\"800\" height=\"800\" src=\"https:\/\/yousanusb.com\/wp-content\/uploads\/2025\/06\/oem-metal-card-usb-flash-drive-china-factory.jpg\" alt=\"oem metall karte usb flash drive china fabrik\" class=\"wp-image-16702\" srcset=\"https:\/\/www.yousanusb.com\/wp-content\/uploads\/2025\/06\/oem-metal-card-usb-flash-drive-china-factory.jpg 800w, https:\/\/www.yousanusb.com\/wp-content\/uploads\/2025\/06\/oem-metal-card-usb-flash-drive-china-factory-300x300.jpg 300w, https:\/\/www.yousanusb.com\/wp-content\/uploads\/2025\/06\/oem-metal-card-usb-flash-drive-china-factory-150x150.jpg 150w, https:\/\/www.yousanusb.com\/wp-content\/uploads\/2025\/06\/oem-metal-card-usb-flash-drive-china-factory-768x768.jpg 768w, https:\/\/www.yousanusb.com\/wp-content\/uploads\/2025\/06\/oem-metal-card-usb-flash-drive-china-factory-12x12.jpg 12w, https:\/\/www.yousanusb.com\/wp-content\/uploads\/2025\/06\/oem-metal-card-usb-flash-drive-china-factory-600x600.jpg 600w, https:\/\/www.yousanusb.com\/wp-content\/uploads\/2025\/06\/oem-metal-card-usb-flash-drive-china-factory-100x100.jpg 100w\" sizes=\"(max-width: 800px) 100vw, 800px\" \/><figcaption class=\"wp-element-caption\">Vollfarbiger Druck des Logos<\/figcaption><\/figure><\/div><\/div>\n\n\n\n<div class=\"wp-block-column is-layout-flow wp-block-column-is-layout-flow\"><div class=\"wp-block-image\">\n<figure class=\"aligncenter size-full\"><img loading=\"lazy\" decoding=\"async\" width=\"800\" height=\"800\" src=\"https:\/\/yousanusb.com\/wp-content\/uploads\/2025\/06\/samsung-metal-otg-usb-card.jpg\" alt=\"samsung metall otg usb-karte\" class=\"wp-image-16704\" srcset=\"https:\/\/www.yousanusb.com\/wp-content\/uploads\/2025\/06\/samsung-metal-otg-usb-card.jpg 800w, https:\/\/www.yousanusb.com\/wp-content\/uploads\/2025\/06\/samsung-metal-otg-usb-card-300x300.jpg 300w, https:\/\/www.yousanusb.com\/wp-content\/uploads\/2025\/06\/samsung-metal-otg-usb-card-150x150.jpg 150w, https:\/\/www.yousanusb.com\/wp-content\/uploads\/2025\/06\/samsung-metal-otg-usb-card-768x768.jpg 768w, https:\/\/www.yousanusb.com\/wp-content\/uploads\/2025\/06\/samsung-metal-otg-usb-card-12x12.jpg 12w, https:\/\/www.yousanusb.com\/wp-content\/uploads\/2025\/06\/samsung-metal-otg-usb-card-600x600.jpg 600w, https:\/\/www.yousanusb.com\/wp-content\/uploads\/2025\/06\/samsung-metal-otg-usb-card-100x100.jpg 100w\" sizes=\"(max-width: 800px) 100vw, 800px\" \/><figcaption class=\"wp-element-caption\">Lasergravur des Logos<\/figcaption><\/figure><\/div><\/div>\n<\/div>\n\n\n\n<h2 class=\"wp-block-heading\">Fallstudien zu kundenspezifischen Logos auf USB 3.0-Metallkarten-USB-Flash-Laufwerken<\/h2>\n\n\n\n<p>Bei einer Smartphone-Einf\u00fchrungsveranstaltung verteilte ein Technologieunternehmen USB-Laufwerke mit Metallkarten, die mit seinem Markenlogo per Pr\u00e4zisionslasergravur versehen waren. Diese dienten als hochwertige Werbegeschenke f\u00fcr Medien und Teilnehmer und verst\u00e4rkten die Sichtbarkeit der Marke w\u00e4hrend der Produktwerbung.<\/p>\n\n\n\n<div class=\"wp-block-columns is-layout-flex wp-container-core-columns-is-layout-4 wp-block-columns-is-layout-flex\">\n<div class=\"wp-block-column is-layout-flow wp-block-column-is-layout-flow\">\n<figure class=\"wp-block-image size-full\"><img loading=\"lazy\" decoding=\"async\" width=\"800\" height=\"800\" src=\"https:\/\/yousanusb.com\/wp-content\/uploads\/2025\/06\/custom-metal-card-usb-flash-drive.jpg\" alt=\"benutzerdefinierte metall-karte usb-flash-laufwerk\" class=\"wp-image-16695\" srcset=\"https:\/\/www.yousanusb.com\/wp-content\/uploads\/2025\/06\/custom-metal-card-usb-flash-drive.jpg 800w, https:\/\/www.yousanusb.com\/wp-content\/uploads\/2025\/06\/custom-metal-card-usb-flash-drive-300x300.jpg 300w, https:\/\/www.yousanusb.com\/wp-content\/uploads\/2025\/06\/custom-metal-card-usb-flash-drive-150x150.jpg 150w, https:\/\/www.yousanusb.com\/wp-content\/uploads\/2025\/06\/custom-metal-card-usb-flash-drive-768x768.jpg 768w, https:\/\/www.yousanusb.com\/wp-content\/uploads\/2025\/06\/custom-metal-card-usb-flash-drive-12x12.jpg 12w, https:\/\/www.yousanusb.com\/wp-content\/uploads\/2025\/06\/custom-metal-card-usb-flash-drive-600x600.jpg 600w, https:\/\/www.yousanusb.com\/wp-content\/uploads\/2025\/06\/custom-metal-card-usb-flash-drive-100x100.jpg 100w\" sizes=\"(max-width: 800px) 100vw, 800px\" \/><\/figure>\n<\/div>\n\n\n\n<div class=\"wp-block-column is-layout-flow wp-block-column-is-layout-flow\">\n<figure class=\"wp-block-image size-full\"><img loading=\"lazy\" decoding=\"async\" width=\"800\" height=\"800\" src=\"https:\/\/yousanusb.com\/wp-content\/uploads\/2025\/06\/metal-usb-business-card.jpg\" alt=\"\" class=\"wp-image-16699\" srcset=\"https:\/\/www.yousanusb.com\/wp-content\/uploads\/2025\/06\/metal-usb-business-card.jpg 800w, https:\/\/www.yousanusb.com\/wp-content\/uploads\/2025\/06\/metal-usb-business-card-300x300.jpg 300w, https:\/\/www.yousanusb.com\/wp-content\/uploads\/2025\/06\/metal-usb-business-card-150x150.jpg 150w, https:\/\/www.yousanusb.com\/wp-content\/uploads\/2025\/06\/metal-usb-business-card-768x768.jpg 768w, https:\/\/www.yousanusb.com\/wp-content\/uploads\/2025\/06\/metal-usb-business-card-12x12.jpg 12w, https:\/\/www.yousanusb.com\/wp-content\/uploads\/2025\/06\/metal-usb-business-card-600x600.jpg 600w, https:\/\/www.yousanusb.com\/wp-content\/uploads\/2025\/06\/metal-usb-business-card-100x100.jpg 100w\" sizes=\"(max-width: 800px) 100vw, 800px\" \/><\/figure>\n<\/div>\n\n\n\n<div class=\"wp-block-column is-layout-flow wp-block-column-is-layout-flow\">\n<figure class=\"wp-block-image size-full\"><img loading=\"lazy\" decoding=\"async\" width=\"800\" height=\"800\" src=\"https:\/\/yousanusb.com\/wp-content\/uploads\/2025\/06\/Metal-Card-USB-Flash-Drive-Usage-Diagram.jpg\" alt=\"Metallkarte USB-Flash-Laufwerk Verwendungsdiagramm\" class=\"wp-image-16696\" srcset=\"https:\/\/www.yousanusb.com\/wp-content\/uploads\/2025\/06\/Metal-Card-USB-Flash-Drive-Usage-Diagram.jpg 800w, https:\/\/www.yousanusb.com\/wp-content\/uploads\/2025\/06\/Metal-Card-USB-Flash-Drive-Usage-Diagram-300x300.jpg 300w, https:\/\/www.yousanusb.com\/wp-content\/uploads\/2025\/06\/Metal-Card-USB-Flash-Drive-Usage-Diagram-150x150.jpg 150w, https:\/\/www.yousanusb.com\/wp-content\/uploads\/2025\/06\/Metal-Card-USB-Flash-Drive-Usage-Diagram-768x768.jpg 768w, https:\/\/www.yousanusb.com\/wp-content\/uploads\/2025\/06\/Metal-Card-USB-Flash-Drive-Usage-Diagram-12x12.jpg 12w, https:\/\/www.yousanusb.com\/wp-content\/uploads\/2025\/06\/Metal-Card-USB-Flash-Drive-Usage-Diagram-600x600.jpg 600w, https:\/\/www.yousanusb.com\/wp-content\/uploads\/2025\/06\/Metal-Card-USB-Flash-Drive-Usage-Diagram-100x100.jpg 100w\" sizes=\"(max-width: 800px) 100vw, 800px\" \/><\/figure>\n<\/div>\n<\/div>\n\n\n\n<p>Zusammenfassend l\u00e4sst sich sagen, dass dieses USB 3.0-Metallkarten-Flash-Laufwerk mit Longboard-Chip rasante Geschwindigkeiten (USB 3.0), gro\u00dfz\u00fcgige Kapazit\u00e4t (8-128 GB), robuste Haltbarkeit (Metallkonstruktion), elegante Farben und anpassbares Branding kombiniert. Ob zur effizienten Datensicherung, zum schnellen Dateiaustausch oder als unverwechselbares Firmengeschenk - es ist eine zuverl\u00e4ssige und auff\u00e4llige tragbare Speicherl\u00f6sung, die gleichzeitig Ihre professionelle Visitenkarte darstellt!<\/p>","protected":false},"excerpt":{"rendered":"<ul>\n<li>Aluminiumlegierung<\/li>\n<li>Die meisten Farben sind frei w\u00e4hlbar.<\/li>\n<li>Metallgeh\u00e4use: Geb\u00fcrstetes Finish und glatte Oberfl\u00e4che<\/li>\n<li>Unterst\u00fctzt Lasergravur<\/li>\n<li>MOQ:100St\u00fcck<\/li>\n<\/ul>","protected":false},"featured_media":16697,"comment_status":"open","ping_status":"closed","template":"","meta":{"_seopress_robots_primary_cat":"none","_seopress_titles_title":"","_seopress_titles_desc":"","_seopress_robots_index":""},"class_list":["post-16684","product","type-product","status-publish","has-post-thumbnail","hentry","product_cat-usb30-flash-drive","product_cat-card-usb-flash-drive","product_tag-aluminium-card-usb-flash-drive","product_tag-aluminum-flash-drive","product_tag-metal-card-usb-drive","product_tag-usb3-0-card-shaped-drive"],"_links":{"self":[{"href":"https:\/\/www.yousanusb.com\/de\/wp-json\/wp\/v2\/product\/16684"}],"collection":[{"href":"https:\/\/www.yousanusb.com\/de\/wp-json\/wp\/v2\/product"}],"about":[{"href":"https:\/\/www.yousanusb.com\/de\/wp-json\/wp\/v2\/types\/product"}],"replies":[{"embeddable":true,"href":"https:\/\/www.yousanusb.com\/de\/wp-json\/wp\/v2\/comments?post=16684"}],"wp:featuredmedia":[{"embeddable":true,"href":"https:\/\/www.yousanusb.com\/de\/wp-json\/wp\/v2\/media\/16697"}],"wp:attachment":[{"href":"https:\/\/www.yousanusb.com\/de\/wp-json\/wp\/v2\/media?parent=16684"}],"curies":[{"name":"wp","href":"https:\/\/api.w.org\/{rel}","templated":true}]}}