{"id":16783,"date":"2025-06-10T06:36:45","date_gmt":"2025-06-10T06:36:45","guid":{"rendered":"https:\/\/yousanusb.com\/?post_type=product&#038;p=16783"},"modified":"2025-11-13T12:55:02","modified_gmt":"2025-11-13T12:55:02","slug":"metal-chubby-usb-flash-drive-the-best-metal-usb-drive","status":"publish","type":"product","link":"https:\/\/www.yousanusb.com\/de\/product\/metal-chubby-usb-flash-drive-the-best-metal-usb-drive\/","title":{"rendered":"Chubby USB-Stick aus Metall: Der beste Metall-USB-Stick"},"content":{"rendered":"<p>Auf dem Markt f\u00fcr USB-Flash-Laufwerke zeichnet sich das Metal Chubby USB-Flash-Laufwerk durch sein rundes und kleines, um 360\u00b0 drehbares Design ohne Deckel, sein Ganzmetallgeh\u00e4use und seine kosteng\u00fcnstigen und leistungsstarken Geschenkeigenschaften aus. Er hat sich zu einer beliebten Wahl f\u00fcr individuelle Firmengeschenke und pers\u00f6nliche tragbare Speicherger\u00e4te entwickelt. <\/p>\n\n\n\n<p>Die niedliche \"pausb\u00e4ckige\" Form mit der robusten Metallstruktur erf\u00fcllt nicht nur die t\u00e4glichen Anforderungen an eine effiziente Aufbewahrung, sondern kann auch als modisches Accessoire oder als Gesch\u00e4ftsgeschenk verwendet werden, so dass die Datenspeicherung nicht l\u00e4nger eint\u00f6nig ist!<\/p>\n\n\n\n<h2 class=\"wp-block-heading\">1 Design Stil von Metall Chubby USB Flash Drive<\/h2>\n\n\n\n<p>Der Metal Chubby USB-Stick hat einen niedlichen Mini-Stil. Das Geh\u00e4use verf\u00fcgt \u00fcber ein 360\u00b0 drehbares, deckelloses Design mit einer integrierten Metallkappe und einem drehbaren Geh\u00e4use. Durch ein Pr\u00e4zisionslager k\u00f6nnen die Schnittstellen frei gewechselt werden, so dass man sich keine Sorgen um den Verlust der Schutzabdeckung machen muss und die USB-Schnittstelle effektiv vor Staub und Verschlei\u00df gesch\u00fctzt ist. Im Gegensatz zur flachen Form herk\u00f6mmlicher USB-Flash-Laufwerke hat er ein rundes, zylindrisches Geh\u00e4use mit Abmessungen von nur 39\u00d716\u00d78 mm und einem Gewicht von etwa 20 g.<\/p>\n\n\n\n<div class=\"wp-block-columns is-layout-flex wp-container-core-columns-is-layout-1 wp-block-columns-is-layout-flex\">\n<div class=\"wp-block-column is-layout-flow wp-block-column-is-layout-flow\">\n<figure class=\"wp-block-image size-full is-resized\"><img fetchpriority=\"high\" decoding=\"async\" width=\"800\" height=\"800\" src=\"https:\/\/www.yousanusb.com\/wp-content\/uploads\/2025\/10\/mini-metal-usb3.0-flash-memory.jpg\" alt=\"\" class=\"wp-image-19949\" style=\"aspect-ratio:1;width:387px;height:auto\" srcset=\"https:\/\/www.yousanusb.com\/wp-content\/uploads\/2025\/10\/mini-metal-usb3.0-flash-memory.jpg 800w, https:\/\/www.yousanusb.com\/wp-content\/uploads\/2025\/10\/mini-metal-usb3.0-flash-memory-300x300.jpg 300w, https:\/\/www.yousanusb.com\/wp-content\/uploads\/2025\/10\/mini-metal-usb3.0-flash-memory-150x150.jpg 150w, https:\/\/www.yousanusb.com\/wp-content\/uploads\/2025\/10\/mini-metal-usb3.0-flash-memory-768x768.jpg 768w, https:\/\/www.yousanusb.com\/wp-content\/uploads\/2025\/10\/mini-metal-usb3.0-flash-memory-12x12.jpg 12w, https:\/\/www.yousanusb.com\/wp-content\/uploads\/2025\/10\/mini-metal-usb3.0-flash-memory-600x600.jpg 600w, https:\/\/www.yousanusb.com\/wp-content\/uploads\/2025\/10\/mini-metal-usb3.0-flash-memory-100x100.jpg 100w\" sizes=\"(max-width: 800px) 100vw, 800px\" \/><\/figure>\n<\/div>\n\n\n\n<div class=\"wp-block-column is-layout-flow wp-block-column-is-layout-flow\">\n<figure class=\"wp-block-image size-full\"><img decoding=\"async\" width=\"800\" height=\"800\" src=\"https:\/\/www.yousanusb.com\/wp-content\/uploads\/2025\/10\/metal-otg-usb3.0-flash-drive.jpg\" alt=\"\" class=\"wp-image-19948\" srcset=\"https:\/\/www.yousanusb.com\/wp-content\/uploads\/2025\/10\/metal-otg-usb3.0-flash-drive.jpg 800w, https:\/\/www.yousanusb.com\/wp-content\/uploads\/2025\/10\/metal-otg-usb3.0-flash-drive-300x300.jpg 300w, https:\/\/www.yousanusb.com\/wp-content\/uploads\/2025\/10\/metal-otg-usb3.0-flash-drive-150x150.jpg 150w, https:\/\/www.yousanusb.com\/wp-content\/uploads\/2025\/10\/metal-otg-usb3.0-flash-drive-768x768.jpg 768w, https:\/\/www.yousanusb.com\/wp-content\/uploads\/2025\/10\/metal-otg-usb3.0-flash-drive-12x12.jpg 12w, https:\/\/www.yousanusb.com\/wp-content\/uploads\/2025\/10\/metal-otg-usb3.0-flash-drive-600x600.jpg 600w, https:\/\/www.yousanusb.com\/wp-content\/uploads\/2025\/10\/metal-otg-usb3.0-flash-drive-100x100.jpg 100w\" sizes=\"(max-width: 800px) 100vw, 800px\" \/><\/figure>\n<\/div>\n\n\n\n<div class=\"wp-block-column is-layout-flow wp-block-column-is-layout-flow\">\n<figure class=\"wp-block-image size-full\"><img decoding=\"async\" width=\"800\" height=\"800\" src=\"https:\/\/www.yousanusb.com\/wp-content\/uploads\/2025\/10\/golden-metal-usb3.0-flash-drive.jpg\" alt=\"\" class=\"wp-image-19947\" srcset=\"https:\/\/www.yousanusb.com\/wp-content\/uploads\/2025\/10\/golden-metal-usb3.0-flash-drive.jpg 800w, https:\/\/www.yousanusb.com\/wp-content\/uploads\/2025\/10\/golden-metal-usb3.0-flash-drive-300x300.jpg 300w, https:\/\/www.yousanusb.com\/wp-content\/uploads\/2025\/10\/golden-metal-usb3.0-flash-drive-150x150.jpg 150w, https:\/\/www.yousanusb.com\/wp-content\/uploads\/2025\/10\/golden-metal-usb3.0-flash-drive-768x768.jpg 768w, https:\/\/www.yousanusb.com\/wp-content\/uploads\/2025\/10\/golden-metal-usb3.0-flash-drive-12x12.jpg 12w, https:\/\/www.yousanusb.com\/wp-content\/uploads\/2025\/10\/golden-metal-usb3.0-flash-drive-600x600.jpg 600w, https:\/\/www.yousanusb.com\/wp-content\/uploads\/2025\/10\/golden-metal-usb3.0-flash-drive-100x100.jpg 100w\" sizes=\"(max-width: 800px) 100vw, 800px\" \/><\/figure>\n<\/div>\n<\/div>\n\n\n\n<p>Ganzmetallisches Material: Schale aus Edelstahl\/Zinklegierung, mit mattierter oder galvanischer Beschichtung behandelt, mit hochwertiger und dauerhafter Textur, komfortablem Griff, Druckfestigkeit und Fallfestigkeit. Es kann auch nach einem Falltest aus 1,2 Metern noch normal funktionieren und bietet ein ausgewogenes Handgef\u00fchl und Haltbarkeit. Ob in der Tasche oder am Schl\u00fcsselbund, es ist ein echter Hingucker.<\/p>\n\n\n\n<h2 class=\"wp-block-heading\">2\u3001Schnittstellen und Parameter von Metal Chubby USB Flash Drive?<\/h2>\n\n\n\n<p>Das Metal Chubby USB-Flash-Laufwerk bietet optionale USB2.0-Schnittstellen und USB3.0\/USB3.1-Hochgeschwindigkeitsschnittstellen, um sich an die \u00dcbertragungsanforderungen verschiedener Ger\u00e4te anzupassen. Im Folgenden finden Sie eine detaillierte Parametertabelle:<\/p>\n\n\n\n<figure class=\"wp-block-table\"><table class=\"has-fixed-layout\"><thead><tr><th>Parameter Position<\/th><th>USB2.0-Version<\/th><th>USB3.0-Version<\/th><th>USB3.1-Version<\/th><\/tr><\/thead><tbody><tr><td>\u00dcbertragungsrate<\/td><td>Lesen\u224835MB\/s, Schreiben\u224815MB\/s<\/td><td>Lesen\u2248150MB\/s, Schreiben\u224850MB\/s<\/td><td>Lesen\u2248500MB\/s, Schreiben\u2248200MB\/s<\/td><\/tr><tr><td>K\u00f6rpergr\u00f6\u00dfe<\/td><td>Durchmesser 28mm\u00d7H\u00f6he 45mm<\/td><td>Durchmesser 28mm\u00d7H\u00f6he 45mm<\/td><td>Durchmesser 28mm\u00d7H\u00f6he 45mm<\/td><\/tr><tr><td>K\u00f6rpergewicht<\/td><td>Ca. 22g<\/td><td>Ca. 22g<\/td><td>Ca. 22g<\/td><\/tr><tr><td>Material der Schale<\/td><td>Aluminiumlegierung (eloxiert)<\/td><td>Aluminiumlegierung (eloxiert)<\/td><td>Aluminiumlegierung (eloxiert)<\/td><\/tr><tr><td>Kompatible Systeme<\/td><td>Windows\/macOS\/Linux<\/td><td>Windows\/macOS\/Linux<\/td><td>Windows\/macOS\/Linux<\/td><\/tr><tr><td>Besondere Merkmale<\/td><td>360\u00b0 drehbares Design ohne Deckel<\/td><td>360\u00b0 drehbares Design ohne Deckel<\/td><td>360\u00b0 drehbares Design ohne Deckel<\/td><\/tr><\/tbody><\/table><\/figure>\n\n\n\n<div class=\"wp-block-columns is-layout-flex wp-container-core-columns-is-layout-2 wp-block-columns-is-layout-flex\">\n<div class=\"wp-block-column is-layout-flow wp-block-column-is-layout-flow\">\n<figure class=\"wp-block-image size-full\"><img loading=\"lazy\" decoding=\"async\" width=\"800\" height=\"800\" src=\"https:\/\/www.yousanusb.com\/wp-content\/uploads\/2025\/10\/silver-metal-usb-c-usb3.0-flash-drive.jpg\" alt=\"\" class=\"wp-image-19950\" srcset=\"https:\/\/www.yousanusb.com\/wp-content\/uploads\/2025\/10\/silver-metal-usb-c-usb3.0-flash-drive.jpg 800w, https:\/\/www.yousanusb.com\/wp-content\/uploads\/2025\/10\/silver-metal-usb-c-usb3.0-flash-drive-300x300.jpg 300w, https:\/\/www.yousanusb.com\/wp-content\/uploads\/2025\/10\/silver-metal-usb-c-usb3.0-flash-drive-150x150.jpg 150w, https:\/\/www.yousanusb.com\/wp-content\/uploads\/2025\/10\/silver-metal-usb-c-usb3.0-flash-drive-768x768.jpg 768w, https:\/\/www.yousanusb.com\/wp-content\/uploads\/2025\/10\/silver-metal-usb-c-usb3.0-flash-drive-12x12.jpg 12w, https:\/\/www.yousanusb.com\/wp-content\/uploads\/2025\/10\/silver-metal-usb-c-usb3.0-flash-drive-600x600.jpg 600w, https:\/\/www.yousanusb.com\/wp-content\/uploads\/2025\/10\/silver-metal-usb-c-usb3.0-flash-drive-100x100.jpg 100w\" sizes=\"(max-width: 800px) 100vw, 800px\" \/><\/figure>\n<\/div>\n\n\n\n<div class=\"wp-block-column is-layout-flow wp-block-column-is-layout-flow\"><div class=\"wp-block-image\">\n<figure class=\"aligncenter size-full\"><img loading=\"lazy\" decoding=\"async\" width=\"800\" height=\"800\" src=\"https:\/\/yousanusb.com\/wp-content\/uploads\/2025\/06\/Metal-Chubby-USB-Flash-Drive.jpg\" alt=\"Pausb\u00e4ckiger USB-Stick aus Metall\" class=\"wp-image-16804\" srcset=\"https:\/\/www.yousanusb.com\/wp-content\/uploads\/2025\/06\/Metal-Chubby-USB-Flash-Drive.jpg 800w, https:\/\/www.yousanusb.com\/wp-content\/uploads\/2025\/06\/Metal-Chubby-USB-Flash-Drive-300x300.jpg 300w, https:\/\/www.yousanusb.com\/wp-content\/uploads\/2025\/06\/Metal-Chubby-USB-Flash-Drive-150x150.jpg 150w, https:\/\/www.yousanusb.com\/wp-content\/uploads\/2025\/06\/Metal-Chubby-USB-Flash-Drive-768x768.jpg 768w, https:\/\/www.yousanusb.com\/wp-content\/uploads\/2025\/06\/Metal-Chubby-USB-Flash-Drive-12x12.jpg 12w, https:\/\/www.yousanusb.com\/wp-content\/uploads\/2025\/06\/Metal-Chubby-USB-Flash-Drive-600x600.jpg 600w, https:\/\/www.yousanusb.com\/wp-content\/uploads\/2025\/06\/Metal-Chubby-USB-Flash-Drive-100x100.jpg 100w\" sizes=\"(max-width: 800px) 100vw, 800px\" \/><\/figure><\/div><\/div>\n<\/div>\n\n\n\n<p><\/p>\n\n\n\n<h2 class=\"wp-block-heading\">3. Farben und Kapazit\u00e4ten von Metal Chubby USB Flash Drive?<\/h2>\n\n\n\n<h3 class=\"wp-block-heading\">1. Drei Farboptionen, wobei Silber die erste Wahl f\u00fcr 80% der Benutzer ist<\/h3>\n\n\n\n<p>Sie bietet drei klassische Farboptionen: Gold, Silber und Ros\u00e9gold. Unter ihnen macht Silber 80% der Verk\u00e4ufe aus und ist die beliebteste Wahl geworden!<\/p>\n\n\n\n<ul class=\"wp-block-list\">\n<li>Silber: Schlicht und elegant, vielseitig einsetzbar f\u00fcr alle Situationen. Der Metallglanz ist zart und unaufdringlich, schmutzabweisend und leicht zu reinigen. Es eignet sich f\u00fcr Benutzer, die eine zur\u00fcckhaltende Textur suchen, sei es bei Gesch\u00e4ftstreffen oder im t\u00e4glichen Gebrauch.<\/li>\n\n\n\n<li>Gold: Luxuri\u00f6s und auff\u00e4llig, was die Qualit\u00e4t der Geschenke erh\u00f6ht. Es ist geeignet f\u00fcr High-End-Corporate-Anpassung oder Urlaub Geschenke.<\/li>\n\n\n\n<li>Ros\u00e9gold: Sanft und modisch, sehr beliebt bei weiblichen Benutzern. Es sieht mehr zart, wenn mit Handys und Laptops gepaart.<\/li>\n<\/ul>\n\n\n\n<div class=\"wp-block-columns is-layout-flex wp-container-core-columns-is-layout-3 wp-block-columns-is-layout-flex\">\n<div class=\"wp-block-column is-layout-flow wp-block-column-is-layout-flow\">\n<figure class=\"wp-block-image size-full\"><img loading=\"lazy\" decoding=\"async\" width=\"800\" height=\"800\" src=\"https:\/\/yousanusb.com\/wp-content\/uploads\/2025\/06\/Rose-Gold-Metal-USB-3.0-Chubby-Flash-Drive.jpg\" alt=\"Rose Gold Metall USB 3.0 Chubby Flash Drive\" class=\"wp-image-16805\" srcset=\"https:\/\/www.yousanusb.com\/wp-content\/uploads\/2025\/06\/Rose-Gold-Metal-USB-3.0-Chubby-Flash-Drive.jpg 800w, https:\/\/www.yousanusb.com\/wp-content\/uploads\/2025\/06\/Rose-Gold-Metal-USB-3.0-Chubby-Flash-Drive-300x300.jpg 300w, https:\/\/www.yousanusb.com\/wp-content\/uploads\/2025\/06\/Rose-Gold-Metal-USB-3.0-Chubby-Flash-Drive-150x150.jpg 150w, https:\/\/www.yousanusb.com\/wp-content\/uploads\/2025\/06\/Rose-Gold-Metal-USB-3.0-Chubby-Flash-Drive-768x768.jpg 768w, https:\/\/www.yousanusb.com\/wp-content\/uploads\/2025\/06\/Rose-Gold-Metal-USB-3.0-Chubby-Flash-Drive-12x12.jpg 12w, https:\/\/www.yousanusb.com\/wp-content\/uploads\/2025\/06\/Rose-Gold-Metal-USB-3.0-Chubby-Flash-Drive-600x600.jpg 600w, https:\/\/www.yousanusb.com\/wp-content\/uploads\/2025\/06\/Rose-Gold-Metal-USB-3.0-Chubby-Flash-Drive-100x100.jpg 100w\" sizes=\"(max-width: 800px) 100vw, 800px\" \/><\/figure>\n<\/div>\n\n\n\n<div class=\"wp-block-column is-layout-flow wp-block-column-is-layout-flow\">\n<figure class=\"wp-block-image size-full\"><img loading=\"lazy\" decoding=\"async\" width=\"800\" height=\"800\" src=\"https:\/\/www.yousanusb.com\/wp-content\/uploads\/2025\/06\/Metal-Chubby-USB-Drive-Manufacturer.jpg\" alt=\"Metall Chubby USB Drive Hersteller\" class=\"wp-image-16802\" srcset=\"https:\/\/www.yousanusb.com\/wp-content\/uploads\/2025\/06\/Metal-Chubby-USB-Drive-Manufacturer.jpg 800w, https:\/\/www.yousanusb.com\/wp-content\/uploads\/2025\/06\/Metal-Chubby-USB-Drive-Manufacturer-300x300.jpg 300w, https:\/\/www.yousanusb.com\/wp-content\/uploads\/2025\/06\/Metal-Chubby-USB-Drive-Manufacturer-150x150.jpg 150w, https:\/\/www.yousanusb.com\/wp-content\/uploads\/2025\/06\/Metal-Chubby-USB-Drive-Manufacturer-768x768.jpg 768w, https:\/\/www.yousanusb.com\/wp-content\/uploads\/2025\/06\/Metal-Chubby-USB-Drive-Manufacturer-12x12.jpg 12w, https:\/\/www.yousanusb.com\/wp-content\/uploads\/2025\/06\/Metal-Chubby-USB-Drive-Manufacturer-600x600.jpg 600w, https:\/\/www.yousanusb.com\/wp-content\/uploads\/2025\/06\/Metal-Chubby-USB-Drive-Manufacturer-100x100.jpg 100w\" sizes=\"(max-width: 800px) 100vw, 800px\" \/><\/figure>\n<\/div>\n\n\n\n<div class=\"wp-block-column is-layout-flow wp-block-column-is-layout-flow\">\n<figure class=\"wp-block-image size-full\"><img loading=\"lazy\" decoding=\"async\" width=\"800\" height=\"800\" src=\"https:\/\/yousanusb.com\/wp-content\/uploads\/2025\/06\/Gold-Metal-USB-3.0-Chubby-Flash-Drive.jpg\" alt=\"Goldfarbenes Metall-USB-3.0-Flash-Laufwerk mit Pausb\u00e4ckchen\" class=\"wp-image-16799\" srcset=\"https:\/\/www.yousanusb.com\/wp-content\/uploads\/2025\/06\/Gold-Metal-USB-3.0-Chubby-Flash-Drive.jpg 800w, https:\/\/www.yousanusb.com\/wp-content\/uploads\/2025\/06\/Gold-Metal-USB-3.0-Chubby-Flash-Drive-300x300.jpg 300w, https:\/\/www.yousanusb.com\/wp-content\/uploads\/2025\/06\/Gold-Metal-USB-3.0-Chubby-Flash-Drive-150x150.jpg 150w, https:\/\/www.yousanusb.com\/wp-content\/uploads\/2025\/06\/Gold-Metal-USB-3.0-Chubby-Flash-Drive-768x768.jpg 768w, https:\/\/www.yousanusb.com\/wp-content\/uploads\/2025\/06\/Gold-Metal-USB-3.0-Chubby-Flash-Drive-12x12.jpg 12w, https:\/\/www.yousanusb.com\/wp-content\/uploads\/2025\/06\/Gold-Metal-USB-3.0-Chubby-Flash-Drive-600x600.jpg 600w, https:\/\/www.yousanusb.com\/wp-content\/uploads\/2025\/06\/Gold-Metal-USB-3.0-Chubby-Flash-Drive-100x100.jpg 100w\" sizes=\"(max-width: 800px) 100vw, 800px\" \/><\/figure>\n<\/div>\n<\/div>\n\n\n\n<h3 class=\"wp-block-heading\">2. Vier Kapazit\u00e4tsstufen f\u00fcr unterschiedliche Speicherbed\u00fcrfnisse<\/h3>\n\n\n\n<p>Es bietet verschiedene Kapazit\u00e4ten: 1GB, 2GB, 4GB, 8GB, 16GB, 32GB, 64GB, 128GB, 256GB, 512GB.<\/p>\n\n\n\n<ul class=\"wp-block-list\">\n<li>8GB\/16GB: Geeignet zum Speichern leichter Dateien wie Dokumente und PPTs, die erste Wahl f\u00fcr Studenten oder zur vor\u00fcbergehenden \u00dcbertragung.<\/li>\n\n\n\n<li>32GB\/64GB: Erf\u00fcllt die Anforderungen an die Speicherung von hochaufl\u00f6senden Fotos und kurzen Videos, die f\u00fcr die t\u00e4gliche B\u00fcroarbeit und die Erweiterung des Mobiltelefons unerl\u00e4sslich sind.<\/li>\n\n\n\n<li>128GB\/256GB\/512GB: Unterst\u00fctzt die Speicherung von 4K-Videos und gro\u00dfen Design-Dateien, ein effizienter Arbeitspartner f\u00fcr Designer und Fotografen.<\/li>\n<\/ul>\n\n\n\n<h2 class=\"wp-block-heading\">Kann der Chubby USB-Stick aus Metall mit einem Logo versehen werden?<\/h2>\n\n\n\n<h3 class=\"wp-block-heading\">1. Beidseitige Personalisierung, zwei Prozesse optional<\/h3>\n\n\n\n<div class=\"wp-block-columns is-layout-flex wp-container-core-columns-is-layout-4 wp-block-columns-is-layout-flex\">\n<div class=\"wp-block-column is-layout-flow wp-block-column-is-layout-flow\">\n<figure class=\"wp-block-image size-full\"><img loading=\"lazy\" decoding=\"async\" width=\"800\" height=\"600\" src=\"https:\/\/www.yousanusb.com\/wp-content\/uploads\/2025\/06\/1\u7ec4-1-1.jpg\" alt=\"1\u7ec4 1 (1)\" class=\"wp-image-16914\" srcset=\"https:\/\/www.yousanusb.com\/wp-content\/uploads\/2025\/06\/1\u7ec4-1-1.jpg 800w, https:\/\/www.yousanusb.com\/wp-content\/uploads\/2025\/06\/1\u7ec4-1-1-300x225.jpg 300w, https:\/\/www.yousanusb.com\/wp-content\/uploads\/2025\/06\/1\u7ec4-1-1-768x576.jpg 768w, https:\/\/www.yousanusb.com\/wp-content\/uploads\/2025\/06\/1\u7ec4-1-1-16x12.jpg 16w, https:\/\/www.yousanusb.com\/wp-content\/uploads\/2025\/06\/1\u7ec4-1-1-600x450.jpg 600w\" sizes=\"(max-width: 800px) 100vw, 800px\" \/><\/figure>\n<\/div>\n\n\n\n<div class=\"wp-block-column is-vertically-aligned-center is-layout-flow wp-block-column-is-layout-flow\">\n<p>Es unterst\u00fctzt die Logoanpassung auf der Vorder- und R\u00fcckseite des USB-Sticks, wobei zwei hochpr\u00e4zise Verfahren zur Verf\u00fcgung stehen:<\/p>\n\n\n\n<ul class=\"wp-block-list\">\n<li>Lasergravur: \u00c4tzen des Logos auf der Metalloberfl\u00e4che per Laser, mit einer Tiefe von 0,05 mm, verschlei\u00dffest und nicht verblassen, pr\u00e4sentiert eine Low-Key-matte Textur, geeignet f\u00fcr einfache und High-End-Firmenlogos oder pers\u00f6nliche Unterschriften.<\/li>\n\n\n\n<li>Farbiger Siebdruck: Mit Siebdruck-Technologie, um bunte Muster wiederherzustellen, unterst\u00fctzt Farbverl\u00e4ufe und komplexe Designs, mit hellen und dauerhaften Farben. Die Mindestbestellmenge ist so niedrig wie 50 St\u00fcck, geeignet f\u00fcr Veranstaltung Geschenke und Markenf\u00f6rderung.<\/li>\n<\/ul>\n<\/div>\n<\/div>\n\n\n\n<h3 class=\"wp-block-heading\">2. Verpackungsanpassung, Standard- und erweiterte Optionen<\/h3>\n\n\n\n<div class=\"wp-block-columns is-layout-flex wp-container-core-columns-is-layout-5 wp-block-columns-is-layout-flex\">\n<div class=\"wp-block-column is-layout-flow wp-block-column-is-layout-flow\" style=\"flex-basis:33.33%\">\n<figure class=\"wp-block-image size-full\"><img loading=\"lazy\" decoding=\"async\" width=\"717\" height=\"717\" src=\"https:\/\/www.yousanusb.com\/wp-content\/uploads\/2025\/06\/Carabiner-Clasp-Metal-USB-Flash-Drive-Package-Box.png\" alt=\"Karabiner - Verschluss Metall USB Flash Drive Paket Box\" class=\"wp-image-17254\" srcset=\"https:\/\/www.yousanusb.com\/wp-content\/uploads\/2025\/06\/Carabiner-Clasp-Metal-USB-Flash-Drive-Package-Box.png 717w, https:\/\/www.yousanusb.com\/wp-content\/uploads\/2025\/06\/Carabiner-Clasp-Metal-USB-Flash-Drive-Package-Box-300x300.png 300w, https:\/\/www.yousanusb.com\/wp-content\/uploads\/2025\/06\/Carabiner-Clasp-Metal-USB-Flash-Drive-Package-Box-150x150.png 150w, https:\/\/www.yousanusb.com\/wp-content\/uploads\/2025\/06\/Carabiner-Clasp-Metal-USB-Flash-Drive-Package-Box-12x12.png 12w, https:\/\/www.yousanusb.com\/wp-content\/uploads\/2025\/06\/Carabiner-Clasp-Metal-USB-Flash-Drive-Package-Box-600x600.png 600w, https:\/\/www.yousanusb.com\/wp-content\/uploads\/2025\/06\/Carabiner-Clasp-Metal-USB-Flash-Drive-Package-Box-100x100.png 100w\" sizes=\"(max-width: 717px) 100vw, 717px\" \/><\/figure>\n<\/div>\n\n\n\n<div class=\"wp-block-column is-vertically-aligned-center is-layout-flow wp-block-column-is-layout-flow\" style=\"flex-basis:66.66%\">\n<ul class=\"wp-block-list\">\n<li>Standard-Verpackung: Transparente PP-Beutel (umweltfreundlich und leicht, geeignet f\u00fcr den Gro\u00dfeinkauf) oder Eisenboxen (sto\u00dffest und druckbest\u00e4ndig, verbessern den Geschenkcharakter).<\/li>\n\n\n\n<li>Ma\u00dfgeschneiderte Verpackungen: Geschenkschachteln, Samtbeutel, Aufbewahrungsboxen aus Leder usw., die mit Markenlogos bedruckt werden k\u00f6nnen, um den Anforderungen von Gesch\u00e4ftsgeschenken, Ausstellungsgeschenken und anderen Szenarien gerecht zu werden (Zyklus der Verpackungsanpassung: 7-10 Arbeitstage).<\/li>\n<\/ul>\n<\/div>\n<\/div>\n\n\n\n<h2 class=\"wp-block-heading\">H\u00e4ufig gestellte Fragen (Q&amp;A) \u00fcber Metal Chubby USB Flash Drive<\/h2>\n\n\n\n<h3 class=\"wp-block-heading\">Q1: K\u00f6nnen Mobiltelefone dieses USB-Flash-Laufwerk direkt verwenden?<\/h3>\n\n\n\n<p>A: Android-Telefone\/Telefone mit Typ-C-Schnittstelle und OTG-Funktion k\u00f6nnen mit einer USB3.0\/USB3.1-Version und einem Adapter direkt Daten lesen (einige iOS-Ger\u00e4te m\u00fcssen einen Lightning-Adapter verwenden).<\/p>\n\n\n\n<h3 class=\"wp-block-heading\">F2: Wie w\u00e4hlt man verschiedene Schnittstellenversionen aus?<\/h3>\n\n\n\n<p>A: USB2.0 ist kosteng\u00fcnstig f\u00fcr die t\u00e4gliche B\u00fcroarbeit; f\u00fcr die \u00dcbertragung gro\u00dfer Dateien (z. B. Videos und Design-Quelldateien) wird empfohlen, USB3.0\/USB3.1-Hochgeschwindigkeitsversionen zu w\u00e4hlen, bei denen die \u00dcbertragungsgeschwindigkeit um mehr als das Zehnfache erh\u00f6ht wird.<\/p>\n\n\n\n<div class=\"wp-block-columns is-layout-flex wp-container-core-columns-is-layout-6 wp-block-columns-is-layout-flex\">\n<div class=\"wp-block-column is-layout-flow wp-block-column-is-layout-flow\">\n<figure class=\"wp-block-image size-full\"><img loading=\"lazy\" decoding=\"async\" width=\"800\" height=\"800\" src=\"https:\/\/yousanusb.com\/wp-content\/uploads\/2025\/06\/Metal-Chubby-USB-Drive-sizes.jpg\" alt=\"Metall Chubby USB Drive Gr\u00f6\u00dfen\" class=\"wp-image-16803\" srcset=\"https:\/\/www.yousanusb.com\/wp-content\/uploads\/2025\/06\/Metal-Chubby-USB-Drive-sizes.jpg 800w, https:\/\/www.yousanusb.com\/wp-content\/uploads\/2025\/06\/Metal-Chubby-USB-Drive-sizes-300x300.jpg 300w, https:\/\/www.yousanusb.com\/wp-content\/uploads\/2025\/06\/Metal-Chubby-USB-Drive-sizes-150x150.jpg 150w, https:\/\/www.yousanusb.com\/wp-content\/uploads\/2025\/06\/Metal-Chubby-USB-Drive-sizes-768x768.jpg 768w, https:\/\/www.yousanusb.com\/wp-content\/uploads\/2025\/06\/Metal-Chubby-USB-Drive-sizes-12x12.jpg 12w, https:\/\/www.yousanusb.com\/wp-content\/uploads\/2025\/06\/Metal-Chubby-USB-Drive-sizes-600x600.jpg 600w, https:\/\/www.yousanusb.com\/wp-content\/uploads\/2025\/06\/Metal-Chubby-USB-Drive-sizes-100x100.jpg 100w\" sizes=\"(max-width: 800px) 100vw, 800px\" \/><\/figure>\n<\/div>\n\n\n\n<div class=\"wp-block-column is-layout-flow wp-block-column-is-layout-flow\">\n<figure class=\"wp-block-image size-full\"><img loading=\"lazy\" decoding=\"async\" width=\"800\" height=\"800\" src=\"https:\/\/yousanusb.com\/wp-content\/uploads\/2025\/06\/Metal-Chubby-USB-Drive-Manufacturer.jpg\" alt=\"Metall Chubby USB Drive Hersteller\" class=\"wp-image-16802\" srcset=\"https:\/\/www.yousanusb.com\/wp-content\/uploads\/2025\/06\/Metal-Chubby-USB-Drive-Manufacturer.jpg 800w, https:\/\/www.yousanusb.com\/wp-content\/uploads\/2025\/06\/Metal-Chubby-USB-Drive-Manufacturer-300x300.jpg 300w, https:\/\/www.yousanusb.com\/wp-content\/uploads\/2025\/06\/Metal-Chubby-USB-Drive-Manufacturer-150x150.jpg 150w, https:\/\/www.yousanusb.com\/wp-content\/uploads\/2025\/06\/Metal-Chubby-USB-Drive-Manufacturer-768x768.jpg 768w, https:\/\/www.yousanusb.com\/wp-content\/uploads\/2025\/06\/Metal-Chubby-USB-Drive-Manufacturer-12x12.jpg 12w, https:\/\/www.yousanusb.com\/wp-content\/uploads\/2025\/06\/Metal-Chubby-USB-Drive-Manufacturer-600x600.jpg 600w, https:\/\/www.yousanusb.com\/wp-content\/uploads\/2025\/06\/Metal-Chubby-USB-Drive-Manufacturer-100x100.jpg 100w\" sizes=\"(max-width: 800px) 100vw, 800px\" \/><\/figure>\n<\/div>\n\n\n\n<div class=\"wp-block-column is-layout-flow wp-block-column-is-layout-flow\">\n<figure class=\"wp-block-image size-full\"><img loading=\"lazy\" decoding=\"async\" width=\"800\" height=\"800\" src=\"https:\/\/yousanusb.com\/wp-content\/uploads\/2025\/06\/How-to-Use-Metal-Chubby-USB-Drive.jpg\" alt=\"Verwendung des Chubby-USB-Laufwerks aus Metall\" class=\"wp-image-16800\" srcset=\"https:\/\/www.yousanusb.com\/wp-content\/uploads\/2025\/06\/How-to-Use-Metal-Chubby-USB-Drive.jpg 800w, https:\/\/www.yousanusb.com\/wp-content\/uploads\/2025\/06\/How-to-Use-Metal-Chubby-USB-Drive-300x300.jpg 300w, https:\/\/www.yousanusb.com\/wp-content\/uploads\/2025\/06\/How-to-Use-Metal-Chubby-USB-Drive-150x150.jpg 150w, https:\/\/www.yousanusb.com\/wp-content\/uploads\/2025\/06\/How-to-Use-Metal-Chubby-USB-Drive-768x768.jpg 768w, https:\/\/www.yousanusb.com\/wp-content\/uploads\/2025\/06\/How-to-Use-Metal-Chubby-USB-Drive-12x12.jpg 12w, https:\/\/www.yousanusb.com\/wp-content\/uploads\/2025\/06\/How-to-Use-Metal-Chubby-USB-Drive-600x600.jpg 600w, https:\/\/www.yousanusb.com\/wp-content\/uploads\/2025\/06\/How-to-Use-Metal-Chubby-USB-Drive-100x100.jpg 100w\" sizes=\"(max-width: 800px) 100vw, 800px\" \/><\/figure>\n<\/div>\n<\/div>\n\n\n\n<p>Das Metal Chubby USB-Flash-Laufwerk l\u00f6st die Probleme herk\u00f6mmlicher USB-Flash-Laufwerke mit seinem um 360\u00b0 drehbaren Design ohne Deckel. Das Ganzmetallgeh\u00e4use bietet ein ausgewogenes Verh\u00e4ltnis zwischen Haltbarkeit und Aussehen. Die drei Farboptionen und mehrere Kapazit\u00e4tskonfigurationen erf\u00fcllen individuelle Anforderungen. Er unterst\u00fctzt auch die beidseitige Logoanpassung und die Aufwertung der Verpackung, was ihn zu einem vielseitigen Speichermedium f\u00fcr Firmengeschenke, Schreibwaren f\u00fcr Sch\u00fcler und den Arbeitsplatz macht. <\/p>\n\n\n\n<p>Ob als Gesch\u00e4ftsgeschenk, um den Wert der Marke zu vermitteln, oder f\u00fcr den pers\u00f6nlichen Gebrauch, um die Effizienz zu verbessern, kann es mit seiner niedlichen Form und stabilen Leistung zu Ihrem \"zuverl\u00e4ssigen Dickerchen\" f\u00fcr die Datenspeicherung werden!<\/p>","protected":false},"excerpt":{"rendered":"<ul>\n<li>360\u00b0 drehbares, deckelloses Design<\/li>\n<li>Ganzmetallgeh\u00e4use<\/li>\n<li>Drei Farben verf\u00fcgbar<\/li>\n<li>Mehrere Kapazit\u00e4tsoptionen<\/li>\n<li>MOQ:100St\u00fcck<\/li>\n<\/ul>","protected":false},"featured_media":16804,"comment_status":"open","ping_status":"closed","template":"","meta":{"_seopress_robots_primary_cat":"none","_seopress_titles_title":"","_seopress_titles_desc":"","_seopress_robots_index":""},"class_list":["post-16783","product","type-product","status-publish","has-post-thumbnail","hentry","product_cat-usb30-flash-drive","product_cat-metal-usb-flash-drive","product_cat-mini-usb-flash-drive","product_cat-rotating-usb-flash-drive","product_tag-chubby-usb-flash-drive","product_tag-rose-gold-usb-flash-drive","product_tag-custom-metal-keychain-usb-flash-drive","product_tag-buy-metal-leather-usb-flash-drive"],"_links":{"self":[{"href":"https:\/\/www.yousanusb.com\/de\/wp-json\/wp\/v2\/product\/16783"}],"collection":[{"href":"https:\/\/www.yousanusb.com\/de\/wp-json\/wp\/v2\/product"}],"about":[{"href":"https:\/\/www.yousanusb.com\/de\/wp-json\/wp\/v2\/types\/product"}],"replies":[{"embeddable":true,"href":"https:\/\/www.yousanusb.com\/de\/wp-json\/wp\/v2\/comments?post=16783"}],"wp:featuredmedia":[{"embeddable":true,"href":"https:\/\/www.yousanusb.com\/de\/wp-json\/wp\/v2\/media\/16804"}],"wp:attachment":[{"href":"https:\/\/www.yousanusb.com\/de\/wp-json\/wp\/v2\/media?parent=16783"}],"curies":[{"name":"wp","href":"https:\/\/api.w.org\/{rel}","templated":true}]}}