{"id":16892,"date":"2025-06-11T03:23:52","date_gmt":"2025-06-11T03:23:52","guid":{"rendered":"https:\/\/yousanusb.com\/?post_type=product&#038;p=16892"},"modified":"2025-11-04T09:06:15","modified_gmt":"2025-11-04T09:06:15","slug":"usb3-0-small-round-wooden-usb-flash-drive","status":"publish","type":"product","link":"https:\/\/www.yousanusb.com\/de\/product\/usb3-0-small-round-wooden-usb-flash-drive\/","title":{"rendered":"USB3.0 Kleines rundes USB-Flash-Laufwerk aus Holz"},"content":{"rendered":"<p>Der kleine runde USB3.0 USB-Stick aus Holz setzt die Tradition des minimalistischen Designs fort und zeichnet sich durch ein klares und glattes Aussehen aus. Der Magnetverschluss erm\u00f6glicht das \u00d6ffnen und Schlie\u00dfen in einem Schritt und sch\u00fctzt die USB-Schnittstelle vor Staub. Der USB-Stick ist in verschiedenen nat\u00fcrlichen Materialien erh\u00e4ltlich, darunter Rohholz, Ahorn, Mahagoni, karbonisierter Bambus und Bambusholz. Jedes Material besteht aus nat\u00fcrlichem Holz, mit einheitlichen und nat\u00fcrlichen Farben und Texturen, die die Einzigartigkeit und Sch\u00f6nheit jedes USB-Laufwerks gew\u00e4hrleisten.<\/p>\n\n\n\n<h2 class=\"wp-block-heading\">Schnittstelle und Parameter: Hochgeschwindigkeits\u00fcbertragung, stabil und zuverl\u00e4ssig<\/h2>\n\n\n\n<p>Das kleine runde USB-Flash-Laufwerk aus Holz USB3.0 ist mit Hochgeschwindigkeits-USB3.0- und USB3.1-Schnittstellen ausgestattet, die eine schnelle Daten\u00fcbertragung erm\u00f6glichen und die Arbeitseffizienz erheblich verbessern. Es unterst\u00fctzt auch die Abw\u00e4rtskompatibilit\u00e4t mit USB2.0-Schnittstellen, wodurch Kompatibilit\u00e4tsprobleme mit alten Ger\u00e4ten beseitigt werden. Die detaillierten Parameter sind wie folgt:<\/p>\n\n\n\n<figure class=\"wp-block-table\"><table class=\"has-fixed-layout\"><thead><tr><th><strong>Parameter Name<\/strong><\/th><th><strong>Parameter Wert<\/strong><\/th><\/tr><\/thead><tbody><tr><td>Schnittstelle Typ<\/td><td>USB3.0, USB3.1 (abw\u00e4rtskompatibel mit USB2.0)<\/td><\/tr><tr><td>\u00dcbertragungsgeschwindigkeit<\/td><td>Lesen: Bis zu 100MB\/s<br>Schreiben: Bis zu 60MB\/s<\/td><\/tr><tr><td>Kapazit\u00e4t Bereich<\/td><td>8GB, 16GB, 32GB, 64GB, 128GB<\/td><\/tr><tr><td>Abmessungen<\/td><td>L\u00e4nge: 60 mm<br>Durchmesser: 10 mm<\/td><\/tr><tr><td>Gewicht<\/td><td>Ungef\u00e4hr 15g<\/td><\/tr><tr><td>Material<\/td><td>Rohholz, Ahorn, Mahagoni, karbonisierter Bambus, Bambusholz<\/td><\/tr><tr><td>System-Kompatibilit\u00e4t<\/td><td>Windows XP\/7\/8\/10, Mac OS 10.0 und h\u00f6her<\/td><\/tr><\/tbody><\/table><\/figure>\n\n\n\n<div class=\"wp-block-columns are-vertically-aligned-center is-layout-flex wp-container-core-columns-is-layout-1 wp-block-columns-is-layout-flex\">\n<div class=\"wp-block-column is-vertically-aligned-center is-layout-flow wp-block-column-is-layout-flow\"><div class=\"wp-block-image\">\n<figure class=\"aligncenter size-full is-resized\"><img fetchpriority=\"high\" decoding=\"async\" width=\"800\" height=\"800\" src=\"https:\/\/www.yousanusb.com\/wp-content\/uploads\/2025\/06\/mini-rotating-usb-flash-drive.png\" alt=\"\" class=\"wp-image-23435\" style=\"width:584px;height:auto\" srcset=\"https:\/\/www.yousanusb.com\/wp-content\/uploads\/2025\/06\/mini-rotating-usb-flash-drive.png 800w, https:\/\/www.yousanusb.com\/wp-content\/uploads\/2025\/06\/mini-rotating-usb-flash-drive-300x300.png 300w, https:\/\/www.yousanusb.com\/wp-content\/uploads\/2025\/06\/mini-rotating-usb-flash-drive-150x150.png 150w, https:\/\/www.yousanusb.com\/wp-content\/uploads\/2025\/06\/mini-rotating-usb-flash-drive-768x768.png 768w, https:\/\/www.yousanusb.com\/wp-content\/uploads\/2025\/06\/mini-rotating-usb-flash-drive-12x12.png 12w, https:\/\/www.yousanusb.com\/wp-content\/uploads\/2025\/06\/mini-rotating-usb-flash-drive-600x600.png 600w, https:\/\/www.yousanusb.com\/wp-content\/uploads\/2025\/06\/mini-rotating-usb-flash-drive-100x100.png 100w\" sizes=\"(max-width: 800px) 100vw, 800px\" \/><figcaption class=\"wp-element-caption\">kleiner runder USB-Stick aus Holz<\/figcaption><\/figure><\/div><\/div>\n\n\n\n<div class=\"wp-block-column is-vertically-aligned-center is-layout-flow wp-block-column-is-layout-flow\">\n<h2 class=\"wp-block-heading\">Welche Materialien werden f\u00fcr den kleinen runden USB-Stick aus Holz verwendet?<br><\/h2>\n\n\n\n<p>er kleine runde USB3.0 USB-Stick aus Holz ist in einer Vielzahl von Materialien erh\u00e4ltlich, darunter Rohholz, Ahorn, Mahagoni, karbonisierter Bambus, Bambusholz, usw. Jedes Material hat seine eigene Farbe und Textur, die einen anderen nat\u00fcrlichen Charme ausstrahlen.<\/p>\n<\/div>\n<\/div>\n\n\n\n<div class=\"wp-block-columns are-vertically-aligned-center is-layout-flex wp-container-core-columns-is-layout-2 wp-block-columns-is-layout-flex\">\n<div class=\"wp-block-column is-vertically-aligned-center is-layout-flow wp-block-column-is-layout-flow\"><div class=\"wp-block-image\">\n<figure class=\"aligncenter size-full\"><img decoding=\"async\" width=\"800\" height=\"800\" src=\"https:\/\/www.yousanusb.com\/wp-content\/uploads\/2025\/06\/mini-wood-rotating-usb-flash-drive.png\" alt=\"\" class=\"wp-image-23436\" srcset=\"https:\/\/www.yousanusb.com\/wp-content\/uploads\/2025\/06\/mini-wood-rotating-usb-flash-drive.png 800w, https:\/\/www.yousanusb.com\/wp-content\/uploads\/2025\/06\/mini-wood-rotating-usb-flash-drive-300x300.png 300w, https:\/\/www.yousanusb.com\/wp-content\/uploads\/2025\/06\/mini-wood-rotating-usb-flash-drive-150x150.png 150w, https:\/\/www.yousanusb.com\/wp-content\/uploads\/2025\/06\/mini-wood-rotating-usb-flash-drive-768x768.png 768w, https:\/\/www.yousanusb.com\/wp-content\/uploads\/2025\/06\/mini-wood-rotating-usb-flash-drive-12x12.png 12w, https:\/\/www.yousanusb.com\/wp-content\/uploads\/2025\/06\/mini-wood-rotating-usb-flash-drive-600x600.png 600w, https:\/\/www.yousanusb.com\/wp-content\/uploads\/2025\/06\/mini-wood-rotating-usb-flash-drive-100x100.png 100w\" sizes=\"(max-width: 800px) 100vw, 800px\" \/><figcaption class=\"wp-element-caption\">Rohholz USB3.0 Kleines rundes USB-Flash-Laufwerk aus Holz<br><\/figcaption><\/figure><\/div><\/div>\n\n\n\n<div class=\"wp-block-column is-vertically-aligned-center is-layout-flow wp-block-column-is-layout-flow\">\n<h2 class=\"wp-block-heading\">Rohholz USB3.0 Kleines rundes USB-Flash-Laufwerk aus Holz<br><\/h2>\n\n\n\n<p>Der Log USB3.0 Small Round Wood USB Flash Drive besticht durch seinen rustikalen Charme! Er ist aus nat\u00fcrlichen B\u00e4umen mit einer rauen, nat\u00fcrlichen Textur gefertigt. Jeder USB-Stick hat ein einzigartiges Holzmaserungsmuster in verschiedenen Schattierungen eines warmen br\u00e4unlich-gelben Farbtons, der die handgefertigte Sch\u00f6nheit der Natur zur Geltung bringt.<\/p>\n\n\n\n<p>Die warme braune Farbe ist verschlei\u00dffest und rutschfest. Sein Material unterstreicht die \u00f6kologische Nachhaltigkeit - die Holzoberfl\u00e4che ist mit \u00d6l und Wachs behandelt, was wasserfest und rissbest\u00e4ndig ist und sich nach l\u00e4ngerem Gebrauch w\u00e4rmer (glatter und w\u00e4rmer) anf\u00fchlt. Dieser originelle Stil eignet sich f\u00fcr Benutzer, die einen minimalistischen Lebensstil oder eine B\u00fcroumgebung bevorzugen, und verleiht dem USB-Flash-Laufwerk eine warme Textur.<\/p>\n<\/div>\n<\/div>\n\n\n\n<div class=\"wp-block-columns is-layout-flex wp-container-core-columns-is-layout-3 wp-block-columns-is-layout-flex\">\n<div class=\"wp-block-column is-layout-flow wp-block-column-is-layout-flow\"><div class=\"wp-block-image\">\n<figure class=\"aligncenter size-full\"><img decoding=\"async\" width=\"800\" height=\"800\" src=\"https:\/\/www.yousanusb.com\/wp-content\/uploads\/2025\/06\/Maple-USB3.0-Small-Round-Wooden-USB-Flash-Drive.jpg\" alt=\"\" class=\"wp-image-23440\" srcset=\"https:\/\/www.yousanusb.com\/wp-content\/uploads\/2025\/06\/Maple-USB3.0-Small-Round-Wooden-USB-Flash-Drive.jpg 800w, https:\/\/www.yousanusb.com\/wp-content\/uploads\/2025\/06\/Maple-USB3.0-Small-Round-Wooden-USB-Flash-Drive-300x300.jpg 300w, https:\/\/www.yousanusb.com\/wp-content\/uploads\/2025\/06\/Maple-USB3.0-Small-Round-Wooden-USB-Flash-Drive-150x150.jpg 150w, https:\/\/www.yousanusb.com\/wp-content\/uploads\/2025\/06\/Maple-USB3.0-Small-Round-Wooden-USB-Flash-Drive-768x768.jpg 768w, https:\/\/www.yousanusb.com\/wp-content\/uploads\/2025\/06\/Maple-USB3.0-Small-Round-Wooden-USB-Flash-Drive-12x12.jpg 12w, https:\/\/www.yousanusb.com\/wp-content\/uploads\/2025\/06\/Maple-USB3.0-Small-Round-Wooden-USB-Flash-Drive-600x600.jpg 600w, https:\/\/www.yousanusb.com\/wp-content\/uploads\/2025\/06\/Maple-USB3.0-Small-Round-Wooden-USB-Flash-Drive-100x100.jpg 100w\" sizes=\"(max-width: 800px) 100vw, 800px\" \/><figcaption class=\"wp-element-caption\">Ahorn USB3.0 Kleines rundes USB-Flash-Laufwerk aus Holz<\/figcaption><\/figure><\/div><\/div>\n\n\n\n<div class=\"wp-block-column is-vertically-aligned-center is-layout-flow wp-block-column-is-layout-flow\">\n<h2 class=\"wp-block-heading\">Ahorn USB3.0 Kleines rundes USB-Flash-Laufwerk aus Holz<\/h2>\n\n\n\n<p>Das kleine runde USB-Laufwerk aus Ahorn pr\u00e4sentiert sich in einer zarten \u00c4sthetik! Es hat eine feine und glatte Struktur mit einer hellen, cremefarbenen Grundfarbe und hellrosa oder braunen Streifen, die ein helles und frisches Gesamtbild schaffen, genau wie die zarten Adern der Ahornbl\u00e4tter.<\/p>\n\n\n\n<p>Was die Materialeigenschaften angeht, so hat Ahorn eine mittlere H\u00e4rte, und die Oberfl\u00e4che ist auf Hochglanz poliert, was sie rutschfest und kratzfest macht. Der helle Farbton und die fortschrittliche Verarbeitung machen ihn zur idealen Wahl f\u00fcr Angestellte und als Geschenk - auf einem B\u00fcrotisch platziert, verst\u00e4rkt er die hochwertige Atmosph\u00e4re der gesamten Umgebung.<\/p>\n<\/div>\n<\/div>\n\n\n\n<div class=\"wp-block-columns are-vertically-aligned-center is-layout-flex wp-container-core-columns-is-layout-4 wp-block-columns-is-layout-flex\">\n<div class=\"wp-block-column is-vertically-aligned-center is-layout-flow wp-block-column-is-layout-flow\"><div class=\"wp-block-image\">\n<figure class=\"aligncenter size-full\"><img loading=\"lazy\" decoding=\"async\" width=\"800\" height=\"800\" src=\"https:\/\/www.yousanusb.com\/wp-content\/uploads\/2025\/06\/mahogany-wood-usb-flash-drive.jpg\" alt=\"\" class=\"wp-image-23439\" srcset=\"https:\/\/www.yousanusb.com\/wp-content\/uploads\/2025\/06\/mahogany-wood-usb-flash-drive.jpg 800w, https:\/\/www.yousanusb.com\/wp-content\/uploads\/2025\/06\/mahogany-wood-usb-flash-drive-300x300.jpg 300w, https:\/\/www.yousanusb.com\/wp-content\/uploads\/2025\/06\/mahogany-wood-usb-flash-drive-150x150.jpg 150w, https:\/\/www.yousanusb.com\/wp-content\/uploads\/2025\/06\/mahogany-wood-usb-flash-drive-768x768.jpg 768w, https:\/\/www.yousanusb.com\/wp-content\/uploads\/2025\/06\/mahogany-wood-usb-flash-drive-12x12.jpg 12w, https:\/\/www.yousanusb.com\/wp-content\/uploads\/2025\/06\/mahogany-wood-usb-flash-drive-600x600.jpg 600w, https:\/\/www.yousanusb.com\/wp-content\/uploads\/2025\/06\/mahogany-wood-usb-flash-drive-100x100.jpg 100w\" sizes=\"(max-width: 800px) 100vw, 800px\" \/><figcaption class=\"wp-element-caption\">Mahagoni USB3.0 Kleines, rundes USB-Flash-Laufwerk aus Holz<\/figcaption><\/figure><\/div><\/div>\n\n\n\n<div class=\"wp-block-column is-vertically-aligned-center is-layout-flow wp-block-column-is-layout-flow\">\n<h2 class=\"wp-block-heading\">Mahagoni USB3.0 Kleines, rundes USB-Flash-Laufwerk aus Holz<\/h2>\n\n\n\n<p><br>Das kleine runde USB3.0-Laufwerk aus Mahagoni strahlt eine klassische und tiefgr\u00fcndige Ausstrahlung aus! Mit seinen tiefen und dreidimensionalen Strukturen in einem dunklen Rotton, die mit goldbraunen Linien verziert sind, erzeugt er einen luxuri\u00f6sen visuellen Effekt.&nbsp;<\/p>\n\n\n\n<p>Die Farbe ist stabil und verblasst nicht. Was die Materialeigenschaften anbelangt, so wird die Haltbarkeit verbessert - Mahagoni hat eine hohe Dichte, ist wasser- und druckbest\u00e4ndig, und sein Glanz wird nach l\u00e4ngerem Gebrauch \u00f6liger und gl\u00e4nzender. Dank des edlen Stils eignet sich das USB-Laufwerk nicht nur zur Aufbewahrung, sondern verleiht ihm auch einen gewissen Sammlerwert und eignet sich f\u00fcr Gesch\u00e4ftstreffen oder gehobene Anl\u00e4sse, um den Status des Benutzers zu unterstreichen.<\/p>\n<\/div>\n<\/div>\n\n\n\n<div class=\"wp-block-columns are-vertically-aligned-center is-layout-flex wp-container-core-columns-is-layout-5 wp-block-columns-is-layout-flex\">\n<div class=\"wp-block-column is-vertically-aligned-center is-layout-flow wp-block-column-is-layout-flow\"><div class=\"wp-block-image\">\n<figure class=\"aligncenter size-full\"><img loading=\"lazy\" decoding=\"async\" width=\"800\" height=\"800\" src=\"https:\/\/www.yousanusb.com\/wp-content\/uploads\/2025\/06\/01_932e8226-0cfc-4ea2-a1c6-8bc8a0f99756.webp\" alt=\"\" class=\"wp-image-23438\" srcset=\"https:\/\/www.yousanusb.com\/wp-content\/uploads\/2025\/06\/01_932e8226-0cfc-4ea2-a1c6-8bc8a0f99756.webp 800w, https:\/\/www.yousanusb.com\/wp-content\/uploads\/2025\/06\/01_932e8226-0cfc-4ea2-a1c6-8bc8a0f99756-300x300.webp 300w, https:\/\/www.yousanusb.com\/wp-content\/uploads\/2025\/06\/01_932e8226-0cfc-4ea2-a1c6-8bc8a0f99756-150x150.webp 150w, https:\/\/www.yousanusb.com\/wp-content\/uploads\/2025\/06\/01_932e8226-0cfc-4ea2-a1c6-8bc8a0f99756-768x768.webp 768w, https:\/\/www.yousanusb.com\/wp-content\/uploads\/2025\/06\/01_932e8226-0cfc-4ea2-a1c6-8bc8a0f99756-12x12.webp 12w, https:\/\/www.yousanusb.com\/wp-content\/uploads\/2025\/06\/01_932e8226-0cfc-4ea2-a1c6-8bc8a0f99756-600x600.webp 600w, https:\/\/www.yousanusb.com\/wp-content\/uploads\/2025\/06\/01_932e8226-0cfc-4ea2-a1c6-8bc8a0f99756-100x100.webp 100w\" sizes=\"(max-width: 800px) 100vw, 800px\" \/><figcaption class=\"wp-element-caption\">Karbonisierter Bambus USB3.0 Rundes USB-Flash-Laufwerk aus Holz<\/figcaption><\/figure><\/div><\/div>\n\n\n\n<div class=\"wp-block-column is-vertically-aligned-center is-layout-flow wp-block-column-is-layout-flow\">\n<h2 class=\"wp-block-heading\">Karbonisierter Bambus USB3.0 Kleiner runder USB-Stick aus Holz<\/h2>\n\n\n\n<p><br>Das Modell aus karbonisiertem Bambus zeichnet sich durch tief verwobene Bambusmaserungen aus, die eine tiefschwarze oder kohlebraune Farbe aufweisen, die gleichm\u00e4\u00dfig und tiefgr\u00fcndig ist und den k\u00fcnstlerischen Effekt nach dem Brennen imitiert.<\/p>\n\n\n\n<p>Bei den Materialeigenschaften wurde hochfester, karbonisierter Bambus gew\u00e4hlt, der leicht und verschlei\u00dffest, wasserdicht und feuerfest ist und dessen Oberfl\u00e4che glatt wie neu bleibt. Das schwarz-braune Farbschema in Kombination mit dem modernen Design zieht Technikbegeisterte an, und das USB-Laufwerk vereint Praktikabilit\u00e4t mit Umweltfreundlichkeit und steht f\u00fcr nachhaltigen Konsum.<\/p>\n<\/div>\n<\/div>\n\n\n\n<h2 class=\"wp-block-heading\">Unterst\u00fctzt der USB3.0 kleine runde USB-Flash-Laufwerk aus Holz ein eigenes Logo?<\/h2>\n\n\n\n<ul class=\"wp-block-list\">\n<li><strong>Laser-Gravur<\/strong>: Mit feiner Lasertechnik wird das Logo auf die Holzoberfl\u00e4che graviert, klar und dauerhaft, nicht verblassend und nicht abbrechend, geeignet f\u00fcr Firmengeschenke.<\/li>\n\n\n\n<li><strong>Siebdruckverfahren<\/strong>: Das Logo mit bunten Farben ist durch Siebdruck, mit lebendigen und auff\u00e4lligen Farben, effizient f\u00fcr die Massenproduktion \u00fcberlagert.<\/li>\n<\/ul>\n\n\n\n<p>Die Verpackung kann auch mit einem eigenen Logo versehen werden. Zu den Standardverpackungen geh\u00f6ren PP-Beutel oder Eisenboxen (bruchsicher und umweltfreundlich), und Sie k\u00f6nnen auf wei\u00dfe Boxen, Holzboxen oder mit Markenelementen bedruckte Geschenkboxen umsteigen. F\u00fcr Gro\u00dfkunden oder den Gro\u00dfhandel bieten wir OEM\/ODM-Services an, um schnell auf Logo-Designvorschl\u00e4ge reagieren zu k\u00f6nnen - ob f\u00fcr B2B-Unternehmen, Werbegeschenke oder pers\u00f6nliche Souvenirs, individuelle USB-Laufwerke k\u00f6nnen ein professionelles Image unterstreichen!<\/p>\n\n\n\n<h2 class=\"wp-block-heading\">FAQs<\/h2>\n\n\n\n<h2 class=\"wp-block-heading\">Warum w\u00e4hlen die Fotografen dieses Modell?<\/h2>\n\n\n\n<p>Fotografen m\u00fcssen h\u00e4ufig gro\u00dfe Mengen an hochaufl\u00f6senden Fotos und Videos \u00fcbertragen und speichern, was extrem hohe Anforderungen an die \u00dcbertragungsgeschwindigkeit und Stabilit\u00e4t von USB-Laufwerken stellt. Das kleine runde USB3.0-Flash-Laufwerk aus Holz zeichnet sich durch ein minimalistisches und kompaktes Design, eine gro\u00dfe Kapazit\u00e4t (bis zu 64 GB) und eine hohe Geschwindigkeit (120 MB\/s Lesegeschwindigkeit) aus, mit der RAW-Fotos oder 4K-Videos schnell gespeichert werden k\u00f6nnen, was den Fotoworkflows entgegenkommt und viel Zeit spart.<\/p>\n\n\n\n<p>Dar\u00fcber hinaus legen Fotografen in der Regel Wert auf ihr pers\u00f6nliches Image und die Darstellung ihrer Marke. Dieses USB-Laufwerk kann mit einem exklusiven Logo versehen werden, das die Pers\u00f6nlichkeit und die Markenmerkmale des Fotografen hervorhebt und so zur ersten Wahl f\u00fcr Fotografen wird.<\/p>\n\n\n\n<h2 class=\"wp-block-heading\">Welche Verpackungsm\u00f6glichkeiten gibt es f\u00fcr das kleine runde USB-Laufwerk?<\/h2>\n\n\n\n<p>F\u00fcr das kleine runde USB-Laufwerk gibt es eine Vielzahl von Verpackungsm\u00f6glichkeiten. Neben den standardm\u00e4\u00dfigen PP-Beuteln und Eisenboxen gibt es auch wei\u00dfe Boxen, Holzboxen, Geschenkboxen usw. Alle Verpackungen k\u00f6nnen mit Logos versehen werden, so dass Ihr USB-Stick als Geschenk oder f\u00fcr Werbezwecke noch edler wirkt.<\/p>\n\n\n\n<ul class=\"wp-block-list\">\n<li>PP-Beutelverpackungen sind einfach und leicht und eignen sich f\u00fcr den t\u00e4glichen Gebrauch und den Gro\u00dfeinkauf.<\/li>\n\n\n\n<li>Die Verpackung aus Eisen ist stabil und haltbar, sch\u00fctzt das USB-Laufwerk gut und hat gleichzeitig einen gewissen \u00e4sthetischen Reiz.<\/li>\n\n\n\n<li>Die wei\u00dfe Verpackung ist einfach und elegant und eignet sich gut zum Verschenken.<\/li>\n\n\n\n<li>Die Holzverpackung spiegelt das Material des USB-Laufwerks wider, das einen Hauch von Nat\u00fcrlichkeit ausstrahlt und die hochwertige Qualit\u00e4t unterstreicht.<\/li>\n\n\n\n<li>Die Geschenkverpackung ist exquisit und wundersch\u00f6n, geeignet f\u00fcr wichtige Geschenkanl\u00e4sse und macht Ihr Geschenk pr\u00e4sentabler.<\/li>\n\n\n\n<li><\/li>\n<\/ul>\n\n\n\n<p>Das kleine, runde USB3.0-Flash-Laufwerk aus Holz hat sich mit seinem minimalistischen Design, den nat\u00fcrlichen Materialien, der hohen \u00dcbertragungsgeschwindigkeit und den vielf\u00e4ltigen Anpassungsm\u00f6glichkeiten zu einem der f\u00fchrenden USB-Laufwerke auf dem Markt f\u00fcr Datenspeicher entwickelt. Ob f\u00fcr Privatanwender oder Firmenkunden, dieses USB-Laufwerk bietet Highlights, die ihren Bed\u00fcrfnissen entsprechen. F\u00fcr Unternehmen ist er durch die Unterst\u00fctzung individueller Logos und Verpackungen eine ausgezeichnete Wahl zur Verbesserung des Markenimages und zur Durchf\u00fchrung von Marketingaktivit\u00e4ten.<\/p>\n\n\n\n<p>F\u00fcr USB-Gro\u00dfh\u00e4ndler und -Hersteller hat dieses beliebte Holz-USB-Laufwerk gro\u00dfe Marktchancen. Wenn Sie auf der Suche nach einem USB-Laufwerk sind, das Sch\u00f6nheit und Zweckm\u00e4\u00dfigkeit vereint, oder eine Reihe von exklusiven Markengeschenken anpassen m\u00fcssen, ist das kleine runde USB3.0-Holzlaufwerk definitiv Ihre beste Wahl.<\/p>\n\n\n\n<p><\/p>","protected":false},"excerpt":{"rendered":"<p>USB3.0 Small Round Strip Wooden USB-Flash-Laufwerk, mit seinem einfachen Design, Original-Material, High-Speed-\u00dcbertragungsleistung und reichhaltige Anpassungsm\u00f6glichkeiten, unterst\u00fctzen kundenspezifische Logo und Verpackung<\/p>","protected":false},"featured_media":23436,"comment_status":"open","ping_status":"closed","template":"","meta":{"_seopress_robots_primary_cat":"none","_seopress_titles_title":"","_seopress_titles_desc":"","_seopress_robots_index":""},"class_list":["post-16892","product","type-product","status-publish","has-post-thumbnail","hentry","product_cat-usb30-flash-drive","product_cat-wooden-usb-flash-drive","product_tag-simple-wooden-usb-drive"],"_links":{"self":[{"href":"https:\/\/www.yousanusb.com\/de\/wp-json\/wp\/v2\/product\/16892"}],"collection":[{"href":"https:\/\/www.yousanusb.com\/de\/wp-json\/wp\/v2\/product"}],"about":[{"href":"https:\/\/www.yousanusb.com\/de\/wp-json\/wp\/v2\/types\/product"}],"replies":[{"embeddable":true,"href":"https:\/\/www.yousanusb.com\/de\/wp-json\/wp\/v2\/comments?post=16892"}],"wp:featuredmedia":[{"embeddable":true,"href":"https:\/\/www.yousanusb.com\/de\/wp-json\/wp\/v2\/media\/23436"}],"wp:attachment":[{"href":"https:\/\/www.yousanusb.com\/de\/wp-json\/wp\/v2\/media?parent=16892"}],"curies":[{"name":"wp","href":"https:\/\/api.w.org\/{rel}","templated":true}]}}