{"id":17186,"date":"2025-06-16T05:26:16","date_gmt":"2025-06-16T05:26:16","guid":{"rendered":"https:\/\/yousanusb.com\/?post_type=product&#038;p=17186"},"modified":"2025-10-06T00:24:13","modified_gmt":"2025-10-06T00:24:13","slug":"whistle-metal-usb-flash-drive","status":"publish","type":"product","link":"https:\/\/www.yousanusb.com\/de\/product\/whistle-metal-usb-flash-drive\/","title":{"rendered":"Pfeife Metall USB-Flash-Laufwerk"},"content":{"rendered":"<h2 class=\"wp-block-heading\">What is a Whistle Metal USB Flash Drive? <\/h2>\n\n\n\n<div class=\"wp-block-columns is-layout-flex wp-container-core-columns-is-layout-1 wp-block-columns-is-layout-flex\">\n<div class=\"wp-block-column is-layout-flow wp-block-column-is-layout-flow\"><div class=\"wp-block-image\">\n<figure class=\"aligncenter size-full is-resized\"><img fetchpriority=\"high\" decoding=\"async\" width=\"800\" height=\"800\" src=\"https:\/\/yousanusb.com\/wp-content\/uploads\/2025\/06\/Silver-Whistle-Metal-USB-Flash-Drive.jpg\" alt=\"Silver Whistle Metal USB Flash Drive\" class=\"wp-image-17194\" style=\"width:450px\" srcset=\"https:\/\/www.yousanusb.com\/wp-content\/uploads\/2025\/06\/Silver-Whistle-Metal-USB-Flash-Drive.jpg 800w, https:\/\/www.yousanusb.com\/wp-content\/uploads\/2025\/06\/Silver-Whistle-Metal-USB-Flash-Drive-300x300.jpg 300w, https:\/\/www.yousanusb.com\/wp-content\/uploads\/2025\/06\/Silver-Whistle-Metal-USB-Flash-Drive-150x150.jpg 150w, https:\/\/www.yousanusb.com\/wp-content\/uploads\/2025\/06\/Silver-Whistle-Metal-USB-Flash-Drive-768x768.jpg 768w, https:\/\/www.yousanusb.com\/wp-content\/uploads\/2025\/06\/Silver-Whistle-Metal-USB-Flash-Drive-12x12.jpg 12w, https:\/\/www.yousanusb.com\/wp-content\/uploads\/2025\/06\/Silver-Whistle-Metal-USB-Flash-Drive-600x600.jpg 600w, https:\/\/www.yousanusb.com\/wp-content\/uploads\/2025\/06\/Silver-Whistle-Metal-USB-Flash-Drive-100x100.jpg 100w\" sizes=\"(max-width: 800px) 100vw, 800px\" \/><\/figure><\/div><\/div>\n\n\n\n<div class=\"wp-block-column is-vertically-aligned-center is-layout-flow wp-block-column-is-layout-flow\">\n<p>The name of the whistle metal USB flash drive originates from the &#8220;whistle-style shape&#8221; \u2014 the integrated streamlined metal body is like a carefully polished whistle, with a three-dimensional round buckle ring embedded at one end (resembling a whistle lanyard hole), which not only echoes the &#8220;whistle&#8221; image but also achieves a portable function.<\/p>\n\n\n\n<p>It is integrally forged from aviation-grade aluminum alloy, and the surface is treated with mirror polishing + passivation, with a touch as smooth as ice, saying goodbye to the &#8220;cheap and brittle feeling&#8221; of plastic USB flash drives, and the anti-drop and wear-resistant properties are full. From the office desktop to outdoor business trips, it is not only an efficient storage tool but also a technological trendy item that can be &#8220;put into the pocket&#8221;.<\/p>\n<\/div>\n<\/div>\n\n\n\n<h2 class=\"wp-block-heading\">The design style of the whistle metal USB flash drive<\/h2>\n\n\n\n<p>This USB flash drive implements the &#8220;minimalist industrial style&#8221; in every detail. Abandoning splicing gaps, the full metal is integrally formed, and the geometric lines are as sharp as a scalpel \u2014 40mm in length fits the arc of finger grip, 12mm in width is suitable for pockets\/key chains, and 11mm in thickness balances &#8220;thinness&#8221; and &#8220;grip feeling&#8221;;<\/p>\n\n\n\n<p>The ring-shaped hanging hole is not only a decoration but also a &#8220;use fulcrum&#8221; \u2014 when hung with a rope, the USB flash drive is not easy to slip when held, and when hung with a key chain, the groove of the hole perfectly bites with the key ring (anti-shaking);<\/p>\n\n\n\n<p>The silver metal comes with a &#8220;cold hard technology filter&#8221;. In the interlacing of matte and mirror light and shadow, it not only matches the professional tone of the office but also highlights the &#8220;resistant&#8221; characteristics in outdoor scenes, perfectly interpreting the formula of &#8220;industrial design = function \u00d7 aesthetics&#8221;.<\/p>\n\n\n\n<div class=\"wp-block-columns is-layout-flex wp-container-core-columns-is-layout-2 wp-block-columns-is-layout-flex\">\n<div class=\"wp-block-column is-layout-flow wp-block-column-is-layout-flow\"><div class=\"wp-block-image\">\n<figure class=\"aligncenter size-full is-resized\"><img decoding=\"async\" width=\"691\" height=\"691\" src=\"https:\/\/yousanusb.com\/wp-content\/uploads\/2025\/06\/Silver-Metallic-Whistle-Style-USB-Flash-Drive.jpg\" alt=\"Silver Metallic Whistle-Style USB Flash Drive\" class=\"wp-image-17193\" style=\"width:450px\" srcset=\"https:\/\/www.yousanusb.com\/wp-content\/uploads\/2025\/06\/Silver-Metallic-Whistle-Style-USB-Flash-Drive.jpg 691w, https:\/\/www.yousanusb.com\/wp-content\/uploads\/2025\/06\/Silver-Metallic-Whistle-Style-USB-Flash-Drive-300x300.jpg 300w, https:\/\/www.yousanusb.com\/wp-content\/uploads\/2025\/06\/Silver-Metallic-Whistle-Style-USB-Flash-Drive-150x150.jpg 150w, https:\/\/www.yousanusb.com\/wp-content\/uploads\/2025\/06\/Silver-Metallic-Whistle-Style-USB-Flash-Drive-12x12.jpg 12w, https:\/\/www.yousanusb.com\/wp-content\/uploads\/2025\/06\/Silver-Metallic-Whistle-Style-USB-Flash-Drive-600x600.jpg 600w, https:\/\/www.yousanusb.com\/wp-content\/uploads\/2025\/06\/Silver-Metallic-Whistle-Style-USB-Flash-Drive-100x100.jpg 100w\" sizes=\"(max-width: 691px) 100vw, 691px\" \/><\/figure><\/div><\/div>\n\n\n\n<div class=\"wp-block-column is-layout-flow wp-block-column-is-layout-flow\"><div class=\"wp-block-image\">\n<figure class=\"aligncenter size-full\"><img decoding=\"async\" width=\"551\" height=\"454\" src=\"https:\/\/yousanusb.com\/wp-content\/uploads\/2025\/06\/Whistle-Metal-USB-Flash-Drive-Size.jpg\" alt=\"Whistle Metal USB Flash Drive Size\" class=\"wp-image-17195\" srcset=\"https:\/\/www.yousanusb.com\/wp-content\/uploads\/2025\/06\/Whistle-Metal-USB-Flash-Drive-Size.jpg 551w, https:\/\/www.yousanusb.com\/wp-content\/uploads\/2025\/06\/Whistle-Metal-USB-Flash-Drive-Size-300x247.jpg 300w, https:\/\/www.yousanusb.com\/wp-content\/uploads\/2025\/06\/Whistle-Metal-USB-Flash-Drive-Size-15x12.jpg 15w\" sizes=\"(max-width: 551px) 100vw, 551px\" \/><\/figure><\/div><\/div>\n<\/div>\n\n\n\n<div style=\"height:50px\" aria-hidden=\"true\" class=\"wp-block-spacer\"><\/div>\n\n\n\n<h2 class=\"wp-block-heading\">The whistle USB flash drive Interface and core&nbsp;parameters <\/h2>\n\n\n\n<figure class=\"wp-block-table\"><table class=\"has-fixed-layout\"><tbody><tr><td>Artikel<\/td><td>Einzelheiten<\/td><td>Scene Interpretation<\/td><\/tr><tr><td>Kapazit\u00e4t<\/td><td>8GB \/ 16GB \/ 32GB \/ 64GB \/ 128GB<\/td><td>8GB: Store contracts\/resumes (about 2,000 Word documents);32GB: Install courseware + mobile phone photos (about 8,000 pieces);128GB: Store 4K videos (about 20 movies) + backup data<\/td><\/tr><tr><td>Gr\u00f6\u00dfe<\/td><td>40\u00d712\u00d711mm (L\u00d7W\u00d7T)<\/td><td>Length\u2248middle section of index finger, width\u2248diameter of 1-yuan coin, thickness\u2248stacking of 2 coins, zero burden for carrying<\/td><\/tr><tr><td>Gewicht<\/td><td>10g<\/td><td>No falling hands when hanging key chains, no space occupied when putting in wallets<\/td><\/tr><tr><td>Schnittstelle Typ<\/td><td>USB 3.0 Type-A (compatible with USB 2.0 devices)<\/td><td>Compatible with computers, tablets (requires OTG adapter), smart TVs, plug and play<\/td><\/tr><tr><td>Lesegeschwindigkeit<\/td><td>Up to 150MB\/s<\/td><td>1GB movie\u2248read in 10 seconds, 5 times faster than USB 2.0<\/td><\/tr><tr><td>Writing Speed<\/td><td>Up to 30MB\/s<\/td><td>500MB file\u2248stored in 17 seconds, far exceeding ordinary USB flash drives (USB 2.0 writing\u224810MB\/s)<\/td><\/tr><\/tbody><\/table><\/figure>\n\n\n\n<h2 class=\"wp-block-heading\"><strong>&nbsp;<\/strong><\/h2>\n\n\n\n<h2 class=\"wp-block-heading\">The Silver color of the whistle metal USB flash drive <\/h2>\n\n\n\n<div class=\"wp-block-columns is-layout-flex wp-container-core-columns-is-layout-3 wp-block-columns-is-layout-flex\">\n<div class=\"wp-block-column is-layout-flow wp-block-column-is-layout-flow\"><div class=\"wp-block-image\">\n<figure class=\"aligncenter size-full is-resized\"><img loading=\"lazy\" decoding=\"async\" width=\"1000\" height=\"1000\" src=\"https:\/\/yousanusb.com\/wp-content\/uploads\/2025\/06\/Whistle-Metal-USB-Flash-Drive-with-Custom-Logo.jpg\" alt=\"Pfeife Metall USB-Stick mit individuellem Logo\" class=\"wp-image-17196\" style=\"width:450px\" srcset=\"https:\/\/www.yousanusb.com\/wp-content\/uploads\/2025\/06\/Whistle-Metal-USB-Flash-Drive-with-Custom-Logo.jpg 1000w, https:\/\/www.yousanusb.com\/wp-content\/uploads\/2025\/06\/Whistle-Metal-USB-Flash-Drive-with-Custom-Logo-300x300.jpg 300w, https:\/\/www.yousanusb.com\/wp-content\/uploads\/2025\/06\/Whistle-Metal-USB-Flash-Drive-with-Custom-Logo-150x150.jpg 150w, https:\/\/www.yousanusb.com\/wp-content\/uploads\/2025\/06\/Whistle-Metal-USB-Flash-Drive-with-Custom-Logo-768x768.jpg 768w, https:\/\/www.yousanusb.com\/wp-content\/uploads\/2025\/06\/Whistle-Metal-USB-Flash-Drive-with-Custom-Logo-12x12.jpg 12w, https:\/\/www.yousanusb.com\/wp-content\/uploads\/2025\/06\/Whistle-Metal-USB-Flash-Drive-with-Custom-Logo-600x600.jpg 600w, https:\/\/www.yousanusb.com\/wp-content\/uploads\/2025\/06\/Whistle-Metal-USB-Flash-Drive-with-Custom-Logo-100x100.jpg 100w\" sizes=\"(max-width: 1000px) 100vw, 1000px\" \/><\/figure><\/div><\/div>\n\n\n\n<div class=\"wp-block-column is-vertically-aligned-center is-layout-flow wp-block-column-is-layout-flow\">\n<p>Adopting the &#8220;nine-stage mirror polishing + anodic oxidation sealing layer&#8221; process \u2014 the surface&nbsp;of whistle metal USB flash drive is as transparent as a mirror, but through the oxide film , it resists fingerprint and sweat erosion, and still remains &#8220;shiny and new&#8221; after long-term use;<\/p>\n\n\n\n<p>The cold-tone silver comes with a &#8220;futuristic filter&#8221; \u2014 when illuminated, the edges reflect sharp highlights, and the curved surface is dyed with soft gradients, like &#8220;moonlight wrapped in technology&#8221;, showing style in business occasions and highlighting personality in daily use;<\/p>\n\n\n\n<p>The unique &#8220;cool and smooth texture&#8221; of the metal forms a memory point \u2014 holding it in summer is like touching ice silk, and although it is cool in winter, it becomes a reliable partner in outdoor scenes due to its &#8220;freeze-resistant property&#8221; .<\/p>\n<\/div>\n<\/div>\n\n\n\n<h2 class=\"wp-block-heading\">The whistle metal USB flash drive can customize the logo <\/h2>\n\n\n\n<p>\u2022 LOGO engraving: The logo of the whistle metal USB flash drive adopts laser engraving technology, and the metal surface is etched with matte texture, forming a strong contrast with the bright base color, and the LOGO is clear and three-dimensional, never fading; the front and back of the USB flash drive can be engraved with logos. Enterprises can engrave brand logos, and individuals can engrave names\/mottos.<\/p>\n\n\n\n<p>\u2022 Packaging customization:<\/p>\n\n\n\n<p>\u25e6 Basic model: PP bag (thickness 0.1mm, dustproof and wear-resistant);<\/p>\n\n\n\n<p>\u25e6 Upgraded model: tinplate box or art paper box (gold stamping\/UV printing\/relief process, suitable for high-end gifts);<\/p>\n\n\n\n<div class=\"wp-block-columns is-layout-flex wp-container-core-columns-is-layout-4 wp-block-columns-is-layout-flex\">\n<div class=\"wp-block-column is-layout-flow wp-block-column-is-layout-flow\"><div class=\"wp-block-image\">\n<figure class=\"aligncenter size-full\"><img loading=\"lazy\" decoding=\"async\" width=\"355\" height=\"355\" src=\"https:\/\/yousanusb.com\/wp-content\/uploads\/2025\/06\/Whistle-Metal-USB-Flash-Drive-with-Logo.jpg\" alt=\"Whistle Metal USB Flash Drive with Logo\" class=\"wp-image-17197\" srcset=\"https:\/\/www.yousanusb.com\/wp-content\/uploads\/2025\/06\/Whistle-Metal-USB-Flash-Drive-with-Logo.jpg 355w, https:\/\/www.yousanusb.com\/wp-content\/uploads\/2025\/06\/Whistle-Metal-USB-Flash-Drive-with-Logo-300x300.jpg 300w, https:\/\/www.yousanusb.com\/wp-content\/uploads\/2025\/06\/Whistle-Metal-USB-Flash-Drive-with-Logo-150x150.jpg 150w, https:\/\/www.yousanusb.com\/wp-content\/uploads\/2025\/06\/Whistle-Metal-USB-Flash-Drive-with-Logo-12x12.jpg 12w, https:\/\/www.yousanusb.com\/wp-content\/uploads\/2025\/06\/Whistle-Metal-USB-Flash-Drive-with-Logo-100x100.jpg 100w\" sizes=\"(max-width: 355px) 100vw, 355px\" \/><\/figure><\/div><\/div>\n\n\n\n<div class=\"wp-block-column is-layout-flow wp-block-column-is-layout-flow\"><div class=\"wp-block-image\">\n<figure class=\"aligncenter size-full is-resized\"><img loading=\"lazy\" decoding=\"async\" width=\"1000\" height=\"667\" src=\"https:\/\/yousanusb.com\/wp-content\/uploads\/2025\/06\/Metallic-Whistle-Style-USB-Flash-Drive.jpg\" alt=\"Metallic Whistle-Style USB Flash Drive\" class=\"wp-image-17192\" style=\"width:500px\" srcset=\"https:\/\/www.yousanusb.com\/wp-content\/uploads\/2025\/06\/Metallic-Whistle-Style-USB-Flash-Drive.jpg 1000w, https:\/\/www.yousanusb.com\/wp-content\/uploads\/2025\/06\/Metallic-Whistle-Style-USB-Flash-Drive-300x200.jpg 300w, https:\/\/www.yousanusb.com\/wp-content\/uploads\/2025\/06\/Metallic-Whistle-Style-USB-Flash-Drive-768x512.jpg 768w, https:\/\/www.yousanusb.com\/wp-content\/uploads\/2025\/06\/Metallic-Whistle-Style-USB-Flash-Drive-18x12.jpg 18w, https:\/\/www.yousanusb.com\/wp-content\/uploads\/2025\/06\/Metallic-Whistle-Style-USB-Flash-Drive-600x400.jpg 600w\" sizes=\"(max-width: 1000px) 100vw, 1000px\" \/><\/figure><\/div><\/div>\n<\/div>\n\n\n\n<h3 class=\"wp-block-heading\">Q1: Is the shell of the whistle metal USB flash drive waterproof and shockproof? <\/h3>\n\n\n\n<div class=\"wp-block-columns is-layout-flex wp-container-core-columns-is-layout-5 wp-block-columns-is-layout-flex\">\n<div class=\"wp-block-column is-layout-flow wp-block-column-is-layout-flow\"><div class=\"wp-block-image\">\n<figure class=\"aligncenter size-full is-resized\"><img loading=\"lazy\" decoding=\"async\" width=\"800\" height=\"1000\" src=\"https:\/\/yousanusb.com\/wp-content\/uploads\/2025\/06\/Metallic-Whistle-Style-USB-Flash-Drive-from-Factory.jpg\" alt=\"Metallic Whistle-Style USB Flash Drive from Factory\" class=\"wp-image-17190\" style=\"width:300px\" srcset=\"https:\/\/www.yousanusb.com\/wp-content\/uploads\/2025\/06\/Metallic-Whistle-Style-USB-Flash-Drive-from-Factory.jpg 800w, https:\/\/www.yousanusb.com\/wp-content\/uploads\/2025\/06\/Metallic-Whistle-Style-USB-Flash-Drive-from-Factory-240x300.jpg 240w, https:\/\/www.yousanusb.com\/wp-content\/uploads\/2025\/06\/Metallic-Whistle-Style-USB-Flash-Drive-from-Factory-768x960.jpg 768w, https:\/\/www.yousanusb.com\/wp-content\/uploads\/2025\/06\/Metallic-Whistle-Style-USB-Flash-Drive-from-Factory-10x12.jpg 10w, https:\/\/www.yousanusb.com\/wp-content\/uploads\/2025\/06\/Metallic-Whistle-Style-USB-Flash-Drive-from-Factory-600x750.jpg 600w\" sizes=\"(max-width: 800px) 100vw, 800px\" \/><\/figure><\/div><\/div>\n\n\n\n<div class=\"wp-block-column is-vertically-aligned-center is-layout-flow wp-block-column-is-layout-flow\">\n<p>A: The protection is far better than ordinary USB flash drives!<\/p>\n\n\n\n<p>&nbsp;Waterproof: Reach IPX4 level (splash-proof) \u2014 it can calmly deal with scenes such as rain splashing and coffee splashing (but do not soak!);<\/p>\n\n\n\n<p>Shockproof: The metal integrated structure can resist daily drops (within 1.2 meters) and collision impacts, and can also protect data in outdoor bumpy environments;<\/p>\n\n\n\n<p>Additional buff: It also has the characteristics of -20\u2103~60\u2103 temperature resistance, anti-magnetic, and anti-X-ray, and can operate stably in extreme scenes (such as plateaus, computer rooms).<\/p>\n<\/div>\n<\/div>\n\n\n\n<div style=\"height:30px\" aria-hidden=\"true\" class=\"wp-block-spacer\"><\/div>\n\n\n\n<h3 class=\"wp-block-heading\">Q2: Can the whistle metal USB flash drive be hung on a keychain? <\/h3>\n\n\n\n<p>A: The ring hole design of the whistle metal USB flash drive is suitable for 99% of keychains\/lanyards; the edge of the hole is chamfered, which does not cut hands when hanging, and the groove design makes the key ring &#8220;stable and non-shaking&#8221;, completely saying goodbye to the embarrassment of &#8220;the USB flash drive is lost in the corner and collects dust&#8221;.<\/p>\n\n\n\n<h3 class=\"wp-block-heading\">Q3: Will the metal shell conduct electricity and leak electricity? Is it safe? <\/h3>\n\n\n\n<p>A: Safe! The internal circuit of the USB flash drive is insulated and isolated from the metal shell, and only transmits data\/power through the USB interface (5V low voltage, far below the safety threshold); the metal shell also hides a &#8220;static electricity release design&#8221; \u2014 human static electricity can be conducted away through the shell, protecting the chip life, and is actually more &#8220;anti-static&#8221; than plastic USB flash drives.<\/p>\n\n\n\n<p><\/p>","protected":false},"excerpt":{"rendered":"<ul>\n<li>Ring Hole Design<\/li>\n<li>Werkstoff Metall<\/li>\n<li>Wasserdicht und langlebig<\/li>\n<li>Schnellere Geschwindigkeit und hohe Qualit\u00e4t<\/li>\n<li>Zuverl\u00e4ssig und sicher<\/li>\n<li>Gro\u00dfartig f\u00fcr alle Zwecke<\/li>\n<\/ul>","protected":false},"featured_media":17196,"comment_status":"open","ping_status":"closed","template":"","meta":{"_seopress_robots_primary_cat":"none","_seopress_titles_title":"Whistle Metal USB Flash Drive","_seopress_titles_desc":"Whistle Metal USB Flash Drive","_seopress_robots_index":""},"class_list":["post-17186","product","type-product","status-publish","has-post-thumbnail","hentry","product_cat-usb30-flash-drive","product_cat-metal-usb-flash-drive","product_tag-custom-metal-keychain-usb-flash-drive","product_tag-buy-metal-leather-usb-flash-drive"],"_links":{"self":[{"href":"https:\/\/www.yousanusb.com\/de\/wp-json\/wp\/v2\/product\/17186"}],"collection":[{"href":"https:\/\/www.yousanusb.com\/de\/wp-json\/wp\/v2\/product"}],"about":[{"href":"https:\/\/www.yousanusb.com\/de\/wp-json\/wp\/v2\/types\/product"}],"replies":[{"embeddable":true,"href":"https:\/\/www.yousanusb.com\/de\/wp-json\/wp\/v2\/comments?post=17186"}],"wp:featuredmedia":[{"embeddable":true,"href":"https:\/\/www.yousanusb.com\/de\/wp-json\/wp\/v2\/media\/17196"}],"wp:attachment":[{"href":"https:\/\/www.yousanusb.com\/de\/wp-json\/wp\/v2\/media?parent=17186"}],"curies":[{"name":"wp","href":"https:\/\/api.w.org\/{rel}","templated":true}]}}