{"id":17245,"date":"2025-06-16T09:13:54","date_gmt":"2025-06-16T09:13:54","guid":{"rendered":"https:\/\/yousanusb.com\/?post_type=product&#038;p=17245"},"modified":"2025-10-06T00:24:06","modified_gmt":"2025-10-06T00:24:06","slug":"metal-carabiner-usb-flash-drive","status":"publish","type":"product","link":"https:\/\/www.yousanusb.com\/de\/product\/metal-carabiner-usb-flash-drive\/","title":{"rendered":"Metall-Karabiner USB-Flash-Laufwerk"},"content":{"rendered":"<h2 class=\"wp-block-heading\">Was ist ein USB-Flash-Laufwerk mit Metallkarabiner? <\/h2>\n\n\n\n<div class=\"wp-block-columns is-layout-flex wp-container-core-columns-is-layout-1 wp-block-columns-is-layout-flex\">\n<div class=\"wp-block-column is-layout-flow wp-block-column-is-layout-flow\"><div class=\"wp-block-image\">\n<figure class=\"aligncenter size-full is-resized\"><img fetchpriority=\"high\" decoding=\"async\" width=\"660\" height=\"660\" src=\"https:\/\/yousanusb.com\/wp-content\/uploads\/2025\/06\/Carabiner-Style-Metal-USB-Drive.jpg\" alt=\"Karabiner - Stil Metall USB-Laufwerk\" class=\"wp-image-17257\" style=\"width:450px\" srcset=\"https:\/\/www.yousanusb.com\/wp-content\/uploads\/2025\/06\/Carabiner-Style-Metal-USB-Drive.jpg 660w, https:\/\/www.yousanusb.com\/wp-content\/uploads\/2025\/06\/Carabiner-Style-Metal-USB-Drive-300x300.jpg 300w, https:\/\/www.yousanusb.com\/wp-content\/uploads\/2025\/06\/Carabiner-Style-Metal-USB-Drive-150x150.jpg 150w, https:\/\/www.yousanusb.com\/wp-content\/uploads\/2025\/06\/Carabiner-Style-Metal-USB-Drive-12x12.jpg 12w, https:\/\/www.yousanusb.com\/wp-content\/uploads\/2025\/06\/Carabiner-Style-Metal-USB-Drive-600x600.jpg 600w, https:\/\/www.yousanusb.com\/wp-content\/uploads\/2025\/06\/Carabiner-Style-Metal-USB-Drive-100x100.jpg 100w\" sizes=\"(max-width: 660px) 100vw, 660px\" \/><\/figure><\/div><\/div>\n\n\n\n<div class=\"wp-block-column is-vertically-aligned-center is-layout-flow wp-block-column-is-layout-flow\">\n<p>Der USB-Stick mit Metallkarabiner besteht aus einer Aluminiumlegierung in Luftfahrtqualit\u00e4t\/Edelstahl, die durch CNC-Pr\u00e4zisionsschnitzen und anodische Oxidation poliert wurde. Seine Oberfl\u00e4che ist so glatt wie ein Spiegel, resistent gegen Kratzer und Abrieb.<\/p>\n\n\n\n<p>Ein Ende ist mit einer Metallkarabinerstruktur versehen. Die Schnalle l\u00e4sst sich leichtg\u00e4ngig \u00f6ffnen und schlie\u00dfen (zum \u00d6ffnen mit dem Daumen dr\u00fccken, beim Loslassen wird sie automatisch verriegelt) und erm\u00f6glicht eine einfache Befestigung an Schl\u00fcsselb\u00e4ndern, Rucksackgurten oder sogar an den Ringen von Aktentaschen.<\/p>\n<\/div>\n<\/div>\n\n\n\n<h2 class=\"wp-block-heading\">Designstil des Metallkarabiner-USB-Sticks <\/h2>\n\n\n\n<div class=\"wp-block-columns is-layout-flex wp-container-core-columns-is-layout-2 wp-block-columns-is-layout-flex\">\n<div class=\"wp-block-column is-vertically-aligned-center is-layout-flow wp-block-column-is-layout-flow\">\n<p>Das Metallmaterial strahlt eine kalte, glatte Textur aus, die ein Gef\u00fchl von \"professioneller Autorit\u00e4t\" vermittelt und mit der in Gesch\u00e4ftsszenarien geforderten Zuverl\u00e4ssigkeit \u00fcbereinstimmt. Mit einem Gewicht von 15 g f\u00fchlt es sich nicht fadenscheinig an und ist dennoch leicht.<\/p>\n\n\n\n<p>Die geometrische Kombination aus rechteckigem Korpus und ovaler Schnalle ist minimalistisch gestaltet und ber\u00fccksichtigt ergonomische Gesichtspunkte - abgeschr\u00e4gte Kanten sorgen f\u00fcr einen angenehmen Griff. Seine schlanken Abmessungen passen m\u00fchelos in Federm\u00e4ppchen oder h\u00e4ngen an Schl\u00fcsseln, ohne aufzutragen.&nbsp;<\/p>\n<\/div>\n\n\n\n<div class=\"wp-block-column is-layout-flow wp-block-column-is-layout-flow\"><div class=\"wp-block-image\">\n<figure class=\"aligncenter size-full is-resized\"><img decoding=\"async\" width=\"1000\" height=\"1000\" src=\"https:\/\/yousanusb.com\/wp-content\/uploads\/2025\/06\/Silver-Metallic-Carabiner-USB-Flash-Drive.jpg\" alt=\"Silberner Metallic-Karabiner USB-Flash-Laufwerk\" class=\"wp-image-17265\" style=\"width:450px\" srcset=\"https:\/\/www.yousanusb.com\/wp-content\/uploads\/2025\/06\/Silver-Metallic-Carabiner-USB-Flash-Drive.jpg 1000w, https:\/\/www.yousanusb.com\/wp-content\/uploads\/2025\/06\/Silver-Metallic-Carabiner-USB-Flash-Drive-300x300.jpg 300w, https:\/\/www.yousanusb.com\/wp-content\/uploads\/2025\/06\/Silver-Metallic-Carabiner-USB-Flash-Drive-150x150.jpg 150w, https:\/\/www.yousanusb.com\/wp-content\/uploads\/2025\/06\/Silver-Metallic-Carabiner-USB-Flash-Drive-768x768.jpg 768w, https:\/\/www.yousanusb.com\/wp-content\/uploads\/2025\/06\/Silver-Metallic-Carabiner-USB-Flash-Drive-12x12.jpg 12w, https:\/\/www.yousanusb.com\/wp-content\/uploads\/2025\/06\/Silver-Metallic-Carabiner-USB-Flash-Drive-600x600.jpg 600w, https:\/\/www.yousanusb.com\/wp-content\/uploads\/2025\/06\/Silver-Metallic-Carabiner-USB-Flash-Drive-100x100.jpg 100w\" sizes=\"(max-width: 1000px) 100vw, 1000px\" \/><\/figure><\/div><\/div>\n<\/div>\n\n\n\n<h2 class=\"wp-block-heading\">Schnittstelle und Parameter des USB-Flash-Laufwerks mit Metallkarabiner <\/h2>\n\n\n\n<figure class=\"wp-block-table\"><table class=\"has-fixed-layout\"><tbody><tr><td>Artikel<\/td><td>USB2.0<\/td><td>USB3.0<\/td><\/tr><tr><td>Schnittstelle Standard<\/td><td>USB 2.0-Hochgeschwindigkeitsschnittstelle<\/td><td>USB 3.0-Hochgeschwindigkeitsschnittstelle<\/td><\/tr><tr><td>Verf\u00fcgbare Kapazit\u00e4ten<\/td><td>8G\/16G\/32G\/64G\/128G<\/td><td>8G\/16G\/32G\/64G\/128G<\/td><\/tr><tr><td>Abmessungen<\/td><td>47,7\u00d712,27\u00d74,6 mm<\/td><td>47,7\u00d712,27\u00d74,6 mm<\/td><\/tr><tr><td>Gewicht<\/td><td>15g<\/td><td>15g<\/td><\/tr><tr><td>Lesegeschwindigkeit<\/td><td>Ca. 15~25MB\/s (Max. 25MB\/s)<\/td><td>Ca. 80~150MB\/s (Max. 150MB\/s)<\/td><\/tr><tr><td>Schreibgeschwindigkeit<\/td><td>Ca. 8~15MB\/s (Max. 15MB\/s)<\/td><td>Ca. 20~60MB\/s (Max. 60MB\/s)<\/td><\/tr><\/tbody><\/table><\/figure>\n\n\n\n<div style=\"height:50px\" aria-hidden=\"true\" class=\"wp-block-spacer\"><\/div>\n\n\n\n<h2 class=\"wp-block-heading\">Welche Farbe hat der USB-Flash-Laufwerk mit Metallkarabiner?<\/h2>\n\n\n\n<div class=\"wp-block-columns is-layout-flex wp-container-core-columns-is-layout-3 wp-block-columns-is-layout-flex\">\n<div class=\"wp-block-column is-layout-flow wp-block-column-is-layout-flow\">\n<figure class=\"wp-block-image size-full is-resized\"><img decoding=\"async\" width=\"800\" height=\"800\" src=\"https:\/\/yousanusb.com\/wp-content\/uploads\/2025\/06\/Carabiner-Style-Metal-USB-Drive-from-Factory.png\" alt=\"Karabiner - Stil Metall USB-Laufwerk von Fabrik\" class=\"wp-image-17256\" style=\"width:450px\" srcset=\"https:\/\/www.yousanusb.com\/wp-content\/uploads\/2025\/06\/Carabiner-Style-Metal-USB-Drive-from-Factory.png 800w, https:\/\/www.yousanusb.com\/wp-content\/uploads\/2025\/06\/Carabiner-Style-Metal-USB-Drive-from-Factory-300x300.png 300w, https:\/\/www.yousanusb.com\/wp-content\/uploads\/2025\/06\/Carabiner-Style-Metal-USB-Drive-from-Factory-150x150.png 150w, https:\/\/www.yousanusb.com\/wp-content\/uploads\/2025\/06\/Carabiner-Style-Metal-USB-Drive-from-Factory-768x768.png 768w, https:\/\/www.yousanusb.com\/wp-content\/uploads\/2025\/06\/Carabiner-Style-Metal-USB-Drive-from-Factory-12x12.png 12w, https:\/\/www.yousanusb.com\/wp-content\/uploads\/2025\/06\/Carabiner-Style-Metal-USB-Drive-from-Factory-600x600.png 600w, https:\/\/www.yousanusb.com\/wp-content\/uploads\/2025\/06\/Carabiner-Style-Metal-USB-Drive-from-Factory-100x100.png 100w\" sizes=\"(max-width: 800px) 100vw, 800px\" \/><\/figure>\n<\/div>\n\n\n\n<div class=\"wp-block-column is-vertically-aligned-center is-layout-flow wp-block-column-is-layout-flow\">\n<p>Das Metallkarabiner-USB-Flash-Laufwerk ist ganz in Silber gehalten, und hinter diesem Silber\" steckt technologische Handwerkskunst:<\/p>\n\n\n\n<p>Die Aluminiumlegierung in Luftfahrtqualit\u00e4t hat von Natur aus einen metallischen Glanz, der einen \"technisch versierten\" Eindruck vermittelt.<\/p>\n\n\n\n<p>Durch das anodische Oxidationsverfahren erh\u00e4lt das Silber ein Cool Mirror Finish\" - es reflektiert das Licht wie ein Silberspiegel und vermeidet dank seiner metallischen Struktur den billigen Plastikglanz.<\/p>\n\n\n\n<p>Eine spezielle Beschichtungstechnologie sorgt daf\u00fcr, dass auch nach 3-5 Jahren t\u00e4glichen Gebrauchs keine Oxidation oder Farbverblassung auftritt.<\/p>\n<\/div>\n<\/div>\n\n\n\n<h2 class=\"wp-block-heading\">Kann der Metallkarabiner-USB-Flash-Laufwerk mit einem Logo versehen werden?<strong> <\/strong><\/h2>\n\n\n\n<p>Das USB-Flash-Laufwerk mit Metallkarabiner unterst\u00fctzt die durchg\u00e4ngige Logoanpassung sowohl f\u00fcr das Laufwerk als auch f\u00fcr die Verpackung, was es zu einem \"Trumpf\" f\u00fcr Firmengeschenke und Markenwerbung macht. Die Vorder- und R\u00fcckseite des USB-Sticks kann per Lasergravur, Siebdruck oder Farbdruck mit Logos versehen werden:<\/p>\n\n\n\n<div class=\"wp-block-columns is-layout-flex wp-container-core-columns-is-layout-4 wp-block-columns-is-layout-flex\">\n<div class=\"wp-block-column is-vertically-aligned-center is-layout-flow wp-block-column-is-layout-flow\">\n<p>Lasergravur: Geeignet f\u00fcr minimalistische Logos\/Texte, mit hoher Pr\u00e4zision und dauerhafter Haltbarkeit (erzeugt Vertiefungen auf der Metalloberfl\u00e4che, ideal f\u00fcr Gesch\u00e4ftslogos).<\/p>\n\n\n\n<p>Seidensiebdruck: Geeignet f\u00fcr farbenfrohe Muster, mit gleichm\u00e4\u00dfiger Farbdeckung und hoher Farbgenauigkeit (Hinweis: kann sich bei langfristiger Reibung abnutzen, geeignet f\u00fcr kurzfristige Kampagnen).<\/p>\n\n\n\n<p>Farbdruck: Unterst\u00fctzt Farbverl\u00e4ufe und komplexe Designs mit hoher Detailgenauigkeit (\u00e4hnlich wie beim Bedrucken von Handyh\u00fcllen, erfordert eine Schutzschicht f\u00fcr Kratzfestigkeit, ideal f\u00fcr kreative Marken).<\/p>\n<\/div>\n\n\n\n<div class=\"wp-block-column is-layout-flow wp-block-column-is-layout-flow\">\n<figure class=\"wp-block-image size-full is-resized\"><img loading=\"lazy\" decoding=\"async\" width=\"800\" height=\"800\" src=\"https:\/\/yousanusb.com\/wp-content\/uploads\/2025\/06\/Metallic-Carabiner-USB-Flash-Drive-with-Logo.png\" alt=\"Metallischer Karabiner-USB-Stick mit Logo\" class=\"wp-image-17262\" style=\"width:450px\" srcset=\"https:\/\/www.yousanusb.com\/wp-content\/uploads\/2025\/06\/Metallic-Carabiner-USB-Flash-Drive-with-Logo.png 800w, https:\/\/www.yousanusb.com\/wp-content\/uploads\/2025\/06\/Metallic-Carabiner-USB-Flash-Drive-with-Logo-300x300.png 300w, https:\/\/www.yousanusb.com\/wp-content\/uploads\/2025\/06\/Metallic-Carabiner-USB-Flash-Drive-with-Logo-150x150.png 150w, https:\/\/www.yousanusb.com\/wp-content\/uploads\/2025\/06\/Metallic-Carabiner-USB-Flash-Drive-with-Logo-768x768.png 768w, https:\/\/www.yousanusb.com\/wp-content\/uploads\/2025\/06\/Metallic-Carabiner-USB-Flash-Drive-with-Logo-12x12.png 12w, https:\/\/www.yousanusb.com\/wp-content\/uploads\/2025\/06\/Metallic-Carabiner-USB-Flash-Drive-with-Logo-600x600.png 600w, https:\/\/www.yousanusb.com\/wp-content\/uploads\/2025\/06\/Metallic-Carabiner-USB-Flash-Drive-with-Logo-100x100.png 100w\" sizes=\"(max-width: 800px) 100vw, 800px\" \/><\/figure>\n<\/div>\n<\/div>\n\n\n\n<h2 class=\"wp-block-heading\">Welche Art von Verpackung kann der USB-Stick haben?<\/h2>\n\n\n\n<p>Das USB-Flash-Laufwerk-Paket umfasst PP-Beutel, Eisenboxen oder Papierboxen, die alle mit Logos versehen werden k\u00f6nnen:<\/p>\n\n\n\n<div class=\"wp-block-columns is-layout-flex wp-container-core-columns-is-layout-5 wp-block-columns-is-layout-flex\">\n<div class=\"wp-block-column is-layout-flow wp-block-column-is-layout-flow\">\n<figure class=\"wp-block-image size-full is-resized\"><img loading=\"lazy\" decoding=\"async\" width=\"717\" height=\"717\" src=\"https:\/\/yousanusb.com\/wp-content\/uploads\/2025\/06\/Carabiner-Clasp-Metal-USB-Flash-Drive-Package-Box.png\" alt=\"Karabiner - Verschluss Metall USB Flash Drive Paket Box\" class=\"wp-image-17254\" style=\"width:450px\" srcset=\"https:\/\/www.yousanusb.com\/wp-content\/uploads\/2025\/06\/Carabiner-Clasp-Metal-USB-Flash-Drive-Package-Box.png 717w, https:\/\/www.yousanusb.com\/wp-content\/uploads\/2025\/06\/Carabiner-Clasp-Metal-USB-Flash-Drive-Package-Box-300x300.png 300w, https:\/\/www.yousanusb.com\/wp-content\/uploads\/2025\/06\/Carabiner-Clasp-Metal-USB-Flash-Drive-Package-Box-150x150.png 150w, https:\/\/www.yousanusb.com\/wp-content\/uploads\/2025\/06\/Carabiner-Clasp-Metal-USB-Flash-Drive-Package-Box-12x12.png 12w, https:\/\/www.yousanusb.com\/wp-content\/uploads\/2025\/06\/Carabiner-Clasp-Metal-USB-Flash-Drive-Package-Box-600x600.png 600w, https:\/\/www.yousanusb.com\/wp-content\/uploads\/2025\/06\/Carabiner-Clasp-Metal-USB-Flash-Drive-Package-Box-100x100.png 100w\" sizes=\"(max-width: 717px) 100vw, 717px\" \/><\/figure>\n<\/div>\n\n\n\n<div class=\"wp-block-column is-vertically-aligned-center is-layout-flow wp-block-column-is-layout-flow\">\n<p>Transparenter PP-Beutel: Leicht und kosteng\u00fcnstig (geeignet f\u00fcr den pers\u00f6nlichen Gebrauch\/kleine Chargen).<\/p>\n\n\n\n<p>Eiserne Box: Passt zur metallischen Textur des USB-Sticks und strahlt Eleganz aus (ideal f\u00fcr VIP-Geschenke oder Premium-Geschenksets).<\/p>\n\n\n\n<p>Papierbox: Erm\u00f6glicht exquisites Musterdesign, mit moderaten Kosten (geeignet f\u00fcr Messegeschenke oder Jahrestreffen-Souvenirs, kosteng\u00fcnstiger in gro\u00dfen Mengen).<\/p>\n<\/div>\n<\/div>\n\n\n\n<div style=\"height:40px\" aria-hidden=\"true\" class=\"wp-block-spacer\"><\/div>\n\n\n\n<h3 class=\"wp-block-heading\">Q1: Ist das Geh\u00e4use des USB-Flash-Laufwerks mit Metallkarabiner wasserdicht und sto\u00dffest? <\/h3>\n\n\n\n<p>A: Sein Metallgeh\u00e4use ist ein \"sch\u00fctzender Sechseck-Krieger\":<\/p>\n\n\n\n<p>Wasserdicht: Erf\u00fcllt den IPX4-Standard f\u00fcr die t\u00e4gliche Wasserdichtigkeit (widersteht Spritzern und Regentropfen, darf aber nicht in Wasser getaucht werden, um Sch\u00e4den zu vermeiden).<\/p>\n\n\n\n<p>Sto\u00dffest: Besteht den Test des freien Falls aus 1,5 m H\u00f6he (simuliert das Fallenlassen auf den Schreibtisch oder aus der Tasche, wobei die Metallstruktur die St\u00f6\u00dfe effektiv abf\u00e4ngt).<\/p>\n\n\n\n<p>Temperaturbest\u00e4ndig: Funktioniert stabil von -20\u2103 (Winter im Freien) bis 60\u2103 (Fahrzeuge mit hohen Temperaturen) und gew\u00e4hrleistet Datenintegrit\u00e4t.<\/p>\n\n\n\n<p>St\u00f6rungssicher: Das Metallgeh\u00e4use ist von Natur aus magnetisch und r\u00f6ntgensicher (sicher bei Sicherheitskontrollen am Flughafen oder in der N\u00e4he von Magneten), kurzum: Es \u00fcbersteht allt\u00e4gliche \"kleine Unf\u00e4lle\", aber absichtliches Eintauchen in Wasser wird trotzdem Sch\u00e4den verursachen!<\/p>\n\n\n\n<div class=\"wp-block-columns is-layout-flex wp-container-core-columns-is-layout-6 wp-block-columns-is-layout-flex\">\n<div class=\"wp-block-column is-layout-flow wp-block-column-is-layout-flow\">\n<figure class=\"wp-block-image size-full is-resized\"><img loading=\"lazy\" decoding=\"async\" width=\"800\" height=\"800\" src=\"https:\/\/yousanusb.com\/wp-content\/uploads\/2025\/06\/O1CN01scS8DC1sM0ny3zxeS_2682275751-0-cib.jpg_.webp.jpg\" alt=\"Mini Metallic Karabiner USB Flash Drive\" class=\"wp-image-17264\" style=\"width:450px\" srcset=\"https:\/\/www.yousanusb.com\/wp-content\/uploads\/2025\/06\/O1CN01scS8DC1sM0ny3zxeS_2682275751-0-cib.jpg_.webp.jpg 800w, https:\/\/www.yousanusb.com\/wp-content\/uploads\/2025\/06\/O1CN01scS8DC1sM0ny3zxeS_2682275751-0-cib.jpg_.webp-300x300.jpg 300w, https:\/\/www.yousanusb.com\/wp-content\/uploads\/2025\/06\/O1CN01scS8DC1sM0ny3zxeS_2682275751-0-cib.jpg_.webp-150x150.jpg 150w, https:\/\/www.yousanusb.com\/wp-content\/uploads\/2025\/06\/O1CN01scS8DC1sM0ny3zxeS_2682275751-0-cib.jpg_.webp-768x768.jpg 768w, https:\/\/www.yousanusb.com\/wp-content\/uploads\/2025\/06\/O1CN01scS8DC1sM0ny3zxeS_2682275751-0-cib.jpg_.webp-12x12.jpg 12w, https:\/\/www.yousanusb.com\/wp-content\/uploads\/2025\/06\/O1CN01scS8DC1sM0ny3zxeS_2682275751-0-cib.jpg_.webp-600x600.jpg 600w, https:\/\/www.yousanusb.com\/wp-content\/uploads\/2025\/06\/O1CN01scS8DC1sM0ny3zxeS_2682275751-0-cib.jpg_.webp-100x100.jpg 100w\" sizes=\"(max-width: 800px) 100vw, 800px\" \/><\/figure>\n<\/div>\n\n\n\n<div class=\"wp-block-column is-layout-flow wp-block-column-is-layout-flow\"><div class=\"wp-block-image\">\n<figure class=\"aligncenter size-full is-resized\"><img loading=\"lazy\" decoding=\"async\" width=\"790\" height=\"825\" src=\"https:\/\/yousanusb.com\/wp-content\/uploads\/2025\/06\/Carabiner-Clasp-Metal-USB-Flash-Drive.png\" alt=\"Karabiner - Verschluss Metall USB Flash Drive\" class=\"wp-image-17255\" style=\"width:400px\" srcset=\"https:\/\/www.yousanusb.com\/wp-content\/uploads\/2025\/06\/Carabiner-Clasp-Metal-USB-Flash-Drive.png 790w, https:\/\/www.yousanusb.com\/wp-content\/uploads\/2025\/06\/Carabiner-Clasp-Metal-USB-Flash-Drive-287x300.png 287w, https:\/\/www.yousanusb.com\/wp-content\/uploads\/2025\/06\/Carabiner-Clasp-Metal-USB-Flash-Drive-768x802.png 768w, https:\/\/www.yousanusb.com\/wp-content\/uploads\/2025\/06\/Carabiner-Clasp-Metal-USB-Flash-Drive-11x12.png 11w, https:\/\/www.yousanusb.com\/wp-content\/uploads\/2025\/06\/Carabiner-Clasp-Metal-USB-Flash-Drive-600x627.png 600w\" sizes=\"(max-width: 790px) 100vw, 790px\" \/><\/figure><\/div><\/div>\n<\/div>\n\n\n\n<div style=\"height:40px\" aria-hidden=\"true\" class=\"wp-block-spacer\"><\/div>\n\n\n\n<h3 class=\"wp-block-heading\">F2: Kann der USB-Stick mit Metallkarabiner an einem Schl\u00fcsselbund aufgeh\u00e4ngt werden? <\/h3>\n\n\n\n<p>A: Auf jeden Fall! Das Design des Karabiners beinhaltet drei clevere Funktionen:<\/p>\n\n\n\n<p>Hohe Belastbarkeit: Die Schnalle kann stabil etwa 500g tragen, geeignet f\u00fcr den t\u00e4glichen Schl\u00fcsselbund und kleine Anh\u00e4nger.<\/p>\n\n\n\n<p>Reibungslose Bedienung: Die federbelastete Schnallenstruktur erm\u00f6glicht ein einh\u00e4ndiges \u00d6ffnen\/Schlie\u00dfen, was eine einfache Befestigung gew\u00e4hrleistet und ein versehentliches L\u00f6sen verhindert.<\/p>\n\n\n\n<p>Anti-Verlust-Logik: Das Binden des USB-Laufwerks an Schl\u00fcssel bedeutet, dass der Verlust der Schl\u00fcssel sofort bemerkt wird, so dass das USB-Laufwerk sicher aufbewahrt wird - Schluss mit der Trag\u00f6die, das USB-Laufwerk allein zu verlieren!<\/p>\n\n\n\n<div class=\"wp-block-columns is-layout-flex wp-container-core-columns-is-layout-7 wp-block-columns-is-layout-flex\">\n<div class=\"wp-block-column is-layout-flow wp-block-column-is-layout-flow\"><\/div>\n<\/div>\n\n\n\n<p><\/p>","protected":false},"excerpt":{"rendered":"<ul>\n<li>Karabinerstruktur Design<\/li>\n<li>Werkstoff Metall<\/li>\n<li>Wasserdicht und langlebig<\/li>\n<li>Schnellere Geschwindigkeit und hohe Qualit\u00e4t<\/li>\n<li>Zuverl\u00e4ssig und sicher<\/li>\n<li>Gro\u00dfartig f\u00fcr alle Zwecke<\/li>\n<\/ul>","protected":false},"featured_media":17263,"comment_status":"open","ping_status":"closed","template":"","meta":{"_seopress_robots_primary_cat":"","_seopress_titles_title":"Metal Carabiner USB Flash Drive","_seopress_titles_desc":"","_seopress_robots_index":""},"class_list":["post-17245","product","type-product","status-publish","has-post-thumbnail","hentry","product_cat-usb30-flash-drive","product_cat-metal-usb-flash-drive","product_tag-metal-carabiner-usb-flash-drive","product_tag-custom-metal-keychain-usb-flash-drive","product_tag-buy-metal-leather-usb-flash-drive"],"_links":{"self":[{"href":"https:\/\/www.yousanusb.com\/de\/wp-json\/wp\/v2\/product\/17245"}],"collection":[{"href":"https:\/\/www.yousanusb.com\/de\/wp-json\/wp\/v2\/product"}],"about":[{"href":"https:\/\/www.yousanusb.com\/de\/wp-json\/wp\/v2\/types\/product"}],"replies":[{"embeddable":true,"href":"https:\/\/www.yousanusb.com\/de\/wp-json\/wp\/v2\/comments?post=17245"}],"wp:featuredmedia":[{"embeddable":true,"href":"https:\/\/www.yousanusb.com\/de\/wp-json\/wp\/v2\/media\/17263"}],"wp:attachment":[{"href":"https:\/\/www.yousanusb.com\/de\/wp-json\/wp\/v2\/media?parent=17245"}],"curies":[{"name":"wp","href":"https:\/\/api.w.org\/{rel}","templated":true}]}}