{"id":17266,"date":"2025-06-16T08:52:51","date_gmt":"2025-06-16T08:52:51","guid":{"rendered":"https:\/\/yousanusb.com\/?post_type=product&#038;p=17266"},"modified":"2025-12-11T08:27:47","modified_gmt":"2025-12-11T08:27:47","slug":"classic-plastic-usb-flash-drive-for-trade-show-gifts","status":"publish","type":"product","link":"https:\/\/www.yousanusb.com\/de\/product\/classic-plastic-usb-flash-drive-for-trade-show-gifts\/","title":{"rendered":"Klassisches USB-Flash-Laufwerk aus Kunststoff f\u00fcr Messegeschenke"},"content":{"rendered":"<div class=\"wp-block-columns is-layout-flex wp-container-core-columns-is-layout-1 wp-block-columns-is-layout-flex\">\n<div class=\"wp-block-column is-layout-flow wp-block-column-is-layout-flow\">\n<figure class=\"wp-block-image size-large\"><img fetchpriority=\"high\" decoding=\"async\" width=\"1024\" height=\"1024\" src=\"https:\/\/yousanusb.com\/wp-content\/uploads\/2025\/06\/ABS-Plastic-Shell-USB-Flash-Drive-1-1024x1024.jpg\" alt=\"ABS-Kunststoffgeh\u00e4use USB-Flash-Laufwerk-1\" class=\"wp-image-17182\" srcset=\"https:\/\/www.yousanusb.com\/wp-content\/uploads\/2025\/06\/ABS-Plastic-Shell-USB-Flash-Drive-1-1024x1024.jpg 1024w, https:\/\/www.yousanusb.com\/wp-content\/uploads\/2025\/06\/ABS-Plastic-Shell-USB-Flash-Drive-1-300x300.jpg 300w, https:\/\/www.yousanusb.com\/wp-content\/uploads\/2025\/06\/ABS-Plastic-Shell-USB-Flash-Drive-1-150x150.jpg 150w, https:\/\/www.yousanusb.com\/wp-content\/uploads\/2025\/06\/ABS-Plastic-Shell-USB-Flash-Drive-1-768x768.jpg 768w, https:\/\/www.yousanusb.com\/wp-content\/uploads\/2025\/06\/ABS-Plastic-Shell-USB-Flash-Drive-1-1536x1536.jpg 1536w, https:\/\/www.yousanusb.com\/wp-content\/uploads\/2025\/06\/ABS-Plastic-Shell-USB-Flash-Drive-1-12x12.jpg 12w, https:\/\/www.yousanusb.com\/wp-content\/uploads\/2025\/06\/ABS-Plastic-Shell-USB-Flash-Drive-1-600x600.jpg 600w, https:\/\/www.yousanusb.com\/wp-content\/uploads\/2025\/06\/ABS-Plastic-Shell-USB-Flash-Drive-1-100x100.jpg 100w, https:\/\/www.yousanusb.com\/wp-content\/uploads\/2025\/06\/ABS-Plastic-Shell-USB-Flash-Drive-1.jpg 1800w\" sizes=\"(max-width: 1024px) 100vw, 1024px\" \/><\/figure>\n<\/div>\n\n\n\n<div class=\"wp-block-column is-vertically-aligned-center is-layout-flow wp-block-column-is-layout-flow\">\n<p>Das klassische USB-Geschenklaufwerk aus Kunststoff ist seit fast 20 Jahren ein beliebtes USB-Modell. Mit seinem minimalistischen Design ist er kompakt und tragbar. Das einzigartige Design der Schutzkappe sch\u00fctzt die USB-Schnittstelle effektiv. <\/p>\n\n\n\n<p>Dieses ABS-Kunststoffgeh\u00e4use-USB-Laufwerk, dessen Kernst\u00fcck minimalistisches Design und Funktionalit\u00e4t ist, hat sich mit seiner hohen Kosteneffizienz und seinen benutzerfreundlichen Details zu einem gro\u00dfartigen Datenspeicherpartner f\u00fcr Studenten, B\u00fcroangestellte und Markenkunden entwickelt!<\/p>\n<\/div>\n<\/div>\n\n\n\n<h3 class=\"wp-block-heading\">Gestaltung &amp; Material<\/h3>\n\n\n\n<p>Das ABS-Kunststoffgeh\u00e4use des USB-Laufwerks wurde mit den Kernkonzepten \"leicht, klein und sch\u00fctzend\" entworfen - das Geh\u00e4use besteht aus technischem ABS-Kunststoff mit einer feinen, matten Oberfl\u00e4che, die einen hautfreundlichen Griff und Anti-Fingerabdruck-Eigenschaften bietet. <\/p>\n\n\n\n<div class=\"wp-block-columns is-layout-flex wp-container-core-columns-is-layout-2 wp-block-columns-is-layout-flex\">\n<div class=\"wp-block-column is-vertically-aligned-center is-layout-flow wp-block-column-is-layout-flow\">\n<p>Die insgesamt abgerundeten Kanten sind gratfrei, wiegen nur etwa 6,6 g und sind 56 mm x 21 mm x 8 mm gro\u00df (d\u00fcnner als eine M\u00fcnze). Sie passen problemlos in Taschen oder h\u00e4ngen an Schl\u00fcsselanh\u00e4ngern, so dass sie beim Pendeln, auf Gesch\u00e4ftsreisen oder im Unterricht stressfrei mitgenommen werden k\u00f6nnen.<\/p>\n\n\n\n<p>Au\u00dferdem ist er mit einer abnehmbaren Schutzkappe ausgestattet, die Staub, Kratzer und Fl\u00fcssigkeitsspritzer wirksam verhindert (keine Angst vor versch\u00fcttetem Kaffee!); in den Rand der Schutzkappe ist ein Loch f\u00fcr ein Schl\u00fcsselband eingelassen. <\/p>\n\n\n\n<p>Mit dem mitgelieferten Nylonband kann er direkt an Rucks\u00e4cke oder Telefonketten geh\u00e4ngt werden, so dass die Peinlichkeit des \"versehentlichen Fallenlassens des USB-Sticks\" entf\u00e4llt!<\/p>\n<\/div>\n\n\n\n<div class=\"wp-block-column is-layout-flow wp-block-column-is-layout-flow\">\n<figure class=\"wp-block-image size-full\"><img decoding=\"async\" width=\"800\" height=\"800\" src=\"https:\/\/yousanusb.com\/wp-content\/uploads\/2025\/06\/ABS-Plastic-Shell-USB-Flash-Drive5-2.jpg\" alt=\"ABS-Kunststoffgeh\u00e4use USB-Flash-Laufwerk5\" class=\"wp-image-17278\" srcset=\"https:\/\/www.yousanusb.com\/wp-content\/uploads\/2025\/06\/ABS-Plastic-Shell-USB-Flash-Drive5-2.jpg 800w, https:\/\/www.yousanusb.com\/wp-content\/uploads\/2025\/06\/ABS-Plastic-Shell-USB-Flash-Drive5-2-300x300.jpg 300w, https:\/\/www.yousanusb.com\/wp-content\/uploads\/2025\/06\/ABS-Plastic-Shell-USB-Flash-Drive5-2-150x150.jpg 150w, https:\/\/www.yousanusb.com\/wp-content\/uploads\/2025\/06\/ABS-Plastic-Shell-USB-Flash-Drive5-2-768x768.jpg 768w, https:\/\/www.yousanusb.com\/wp-content\/uploads\/2025\/06\/ABS-Plastic-Shell-USB-Flash-Drive5-2-12x12.jpg 12w, https:\/\/www.yousanusb.com\/wp-content\/uploads\/2025\/06\/ABS-Plastic-Shell-USB-Flash-Drive5-2-600x600.jpg 600w, https:\/\/www.yousanusb.com\/wp-content\/uploads\/2025\/06\/ABS-Plastic-Shell-USB-Flash-Drive5-2-100x100.jpg 100w\" sizes=\"(max-width: 800px) 100vw, 800px\" \/><\/figure>\n<\/div>\n<\/div>\n\n\n\n<p>Dar\u00fcber hinaus ist er mit einer abnehmbaren Schutzkappe ausgestattet, die Staub, Kratzer und Fl\u00fcssigkeitsspritzer wirksam verhindert (keine Angst vor versch\u00fcttetem Kaffee!); in den Rand der Schutzkappe ist ein Loch f\u00fcr das Schl\u00fcsselband eingelassen. Mit dem mitgelieferten Nylon-Lanyard kann es direkt an Rucks\u00e4cke oder Telefonketten geh\u00e4ngt werden, so dass die Peinlichkeit des \"versehentlichen Fallenlassens des USB-Sticks\" entf\u00e4llt!<\/p>\n\n\n\n<h2 class=\"wp-block-heading\">Kernparameter auf einen Blick<\/h2>\n\n\n\n<figure class=\"wp-block-table\"><table class=\"has-fixed-layout\"><thead><tr><th>Parameter Position<\/th><th>Einzelheiten<\/th><\/tr><\/thead><tbody><tr><td>Schnittstelle Typ<\/td><td>USB 2.0\/3.0<\/td><\/tr><tr><td>Schutz Design<\/td><td>Integrierte wasserdichte Verkapselung<\/td><\/tr><tr><td>Lese-\/Schreibgeschwindigkeit<\/td><td>USB 2.0: Lesen \u224815MB\/s \/ Schreiben \u22485MB\/s;<br>USB 3.0: Lesen \u224840MB\/s \/ Schreiben \u224820MB\/s<\/td><\/tr><tr><td>Kapazit\u00e4tsoptionen<\/td><td>1GB\/2GB\/4GB\/8GB\/16GB\/32GB\/64GB\/128GB\/256GB\/512GB\/1TB<\/td><\/tr><tr><td>Farben<\/td><td>Rot, Schwarz, Blau, Gr\u00fcn, Wei\u00df<\/td><\/tr><tr><td>Material<\/td><td>ABS-Kunststoff in technischer Qualit\u00e4t<\/td><\/tr><tr><td>Abmessungen<\/td><td>56*21*8mm<\/td><\/tr><tr><td>Gewicht<\/td><td>6.6g<\/td><\/tr><tr><td>Wasserdichte Bewertung<\/td><td>IPX7 (spritzwassergesch\u00fctzt, tauchfest)<\/td><\/tr><\/tbody><\/table><\/figure>\n\n\n\n<div class=\"wp-block-columns is-layout-flex wp-container-core-columns-is-layout-3 wp-block-columns-is-layout-flex\">\n<div class=\"wp-block-column is-layout-flow wp-block-column-is-layout-flow\">\n<figure class=\"wp-block-image size-full\"><img decoding=\"async\" width=\"800\" height=\"800\" src=\"https:\/\/yousanusb.com\/wp-content\/uploads\/2025\/06\/ABS-Plastic-Shell-USB-Flash-Drive-3-1.jpg\" alt=\"ABS-Kunststoff-Geh\u00e4use-USB-Flash-Laufwerk-3\" class=\"wp-image-17205\" srcset=\"https:\/\/www.yousanusb.com\/wp-content\/uploads\/2025\/06\/ABS-Plastic-Shell-USB-Flash-Drive-3-1.jpg 800w, https:\/\/www.yousanusb.com\/wp-content\/uploads\/2025\/06\/ABS-Plastic-Shell-USB-Flash-Drive-3-1-300x300.jpg 300w, https:\/\/www.yousanusb.com\/wp-content\/uploads\/2025\/06\/ABS-Plastic-Shell-USB-Flash-Drive-3-1-150x150.jpg 150w, https:\/\/www.yousanusb.com\/wp-content\/uploads\/2025\/06\/ABS-Plastic-Shell-USB-Flash-Drive-3-1-768x768.jpg 768w, https:\/\/www.yousanusb.com\/wp-content\/uploads\/2025\/06\/ABS-Plastic-Shell-USB-Flash-Drive-3-1-12x12.jpg 12w, https:\/\/www.yousanusb.com\/wp-content\/uploads\/2025\/06\/ABS-Plastic-Shell-USB-Flash-Drive-3-1-600x600.jpg 600w, https:\/\/www.yousanusb.com\/wp-content\/uploads\/2025\/06\/ABS-Plastic-Shell-USB-Flash-Drive-3-1-100x100.jpg 100w\" sizes=\"(max-width: 800px) 100vw, 800px\" \/><\/figure>\n<\/div>\n\n\n\n<div class=\"wp-block-column is-vertically-aligned-center is-layout-flow wp-block-column-is-layout-flow\">\n<h2 class=\"wp-block-heading\">Blockbuster-Eigenschaften: Einfach und hochgradig anpassungsf\u00e4hig<\/h2>\n\n\n\n<p>Als eines der meistbestellten Kunststoff-USB-Laufwerke zeichnet es sich durch seine einfachen Funktionen und seine hohe Praktikabilit\u00e4t aus. <\/p>\n\n\n\n<p>Ob f\u00fcr die t\u00e4gliche Dokumentenspeicherung, die \u00dcbertragung von Fotos oder die Sicherung wichtiger Daten, mit Kapazit\u00e4tsoptionen von 1 GB f\u00fcr einfache Dateispeicherung bis zu 1 TB f\u00fcr gro\u00dfe Datenanforderungen passt er sich an pers\u00f6nliche und b\u00fcrotechnische Szenarien an. <\/p>\n\n\n\n<p>Das integrierte Plug-and-Play-Design aus Kunststoff ist einfach zu bedienen und l\u00e4sst sich nahtlos in den Arbeits- und Lebensrhythmus integrieren.<\/p>\n<\/div>\n<\/div>\n\n\n\n<div style=\"height:50px\" aria-hidden=\"true\" class=\"wp-block-spacer\"><\/div>\n\n\n\n<p>Als eines der Kunststoff-USB-Laufwerke mit dem h\u00f6chsten Auftragsvolumen zeichnet es sich durch seine einfachen Funktionen und seine hohe Praxistauglichkeit aus. Ob f\u00fcr die t\u00e4gliche Dokumentenspeicherung, die \u00dcbertragung von Fotos oder die Sicherung wichtiger Daten, mit Kapazit\u00e4tsoptionen von 1 GB f\u00fcr die einfache Dateispeicherung bis zu 1 TB f\u00fcr gro\u00dfe Datenanforderungen passt es sich an pers\u00f6nliche und b\u00fcrotechnische Szenarien an. Das integrierte Plug-and-Play-Design aus Kunststoff ist einfach zu bedienen und f\u00fcgt sich nahtlos in den Arbeits- und Lebensrhythmus ein.<\/p>\n\n\n\n<div class=\"wp-block-columns are-vertically-aligned-center is-layout-flex wp-container-core-columns-is-layout-4 wp-block-columns-is-layout-flex\">\n<div class=\"wp-block-column is-vertically-aligned-center is-layout-flow wp-block-column-is-layout-flow\">\n<h2 class=\"wp-block-heading\">Flexible Anpassung: Ein leistungsstarkes Werkzeug f\u00fcr den Markenaufbau<\/h2>\n\n\n\n<p>Mit 5 klassischen Farboptionen wird er allen \u00e4sthetischen Vorlieben gerecht!<\/p>\n\n\n\n<p>Die f\u00fcnf Standardfarben - Rot, Schwarz, Blau, Gr\u00fcn und Wei\u00df - erf\u00fcllen unterschiedliche Anforderungen an \u00c4sthetik und Markenton. F\u00fcr Markenkunden, OEM\/ODM-Auftr\u00e4ge und unabh\u00e4ngige Website-Verk\u00e4ufer ist es ein ausgezeichneter Tr\u00e4ger f\u00fcr die individuelle Gestaltung. <\/p>\n\n\n\n<p>Sowohl die Vorder- als auch die R\u00fcckseite des USB-Laufwerks k\u00f6nnen mit Logos versehen werden, wobei zwei Verfahren zur Verf\u00fcgung stehen: Lasergravur und Siebdruck. Die Verpackung unterst\u00fctzt auch die Logoanpassung und hilft dabei, exklusive Markenidentit\u00e4ten zu schaffen und den Wiedererkennungswert des Produkts und die Markenkommunikation zu verbessern.<\/p>\n<\/div>\n\n\n\n<div class=\"wp-block-column is-vertically-aligned-center is-layout-flow wp-block-column-is-layout-flow\"><div class=\"wp-block-image\">\n<figure class=\"aligncenter size-full\"><img loading=\"lazy\" decoding=\"async\" width=\"800\" height=\"800\" src=\"https:\/\/yousanusb.com\/wp-content\/uploads\/2025\/06\/ABS-Plastic-Shell-USB-Flash-Drive.jpg\" alt=\"ABS-Kunststoffgeh\u00e4use USB-Flash-Laufwerk\" class=\"wp-image-17183\" srcset=\"https:\/\/www.yousanusb.com\/wp-content\/uploads\/2025\/06\/ABS-Plastic-Shell-USB-Flash-Drive.jpg 800w, https:\/\/www.yousanusb.com\/wp-content\/uploads\/2025\/06\/ABS-Plastic-Shell-USB-Flash-Drive-300x300.jpg 300w, https:\/\/www.yousanusb.com\/wp-content\/uploads\/2025\/06\/ABS-Plastic-Shell-USB-Flash-Drive-150x150.jpg 150w, https:\/\/www.yousanusb.com\/wp-content\/uploads\/2025\/06\/ABS-Plastic-Shell-USB-Flash-Drive-768x768.jpg 768w, https:\/\/www.yousanusb.com\/wp-content\/uploads\/2025\/06\/ABS-Plastic-Shell-USB-Flash-Drive-12x12.jpg 12w, https:\/\/www.yousanusb.com\/wp-content\/uploads\/2025\/06\/ABS-Plastic-Shell-USB-Flash-Drive-600x600.jpg 600w, https:\/\/www.yousanusb.com\/wp-content\/uploads\/2025\/06\/ABS-Plastic-Shell-USB-Flash-Drive-100x100.jpg 100w\" sizes=\"(max-width: 800px) 100vw, 800px\" \/><figcaption class=\"wp-element-caption\">Rot, Schwarz, Blau, Gr\u00fcn, Wei\u00df<\/figcaption><\/figure><\/div><\/div>\n<\/div>\n\n\n\n<ul class=\"wp-block-list\">\n<li><\/li>\n<\/ul>\n\n\n\n<div class=\"wp-block-columns is-layout-flex wp-container-core-columns-is-layout-5 wp-block-columns-is-layout-flex\">\n<div class=\"wp-block-column is-layout-flow wp-block-column-is-layout-flow\">\n<figure class=\"wp-block-image size-full\"><img loading=\"lazy\" decoding=\"async\" width=\"800\" height=\"800\" src=\"https:\/\/yousanusb.com\/wp-content\/uploads\/2025\/06\/ABS-Plastic-Shell-USB-Flash-Drive-2.jpg\" alt=\"ABS-Kunststoffgeh\u00e4use USB-Flash-Laufwerk-2\" class=\"wp-image-17203\" srcset=\"https:\/\/www.yousanusb.com\/wp-content\/uploads\/2025\/06\/ABS-Plastic-Shell-USB-Flash-Drive-2.jpg 800w, https:\/\/www.yousanusb.com\/wp-content\/uploads\/2025\/06\/ABS-Plastic-Shell-USB-Flash-Drive-2-300x300.jpg 300w, https:\/\/www.yousanusb.com\/wp-content\/uploads\/2025\/06\/ABS-Plastic-Shell-USB-Flash-Drive-2-150x150.jpg 150w, https:\/\/www.yousanusb.com\/wp-content\/uploads\/2025\/06\/ABS-Plastic-Shell-USB-Flash-Drive-2-768x768.jpg 768w, https:\/\/www.yousanusb.com\/wp-content\/uploads\/2025\/06\/ABS-Plastic-Shell-USB-Flash-Drive-2-12x12.jpg 12w, https:\/\/www.yousanusb.com\/wp-content\/uploads\/2025\/06\/ABS-Plastic-Shell-USB-Flash-Drive-2-600x600.jpg 600w, https:\/\/www.yousanusb.com\/wp-content\/uploads\/2025\/06\/ABS-Plastic-Shell-USB-Flash-Drive-2-100x100.jpg 100w\" sizes=\"(max-width: 800px) 100vw, 800px\" \/><\/figure>\n<\/div>\n\n\n\n<div class=\"wp-block-column is-vertically-aligned-center is-layout-flow wp-block-column-is-layout-flow\">\n<h2 class=\"wp-block-heading\">Zielkundengruppen<\/h2>\n\n\n\n<ul class=\"wp-block-list\">\n<li><strong>Marke Kunden<\/strong>: St\u00e4rkung der Markenpr\u00e4senz und Verbesserung des Markenimages durch individuelle Logos und Verpackungen.<\/li>\n\n\n\n<li><strong>OEM\/ODM-Auftragsparteien<\/strong>: Das hohe Auftragsvolumen und die flexible Anpassung an Kundenw\u00fcnsche erf\u00fcllen die Anforderungen der Massenproduktion und des personalisierten Designs.<\/li>\n\n\n\n<li><strong>Unabh\u00e4ngige Website-Verk\u00e4ufer<\/strong>: Schaffung differenzierter Produkte durch individuelle Anpassung, Verbesserung der Wettbewerbsf\u00e4higkeit der Produkte und Gewinnung von Zielkunden.<\/li>\n\n\n\n<li><strong>Allgemeine Benutzer<\/strong>: F\u00fcr die pers\u00f6nliche Datenspeicherung oder als kleines Geschenk f\u00fcr Freunde (strukturierter als gew\u00f6hnliche USB-Laufwerke).<\/li>\n<\/ul>\n<\/div>\n<\/div>\n\n\n\n<p>Dieses USB-Laufwerk mit ABS-Kunststoffgeh\u00e4use deckt mit seinem minimalistischen und praktischen Design und den zahlreichen Parameterkonfigurationen verschiedene Speicheranforderungen ab. Aufgrund seiner meistverkauften Eigenschaften und flexiblen Anpassungsm\u00f6glichkeiten ist es eine ausgezeichnete Wahl f\u00fcr den Markenaufbau und die gesch\u00e4ftliche Zusammenarbeit. Ob f\u00fcr den t\u00e4glichen pers\u00f6nlichen Gebrauch oder f\u00fcr die Werbung im Unternehmen, es kann die Datenspeicherung und die Markenkommunikation mit stabiler Leistung und individuellen Vorteilen unterst\u00fctzen.<\/p>\n\n\n\n<p><\/p>","protected":false},"excerpt":{"rendered":"<ul>\n<li>Minimalistischer Designstil, kompakt und tragbar<\/li>\n<li>Ausgestattet mit einem Lanyard-Loch zum bequemen Aufh\u00e4ngen und Tragen<\/li>\n<li>Hochwertiges ABS-Kunststoffgeh\u00e4use<\/li>\n<li>Kapazit\u00e4t Optionen: 1GB\/2GB\/4GB\/8GB\/16GB\/32GB\/64GB\/128GB\/256GB\/512GB\/1TB<\/li>\n<\/ul>","protected":false},"featured_media":17183,"comment_status":"open","ping_status":"closed","template":"","meta":{"_seopress_robots_primary_cat":"","_seopress_titles_title":"","_seopress_titles_desc":"","_seopress_robots_index":""},"class_list":["post-17266","product","type-product","status-publish","has-post-thumbnail","hentry","product_cat-usb30-flash-drive","product_tag-abs-usb-flash-drive"],"_links":{"self":[{"href":"https:\/\/www.yousanusb.com\/de\/wp-json\/wp\/v2\/product\/17266"}],"collection":[{"href":"https:\/\/www.yousanusb.com\/de\/wp-json\/wp\/v2\/product"}],"about":[{"href":"https:\/\/www.yousanusb.com\/de\/wp-json\/wp\/v2\/types\/product"}],"replies":[{"embeddable":true,"href":"https:\/\/www.yousanusb.com\/de\/wp-json\/wp\/v2\/comments?post=17266"}],"wp:featuredmedia":[{"embeddable":true,"href":"https:\/\/www.yousanusb.com\/de\/wp-json\/wp\/v2\/media\/17183"}],"wp:attachment":[{"href":"https:\/\/www.yousanusb.com\/de\/wp-json\/wp\/v2\/media?parent=17266"}],"curies":[{"name":"wp","href":"https:\/\/api.w.org\/{rel}","templated":true}]}}