{"id":17281,"date":"2025-06-17T05:12:07","date_gmt":"2025-06-17T05:12:07","guid":{"rendered":"https:\/\/yousanusb.com\/?post_type=product&#038;p=17281"},"modified":"2025-10-06T00:23:57","modified_gmt":"2025-10-06T00:23:57","slug":"metal-buckle-usb-flash-drive","status":"publish","type":"product","link":"https:\/\/www.yousanusb.com\/de\/product\/metal-buckle-usb-flash-drive\/","title":{"rendered":"USB-Flash-Laufwerk mit Metallschnalle"},"content":{"rendered":"<h3 class=\"wp-block-heading\">Was ist ein USB-Flash-Laufwerk mit Metallschnalle? <\/h3>\n\n\n\n<div class=\"wp-block-columns is-layout-flex wp-container-core-columns-is-layout-1 wp-block-columns-is-layout-flex\">\n<div class=\"wp-block-column is-layout-flow wp-block-column-is-layout-flow\"><div class=\"wp-block-image\">\n<figure class=\"aligncenter size-full is-resized\"><img fetchpriority=\"high\" decoding=\"async\" width=\"800\" height=\"800\" src=\"https:\/\/yousanusb.com\/wp-content\/uploads\/2025\/06\/O1CN01W882au1X1lEerjPde_962122864-0-cib.jpg\" alt=\"USB-Flash-Laufwerk mit Metallhaken in gro\u00dfen Mengen\" class=\"wp-image-17291\" style=\"width:450px\" srcset=\"https:\/\/www.yousanusb.com\/wp-content\/uploads\/2025\/06\/O1CN01W882au1X1lEerjPde_962122864-0-cib.jpg 800w, https:\/\/www.yousanusb.com\/wp-content\/uploads\/2025\/06\/O1CN01W882au1X1lEerjPde_962122864-0-cib-300x300.jpg 300w, https:\/\/www.yousanusb.com\/wp-content\/uploads\/2025\/06\/O1CN01W882au1X1lEerjPde_962122864-0-cib-150x150.jpg 150w, https:\/\/www.yousanusb.com\/wp-content\/uploads\/2025\/06\/O1CN01W882au1X1lEerjPde_962122864-0-cib-768x768.jpg 768w, https:\/\/www.yousanusb.com\/wp-content\/uploads\/2025\/06\/O1CN01W882au1X1lEerjPde_962122864-0-cib-12x12.jpg 12w, https:\/\/www.yousanusb.com\/wp-content\/uploads\/2025\/06\/O1CN01W882au1X1lEerjPde_962122864-0-cib-600x600.jpg 600w, https:\/\/www.yousanusb.com\/wp-content\/uploads\/2025\/06\/O1CN01W882au1X1lEerjPde_962122864-0-cib-100x100.jpg 100w\" sizes=\"(max-width: 800px) 100vw, 800px\" \/><\/figure><\/div><\/div>\n\n\n\n<div class=\"wp-block-column is-vertically-aligned-center is-layout-flow wp-block-column-is-layout-flow\">\n<p>Das Metal Buckle USB-Flash-Laufwerk durchbricht den traditionellen USB-Formfaktor, indem es an einem Ende eine bewegliche Metallschnalle integriert, die einem Karabiner \u00e4hnelt.<\/p>\n\n\n\n<p>Die Schnalle ist mit Pr\u00e4zisionsnieten verbunden, die ein einfaches \u00d6ffnen und Schlie\u00dfen erm\u00f6glichen, und kann direkt an Schl\u00fcsselanh\u00e4ngern, Rucksackschlaufen, Ausweisen oder sogar an Outdoor-Ausr\u00fcstung befestigt werden.<\/p>\n\n\n\n<p>Das gesamte Geh\u00e4use ist aus integriertem Metall geschmiedet, das durch Polieren, anodische Oxidation und andere Techniken bearbeitet wird, was zu einer spiegelglatten Oberfl\u00e4che, k\u00fchlem Griff und kratzfester Haltbarkeit f\u00fchrt.<\/p>\n<\/div>\n<\/div>\n\n\n\n<h3 class=\"wp-block-heading\">Wie sieht das Design des Metal Buckle USB Flash Drive aus? <\/h3>\n\n\n\n<div class=\"wp-block-columns is-layout-flex wp-container-core-columns-is-layout-2 wp-block-columns-is-layout-flex\">\n<div class=\"wp-block-column is-vertically-aligned-center is-layout-flow wp-block-column-is-layout-flow\">\n<p>Das Metallgeh\u00e4use selbst ist das Herzst\u00fcck des Designs - der kalte silbergraue Ton und die hochglanzpolierte Oberfl\u00e4che strahlen das harte Temperament des Industriezeitalters aus; die geometrische Quaderform, die mit CNC-Pr\u00e4zision geschnitten wurde, eliminiert alle Kurven und Muster und interpretiert die minimalistische Philosophie des \"weniger ist mehr\" mit einfachsten Konturen.<\/p>\n\n\n\n<p>Die \"freiliegende Schnittstelle + bewegliche Schnalle\" bildet ein starkes industrielles Symbol: Die USB-Schnittstelle ist direkt freiliegend und praktiziert die Designlogik der \"Funktion als Dekoration\"; die Nietverbindung der oberen Schnalle dient sowohl als praktische Erweiterung der mechanischen Struktur als auch als visueller Brennpunkt.<\/p>\n<\/div>\n\n\n\n<div class=\"wp-block-column is-layout-flow wp-block-column-is-layout-flow\"><div class=\"wp-block-image\">\n<figure class=\"aligncenter size-full is-resized\"><img decoding=\"async\" width=\"800\" height=\"800\" src=\"https:\/\/yousanusb.com\/wp-content\/uploads\/2025\/06\/Metal-Hook-USB-Flash-Drive-1.jpg\" alt=\"USB-Flash-Laufwerk mit Metallhaken\" class=\"wp-image-17290\" style=\"width:450px\" srcset=\"https:\/\/www.yousanusb.com\/wp-content\/uploads\/2025\/06\/Metal-Hook-USB-Flash-Drive-1.jpg 800w, https:\/\/www.yousanusb.com\/wp-content\/uploads\/2025\/06\/Metal-Hook-USB-Flash-Drive-1-300x300.jpg 300w, https:\/\/www.yousanusb.com\/wp-content\/uploads\/2025\/06\/Metal-Hook-USB-Flash-Drive-1-150x150.jpg 150w, https:\/\/www.yousanusb.com\/wp-content\/uploads\/2025\/06\/Metal-Hook-USB-Flash-Drive-1-768x768.jpg 768w, https:\/\/www.yousanusb.com\/wp-content\/uploads\/2025\/06\/Metal-Hook-USB-Flash-Drive-1-12x12.jpg 12w, https:\/\/www.yousanusb.com\/wp-content\/uploads\/2025\/06\/Metal-Hook-USB-Flash-Drive-1-600x600.jpg 600w, https:\/\/www.yousanusb.com\/wp-content\/uploads\/2025\/06\/Metal-Hook-USB-Flash-Drive-1-100x100.jpg 100w\" sizes=\"(max-width: 800px) 100vw, 800px\" \/><\/figure><\/div><\/div>\n<\/div>\n\n\n\n<h3 class=\"wp-block-heading\">Schnittstellen und Parameter des Metal Buckle USB Flash Drive <\/h3>\n\n\n\n<figure class=\"wp-block-table\"><table class=\"has-fixed-layout\"><tbody><tr><td>Parameter<\/td><td>USB2.0<\/td><td>USB3.0<\/td><\/tr><tr><td>Kapazit\u00e4t<\/td><td>8G\/16G\/32G\/64G<\/td><td>16G\/32G\/64G\/128G\/256G\/512G\/1T\/2T<\/td><\/tr><tr><td>Abmessungen<\/td><td>57\u00d716\u00d75mm <\/td><td>57\u00d716\u00d75mm <\/td><\/tr><tr><td>Lese-\/Schreibgeschwindigkeit<\/td><td>Lesen: 6-15MB\/s, Schreiben: 3-8MB\/s<\/td><td>Lesen: 30-100MB\/s, Schreiben: 10-30MB\/s<\/td><\/tr><tr><td>Zielbenutzer<\/td><td>Studenten, Berufsanf\u00e4nger (h\u00e4ufige \u00dcbertragung kleiner Dateien)<\/td><td>Designer, Gesch\u00e4ftsleute (Speicherung gro\u00dfer Dateien)<\/td><\/tr><tr><td>Anwendbare Szenarien<\/td><td>\u00dcbertragung von Dokumenten, Fotos, Car Audio<\/td><td>Video\u00fcbertragung, Designentw\u00fcrfe, Pr\u00e4sentationsdateien<\/td><\/tr><tr><td>Gewicht<\/td><td>15g<\/td><td>15g<\/td><\/tr><\/tbody><\/table><\/figure>\n\n\n\n<div style=\"height:50px\" aria-hidden=\"true\" class=\"wp-block-spacer\"><\/div>\n\n\n\n<h3 class=\"wp-block-heading\">Welche Farbe hat der Metal Buckle USB Flash Drive? <\/h3>\n\n\n\n<div class=\"wp-block-columns is-layout-flex wp-container-core-columns-is-layout-3 wp-block-columns-is-layout-flex\">\n<div class=\"wp-block-column is-layout-flow wp-block-column-is-layout-flow\">\n<figure class=\"wp-block-image size-full is-resized\"><img decoding=\"async\" width=\"800\" height=\"800\" src=\"https:\/\/yousanusb.com\/wp-content\/uploads\/2025\/06\/Metal-Hook-Lock-USB-Flash-Drive.jpg\" alt=\"Metallhaken - Schloss USB-Flash-Laufwerk\" class=\"wp-image-17288\" style=\"width:450px\" srcset=\"https:\/\/www.yousanusb.com\/wp-content\/uploads\/2025\/06\/Metal-Hook-Lock-USB-Flash-Drive.jpg 800w, https:\/\/www.yousanusb.com\/wp-content\/uploads\/2025\/06\/Metal-Hook-Lock-USB-Flash-Drive-300x300.jpg 300w, https:\/\/www.yousanusb.com\/wp-content\/uploads\/2025\/06\/Metal-Hook-Lock-USB-Flash-Drive-150x150.jpg 150w, https:\/\/www.yousanusb.com\/wp-content\/uploads\/2025\/06\/Metal-Hook-Lock-USB-Flash-Drive-768x768.jpg 768w, https:\/\/www.yousanusb.com\/wp-content\/uploads\/2025\/06\/Metal-Hook-Lock-USB-Flash-Drive-12x12.jpg 12w, https:\/\/www.yousanusb.com\/wp-content\/uploads\/2025\/06\/Metal-Hook-Lock-USB-Flash-Drive-600x600.jpg 600w, https:\/\/www.yousanusb.com\/wp-content\/uploads\/2025\/06\/Metal-Hook-Lock-USB-Flash-Drive-100x100.jpg 100w\" sizes=\"(max-width: 800px) 100vw, 800px\" \/><\/figure>\n<\/div>\n\n\n\n<div class=\"wp-block-column is-vertically-aligned-center is-layout-flow wp-block-column-is-layout-flow\">\n<p>Das Metal Buckle USB-Flash-Laufwerk hat eine klassische silberne Farbe. Die Metalloberfl\u00e4che ist mit \"anodischer Oxidation + Feinpolieren\" behandelt:<\/p>\n\n\n\n<p>Die anodische Oxidation sorgt f\u00fcr eine gleichm\u00e4\u00dfige Silberfarbe und Korrosionsbest\u00e4ndigkeit; die Poliertechnologie verleiht der Oberfl\u00e4che einen spiegel\u00e4hnlichen Glanz, der das Licht sanft reflektiert und einen hochwertigen Eindruck vermittelt.<\/p>\n\n\n\n<p>Silber ist eine \"vielseitige Texturfarbe\". Im Gesch\u00e4ftsleben passt sie zu Anz\u00fcgen und Aktentaschen und strahlt unaufdringliche Professionalit\u00e4t aus. Im Alltag passt sie zu l\u00e4ssigen Taschen oder Schl\u00fcsselanh\u00e4ngern und besticht durch ihren metallischen Glanz.<\/p>\n<\/div>\n<\/div>\n\n\n\n<h3 class=\"wp-block-heading\">Kann der Metal Buckle USB Flash Drive mit einem Logo versehen werden? <\/h3>\n\n\n\n<p>Ja! Das Metal Buckle USB-Flash-Laufwerk kann mit drei Verfahren an zwei Stellen (Vorder- und R\u00fcckseite) individuell gestaltet werden: Lasergravur, Siebdruck und Farbdruck, um den Anforderungen von Unternehmen und Privatpersonen gerecht zu werden. Die Lasergravur ist das am h\u00e4ufigsten verwendete Verfahren.<\/p>\n\n\n\n<div class=\"wp-block-columns is-layout-flex wp-container-core-columns-is-layout-4 wp-block-columns-is-layout-flex\">\n<div class=\"wp-block-column is-vertically-aligned-center is-layout-flow wp-block-column-is-layout-flow\">\n<p>Die Lasergravur bietet:<\/p>\n\n\n\n<p>Dauerhaftigkeit: Die Gravuren dringen in die Metallschicht ein, verblassen oder bl\u00e4ttern nicht ab und bleiben auch nach l\u00e4ngerer Reibung klar;<\/p>\n\n\n\n<p>Textur: Ge\u00e4tzte Bereiche weisen eine \"matte Textur\" auf, die einen Hell-Dunkel-Kontrast mit dem Spiegelmetall bildet und f\u00fcr gute Sichtbarkeit sorgt;<\/p>\n\n\n\n<p>Pr\u00e4zision: Der Laser reproduziert selbst filigrane Buchstaben oder komplexe Logos pr\u00e4zise und unterst\u00fctzt sogar \"Gradientengravuren\" f\u00fcr einen dreidimensionalen Effekt.<\/p>\n<\/div>\n\n\n\n<div class=\"wp-block-column is-layout-flow wp-block-column-is-layout-flow\">\n<figure class=\"wp-block-image size-full is-resized\"><img loading=\"lazy\" decoding=\"async\" width=\"800\" height=\"800\" src=\"https:\/\/yousanusb.com\/wp-content\/uploads\/2025\/06\/Metal-Buckle-USB-Flash-Drive-with-Logo.jpg\" alt=\"USB-Flash-Laufwerk mit Metallschnalle und Logo\" class=\"wp-image-17284\" style=\"width:450px;height:auto\" srcset=\"https:\/\/www.yousanusb.com\/wp-content\/uploads\/2025\/06\/Metal-Buckle-USB-Flash-Drive-with-Logo.jpg 800w, https:\/\/www.yousanusb.com\/wp-content\/uploads\/2025\/06\/Metal-Buckle-USB-Flash-Drive-with-Logo-300x300.jpg 300w, https:\/\/www.yousanusb.com\/wp-content\/uploads\/2025\/06\/Metal-Buckle-USB-Flash-Drive-with-Logo-150x150.jpg 150w, https:\/\/www.yousanusb.com\/wp-content\/uploads\/2025\/06\/Metal-Buckle-USB-Flash-Drive-with-Logo-768x768.jpg 768w, https:\/\/www.yousanusb.com\/wp-content\/uploads\/2025\/06\/Metal-Buckle-USB-Flash-Drive-with-Logo-12x12.jpg 12w, https:\/\/www.yousanusb.com\/wp-content\/uploads\/2025\/06\/Metal-Buckle-USB-Flash-Drive-with-Logo-600x600.jpg 600w, https:\/\/www.yousanusb.com\/wp-content\/uploads\/2025\/06\/Metal-Buckle-USB-Flash-Drive-with-Logo-100x100.jpg 100w\" sizes=\"(max-width: 800px) 100vw, 800px\" \/><\/figure>\n<\/div>\n<\/div>\n\n\n\n<h4 class=\"wp-block-heading\">F1: Ist das Metal Buckle USB Flash Drive Geh\u00e4use wasserdicht und sto\u00dffest? <\/h4>\n\n\n\n<p>A: Das Metallgeh\u00e4use ist \"spritzwassergesch\u00fctzt und sturzsicher\", aber achten Sie auf die Details!<\/p>\n\n\n\n<div class=\"wp-block-columns is-layout-flex wp-container-core-columns-is-layout-5 wp-block-columns-is-layout-flex\">\n<div class=\"wp-block-column is-layout-flow wp-block-column-is-layout-flow\">\n<figure class=\"wp-block-image size-full is-resized\"><img loading=\"lazy\" decoding=\"async\" width=\"800\" height=\"800\" src=\"https:\/\/yousanusb.com\/wp-content\/uploads\/2025\/06\/Metal-Clip-on-USB-Flash-Drive.png\" alt=\"Metallclip - auf USB-Flash-Laufwerk\" class=\"wp-image-17286\" style=\"width:450px\" srcset=\"https:\/\/www.yousanusb.com\/wp-content\/uploads\/2025\/06\/Metal-Clip-on-USB-Flash-Drive.png 800w, https:\/\/www.yousanusb.com\/wp-content\/uploads\/2025\/06\/Metal-Clip-on-USB-Flash-Drive-300x300.png 300w, https:\/\/www.yousanusb.com\/wp-content\/uploads\/2025\/06\/Metal-Clip-on-USB-Flash-Drive-150x150.png 150w, https:\/\/www.yousanusb.com\/wp-content\/uploads\/2025\/06\/Metal-Clip-on-USB-Flash-Drive-768x768.png 768w, https:\/\/www.yousanusb.com\/wp-content\/uploads\/2025\/06\/Metal-Clip-on-USB-Flash-Drive-12x12.png 12w, https:\/\/www.yousanusb.com\/wp-content\/uploads\/2025\/06\/Metal-Clip-on-USB-Flash-Drive-600x600.png 600w, https:\/\/www.yousanusb.com\/wp-content\/uploads\/2025\/06\/Metal-Clip-on-USB-Flash-Drive-100x100.png 100w\" sizes=\"(max-width: 800px) 100vw, 800px\" \/><\/figure>\n<\/div>\n\n\n\n<div class=\"wp-block-column is-vertically-aligned-center is-layout-flow wp-block-column-is-layout-flow\">\n<p>Wasserdichtigkeit: Die integrierte Metallleiste verbessert die Abdichtung und sch\u00fctzt vor t\u00e4glichem Regen und Wasserspritzern; die USB-Schnittstelle ist jedoch ein elektronischer Kontakt, der nicht in Wasser getaucht werden darf (z. B. in Schwimmb\u00e4der oder Waschbecken), um Kurzschl\u00fcsse zu vermeiden.<\/p>\n\n\n\n<p>Schock-Widerstand: Das hochharte Metall kann interne Chips puffern, wenn es aus 1,5 Metern fallen gelassen wird; es unterst\u00fctzt auch extreme Temperaturbest\u00e4ndigkeit (-20\u2103~60\u2103), Antimagnetismus und Anti-R\u00f6ntgenstrahlen, die Sicherheit f\u00fcr Outdoor- und Gesch\u00e4ftsreisen gew\u00e4hrleisten.<\/p>\n<\/div>\n<\/div>\n\n\n\n<div style=\"height:50px\" aria-hidden=\"true\" class=\"wp-block-spacer\"><\/div>\n\n\n\n<h4 class=\"wp-block-heading\">F2: Was lohnt sich mehr, der Metal Buckle USB Flash Drive oder ein normaler USB-Stick aus Kunststoff? <\/h4>\n\n\n\n<p>A: Wenn man \"Haltbarkeit, Aussehen und Erfahrung\" vergleicht, hat das Metal Buckle USB-Flash-Laufwerk \u00fcberw\u00e4ltigende Vorteile:<\/p>\n\n\n\n<p>Langlebigkeit: Metall ist sturzsicher, kratzfest und oxidationsbest\u00e4ndig und bleibt auch nach 3 Jahren noch wie neu; USB-Laufwerke aus Kunststoff sind anf\u00e4llig f\u00fcr Kratzer und k\u00f6nnen sogar brechen.<\/p>\n\n\n\n<p>\u00c4sthetik und Textur: Der kalte Glanz und die robuste Form von Metall \u00fcbertreffen bei weitem das \"billige Gef\u00fchl\" von Kunststoff und wirken in Gesch\u00e4ftsumgebungen professioneller.<\/p>\n\n\n\n<p>Tragbare Erfahrung: Das Schnallendesign l\u00f6st direkt das Problem des \"leicht zu verlierenden\" Sticks, w\u00e4hrend USB-Laufwerke aus Kunststoff zus\u00e4tzliche Lanyards ben\u00f6tigen, die mehr Probleme verursachen. Wenn das Budget es zul\u00e4sst und Sie \"langfristige Nutzung + attraktives Aussehen\" anstreben, ist das Metal Buckle USB-Flash-Laufwerk definitiv die bessere Wahl.<\/p>\n\n\n\n<div class=\"wp-block-columns is-layout-flex wp-container-core-columns-is-layout-6 wp-block-columns-is-layout-flex\">\n<div class=\"wp-block-column is-layout-flow wp-block-column-is-layout-flow\"><div class=\"wp-block-image\">\n<figure class=\"aligncenter size-full is-resized\"><img loading=\"lazy\" decoding=\"async\" width=\"800\" height=\"800\" src=\"https:\/\/yousanusb.com\/wp-content\/uploads\/2025\/06\/Metal-Clip-USB-Flash-Drive.png\" alt=\"USB-Flash-Laufwerk mit Metallclip\" class=\"wp-image-17287\" style=\"width:450px\" srcset=\"https:\/\/www.yousanusb.com\/wp-content\/uploads\/2025\/06\/Metal-Clip-USB-Flash-Drive.png 800w, https:\/\/www.yousanusb.com\/wp-content\/uploads\/2025\/06\/Metal-Clip-USB-Flash-Drive-300x300.png 300w, https:\/\/www.yousanusb.com\/wp-content\/uploads\/2025\/06\/Metal-Clip-USB-Flash-Drive-150x150.png 150w, https:\/\/www.yousanusb.com\/wp-content\/uploads\/2025\/06\/Metal-Clip-USB-Flash-Drive-768x768.png 768w, https:\/\/www.yousanusb.com\/wp-content\/uploads\/2025\/06\/Metal-Clip-USB-Flash-Drive-12x12.png 12w, https:\/\/www.yousanusb.com\/wp-content\/uploads\/2025\/06\/Metal-Clip-USB-Flash-Drive-600x600.png 600w, https:\/\/www.yousanusb.com\/wp-content\/uploads\/2025\/06\/Metal-Clip-USB-Flash-Drive-100x100.png 100w\" sizes=\"(max-width: 800px) 100vw, 800px\" \/><\/figure><\/div><\/div>\n\n\n\n<div class=\"wp-block-column is-layout-flow wp-block-column-is-layout-flow\"><div class=\"wp-block-image\">\n<figure class=\"aligncenter size-full is-resized\"><img loading=\"lazy\" decoding=\"async\" width=\"800\" height=\"800\" src=\"https:\/\/yousanusb.com\/wp-content\/uploads\/2025\/06\/Metal-Hook-USB-Flash-Drive-from-Factory.jpg\" alt=\"USB-Flash-Laufwerk mit Metallhaken ab Werk\" class=\"wp-image-17289\" style=\"width:450px\" srcset=\"https:\/\/www.yousanusb.com\/wp-content\/uploads\/2025\/06\/Metal-Hook-USB-Flash-Drive-from-Factory.jpg 800w, https:\/\/www.yousanusb.com\/wp-content\/uploads\/2025\/06\/Metal-Hook-USB-Flash-Drive-from-Factory-300x300.jpg 300w, https:\/\/www.yousanusb.com\/wp-content\/uploads\/2025\/06\/Metal-Hook-USB-Flash-Drive-from-Factory-150x150.jpg 150w, https:\/\/www.yousanusb.com\/wp-content\/uploads\/2025\/06\/Metal-Hook-USB-Flash-Drive-from-Factory-768x768.jpg 768w, https:\/\/www.yousanusb.com\/wp-content\/uploads\/2025\/06\/Metal-Hook-USB-Flash-Drive-from-Factory-12x12.jpg 12w, https:\/\/www.yousanusb.com\/wp-content\/uploads\/2025\/06\/Metal-Hook-USB-Flash-Drive-from-Factory-600x600.jpg 600w, https:\/\/www.yousanusb.com\/wp-content\/uploads\/2025\/06\/Metal-Hook-USB-Flash-Drive-from-Factory-100x100.jpg 100w\" sizes=\"(max-width: 800px) 100vw, 800px\" \/><\/figure><\/div><\/div>\n<\/div>\n\n\n\n<p><\/p>","protected":false},"excerpt":{"rendered":"<ul>\n<li>Ringlochdesign mit Schnalle<\/li>\n<li>Werkstoff Metall<\/li>\n<li>Wasserdicht und langlebig<\/li>\n<li>Schnellere Geschwindigkeit und hohe Qualit\u00e4t<\/li>\n<li>Zuverl\u00e4ssig und sicher<\/li>\n<li>Gro\u00dfartig f\u00fcr alle Zwecke<\/li>\n<\/ul>","protected":false},"featured_media":17284,"comment_status":"open","ping_status":"closed","template":"","meta":{"_seopress_robots_primary_cat":"none","_seopress_titles_title":"Metal Buckle USB Flash Drive","_seopress_titles_desc":"Metal Buckle USB Flash Drive","_seopress_robots_index":""},"class_list":["post-17281","product","type-product","status-publish","has-post-thumbnail","hentry","product_cat-usb30-flash-drive","product_cat-metal-usb-flash-drive","product_tag-metal-buckle-usb-flash-drive","product_tag-custom-metal-keychain-usb-flash-drive","product_tag-buy-metal-leather-usb-flash-drive"],"_links":{"self":[{"href":"https:\/\/www.yousanusb.com\/de\/wp-json\/wp\/v2\/product\/17281"}],"collection":[{"href":"https:\/\/www.yousanusb.com\/de\/wp-json\/wp\/v2\/product"}],"about":[{"href":"https:\/\/www.yousanusb.com\/de\/wp-json\/wp\/v2\/types\/product"}],"replies":[{"embeddable":true,"href":"https:\/\/www.yousanusb.com\/de\/wp-json\/wp\/v2\/comments?post=17281"}],"wp:featuredmedia":[{"embeddable":true,"href":"https:\/\/www.yousanusb.com\/de\/wp-json\/wp\/v2\/media\/17284"}],"wp:attachment":[{"href":"https:\/\/www.yousanusb.com\/de\/wp-json\/wp\/v2\/media?parent=17281"}],"curies":[{"name":"wp","href":"https:\/\/api.w.org\/{rel}","templated":true}]}}