{"id":18215,"date":"2025-09-24T11:26:49","date_gmt":"2025-09-24T11:26:49","guid":{"rendered":"https:\/\/yousanusb.com\/?post_type=product&#038;p=18215"},"modified":"2025-12-13T13:25:09","modified_gmt":"2025-12-13T13:25:09","slug":"custom-usb-flash-drive-music-card","status":"publish","type":"product","link":"https:\/\/www.yousanusb.com\/de\/product\/custom-usb-flash-drive-music-card\/","title":{"rendered":"Individuelle Musikkarte USB-Flash-Laufwerk"},"content":{"rendered":"<p>A <strong>USB-Flash-Laufwerk Musikkarte<\/strong> ist ein USB-Flash-Speicherger\u00e4t in der Form einer Karte (z. B. in Kreditkartengr\u00f6\u00dfe). Es ist speziell f\u00fcr die Speicherung und \u00dcbertragung von Musik und verwandten Multimediainhalten konzipiert und kombiniert die Funktionen von Datenspeichern und Musiktr\u00e4gern. Ein einziges 2-GB-Flash-Laufwerk kann \u00fcber 700 MP3-Dateien speichern. <\/p>\n\n\n\n<div class=\"wp-block-columns is-layout-flex wp-container-core-columns-is-layout-1 wp-block-columns-is-layout-flex\">\n<div class=\"wp-block-column is-layout-flow wp-block-column-is-layout-flow\">\n<figure class=\"wp-block-image size-full\"><img fetchpriority=\"high\" decoding=\"async\" width=\"600\" height=\"500\" src=\"https:\/\/yousanusb.com\/wp-content\/uploads\/2025\/09\/corporate.jpg\" alt=\"\" class=\"wp-image-18219\" srcset=\"https:\/\/www.yousanusb.com\/wp-content\/uploads\/2025\/09\/corporate.jpg 600w, https:\/\/www.yousanusb.com\/wp-content\/uploads\/2025\/09\/corporate-300x250.jpg 300w, https:\/\/www.yousanusb.com\/wp-content\/uploads\/2025\/09\/corporate-14x12.jpg 14w\" sizes=\"(max-width: 600px) 100vw, 600px\" \/><\/figure>\n<\/div>\n\n\n\n<div class=\"wp-block-column is-layout-flow wp-block-column-is-layout-flow\">\n<figure class=\"wp-block-image size-full\"><img decoding=\"async\" width=\"600\" height=\"500\" src=\"https:\/\/yousanusb.com\/wp-content\/uploads\/2025\/09\/roxie_usb_merch_954x.jpeg\" alt=\"\" class=\"wp-image-18221\" srcset=\"https:\/\/www.yousanusb.com\/wp-content\/uploads\/2025\/09\/roxie_usb_merch_954x.jpeg 600w, https:\/\/www.yousanusb.com\/wp-content\/uploads\/2025\/09\/roxie_usb_merch_954x-300x250.jpeg 300w, https:\/\/www.yousanusb.com\/wp-content\/uploads\/2025\/09\/roxie_usb_merch_954x-14x12.jpeg 14w\" sizes=\"(max-width: 600px) 100vw, 600px\" \/><\/figure>\n<\/div>\n<\/div>\n\n\n\n<h2 class=\"wp-block-heading\"><\/h2>\n\n\n\n<h2 class=\"wp-block-heading\">Welche Inhalte k\u00f6nnen auf dem USB-Laufwerk vorinstalliert werden?<\/h2>\n\n\n\n<div class=\"wp-block-columns is-layout-flex wp-container-core-columns-is-layout-2 wp-block-columns-is-layout-flex\">\n<div class=\"wp-block-column is-vertically-aligned-center is-layout-flow wp-block-column-is-layout-flow\">\n<ul class=\"wp-block-list\">\n<li><strong>Musikdateien<\/strong>: Lieder und Alben in Formaten wie MP3, WAV und FLAC;<\/li>\n\n\n\n<li><strong>Multimediale Inhalte<\/strong>: Musik-MVs, Konzert-Clips, K\u00fcnstler-Interview-Videos, usw.;<\/li>\n\n\n\n<li><strong>Textmaterialien<\/strong>: Liedtexte, Albumeinf\u00fchrungen, K\u00fcnstlerbiografien, Werbetexte;<\/li>\n\n\n\n<li><strong>Marken-\/Werbematerialien<\/strong>: Logos von Musiklabels, K\u00fcnstlerplakate, elektronische Brosch\u00fcren, usw.<\/li>\n<\/ul>\n\n\n\n<p>USB Music Card ist die n\u00e4chste Generation des physischen Albums f\u00fcr die Musikindustrie (PRNewsfoto\/TVM.Bio Inc.)<\/p>\n<\/div>\n\n\n\n<div class=\"wp-block-column is-layout-flow wp-block-column-is-layout-flow\">\n<figure class=\"wp-block-image size-full\"><img decoding=\"async\" width=\"600\" height=\"500\" src=\"https:\/\/yousanusb.com\/wp-content\/uploads\/2025\/09\/USB_Music_Card_2.jpg\" alt=\"\" class=\"wp-image-18222\" srcset=\"https:\/\/www.yousanusb.com\/wp-content\/uploads\/2025\/09\/USB_Music_Card_2.jpg 600w, https:\/\/www.yousanusb.com\/wp-content\/uploads\/2025\/09\/USB_Music_Card_2-300x250.jpg 300w, https:\/\/www.yousanusb.com\/wp-content\/uploads\/2025\/09\/USB_Music_Card_2-14x12.jpg 14w\" sizes=\"(max-width: 600px) 100vw, 600px\" \/><\/figure>\n<\/div>\n<\/div>\n\n\n\n<h2 class=\"wp-block-heading\">Individuelles Karten-USB-Laufwerk f\u00fcr Musiker<\/h2>\n\n\n\n<div class=\"wp-block-columns is-layout-flex wp-container-core-columns-is-layout-3 wp-block-columns-is-layout-flex\">\n<div class=\"wp-block-column is-vertically-aligned-center is-layout-flow wp-block-column-is-layout-flow\">\n<figure class=\"wp-block-image size-full\"><img loading=\"lazy\" decoding=\"async\" width=\"700\" height=\"392\" src=\"https:\/\/yousanusb.com\/wp-content\/uploads\/2025\/09\/Custom-Card-USB-Drive-for-Musicians.jpg\" alt=\"Individuelles Karten-USB-Laufwerk f\u00fcr Musiker\" class=\"wp-image-18229\" srcset=\"https:\/\/www.yousanusb.com\/wp-content\/uploads\/2025\/09\/Custom-Card-USB-Drive-for-Musicians.jpg 700w, https:\/\/www.yousanusb.com\/wp-content\/uploads\/2025\/09\/Custom-Card-USB-Drive-for-Musicians-300x168.jpg 300w, https:\/\/www.yousanusb.com\/wp-content\/uploads\/2025\/09\/Custom-Card-USB-Drive-for-Musicians-18x10.jpg 18w, https:\/\/www.yousanusb.com\/wp-content\/uploads\/2025\/09\/Custom-Card-USB-Drive-for-Musicians-600x336.jpg 600w\" sizes=\"(max-width: 700px) 100vw, 700px\" \/><\/figure>\n<\/div>\n\n\n\n<div class=\"wp-block-column is-vertically-aligned-center is-layout-flow wp-block-column-is-layout-flow\">\n<p>Wir bieten den ma\u00dfgeschneiderten Service \"Music &amp; Video Card USB Encapsulation + Targeted Fan Gifting\": Ihre Musik und Videos werden in verlustfreier Qualit\u00e4t auf anpassbaren USB-Sticks gespeichert (die mit Ihrem Logo, Ihrer Unterschrift usw. bedruckt werden k\u00f6nnen). <\/p>\n\n\n\n<p>Nach ordnungsgem\u00e4\u00dfer Organisation und Verschl\u00fcsselung der Inhalte werden diese USB-Laufwerke mit Musik und Geschichten an die Fans ausgeliefert - sie sind nicht nur Speichermedien, sondern auch emotionale Zeichen zwischen Ihnen und Ihren Fans, die Ihre F\u00fcrsorge sp\u00fcren lassen. Werden Sie pers\u00f6nlich, indem Sie Ihre Tourtagebuchnotizen hinzuf\u00fcgen. Die Nutzer nehmen es gut an.<\/p>\n<\/div>\n<\/div>\n\n\n\n<p><\/p>","protected":false},"excerpt":{"rendered":"<ul>\n<li>Benutzerdefinierte USBs f\u00fcr Musik<\/li>\n<li>Form der Plastikkarte<\/li>\n<li>Freier Smaple<\/li>\n<li>Fabrikpreis<\/li>\n<li>MOQ:100St\u00fcck<\/li>\n<\/ul>","protected":false},"featured_media":18218,"comment_status":"open","ping_status":"closed","template":"","meta":{"_seopress_robots_primary_cat":"","_seopress_titles_title":"","_seopress_titles_desc":"","_seopress_robots_index":""},"class_list":["post-18215","product","type-product","status-publish","has-post-thumbnail","hentry","product_cat-card-usb-flash-drive","product_tag-plastic-card-usb-flash-drive","product_tag-usb-music-cards"],"_links":{"self":[{"href":"https:\/\/www.yousanusb.com\/de\/wp-json\/wp\/v2\/product\/18215"}],"collection":[{"href":"https:\/\/www.yousanusb.com\/de\/wp-json\/wp\/v2\/product"}],"about":[{"href":"https:\/\/www.yousanusb.com\/de\/wp-json\/wp\/v2\/types\/product"}],"replies":[{"embeddable":true,"href":"https:\/\/www.yousanusb.com\/de\/wp-json\/wp\/v2\/comments?post=18215"}],"wp:featuredmedia":[{"embeddable":true,"href":"https:\/\/www.yousanusb.com\/de\/wp-json\/wp\/v2\/media\/18218"}],"wp:attachment":[{"href":"https:\/\/www.yousanusb.com\/de\/wp-json\/wp\/v2\/media?parent=18215"}],"curies":[{"name":"wp","href":"https:\/\/api.w.org\/{rel}","templated":true}]}}