{"id":18231,"date":"2025-09-25T05:46:12","date_gmt":"2025-09-25T05:46:12","guid":{"rendered":"https:\/\/yousanusb.com\/?post_type=product&#038;p=18231"},"modified":"2025-11-12T04:25:51","modified_gmt":"2025-11-12T04:25:51","slug":"custom-cassette-usb-flash-drives","status":"publish","type":"product","link":"https:\/\/www.yousanusb.com\/de\/product\/custom-cassette-usb-flash-drives\/","title":{"rendered":"Individuelle Kassetten-USB-Flash-Laufwerke"},"content":{"rendered":"<p>Diese <strong>Kassette USB-Flash-Laufwerk<\/strong> ist f\u00fcr alle gedacht, die Retro-Stil und Musik lieben. Es kann verwendet werden, um f\u00fcr Musik zu werben und Veranstaltungen zum Thema Retro zu organisieren. Sie kann auch als besonderes Geschenk an Musikliebhaber verschenkt werden und zum Speichern von Lieblingsmusik verwendet werden. Au\u00dferdem k\u00f6nnen Sie Ihr Markenlogo auf diese Retro-Tasche drucken. <strong>Kassette USB-Flash-Laufwerk<\/strong> um Ihre Werbema\u00dfnahmen aufmerksamkeitsst\u00e4rker zu gestalten.<\/p>\n\n\n\n<div class=\"wp-block-columns is-layout-flex wp-container-core-columns-is-layout-1 wp-block-columns-is-layout-flex\">\n<div class=\"wp-block-column is-layout-flow wp-block-column-is-layout-flow\">\n<figure class=\"wp-block-image size-full\"><img fetchpriority=\"high\" decoding=\"async\" width=\"800\" height=\"800\" src=\"https:\/\/yousanusb.com\/wp-content\/uploads\/2025\/09\/a5e0e469793ab84c8b979677758049e5.png\" alt=\"\" class=\"wp-image-18234\" srcset=\"https:\/\/www.yousanusb.com\/wp-content\/uploads\/2025\/09\/a5e0e469793ab84c8b979677758049e5.png 800w, https:\/\/www.yousanusb.com\/wp-content\/uploads\/2025\/09\/a5e0e469793ab84c8b979677758049e5-300x300.png 300w, https:\/\/www.yousanusb.com\/wp-content\/uploads\/2025\/09\/a5e0e469793ab84c8b979677758049e5-150x150.png 150w, https:\/\/www.yousanusb.com\/wp-content\/uploads\/2025\/09\/a5e0e469793ab84c8b979677758049e5-768x768.png 768w, https:\/\/www.yousanusb.com\/wp-content\/uploads\/2025\/09\/a5e0e469793ab84c8b979677758049e5-12x12.png 12w, https:\/\/www.yousanusb.com\/wp-content\/uploads\/2025\/09\/a5e0e469793ab84c8b979677758049e5-600x600.png 600w, https:\/\/www.yousanusb.com\/wp-content\/uploads\/2025\/09\/a5e0e469793ab84c8b979677758049e5-100x100.png 100w\" sizes=\"(max-width: 800px) 100vw, 800px\" \/><\/figure>\n<\/div>\n\n\n\n<div class=\"wp-block-column is-layout-flow wp-block-column-is-layout-flow\">\n<figure class=\"wp-block-image size-full\"><img decoding=\"async\" width=\"800\" height=\"800\" src=\"https:\/\/yousanusb.com\/wp-content\/uploads\/2025\/09\/usb-cassette-tape-drive.png\" alt=\"\" class=\"wp-image-18246\" srcset=\"https:\/\/www.yousanusb.com\/wp-content\/uploads\/2025\/09\/usb-cassette-tape-drive.png 800w, https:\/\/www.yousanusb.com\/wp-content\/uploads\/2025\/09\/usb-cassette-tape-drive-300x300.png 300w, https:\/\/www.yousanusb.com\/wp-content\/uploads\/2025\/09\/usb-cassette-tape-drive-150x150.png 150w, https:\/\/www.yousanusb.com\/wp-content\/uploads\/2025\/09\/usb-cassette-tape-drive-768x768.png 768w, https:\/\/www.yousanusb.com\/wp-content\/uploads\/2025\/09\/usb-cassette-tape-drive-12x12.png 12w, https:\/\/www.yousanusb.com\/wp-content\/uploads\/2025\/09\/usb-cassette-tape-drive-600x600.png 600w, https:\/\/www.yousanusb.com\/wp-content\/uploads\/2025\/09\/usb-cassette-tape-drive-100x100.png 100w\" sizes=\"(max-width: 800px) 100vw, 800px\" \/><\/figure>\n<\/div>\n<\/div>\n\n\n\n<h2 class=\"wp-block-heading\"><strong>Kreativit\u00e4t und Farben<\/strong><\/h2>\n\n\n\n<div class=\"wp-block-columns is-layout-flex wp-container-core-columns-is-layout-2 wp-block-columns-is-layout-flex\">\n<div class=\"wp-block-column is-vertically-aligned-center is-layout-flow wp-block-column-is-layout-flow\">\n<p>Diese <strong>Kassette USB-Flash-Laufwerk<\/strong> verf\u00fcgt \u00fcber einen versteckten, einziehbaren USB-Anschluss, der keine zus\u00e4tzliche Kappe ben\u00f6tigt und durch Dr\u00fccken und Ziehen freigelegt werden kann. Das Geh\u00e4use besteht aus leichtem, robustem ABS-Kunststoff, der den internen Hochgeschwindigkeits-Flash-Speicherchip sch\u00fctzt. Er gew\u00e4hrleistet eine stabile Datenspeicherung und schnelle Lese- und Schreibgeschwindigkeiten und ist mit mehreren Systemen kompatibel. Trotz seines Retro-Looks bietet er ein modernes technologisches Erlebnis.<\/p>\n\n\n\n<p>Diese <strong>Kassettenband USB-Laufwerk<\/strong> ist in einer Vielzahl von Farben erh\u00e4ltlich, wobei die f\u00fcnf meistverkauften Farben rot, gr\u00fcn, schwarz, wei\u00df und orange sind.<\/p>\n<\/div>\n\n\n\n<div class=\"wp-block-column is-layout-flow wp-block-column-is-layout-flow\">\n<figure class=\"wp-block-image size-large\"><img decoding=\"async\" width=\"1024\" height=\"1003\" src=\"https:\/\/yousanusb.com\/wp-content\/uploads\/2025\/09\/cassette-tape-usb-flash-drive-1024x1003.jpg\" alt=\"\" class=\"wp-image-18239\" srcset=\"https:\/\/www.yousanusb.com\/wp-content\/uploads\/2025\/09\/cassette-tape-usb-flash-drive-1024x1003.jpg 1024w, https:\/\/www.yousanusb.com\/wp-content\/uploads\/2025\/09\/cassette-tape-usb-flash-drive-300x294.jpg 300w, https:\/\/www.yousanusb.com\/wp-content\/uploads\/2025\/09\/cassette-tape-usb-flash-drive-768x752.jpg 768w, https:\/\/www.yousanusb.com\/wp-content\/uploads\/2025\/09\/cassette-tape-usb-flash-drive-12x12.jpg 12w, https:\/\/www.yousanusb.com\/wp-content\/uploads\/2025\/09\/cassette-tape-usb-flash-drive-600x588.jpg 600w, https:\/\/www.yousanusb.com\/wp-content\/uploads\/2025\/09\/cassette-tape-usb-flash-drive.jpg 1367w\" sizes=\"(max-width: 1024px) 100vw, 1024px\" \/><\/figure>\n<\/div>\n<\/div>\n\n\n\n<h2 class=\"wp-block-heading\">Anwendungsf\u00e4lle und Anwendungen<\/h2>\n\n\n\n<div class=\"wp-block-columns is-layout-flex wp-container-core-columns-is-layout-3 wp-block-columns-is-layout-flex\">\n<div class=\"wp-block-column is-layout-flow wp-block-column-is-layout-flow\">\n<figure class=\"wp-block-image size-full\"><img loading=\"lazy\" decoding=\"async\" width=\"800\" height=\"800\" src=\"https:\/\/yousanusb.com\/wp-content\/uploads\/2025\/09\/cassette-usb-drive.png\" alt=\"\" class=\"wp-image-18241\" srcset=\"https:\/\/www.yousanusb.com\/wp-content\/uploads\/2025\/09\/cassette-usb-drive.png 800w, https:\/\/www.yousanusb.com\/wp-content\/uploads\/2025\/09\/cassette-usb-drive-300x300.png 300w, https:\/\/www.yousanusb.com\/wp-content\/uploads\/2025\/09\/cassette-usb-drive-150x150.png 150w, https:\/\/www.yousanusb.com\/wp-content\/uploads\/2025\/09\/cassette-usb-drive-768x768.png 768w, https:\/\/www.yousanusb.com\/wp-content\/uploads\/2025\/09\/cassette-usb-drive-12x12.png 12w, https:\/\/www.yousanusb.com\/wp-content\/uploads\/2025\/09\/cassette-usb-drive-600x600.png 600w, https:\/\/www.yousanusb.com\/wp-content\/uploads\/2025\/09\/cassette-usb-drive-100x100.png 100w\" sizes=\"(max-width: 800px) 100vw, 800px\" \/><\/figure>\n<\/div>\n\n\n\n<div class=\"wp-block-column is-vertically-aligned-center is-layout-flow wp-block-column-is-layout-flow\">\n<p><strong>Musikvertrieb<\/strong>: Unabh\u00e4ngige Musiker oder kleine Bands k\u00f6nnen Kassetten-USBs verwenden, um ihre Arbeit zu ver\u00f6ffentlichen, z. B. um hochwertiges Audio, Inhalte hinter den Kulissen und mehr zu speichern. Sie k\u00f6nnen auch zu Serienprodukten verarbeitet werden, die Merchandise-Artikel enthalten.<br><strong>Geschenke f\u00fcr Unternehmen<\/strong>: Unternehmen k\u00f6nnen die Verpackungen mit ihrem Markenlogo und Slogan individuell gestalten und als Messegeschenke oder Kundengeschenke verwenden.<br><strong>Emotionale Speicherung<\/strong>: Bei wichtigen Anl\u00e4ssen wie Hochzeiten und Schulabschl\u00fcssen k\u00f6nnen Videos, Fotos und Gl\u00fcckw\u00fcnsche von Freunden und Verwandten darauf gespeichert werden, so dass es zu einem Beh\u00e4lter f\u00fcr Emotionen wird.<br><strong>Kulturelle und kreative Produkte<\/strong>: Auf Oldtimerm\u00e4rkten und Nostalgieausstellungen kann es zusammen mit Kassettenrekordermodellen und alten Postern verkauft werden und spricht so junge Leute und Touristen an.<\/p>\n<\/div>\n<\/div>\n\n\n\n<h2 class=\"wp-block-heading\">Verpackung und Zubeh\u00f6r<\/h2>\n\n\n\n<div class=\"wp-block-columns is-layout-flex wp-container-core-columns-is-layout-4 wp-block-columns-is-layout-flex\">\n<div class=\"wp-block-column is-vertically-aligned-center is-layout-flow wp-block-column-is-layout-flow\">\n<p>Die Verpackung besteht aus einer transparenten Kunststoffbox, in der das Kassettendesign des USB-Laufwerks deutlich sichtbar ist und die eine schlichte industrielle \u00c4sthetik aufweist. Die Box kann mit einer faltbaren Karte kombiniert werden. Die Version mit Musikalbum kann mit einer Liste der Songs und den Notizen des K\u00fcnstlers bedruckt werden. Die Version f\u00fcr Firmenkunden kann mit einer Markengeschichte oder einer Zusammenfassung des Produktkatalogs bedruckt werden. In der Version f\u00fcr pers\u00f6nliche Erinnerungen k\u00f6nnen handgeschriebene Gru\u00dfkarten und Erinnerungssticker angebracht werden, um das \"Unboxing\" zu einem besonderen Erlebnis zu machen.<\/p>\n<\/div>\n\n\n\n<div class=\"wp-block-column is-layout-flow wp-block-column-is-layout-flow\">\n<figure class=\"wp-block-image size-full\"><img loading=\"lazy\" decoding=\"async\" width=\"800\" height=\"800\" src=\"https:\/\/yousanusb.com\/wp-content\/uploads\/2025\/09\/cassette-tape-usb-drive-bulk.png\" alt=\"\" class=\"wp-image-18237\" srcset=\"https:\/\/www.yousanusb.com\/wp-content\/uploads\/2025\/09\/cassette-tape-usb-drive-bulk.png 800w, https:\/\/www.yousanusb.com\/wp-content\/uploads\/2025\/09\/cassette-tape-usb-drive-bulk-300x300.png 300w, https:\/\/www.yousanusb.com\/wp-content\/uploads\/2025\/09\/cassette-tape-usb-drive-bulk-150x150.png 150w, https:\/\/www.yousanusb.com\/wp-content\/uploads\/2025\/09\/cassette-tape-usb-drive-bulk-768x768.png 768w, https:\/\/www.yousanusb.com\/wp-content\/uploads\/2025\/09\/cassette-tape-usb-drive-bulk-12x12.png 12w, https:\/\/www.yousanusb.com\/wp-content\/uploads\/2025\/09\/cassette-tape-usb-drive-bulk-600x600.png 600w, https:\/\/www.yousanusb.com\/wp-content\/uploads\/2025\/09\/cassette-tape-usb-drive-bulk-100x100.png 100w\" sizes=\"(max-width: 800px) 100vw, 800px\" \/><\/figure>\n<\/div>\n<\/div>\n\n\n\n<h2 class=\"wp-block-heading\">Druck von Mustern<\/h2>\n\n\n\n<p>Wir bieten ma\u00dfgeschneiderte Muster an, vor allem im Siebdruck- und Thermotransferverfahren. Sie k\u00f6nnen Ihre W\u00fcnsche oder Entw\u00fcrfe im Voraus an unsere Mitarbeiter senden. Unsere Designer werden sich dann mit Ihnen in Verbindung setzen, um das Muster zu best\u00e4tigen, bevor die Produktion beginnt.<\/p>\n\n\n\n<div class=\"wp-block-columns is-layout-flex wp-container-core-columns-is-layout-5 wp-block-columns-is-layout-flex\">\n<div class=\"wp-block-column is-layout-flow wp-block-column-is-layout-flow\">\n<figure class=\"wp-block-image size-full\"><img loading=\"lazy\" decoding=\"async\" width=\"800\" height=\"800\" src=\"https:\/\/yousanusb.com\/wp-content\/uploads\/2025\/09\/fea9f364edab75104c365653a4863a87.png\" alt=\"\" class=\"wp-image-18245\" srcset=\"https:\/\/www.yousanusb.com\/wp-content\/uploads\/2025\/09\/fea9f364edab75104c365653a4863a87.png 800w, https:\/\/www.yousanusb.com\/wp-content\/uploads\/2025\/09\/fea9f364edab75104c365653a4863a87-300x300.png 300w, https:\/\/www.yousanusb.com\/wp-content\/uploads\/2025\/09\/fea9f364edab75104c365653a4863a87-150x150.png 150w, https:\/\/www.yousanusb.com\/wp-content\/uploads\/2025\/09\/fea9f364edab75104c365653a4863a87-768x768.png 768w, https:\/\/www.yousanusb.com\/wp-content\/uploads\/2025\/09\/fea9f364edab75104c365653a4863a87-12x12.png 12w, https:\/\/www.yousanusb.com\/wp-content\/uploads\/2025\/09\/fea9f364edab75104c365653a4863a87-600x600.png 600w, https:\/\/www.yousanusb.com\/wp-content\/uploads\/2025\/09\/fea9f364edab75104c365653a4863a87-100x100.png 100w\" sizes=\"(max-width: 800px) 100vw, 800px\" \/><\/figure>\n<\/div>\n\n\n\n<div class=\"wp-block-column is-layout-flow wp-block-column-is-layout-flow\">\n<figure class=\"wp-block-image size-full\"><img loading=\"lazy\" decoding=\"async\" width=\"800\" height=\"800\" src=\"https:\/\/yousanusb.com\/wp-content\/uploads\/2025\/09\/cassette-shaped-usb-drive-packaging.png\" alt=\"\" class=\"wp-image-18236\" srcset=\"https:\/\/www.yousanusb.com\/wp-content\/uploads\/2025\/09\/cassette-shaped-usb-drive-packaging.png 800w, https:\/\/www.yousanusb.com\/wp-content\/uploads\/2025\/09\/cassette-shaped-usb-drive-packaging-300x300.png 300w, https:\/\/www.yousanusb.com\/wp-content\/uploads\/2025\/09\/cassette-shaped-usb-drive-packaging-150x150.png 150w, https:\/\/www.yousanusb.com\/wp-content\/uploads\/2025\/09\/cassette-shaped-usb-drive-packaging-768x768.png 768w, https:\/\/www.yousanusb.com\/wp-content\/uploads\/2025\/09\/cassette-shaped-usb-drive-packaging-12x12.png 12w, https:\/\/www.yousanusb.com\/wp-content\/uploads\/2025\/09\/cassette-shaped-usb-drive-packaging-600x600.png 600w, https:\/\/www.yousanusb.com\/wp-content\/uploads\/2025\/09\/cassette-shaped-usb-drive-packaging-100x100.png 100w\" sizes=\"(max-width: 800px) 100vw, 800px\" \/><\/figure>\n<\/div>\n\n\n\n<div class=\"wp-block-column is-layout-flow wp-block-column-is-layout-flow\">\n<figure class=\"wp-block-image size-full\"><img loading=\"lazy\" decoding=\"async\" width=\"800\" height=\"800\" src=\"https:\/\/yousanusb.com\/wp-content\/uploads\/2025\/09\/audio-cassette-usb-drive.png\" alt=\"\" class=\"wp-image-18235\" srcset=\"https:\/\/www.yousanusb.com\/wp-content\/uploads\/2025\/09\/audio-cassette-usb-drive.png 800w, https:\/\/www.yousanusb.com\/wp-content\/uploads\/2025\/09\/audio-cassette-usb-drive-300x300.png 300w, https:\/\/www.yousanusb.com\/wp-content\/uploads\/2025\/09\/audio-cassette-usb-drive-150x150.png 150w, https:\/\/www.yousanusb.com\/wp-content\/uploads\/2025\/09\/audio-cassette-usb-drive-768x768.png 768w, https:\/\/www.yousanusb.com\/wp-content\/uploads\/2025\/09\/audio-cassette-usb-drive-12x12.png 12w, https:\/\/www.yousanusb.com\/wp-content\/uploads\/2025\/09\/audio-cassette-usb-drive-600x600.png 600w, https:\/\/www.yousanusb.com\/wp-content\/uploads\/2025\/09\/audio-cassette-usb-drive-100x100.png 100w\" sizes=\"(max-width: 800px) 100vw, 800px\" \/><\/figure>\n<\/div>\n<\/div>","protected":false},"excerpt":{"rendered":"<ul>\n<li>Individuelles Kassettenband USB-Flash-Laufwerk<\/li>\n<li>ABS-Kunststoffmaterialien<\/li>\n<li>Vollfarbiger Druck auf Vorder- und R\u00fcckseite<\/li>\n<li>Klarsicht-Kassettenschalen<\/li>\n<li>MOQ:100St\u00fcck<\/li>\n<\/ul>","protected":false},"featured_media":18243,"comment_status":"open","ping_status":"closed","template":"","meta":{"_seopress_robots_primary_cat":"none","_seopress_titles_title":"","_seopress_titles_desc":"","_seopress_robots_index":""},"class_list":["post-18231","product","type-product","status-publish","has-post-thumbnail","hentry","product_cat-usb-flash-drive","product_tag-usb-music-cards"],"_links":{"self":[{"href":"https:\/\/www.yousanusb.com\/de\/wp-json\/wp\/v2\/product\/18231"}],"collection":[{"href":"https:\/\/www.yousanusb.com\/de\/wp-json\/wp\/v2\/product"}],"about":[{"href":"https:\/\/www.yousanusb.com\/de\/wp-json\/wp\/v2\/types\/product"}],"replies":[{"embeddable":true,"href":"https:\/\/www.yousanusb.com\/de\/wp-json\/wp\/v2\/comments?post=18231"}],"wp:featuredmedia":[{"embeddable":true,"href":"https:\/\/www.yousanusb.com\/de\/wp-json\/wp\/v2\/media\/18243"}],"wp:attachment":[{"href":"https:\/\/www.yousanusb.com\/de\/wp-json\/wp\/v2\/media?parent=18231"}],"curies":[{"name":"wp","href":"https:\/\/api.w.org\/{rel}","templated":true}]}}