{"id":18309,"date":"2025-09-25T09:14:34","date_gmt":"2025-09-25T09:14:34","guid":{"rendered":"https:\/\/yousanusb.com\/?post_type=product&#038;p=18309"},"modified":"2025-10-16T01:42:56","modified_gmt":"2025-10-16T01:42:56","slug":"custom-round-card-flip-usb-flash-drive","status":"publish","type":"product","link":"https:\/\/www.yousanusb.com\/de\/product\/custom-round-card-flip-usb-flash-drive\/","title":{"rendered":"Metall-Rundkarte USB-Flash-Laufwerk"},"content":{"rendered":"<p>Hat diese <strong>Round Card USB-Flash-Laufwerk<\/strong> ins Auge fallen? Mit seiner glatten Textur, dem abgerundeten Design und der einzigartigen Oberfl\u00e4che aus geb\u00fcrstetem Metall ist er zu einem \"Modefavoriten\" in der Welt der mobilen Aufbewahrung geworden.<\/p>\n\n\n\n<div class=\"wp-block-columns is-layout-flex wp-container-core-columns-is-layout-1 wp-block-columns-is-layout-flex\">\n<div class=\"wp-block-column is-layout-flow wp-block-column-is-layout-flow\">\n<figure class=\"wp-block-image size-full\"><img fetchpriority=\"high\" decoding=\"async\" width=\"800\" height=\"800\" src=\"https:\/\/yousanusb.com\/wp-content\/uploads\/2025\/09\/odm-round-card-usb-flash-drive-china-customized\u200b.jpg\" alt=\"\" class=\"wp-image-18319\" srcset=\"https:\/\/www.yousanusb.com\/wp-content\/uploads\/2025\/09\/odm-round-card-usb-flash-drive-china-customized\u200b.jpg 800w, https:\/\/www.yousanusb.com\/wp-content\/uploads\/2025\/09\/odm-round-card-usb-flash-drive-china-customized\u200b-300x300.jpg 300w, https:\/\/www.yousanusb.com\/wp-content\/uploads\/2025\/09\/odm-round-card-usb-flash-drive-china-customized\u200b-150x150.jpg 150w, https:\/\/www.yousanusb.com\/wp-content\/uploads\/2025\/09\/odm-round-card-usb-flash-drive-china-customized\u200b-768x768.jpg 768w, https:\/\/www.yousanusb.com\/wp-content\/uploads\/2025\/09\/odm-round-card-usb-flash-drive-china-customized\u200b-12x12.jpg 12w, https:\/\/www.yousanusb.com\/wp-content\/uploads\/2025\/09\/odm-round-card-usb-flash-drive-china-customized\u200b-600x600.jpg 600w, https:\/\/www.yousanusb.com\/wp-content\/uploads\/2025\/09\/odm-round-card-usb-flash-drive-china-customized\u200b-100x100.jpg 100w\" sizes=\"(max-width: 800px) 100vw, 800px\" \/><\/figure>\n<\/div>\n\n\n\n<div class=\"wp-block-column is-layout-flow wp-block-column-is-layout-flow\">\n<figure class=\"wp-block-image size-full\"><img decoding=\"async\" width=\"800\" height=\"800\" src=\"https:\/\/yousanusb.com\/wp-content\/uploads\/2025\/09\/low-price-round-card-usb-flash-drive.jpg\" alt=\"\" class=\"wp-image-18318\" srcset=\"https:\/\/www.yousanusb.com\/wp-content\/uploads\/2025\/09\/low-price-round-card-usb-flash-drive.jpg 800w, https:\/\/www.yousanusb.com\/wp-content\/uploads\/2025\/09\/low-price-round-card-usb-flash-drive-300x300.jpg 300w, https:\/\/www.yousanusb.com\/wp-content\/uploads\/2025\/09\/low-price-round-card-usb-flash-drive-150x150.jpg 150w, https:\/\/www.yousanusb.com\/wp-content\/uploads\/2025\/09\/low-price-round-card-usb-flash-drive-768x768.jpg 768w, https:\/\/www.yousanusb.com\/wp-content\/uploads\/2025\/09\/low-price-round-card-usb-flash-drive-12x12.jpg 12w, https:\/\/www.yousanusb.com\/wp-content\/uploads\/2025\/09\/low-price-round-card-usb-flash-drive-600x600.jpg 600w, https:\/\/www.yousanusb.com\/wp-content\/uploads\/2025\/09\/low-price-round-card-usb-flash-drive-100x100.jpg 100w\" sizes=\"(max-width: 800px) 100vw, 800px\" \/><\/figure>\n<\/div>\n<\/div>\n\n\n\n<h2 class=\"wp-block-heading\">Details zum Produkt<\/h2>\n\n\n\n<div class=\"wp-block-columns is-layout-flex wp-container-core-columns-is-layout-2 wp-block-columns-is-layout-flex\">\n<div class=\"wp-block-column is-layout-flow wp-block-column-is-layout-flow\">\n<figure class=\"wp-block-image size-full\"><img decoding=\"async\" width=\"800\" height=\"529\" src=\"https:\/\/yousanusb.com\/wp-content\/uploads\/2025\/09\/china-round-card-usb-flash-drive-factory.jpg\" alt=\"\" class=\"wp-image-18313\" srcset=\"https:\/\/www.yousanusb.com\/wp-content\/uploads\/2025\/09\/china-round-card-usb-flash-drive-factory.jpg 800w, https:\/\/www.yousanusb.com\/wp-content\/uploads\/2025\/09\/china-round-card-usb-flash-drive-factory-300x198.jpg 300w, https:\/\/www.yousanusb.com\/wp-content\/uploads\/2025\/09\/china-round-card-usb-flash-drive-factory-768x508.jpg 768w, https:\/\/www.yousanusb.com\/wp-content\/uploads\/2025\/09\/china-round-card-usb-flash-drive-factory-18x12.jpg 18w, https:\/\/www.yousanusb.com\/wp-content\/uploads\/2025\/09\/china-round-card-usb-flash-drive-factory-600x397.jpg 600w\" sizes=\"(max-width: 800px) 100vw, 800px\" \/><\/figure>\n<\/div>\n\n\n\n<div class=\"wp-block-column is-vertically-aligned-center is-layout-flow wp-block-column-is-layout-flow\">\n<p>Diese <strong>USB-Stick<\/strong> bietet eine <strong>Aluminiumlegierung<\/strong> Selbst wenn Sie es zusammen mit Ihren Schl\u00fcsseln, M\u00fcnzen und anderen Dingen wegwerfen, wird es immer noch gut aussehen und lange halten. Mit einem Durchmesser von nur 42 mm und einer Dicke von ca. 2,5 mm ist sie zudem sehr schlank und passt genau in Ihre Handfl\u00e4che. Wenn du sie in deine Tasche steckst, tr\u00e4gt sie \u00fcberhaupt nicht auf.<\/p>\n<\/div>\n<\/div>\n\n\n\n<div class=\"wp-block-columns is-layout-flex wp-container-core-columns-is-layout-3 wp-block-columns-is-layout-flex\">\n<div class=\"wp-block-column is-vertically-aligned-center is-layout-flow wp-block-column-is-layout-flow\">\n<p>Au\u00dferdem gibt es eine <strong>Schl\u00fcsselanh\u00e4nger<\/strong> die an einem Schl\u00fcsselring befestigt werden kann. So l\u00e4sst es sich leicht mit sich f\u00fchren und das Risiko, es zu verlieren, wird verringert, so dass Sie jederzeit darauf zugreifen k\u00f6nnen.<\/p>\n\n\n\n<p>Der USB-Speicherchip ist mit einer Push-Pull-Struktur ausgestattet, die eine zus\u00e4tzliche Kappe \u00fcberfl\u00fcssig macht. Dieses Design verhindert den Verlust der Kappe und sch\u00fctzt die Schnittstelle effektiv vor Staub und Kratzern, so dass das Erscheinungsbild des USB-Sticks sauber und intakt bleibt.<\/p>\n<\/div>\n\n\n\n<div class=\"wp-block-column is-layout-flow wp-block-column-is-layout-flow\">\n<figure class=\"wp-block-image size-full\"><img loading=\"lazy\" decoding=\"async\" width=\"800\" height=\"529\" src=\"https:\/\/yousanusb.com\/wp-content\/uploads\/2025\/09\/bulk-round-card-usb-flash-drive.jpg\" alt=\"\" class=\"wp-image-18312\" srcset=\"https:\/\/www.yousanusb.com\/wp-content\/uploads\/2025\/09\/bulk-round-card-usb-flash-drive.jpg 800w, https:\/\/www.yousanusb.com\/wp-content\/uploads\/2025\/09\/bulk-round-card-usb-flash-drive-300x198.jpg 300w, https:\/\/www.yousanusb.com\/wp-content\/uploads\/2025\/09\/bulk-round-card-usb-flash-drive-768x508.jpg 768w, https:\/\/www.yousanusb.com\/wp-content\/uploads\/2025\/09\/bulk-round-card-usb-flash-drive-18x12.jpg 18w, https:\/\/www.yousanusb.com\/wp-content\/uploads\/2025\/09\/bulk-round-card-usb-flash-drive-600x397.jpg 600w\" sizes=\"(max-width: 800px) 100vw, 800px\" \/><\/figure>\n<\/div>\n<\/div>\n\n\n\n<h2 class=\"wp-block-heading\">Individuell&amp;Verpackung<\/h2>\n\n\n\n<div class=\"wp-block-columns is-layout-flex wp-container-core-columns-is-layout-4 wp-block-columns-is-layout-flex\">\n<div class=\"wp-block-column is-layout-flow wp-block-column-is-layout-flow\">\n<figure class=\"wp-block-image size-full\"><img loading=\"lazy\" decoding=\"async\" width=\"800\" height=\"800\" src=\"https:\/\/yousanusb.com\/wp-content\/uploads\/2025\/09\/china-round-card-usb-flash-drive-manufacturer.jpg\" alt=\"\" class=\"wp-image-18314\" srcset=\"https:\/\/www.yousanusb.com\/wp-content\/uploads\/2025\/09\/china-round-card-usb-flash-drive-manufacturer.jpg 800w, https:\/\/www.yousanusb.com\/wp-content\/uploads\/2025\/09\/china-round-card-usb-flash-drive-manufacturer-300x300.jpg 300w, https:\/\/www.yousanusb.com\/wp-content\/uploads\/2025\/09\/china-round-card-usb-flash-drive-manufacturer-150x150.jpg 150w, https:\/\/www.yousanusb.com\/wp-content\/uploads\/2025\/09\/china-round-card-usb-flash-drive-manufacturer-768x768.jpg 768w, https:\/\/www.yousanusb.com\/wp-content\/uploads\/2025\/09\/china-round-card-usb-flash-drive-manufacturer-12x12.jpg 12w, https:\/\/www.yousanusb.com\/wp-content\/uploads\/2025\/09\/china-round-card-usb-flash-drive-manufacturer-600x600.jpg 600w, https:\/\/www.yousanusb.com\/wp-content\/uploads\/2025\/09\/china-round-card-usb-flash-drive-manufacturer-100x100.jpg 100w\" sizes=\"(max-width: 800px) 100vw, 800px\" \/><\/figure>\n<\/div>\n\n\n\n<div class=\"wp-block-column is-layout-flow wp-block-column-is-layout-flow\">\n<p>Diese <strong>Round Card USB-Laufwerk<\/strong> unterst\u00fctzt benutzerdefinierte <strong>Logo<\/strong> Dienstleistungen. <\/p>\n\n\n\n<p>Die Verpackung des runden USB-Flash-Laufwerks ist beeindruckend. Es ist eine elegante schwarze Hartbox, die edel und hochwertig aussieht. Im Inneren h\u00e4lt ein weiches, schwarzes, beflocktes Futter den USB-Stick sicher und sch\u00fctzt ihn vor Kratzern. Als Geschenk (f\u00fcr Kunden oder Freunde) verleiht diese schicke Schachtel dem USB-Stick ein besonderes und hochwertiges Gef\u00fchl und verleiht ihm einen Hauch von Feierlichkeit.<\/p>\n\n\n\n<p>YOUSAN ist ein professioneller <strong>china runde karte usb flash drive fabrik<\/strong> mit \u00fcber 14 Jahren Produktionserfahrung. Das Unternehmen bietet einen kostenlosen Design- und Musterservice und verkauft direkt ab Werk, was erhebliche Preisvorteile bietet. F\u00fcr weitere Informationen oder um weitere Modelle zu sehen, kontaktieren Sie uns bitte.<\/p>\n<\/div>\n<\/div>","protected":false},"excerpt":{"rendered":"<ul>\n<li>Bulk Round Card USB-Flash-Laufwerk<\/li>\n<li>Material Aluminiumlegierung<\/li>\n<li>Mit einem Schl\u00fcsselanh\u00e4nger<\/li>\n<li>ODM\/OEM, Kundenspezifisches LOGO<\/li>\n<li>MOQ:100St\u00fcck<\/li>\n<\/ul>","protected":false},"featured_media":18318,"comment_status":"open","ping_status":"closed","template":"","meta":{"_seopress_robots_primary_cat":"none","_seopress_titles_title":"","_seopress_titles_desc":"","_seopress_robots_index":""},"class_list":["post-18309","product","type-product","status-publish","has-post-thumbnail","hentry","product_cat-card-usb-flash-drive","product_tag-aluminium-card-usb-flash-drive","product_tag-aluminum-flash-drive","product_tag-metal-card-usb-drive","product_tag-round-card-usb-flash-drive","product_tag-custom-metal-keychain-usb-flash-drive"],"_links":{"self":[{"href":"https:\/\/www.yousanusb.com\/de\/wp-json\/wp\/v2\/product\/18309"}],"collection":[{"href":"https:\/\/www.yousanusb.com\/de\/wp-json\/wp\/v2\/product"}],"about":[{"href":"https:\/\/www.yousanusb.com\/de\/wp-json\/wp\/v2\/types\/product"}],"replies":[{"embeddable":true,"href":"https:\/\/www.yousanusb.com\/de\/wp-json\/wp\/v2\/comments?post=18309"}],"wp:featuredmedia":[{"embeddable":true,"href":"https:\/\/www.yousanusb.com\/de\/wp-json\/wp\/v2\/media\/18318"}],"wp:attachment":[{"href":"https:\/\/www.yousanusb.com\/de\/wp-json\/wp\/v2\/media?parent=18309"}],"curies":[{"name":"wp","href":"https:\/\/api.w.org\/{rel}","templated":true}]}}