{"id":18999,"date":"2025-10-03T13:47:32","date_gmt":"2025-10-03T13:47:32","guid":{"rendered":"https:\/\/www.yousanusb.com\/?post_type=product&#038;p=18999"},"modified":"2025-10-06T13:27:37","modified_gmt":"2025-10-06T13:27:37","slug":"wooden-rotating-usb-flash-drive","status":"publish","type":"product","link":"https:\/\/www.yousanusb.com\/de\/product\/wooden-rotating-usb-flash-drive\/","title":{"rendered":"H\u00f6lzernes rotierendes USB-Flash-Laufwerk"},"content":{"rendered":"<div class=\"wp-block-columns is-layout-flex wp-container-core-columns-is-layout-1 wp-block-columns-is-layout-flex\">\n<div class=\"wp-block-column is-layout-flow wp-block-column-is-layout-flow\">\n<figure class=\"wp-block-image size-full\"><img fetchpriority=\"high\" decoding=\"async\" width=\"800\" height=\"800\" src=\"https:\/\/www.yousanusb.com\/wp-content\/uploads\/2025\/10\/wooden-Rotating-USB-Drives.jpg\" alt=\"\" class=\"wp-image-19005\" srcset=\"https:\/\/www.yousanusb.com\/wp-content\/uploads\/2025\/10\/wooden-Rotating-USB-Drives.jpg 800w, https:\/\/www.yousanusb.com\/wp-content\/uploads\/2025\/10\/wooden-Rotating-USB-Drives-300x300.jpg 300w, https:\/\/www.yousanusb.com\/wp-content\/uploads\/2025\/10\/wooden-Rotating-USB-Drives-150x150.jpg 150w, https:\/\/www.yousanusb.com\/wp-content\/uploads\/2025\/10\/wooden-Rotating-USB-Drives-768x768.jpg 768w, https:\/\/www.yousanusb.com\/wp-content\/uploads\/2025\/10\/wooden-Rotating-USB-Drives-12x12.jpg 12w, https:\/\/www.yousanusb.com\/wp-content\/uploads\/2025\/10\/wooden-Rotating-USB-Drives-600x600.jpg 600w, https:\/\/www.yousanusb.com\/wp-content\/uploads\/2025\/10\/wooden-Rotating-USB-Drives-100x100.jpg 100w\" sizes=\"(max-width: 800px) 100vw, 800px\" \/><\/figure>\n<\/div>\n\n\n\n<div class=\"wp-block-column is-vertically-aligned-center is-layout-flow wp-block-column-is-layout-flow\">\n<p>Dieses drehbare USB-Flash-Laufwerk aus Holz mit zwei Schnittstellen hebt sich von herk\u00f6mmlichen USB-Flash-Laufwerken ab. Er wurde mit nat\u00fcrlichem Holz als Kernelement entworfen. Die tiefen und hellen Holzfarben (z. B. tiefbraune Walnuss und heller, warmer Ahorn) und die nat\u00fcrliche Holzmaserung machen jeden Stick einzigartig.<\/p>\n\n\n\n<p>Dieses USB-Flash-Laufwerk verf\u00fcgt \u00fcber ein \"rotierendes\" Design, das die Notwendigkeit einer zus\u00e4tzlichen Kappe \u00fcberfl\u00fcssig macht. Drehen Sie einfach das Holzgeh\u00e4use, um zwischen USB-A- und Typ-C-Anschl\u00fcssen zu wechseln. Dieses Design l\u00f6st nicht nur das Problem, dass die Kappe leicht verloren geht, sondern verbirgt auch die Anschl\u00fcsse im Inneren des Holzgeh\u00e4uses, wenn sie nicht in Gebrauch sind, was Staub und Kratzer effektiv verhindert.<\/p>\n<\/div>\n<\/div>\n\n\n\n<p>Kompatibilit\u00e4t mit zwei Anschl\u00fcssen: Er kann sowohl mit herk\u00f6mmlichen USB-A-Anschl\u00fcssen an Computern und Laptops als auch mit Typ-C-Anschl\u00fcssen an Handys und Tablets verwendet werden, sodass Sie problemlos Dateien zwischen Ger\u00e4ten speichern und \u00fcbertragen k\u00f6nnen.<br>Die Oberfl\u00e4che dieses USB-Sticks aus Holz kann in der Regel mit einem Logo versehen werden. Das h\u00f6lzerne Material ist ideal f\u00fcr die Darstellung von individuellem Text oder Mustern durch Lasergravur oder Branding, wobei die nat\u00fcrliche Textur des Holzes erhalten bleibt und eine einzigartige Kennzeichnung integriert wird. Daher wird es h\u00e4ufig f\u00fcr die individuelle Gestaltung von Firmengeschenken und die Markenwerbung verwendet.<\/p>\n\n\n\n<div class=\"wp-block-columns is-layout-flex wp-container-core-columns-is-layout-2 wp-block-columns-is-layout-flex\">\n<div class=\"wp-block-column is-layout-flow wp-block-column-is-layout-flow\">\n<figure class=\"wp-block-image size-full\"><img decoding=\"async\" width=\"800\" height=\"800\" src=\"https:\/\/www.yousanusb.com\/wp-content\/uploads\/2025\/10\/Rotating-USB-Drives.jpg\" alt=\"\" class=\"wp-image-19003\" srcset=\"https:\/\/www.yousanusb.com\/wp-content\/uploads\/2025\/10\/Rotating-USB-Drives.jpg 800w, https:\/\/www.yousanusb.com\/wp-content\/uploads\/2025\/10\/Rotating-USB-Drives-300x300.jpg 300w, https:\/\/www.yousanusb.com\/wp-content\/uploads\/2025\/10\/Rotating-USB-Drives-150x150.jpg 150w, https:\/\/www.yousanusb.com\/wp-content\/uploads\/2025\/10\/Rotating-USB-Drives-768x768.jpg 768w, https:\/\/www.yousanusb.com\/wp-content\/uploads\/2025\/10\/Rotating-USB-Drives-12x12.jpg 12w, https:\/\/www.yousanusb.com\/wp-content\/uploads\/2025\/10\/Rotating-USB-Drives-600x600.jpg 600w, https:\/\/www.yousanusb.com\/wp-content\/uploads\/2025\/10\/Rotating-USB-Drives-100x100.jpg 100w\" sizes=\"(max-width: 800px) 100vw, 800px\" \/><\/figure>\n<\/div>\n\n\n\n<div class=\"wp-block-column is-layout-flow wp-block-column-is-layout-flow\">\n<figure class=\"wp-block-image size-full\"><img decoding=\"async\" width=\"800\" height=\"800\" src=\"https:\/\/www.yousanusb.com\/wp-content\/uploads\/2025\/10\/rotating-flash-drive.jpg\" alt=\"\" class=\"wp-image-19002\" srcset=\"https:\/\/www.yousanusb.com\/wp-content\/uploads\/2025\/10\/rotating-flash-drive.jpg 800w, https:\/\/www.yousanusb.com\/wp-content\/uploads\/2025\/10\/rotating-flash-drive-300x300.jpg 300w, https:\/\/www.yousanusb.com\/wp-content\/uploads\/2025\/10\/rotating-flash-drive-150x150.jpg 150w, https:\/\/www.yousanusb.com\/wp-content\/uploads\/2025\/10\/rotating-flash-drive-768x768.jpg 768w, https:\/\/www.yousanusb.com\/wp-content\/uploads\/2025\/10\/rotating-flash-drive-12x12.jpg 12w, https:\/\/www.yousanusb.com\/wp-content\/uploads\/2025\/10\/rotating-flash-drive-600x600.jpg 600w, https:\/\/www.yousanusb.com\/wp-content\/uploads\/2025\/10\/rotating-flash-drive-100x100.jpg 100w\" sizes=\"(max-width: 800px) 100vw, 800px\" \/><\/figure>\n<\/div>\n<\/div>\n\n\n\n<p><\/p>","protected":false},"excerpt":{"rendered":"<ul>\n<li>Werkstoff Holz<\/li>\n<li>Rotierendes Design<\/li>\n<li>Kostenloses Design, kostenlose Probe<\/li>\n<li>Umweltfreundliches USB-Flash-Laufwerk<\/li>\n<li>MOQ:100St\u00fcck<\/li>\n<\/ul>","protected":false},"featured_media":19004,"comment_status":"open","ping_status":"closed","template":"","meta":{"_seopress_robots_primary_cat":"","_seopress_titles_title":"","_seopress_titles_desc":"","_seopress_robots_index":""},"class_list":["post-18999","product","type-product","status-publish","has-post-thumbnail","hentry","product_cat-otg-usb-flash-drive","product_cat-wooden-usb-flash-drive","product_tag-otg-usb-flash-drive"],"_links":{"self":[{"href":"https:\/\/www.yousanusb.com\/de\/wp-json\/wp\/v2\/product\/18999"}],"collection":[{"href":"https:\/\/www.yousanusb.com\/de\/wp-json\/wp\/v2\/product"}],"about":[{"href":"https:\/\/www.yousanusb.com\/de\/wp-json\/wp\/v2\/types\/product"}],"replies":[{"embeddable":true,"href":"https:\/\/www.yousanusb.com\/de\/wp-json\/wp\/v2\/comments?post=18999"}],"wp:featuredmedia":[{"embeddable":true,"href":"https:\/\/www.yousanusb.com\/de\/wp-json\/wp\/v2\/media\/19004"}],"wp:attachment":[{"href":"https:\/\/www.yousanusb.com\/de\/wp-json\/wp\/v2\/media?parent=18999"}],"curies":[{"name":"wp","href":"https:\/\/api.w.org\/{rel}","templated":true}]}}