{"id":20337,"date":"2025-10-11T02:16:36","date_gmt":"2025-10-11T02:16:36","guid":{"rendered":"https:\/\/www.yousanusb.com\/?post_type=product&#038;p=20337"},"modified":"2025-10-11T03:07:40","modified_gmt":"2025-10-11T03:07:40","slug":"mens-leather-wristband-usb","status":"publish","type":"product","link":"https:\/\/www.yousanusb.com\/de\/product\/mens-leather-wristband-usb\/","title":{"rendered":"Herren Lederarmband USB-Laufwerk"},"content":{"rendered":"<p>Dieses USB-Laufwerk am Lederarmband wurde speziell f\u00fcr M\u00e4nner entwickelt. Es handelt sich um eines der einfachsten tragbaren Produkte auf dem Markt. Das gesamte Armband ist aus hochwertigem Leder gefertigt, wobei das USB-Laufwerk in einer polierten Metallschnalle untergebracht ist. Die Kombination aus Technologie und Mode sieht am Handgelenk edel und raffiniert aus und erf\u00fcllt gleichzeitig den Speicherbedarf.<\/p>\n\n\n\n<div class=\"wp-block-columns is-layout-flex wp-container-core-columns-is-layout-1 wp-block-columns-is-layout-flex\">\n<div class=\"wp-block-column is-layout-flow wp-block-column-is-layout-flow\">\n<figure class=\"wp-block-image size-full\"><img fetchpriority=\"high\" decoding=\"async\" width=\"800\" height=\"800\" src=\"https:\/\/www.yousanusb.com\/wp-content\/uploads\/2025\/10\/mens-leather-wrist-bracelets.jpg\" alt=\"Lederarmb\u00e4nder f\u00fcr M\u00e4nner am Handgelenk\" class=\"wp-image-20343\" srcset=\"https:\/\/www.yousanusb.com\/wp-content\/uploads\/2025\/10\/mens-leather-wrist-bracelets.jpg 800w, https:\/\/www.yousanusb.com\/wp-content\/uploads\/2025\/10\/mens-leather-wrist-bracelets-300x300.jpg 300w, https:\/\/www.yousanusb.com\/wp-content\/uploads\/2025\/10\/mens-leather-wrist-bracelets-150x150.jpg 150w, https:\/\/www.yousanusb.com\/wp-content\/uploads\/2025\/10\/mens-leather-wrist-bracelets-768x768.jpg 768w, https:\/\/www.yousanusb.com\/wp-content\/uploads\/2025\/10\/mens-leather-wrist-bracelets-12x12.jpg 12w, https:\/\/www.yousanusb.com\/wp-content\/uploads\/2025\/10\/mens-leather-wrist-bracelets-600x600.jpg 600w, https:\/\/www.yousanusb.com\/wp-content\/uploads\/2025\/10\/mens-leather-wrist-bracelets-100x100.jpg 100w\" sizes=\"(max-width: 800px) 100vw, 800px\" \/><\/figure>\n<\/div>\n\n\n\n<div class=\"wp-block-column is-layout-flow wp-block-column-is-layout-flow\">\n<figure class=\"wp-block-image size-full\"><img decoding=\"async\" width=\"800\" height=\"800\" src=\"https:\/\/www.yousanusb.com\/wp-content\/uploads\/2025\/10\/mens-leather-wristband-usb.jpg\" alt=\"\" class=\"wp-image-20344\" srcset=\"https:\/\/www.yousanusb.com\/wp-content\/uploads\/2025\/10\/mens-leather-wristband-usb.jpg 800w, https:\/\/www.yousanusb.com\/wp-content\/uploads\/2025\/10\/mens-leather-wristband-usb-300x300.jpg 300w, https:\/\/www.yousanusb.com\/wp-content\/uploads\/2025\/10\/mens-leather-wristband-usb-150x150.jpg 150w, https:\/\/www.yousanusb.com\/wp-content\/uploads\/2025\/10\/mens-leather-wristband-usb-768x768.jpg 768w, https:\/\/www.yousanusb.com\/wp-content\/uploads\/2025\/10\/mens-leather-wristband-usb-12x12.jpg 12w, https:\/\/www.yousanusb.com\/wp-content\/uploads\/2025\/10\/mens-leather-wristband-usb-600x600.jpg 600w, https:\/\/www.yousanusb.com\/wp-content\/uploads\/2025\/10\/mens-leather-wristband-usb-100x100.jpg 100w\" sizes=\"(max-width: 800px) 100vw, 800px\" \/><\/figure>\n<\/div>\n<\/div>\n\n\n\n<p>Das Armband bietet einen bequemen Sitz ohne einzuengen. Der USB-Anschluss ist diskret verborgen, wodurch er vor Abnutzung gesch\u00fctzt ist und gleichzeitig eine saubere \u00c4sthetik bewahrt wird. Die Oberfl\u00e4che aus hochwertigem Leder ist reichhaltig strukturiert und eignet sich ideal zum Einpr\u00e4gen von Mustern oder Gravieren von Logos, um Ihre Markenidentit\u00e4t hervorzuheben.<\/p>\n\n\n\n<div class=\"wp-block-columns is-layout-flex wp-container-core-columns-is-layout-2 wp-block-columns-is-layout-flex\">\n<div class=\"wp-block-column is-layout-flow wp-block-column-is-layout-flow\">\n<figure class=\"wp-block-image size-full\"><img decoding=\"async\" width=\"800\" height=\"800\" src=\"https:\/\/www.yousanusb.com\/wp-content\/uploads\/2025\/10\/best-leather-bracelets-for-men.jpg\" alt=\"\" class=\"wp-image-20340\" srcset=\"https:\/\/www.yousanusb.com\/wp-content\/uploads\/2025\/10\/best-leather-bracelets-for-men.jpg 800w, https:\/\/www.yousanusb.com\/wp-content\/uploads\/2025\/10\/best-leather-bracelets-for-men-300x300.jpg 300w, https:\/\/www.yousanusb.com\/wp-content\/uploads\/2025\/10\/best-leather-bracelets-for-men-150x150.jpg 150w, https:\/\/www.yousanusb.com\/wp-content\/uploads\/2025\/10\/best-leather-bracelets-for-men-768x768.jpg 768w, https:\/\/www.yousanusb.com\/wp-content\/uploads\/2025\/10\/best-leather-bracelets-for-men-12x12.jpg 12w, https:\/\/www.yousanusb.com\/wp-content\/uploads\/2025\/10\/best-leather-bracelets-for-men-600x600.jpg 600w, https:\/\/www.yousanusb.com\/wp-content\/uploads\/2025\/10\/best-leather-bracelets-for-men-100x100.jpg 100w\" sizes=\"(max-width: 800px) 100vw, 800px\" \/><\/figure>\n<\/div>\n\n\n\n<div class=\"wp-block-column is-layout-flow wp-block-column-is-layout-flow\">\n<figure class=\"wp-block-image size-full\"><img loading=\"lazy\" decoding=\"async\" width=\"800\" height=\"800\" src=\"https:\/\/www.yousanusb.com\/wp-content\/uploads\/2025\/10\/black-mens-leather-wrist-bracelets.jpg\" alt=\"\" class=\"wp-image-20341\" srcset=\"https:\/\/www.yousanusb.com\/wp-content\/uploads\/2025\/10\/black-mens-leather-wrist-bracelets.jpg 800w, https:\/\/www.yousanusb.com\/wp-content\/uploads\/2025\/10\/black-mens-leather-wrist-bracelets-300x300.jpg 300w, https:\/\/www.yousanusb.com\/wp-content\/uploads\/2025\/10\/black-mens-leather-wrist-bracelets-150x150.jpg 150w, https:\/\/www.yousanusb.com\/wp-content\/uploads\/2025\/10\/black-mens-leather-wrist-bracelets-768x768.jpg 768w, https:\/\/www.yousanusb.com\/wp-content\/uploads\/2025\/10\/black-mens-leather-wrist-bracelets-12x12.jpg 12w, https:\/\/www.yousanusb.com\/wp-content\/uploads\/2025\/10\/black-mens-leather-wrist-bracelets-600x600.jpg 600w, https:\/\/www.yousanusb.com\/wp-content\/uploads\/2025\/10\/black-mens-leather-wrist-bracelets-100x100.jpg 100w\" sizes=\"(max-width: 800px) 100vw, 800px\" \/><\/figure>\n<\/div>\n<\/div>\n\n\n\n<p>Ob bei Firmenveranstaltungen, Messen oder hochwertigen Werbeaktionen, dieses USB-Lederarmband verwandelt ein gew\u00f6hnliches Speichermedium in ein auff\u00e4lliges Modeaccessoire.<\/p>","protected":false},"excerpt":{"rendered":"<ul>\n<li>Einfaches Design f\u00fcr das Handgelenk<\/li>\n<li>Material Leder<\/li>\n<li>UDP(wasserdicht)<\/li>\n<li>Schwarz und braun<\/li>\n<li>Super Rutsche<\/li>\n<\/ul>","protected":false},"featured_media":20342,"comment_status":"open","ping_status":"closed","template":"","meta":{"_seopress_robots_primary_cat":"","_seopress_titles_title":"","_seopress_titles_desc":"","_seopress_robots_index":""},"class_list":["post-20337","product","type-product","status-publish","has-post-thumbnail","hentry","product_cat-bracelet-pen-drive","product_cat-leather-usb-flash-drive","product_tag-leather-bracelet-usb-drive"],"_links":{"self":[{"href":"https:\/\/www.yousanusb.com\/de\/wp-json\/wp\/v2\/product\/20337"}],"collection":[{"href":"https:\/\/www.yousanusb.com\/de\/wp-json\/wp\/v2\/product"}],"about":[{"href":"https:\/\/www.yousanusb.com\/de\/wp-json\/wp\/v2\/types\/product"}],"replies":[{"embeddable":true,"href":"https:\/\/www.yousanusb.com\/de\/wp-json\/wp\/v2\/comments?post=20337"}],"wp:featuredmedia":[{"embeddable":true,"href":"https:\/\/www.yousanusb.com\/de\/wp-json\/wp\/v2\/media\/20342"}],"wp:attachment":[{"href":"https:\/\/www.yousanusb.com\/de\/wp-json\/wp\/v2\/media?parent=20337"}],"curies":[{"name":"wp","href":"https:\/\/api.w.org\/{rel}","templated":true}]}}