{"id":20456,"date":"2025-10-12T11:19:39","date_gmt":"2025-10-12T11:19:39","guid":{"rendered":"https:\/\/www.yousanusb.com\/?post_type=product&#038;p=20456"},"modified":"2025-10-14T05:48:26","modified_gmt":"2025-10-14T05:48:26","slug":"golden-metal-key-usb-drive","status":"publish","type":"product","link":"https:\/\/www.yousanusb.com\/de\/product\/golden-metal-key-usb-drive\/","title":{"rendered":"Goldener Metallschl\u00fcssel USB-Stick"},"content":{"rendered":"<p><\/p>\n\n\n\n<div class=\"wp-block-columns is-layout-flex wp-container-core-columns-is-layout-1 wp-block-columns-is-layout-flex\">\n<div class=\"wp-block-column is-layout-flow wp-block-column-is-layout-flow\">\n<figure class=\"wp-block-image size-full\"><img fetchpriority=\"high\" decoding=\"async\" width=\"800\" height=\"800\" src=\"https:\/\/www.yousanusb.com\/wp-content\/uploads\/2025\/10\/HeavyDutyKey-USB-flash-Drive.webp\" alt=\"HeavyDutyKey-USB-Flash-Laufwerk\" class=\"wp-image-20459\" srcset=\"https:\/\/www.yousanusb.com\/wp-content\/uploads\/2025\/10\/HeavyDutyKey-USB-flash-Drive.webp 800w, https:\/\/www.yousanusb.com\/wp-content\/uploads\/2025\/10\/HeavyDutyKey-USB-flash-Drive-300x300.webp 300w, https:\/\/www.yousanusb.com\/wp-content\/uploads\/2025\/10\/HeavyDutyKey-USB-flash-Drive-150x150.webp 150w, https:\/\/www.yousanusb.com\/wp-content\/uploads\/2025\/10\/HeavyDutyKey-USB-flash-Drive-768x768.webp 768w, https:\/\/www.yousanusb.com\/wp-content\/uploads\/2025\/10\/HeavyDutyKey-USB-flash-Drive-12x12.webp 12w, https:\/\/www.yousanusb.com\/wp-content\/uploads\/2025\/10\/HeavyDutyKey-USB-flash-Drive-600x600.webp 600w, https:\/\/www.yousanusb.com\/wp-content\/uploads\/2025\/10\/HeavyDutyKey-USB-flash-Drive-100x100.webp 100w\" sizes=\"(max-width: 800px) 100vw, 800px\" \/><\/figure>\n<\/div>\n\n\n\n<div class=\"wp-block-column is-vertically-aligned-center is-layout-flow wp-block-column-is-layout-flow\">\n<p>Das Golden Metal Key USB-Laufwerk ist ein klassisches USB-Design in Form eines Schl\u00fcssels. Unter den ultrad\u00fcnnen Schl\u00fcssel-USBs zeichnet es sich durch ein etwas dickeres Profil aus. Im Gegensatz zu herk\u00f6mmlichen quadratischen USB-Laufwerken hat es den Standardformfaktor in Form eines Schl\u00fcssels.<\/p>\n\n\n\n<p>Er wird aus einem einzigen St\u00fcck Aluminiumlegierung hergestellt und erh\u00e4lt durch eine mehrschichtige Vakuumgalvanisierung seinen goldenen Farbton. Die Metallstruktur ist glatt und gl\u00e4nzend und widersteht dem Ausbleichen der Farbe, wie es bei billigen Goldbeschichtungen \u00fcblich ist, und beh\u00e4lt im Laufe der Zeit eine lebendige Oberfl\u00e4che. Abgerundete Kanten sorgen f\u00fcr einen bequemen Griff und verhindern, dass andere Gegenst\u00e4nde zerkratzt werden, wenn sie an einem Schl\u00fcsselbund befestigt sind.<\/p>\n<\/div>\n<\/div>\n\n\n\n<p>Ausgestattet mit einer Hochgeschwindigkeits-USB 3.0-Schnittstelle erreicht er Lesegeschwindigkeiten von bis zu 80 MB\/s. Die \u00dcbertragung eines 500 MB gro\u00dfen Arbeitsdokuments dauert nur etwa 6 Sekunden. Die Speicherkapazit\u00e4t reicht von 16 GB bis 256 GB, was f\u00fcr die Speicherung von t\u00e4glichen Fotos, Tabellenkalkulationen oder hochaufl\u00f6senden Videos ausreicht. Sie ist mit g\u00e4ngigen Systemen wie Windows, Mac und Linux kompatibel und erfordert keine zus\u00e4tzlichen Treiber - einfach an den Computer anschlie\u00dfen und loslegen.<\/p>\n\n\n\n<div class=\"wp-block-columns is-layout-flex wp-container-core-columns-is-layout-2 wp-block-columns-is-layout-flex\">\n<div class=\"wp-block-column is-layout-flow wp-block-column-is-layout-flow\">\n<figure class=\"wp-block-image size-full\"><img decoding=\"async\" width=\"800\" height=\"800\" src=\"https:\/\/www.yousanusb.com\/wp-content\/uploads\/2025\/10\/ThickKey-USB-Flash-drive.webp\" alt=\"ThickKey-USB-Flash-Laufwerk\" class=\"wp-image-20460\" srcset=\"https:\/\/www.yousanusb.com\/wp-content\/uploads\/2025\/10\/ThickKey-USB-Flash-drive.webp 800w, https:\/\/www.yousanusb.com\/wp-content\/uploads\/2025\/10\/ThickKey-USB-Flash-drive-300x300.webp 300w, https:\/\/www.yousanusb.com\/wp-content\/uploads\/2025\/10\/ThickKey-USB-Flash-drive-150x150.webp 150w, https:\/\/www.yousanusb.com\/wp-content\/uploads\/2025\/10\/ThickKey-USB-Flash-drive-768x768.webp 768w, https:\/\/www.yousanusb.com\/wp-content\/uploads\/2025\/10\/ThickKey-USB-Flash-drive-12x12.webp 12w, https:\/\/www.yousanusb.com\/wp-content\/uploads\/2025\/10\/ThickKey-USB-Flash-drive-600x600.webp 600w, https:\/\/www.yousanusb.com\/wp-content\/uploads\/2025\/10\/ThickKey-USB-Flash-drive-100x100.webp 100w\" sizes=\"(max-width: 800px) 100vw, 800px\" \/><\/figure>\n<\/div>\n\n\n\n<div class=\"wp-block-column is-layout-flow wp-block-column-is-layout-flow\">\n<figure class=\"wp-block-image size-full\"><img decoding=\"async\" width=\"800\" height=\"800\" src=\"https:\/\/www.yousanusb.com\/wp-content\/uploads\/2025\/10\/ThickMetalKey-USB-flash-drive.webp\" alt=\"\" class=\"wp-image-20461\" srcset=\"https:\/\/www.yousanusb.com\/wp-content\/uploads\/2025\/10\/ThickMetalKey-USB-flash-drive.webp 800w, https:\/\/www.yousanusb.com\/wp-content\/uploads\/2025\/10\/ThickMetalKey-USB-flash-drive-300x300.webp 300w, https:\/\/www.yousanusb.com\/wp-content\/uploads\/2025\/10\/ThickMetalKey-USB-flash-drive-150x150.webp 150w, https:\/\/www.yousanusb.com\/wp-content\/uploads\/2025\/10\/ThickMetalKey-USB-flash-drive-768x768.webp 768w, https:\/\/www.yousanusb.com\/wp-content\/uploads\/2025\/10\/ThickMetalKey-USB-flash-drive-12x12.webp 12w, https:\/\/www.yousanusb.com\/wp-content\/uploads\/2025\/10\/ThickMetalKey-USB-flash-drive-600x600.webp 600w, https:\/\/www.yousanusb.com\/wp-content\/uploads\/2025\/10\/ThickMetalKey-USB-flash-drive-100x100.webp 100w\" sizes=\"(max-width: 800px) 100vw, 800px\" \/><\/figure>\n<\/div>\n<\/div>","protected":false},"excerpt":{"rendered":"<ul>\n<li>Goldene und silberne Farbe<\/li>\n<li>USB-Flash-Laufwerk aus Metall<\/li>\n<li>Schl\u00fcsselform usb<\/li>\n<li>Benutzerdefiniertes LOGO<\/li>\n<li>MOQ:100St\u00fcck<\/li>\n<\/ul>","protected":false},"featured_media":20459,"comment_status":"open","ping_status":"closed","template":"","meta":{"_seopress_robots_primary_cat":"","_seopress_titles_title":"Gold Metal Key USB Flash Drive Manufacturer in China - custom golden key usb","_seopress_titles_desc":"The Golden Metal Key USB Drive is a classic key-shaped USB design. Among ultra-thin key USBs, it features a slightly thicker profile. Unlike conventional square USB drives, it adopts the standard key-shaped form factor.","_seopress_robots_index":""},"class_list":["post-20456","product","type-product","status-publish","has-post-thumbnail","hentry","product_cat-retractable-usb-flash-drive","product_tag-key-usb-flash-drive"],"_links":{"self":[{"href":"https:\/\/www.yousanusb.com\/de\/wp-json\/wp\/v2\/product\/20456"}],"collection":[{"href":"https:\/\/www.yousanusb.com\/de\/wp-json\/wp\/v2\/product"}],"about":[{"href":"https:\/\/www.yousanusb.com\/de\/wp-json\/wp\/v2\/types\/product"}],"replies":[{"embeddable":true,"href":"https:\/\/www.yousanusb.com\/de\/wp-json\/wp\/v2\/comments?post=20456"}],"wp:featuredmedia":[{"embeddable":true,"href":"https:\/\/www.yousanusb.com\/de\/wp-json\/wp\/v2\/media\/20459"}],"wp:attachment":[{"href":"https:\/\/www.yousanusb.com\/de\/wp-json\/wp\/v2\/media?parent=20456"}],"curies":[{"name":"wp","href":"https:\/\/api.w.org\/{rel}","templated":true}]}}