{"id":20462,"date":"2025-10-12T11:48:07","date_gmt":"2025-10-12T11:48:07","guid":{"rendered":"https:\/\/www.yousanusb.com\/?post_type=product&#038;p=20462"},"modified":"2025-10-14T05:48:04","modified_gmt":"2025-10-14T05:48:04","slug":"usb-3-0-retro-heart-key-metal-flash-drive","status":"publish","type":"product","link":"https:\/\/www.yousanusb.com\/de\/product\/usb-3-0-retro-heart-key-metal-flash-drive\/","title":{"rendered":"USB 3.0 Retro Herz Schl\u00fcssel Metall Flash Drive"},"content":{"rendered":"<p>Der Retro-Stil war schon immer beliebt bei den Menschen. Dieses USB-Laufwerk aus Metall setzt auf Vintage-Design und kombiniert herzf\u00f6rmige Elemente mit Retro-\u00c4sthetik, um dieses herzf\u00f6rmige USB-Laufwerk zu schaffen. Das Retro-USB-Laufwerk verf\u00fcgt \u00fcber ein Bronze-Finish mit einer Vintage-Patina-Behandlung. Auf dem bronzegoldenen oder mattsilbernen Untergrund sind subtile metallische Texturen zu sp\u00fcren. Es vermeidet auff\u00e4lligen Glanz und entwickelt stattdessen eine warme, weiche Haptik - selbst l\u00e4ngere Reibung mit M\u00fcnzen oder Schl\u00fcsseln hinterl\u00e4sst nicht so leicht Kratzer.<\/p>\n\n\n\n<div class=\"wp-block-columns is-layout-flex wp-container-core-columns-is-layout-1 wp-block-columns-is-layout-flex\">\n<div class=\"wp-block-column is-layout-flow wp-block-column-is-layout-flow\">\n<figure class=\"wp-block-image size-full\"><img fetchpriority=\"high\" decoding=\"async\" width=\"800\" height=\"800\" src=\"https:\/\/www.yousanusb.com\/wp-content\/uploads\/2025\/10\/bulk-key-shape-metal-usb-flash-drive.webp\" alt=\"bulk-key-shape-metal-usb-flash-drive\" class=\"wp-image-20465\" srcset=\"https:\/\/www.yousanusb.com\/wp-content\/uploads\/2025\/10\/bulk-key-shape-metal-usb-flash-drive.webp 800w, https:\/\/www.yousanusb.com\/wp-content\/uploads\/2025\/10\/bulk-key-shape-metal-usb-flash-drive-300x300.webp 300w, https:\/\/www.yousanusb.com\/wp-content\/uploads\/2025\/10\/bulk-key-shape-metal-usb-flash-drive-150x150.webp 150w, https:\/\/www.yousanusb.com\/wp-content\/uploads\/2025\/10\/bulk-key-shape-metal-usb-flash-drive-768x768.webp 768w, https:\/\/www.yousanusb.com\/wp-content\/uploads\/2025\/10\/bulk-key-shape-metal-usb-flash-drive-12x12.webp 12w, https:\/\/www.yousanusb.com\/wp-content\/uploads\/2025\/10\/bulk-key-shape-metal-usb-flash-drive-600x600.webp 600w, https:\/\/www.yousanusb.com\/wp-content\/uploads\/2025\/10\/bulk-key-shape-metal-usb-flash-drive-100x100.webp 100w\" sizes=\"(max-width: 800px) 100vw, 800px\" \/><\/figure>\n<\/div>\n\n\n\n<div class=\"wp-block-column is-layout-flow wp-block-column-is-layout-flow\">\n<figure class=\"wp-block-image size-full\"><img decoding=\"async\" width=\"800\" height=\"800\" src=\"https:\/\/www.yousanusb.com\/wp-content\/uploads\/2025\/10\/key-shape-metal-usb-flash-drive.webp\" alt=\"\" class=\"wp-image-20467\" srcset=\"https:\/\/www.yousanusb.com\/wp-content\/uploads\/2025\/10\/key-shape-metal-usb-flash-drive.webp 800w, https:\/\/www.yousanusb.com\/wp-content\/uploads\/2025\/10\/key-shape-metal-usb-flash-drive-300x300.webp 300w, https:\/\/www.yousanusb.com\/wp-content\/uploads\/2025\/10\/key-shape-metal-usb-flash-drive-150x150.webp 150w, https:\/\/www.yousanusb.com\/wp-content\/uploads\/2025\/10\/key-shape-metal-usb-flash-drive-768x768.webp 768w, https:\/\/www.yousanusb.com\/wp-content\/uploads\/2025\/10\/key-shape-metal-usb-flash-drive-12x12.webp 12w, https:\/\/www.yousanusb.com\/wp-content\/uploads\/2025\/10\/key-shape-metal-usb-flash-drive-600x600.webp 600w, https:\/\/www.yousanusb.com\/wp-content\/uploads\/2025\/10\/key-shape-metal-usb-flash-drive-100x100.webp 100w\" sizes=\"(max-width: 800px) 100vw, 800px\" \/><\/figure>\n<\/div>\n<\/div>\n\n\n\n<p>Die aus einem St\u00fcck gefertigte herzf\u00f6rmige Kontur ist sanft abgerundet und nicht scharfkantig. Sie erinnert an ein altes Accessoire, das im Laufe der Zeit sanft verwittert ist. Die Schnittstelle verf\u00fcgt \u00fcber eine passende Metallverkleidung, die ein reibungsloses Einsetzen und Entfernen ohne Wackeln erm\u00f6glicht. Unterhalb des Herzens befindet sich ein kleines Loch f\u00fcr einen Schl\u00fcsselring, das perfekt f\u00fcr Ihren Schl\u00fcsselbund geeignet ist. Sie brauchen kein zus\u00e4tzliches Schl\u00fcsselband - wenn Sie Ihre Schl\u00fcssel bei sich tragen, haben Sie auch Ihr USB-Laufwerk dabei. Kein krampfhaftes Durchsuchen Ihrer Tasche mehr.<\/p>\n\n\n\n<div class=\"wp-block-columns is-layout-flex wp-container-core-columns-is-layout-2 wp-block-columns-is-layout-flex\">\n<div class=\"wp-block-column is-layout-flow wp-block-column-is-layout-flow\">\n<figure class=\"wp-block-image size-full\"><img decoding=\"async\" width=\"800\" height=\"800\" src=\"https:\/\/www.yousanusb.com\/wp-content\/uploads\/2025\/10\/Retro-Key-Metal-USB-Drive.webp\" alt=\"\" class=\"wp-image-20468\" srcset=\"https:\/\/www.yousanusb.com\/wp-content\/uploads\/2025\/10\/Retro-Key-Metal-USB-Drive.webp 800w, https:\/\/www.yousanusb.com\/wp-content\/uploads\/2025\/10\/Retro-Key-Metal-USB-Drive-300x300.webp 300w, https:\/\/www.yousanusb.com\/wp-content\/uploads\/2025\/10\/Retro-Key-Metal-USB-Drive-150x150.webp 150w, https:\/\/www.yousanusb.com\/wp-content\/uploads\/2025\/10\/Retro-Key-Metal-USB-Drive-768x768.webp 768w, https:\/\/www.yousanusb.com\/wp-content\/uploads\/2025\/10\/Retro-Key-Metal-USB-Drive-12x12.webp 12w, https:\/\/www.yousanusb.com\/wp-content\/uploads\/2025\/10\/Retro-Key-Metal-USB-Drive-600x600.webp 600w, https:\/\/www.yousanusb.com\/wp-content\/uploads\/2025\/10\/Retro-Key-Metal-USB-Drive-100x100.webp 100w\" sizes=\"(max-width: 800px) 100vw, 800px\" \/><\/figure>\n<\/div>\n\n\n\n<div class=\"wp-block-column is-layout-flow wp-block-column-is-layout-flow\">\n<figure class=\"wp-block-image size-full\"><img loading=\"lazy\" decoding=\"async\" width=\"800\" height=\"800\" src=\"https:\/\/www.yousanusb.com\/wp-content\/uploads\/2025\/10\/China-key-shape-metal-usb-flash-drive-supplier.webp\" alt=\"\" class=\"wp-image-20466\" srcset=\"https:\/\/www.yousanusb.com\/wp-content\/uploads\/2025\/10\/China-key-shape-metal-usb-flash-drive-supplier.webp 800w, https:\/\/www.yousanusb.com\/wp-content\/uploads\/2025\/10\/China-key-shape-metal-usb-flash-drive-supplier-300x300.webp 300w, https:\/\/www.yousanusb.com\/wp-content\/uploads\/2025\/10\/China-key-shape-metal-usb-flash-drive-supplier-150x150.webp 150w, https:\/\/www.yousanusb.com\/wp-content\/uploads\/2025\/10\/China-key-shape-metal-usb-flash-drive-supplier-768x768.webp 768w, https:\/\/www.yousanusb.com\/wp-content\/uploads\/2025\/10\/China-key-shape-metal-usb-flash-drive-supplier-12x12.webp 12w, https:\/\/www.yousanusb.com\/wp-content\/uploads\/2025\/10\/China-key-shape-metal-usb-flash-drive-supplier-600x600.webp 600w, https:\/\/www.yousanusb.com\/wp-content\/uploads\/2025\/10\/China-key-shape-metal-usb-flash-drive-supplier-100x100.webp 100w\" sizes=\"(max-width: 800px) 100vw, 800px\" \/><\/figure>\n<\/div>\n<\/div>\n\n\n\n<p><\/p>","protected":false},"excerpt":{"rendered":"<ul>\n<li>USB 3.0 Retro Herz<\/li>\n<li>Retro-Stil<\/li>\n<li>Herzf\u00f6rmige Elemente<\/li>\n<li>Schl\u00fcsselform aus Metall<\/li>\n<li>Farbe Bronze<\/li>\n<\/ul>","protected":false},"featured_media":20465,"comment_status":"open","ping_status":"closed","template":"","meta":{"_seopress_robots_primary_cat":"","_seopress_titles_title":"USB 3.0 Retro Heart Key Metal Flash Drive manufacturer -custom","_seopress_titles_desc":"Retro styles have always been beloved by people. This metal key USB drive embraces vintage design, combining heart-shaped elements with retro aesthetics to create this heart-shaped key USB drive.","_seopress_robots_index":""},"class_list":["post-20462","product","type-product","status-publish","has-post-thumbnail","hentry","product_cat-retractable-usb-flash-drive","product_tag-key-usb-flash-drive"],"_links":{"self":[{"href":"https:\/\/www.yousanusb.com\/de\/wp-json\/wp\/v2\/product\/20462"}],"collection":[{"href":"https:\/\/www.yousanusb.com\/de\/wp-json\/wp\/v2\/product"}],"about":[{"href":"https:\/\/www.yousanusb.com\/de\/wp-json\/wp\/v2\/types\/product"}],"replies":[{"embeddable":true,"href":"https:\/\/www.yousanusb.com\/de\/wp-json\/wp\/v2\/comments?post=20462"}],"wp:featuredmedia":[{"embeddable":true,"href":"https:\/\/www.yousanusb.com\/de\/wp-json\/wp\/v2\/media\/20465"}],"wp:attachment":[{"href":"https:\/\/www.yousanusb.com\/de\/wp-json\/wp\/v2\/media?parent=20462"}],"curies":[{"name":"wp","href":"https:\/\/api.w.org\/{rel}","templated":true}]}}