{"id":20472,"date":"2025-10-12T12:38:41","date_gmt":"2025-10-12T12:38:41","guid":{"rendered":"https:\/\/www.yousanusb.com\/?post_type=product&#038;p=20472"},"modified":"2025-10-12T12:44:25","modified_gmt":"2025-10-12T12:44:25","slug":"new-sportswristband-usb-flash-drive","status":"publish","type":"product","link":"https:\/\/www.yousanusb.com\/de\/product\/new-sportswristband-usb-flash-drive\/","title":{"rendered":"Neues Sport-Armband USB-Flash-Laufwerk"},"content":{"rendered":"<p>Im digitalen Zeitalter sind USB-Laufwerke ein unverzichtbares Instrument f\u00fcr die \u00dcbertragung und Speicherung von Daten. Herk\u00f6mmliche USB-Laufwerke wurden jedoch lange Zeit als \"klein und leicht zu verlegen\" und \"in einem Design-Fehler stecken geblieben\" kritisiert. Das Aufkommen von USB-Laufwerken im Stil von Fitness-Trackern hat die konventionellen Vorstellungen von USB-Speichern v\u00f6llig \u00fcber den Haufen geworfen. Diese innovativen Ger\u00e4te verbinden nahtlos Technologie mit Modeaccessoires und machen die Daten\u00fcbertragbarkeit eleganter denn je.<\/p>\n\n\n\n<div class=\"wp-block-columns is-layout-flex wp-container-core-columns-is-layout-1 wp-block-columns-is-layout-flex\">\n<div class=\"wp-block-column is-layout-flow wp-block-column-is-layout-flow\">\n<figure class=\"wp-block-image size-full\"><img fetchpriority=\"high\" decoding=\"async\" width=\"800\" height=\"800\" src=\"https:\/\/www.yousanusb.com\/wp-content\/uploads\/2025\/10\/wristband-usb-flash-drive.jpg\" alt=\"\" class=\"wp-image-20482\" srcset=\"https:\/\/www.yousanusb.com\/wp-content\/uploads\/2025\/10\/wristband-usb-flash-drive.jpg 800w, https:\/\/www.yousanusb.com\/wp-content\/uploads\/2025\/10\/wristband-usb-flash-drive-300x300.jpg 300w, https:\/\/www.yousanusb.com\/wp-content\/uploads\/2025\/10\/wristband-usb-flash-drive-150x150.jpg 150w, https:\/\/www.yousanusb.com\/wp-content\/uploads\/2025\/10\/wristband-usb-flash-drive-768x768.jpg 768w, https:\/\/www.yousanusb.com\/wp-content\/uploads\/2025\/10\/wristband-usb-flash-drive-12x12.jpg 12w, https:\/\/www.yousanusb.com\/wp-content\/uploads\/2025\/10\/wristband-usb-flash-drive-600x600.jpg 600w, https:\/\/www.yousanusb.com\/wp-content\/uploads\/2025\/10\/wristband-usb-flash-drive-100x100.jpg 100w\" sizes=\"(max-width: 800px) 100vw, 800px\" \/><\/figure>\n<\/div>\n\n\n\n<div class=\"wp-block-column is-vertically-aligned-center is-layout-flow wp-block-column-is-layout-flow\">\n<p>Das Sportarmband-USB-Flash-Laufwerk zeichnet sich durch ein integriertes Design aus, bei dem ein Silikonarmband mit dem USB-Laufwerkgeh\u00e4use kombiniert wird. Das weiche Silikonmaterial schmiegt sich angenehm an das Handgelenk an und bietet einen hautfreundlichen Tragekomfort, \u00e4hnlich wie bei einem Fitness-Tracker. Das Silikonmaterial ist wasserabweisend und sto\u00dffest und sch\u00fctzt den internen Speicherchip effektiv vor versehentlichen Spritzern oder St\u00fcrzen im t\u00e4glichen Gebrauch. <\/p>\n\n\n\n<p>Dar\u00fcber hinaus minimiert das geschlossene Design des Armbands die direkte Reibung zwischen der Schnittstelle und den \u00e4u\u00dferen Oberfl\u00e4chen, was die Lebensdauer des USB-Laufwerks weiter verl\u00e4ngert und eine zuverl\u00e4ssigere Datenspeicherung gew\u00e4hrleistet.<\/p>\n<\/div>\n<\/div>\n\n\n\n<div class=\"wp-block-columns is-layout-flex wp-container-core-columns-is-layout-3 wp-block-columns-is-layout-flex\">\n<div class=\"wp-block-column is-vertically-aligned-center is-layout-flow wp-block-column-is-layout-flow\">\n<div class=\"wp-block-columns is-layout-flex wp-container-core-columns-is-layout-2 wp-block-columns-is-layout-flex\">\n<div class=\"wp-block-column is-vertically-aligned-center is-layout-flow wp-block-column-is-layout-flow\">\n<p>Erh\u00e4ltlich mit Kapazit\u00e4ten von 4 GB bis 128 GB bietet er Studenten ausreichend Speicherplatz zum Speichern von Kursunterlagen und Papieren, w\u00e4hrend Profis m\u00fchelos hochaufl\u00f6sende Designs und Videodateien \u00fcbertragen und mobile Fotos und Musik sichern k\u00f6nnen.<\/p>\n\n\n\n<p>Hohe Lese-\/Schreibgeschwindigkeit: Die USB 2.0\/3.0-kompatible Schnittstelle sorgt f\u00fcr stabile und effiziente Lese- und Schreibgeschwindigkeiten. Die \u00dcbertragung gro\u00dfer Dateien erfordert keine langen Wartezeiten mehr, was die Produktivit\u00e4t bei der t\u00e4glichen Arbeit und beim Lernen erheblich steigert.<\/p>\n<\/div>\n\n\n\n<div class=\"wp-block-column is-vertically-aligned-center is-layout-flow wp-block-column-is-layout-flow\">\n<figure class=\"wp-block-image size-full\"><img decoding=\"async\" width=\"800\" height=\"800\" src=\"https:\/\/www.yousanusb.com\/wp-content\/uploads\/2025\/10\/Wristband-USB-Drive-PVC-bracelet-style-USB-flash-drive.webp\" alt=\"\" class=\"wp-image-20479\" srcset=\"https:\/\/www.yousanusb.com\/wp-content\/uploads\/2025\/10\/Wristband-USB-Drive-PVC-bracelet-style-USB-flash-drive.webp 800w, https:\/\/www.yousanusb.com\/wp-content\/uploads\/2025\/10\/Wristband-USB-Drive-PVC-bracelet-style-USB-flash-drive-300x300.webp 300w, https:\/\/www.yousanusb.com\/wp-content\/uploads\/2025\/10\/Wristband-USB-Drive-PVC-bracelet-style-USB-flash-drive-150x150.webp 150w, https:\/\/www.yousanusb.com\/wp-content\/uploads\/2025\/10\/Wristband-USB-Drive-PVC-bracelet-style-USB-flash-drive-768x768.webp 768w, https:\/\/www.yousanusb.com\/wp-content\/uploads\/2025\/10\/Wristband-USB-Drive-PVC-bracelet-style-USB-flash-drive-12x12.webp 12w, https:\/\/www.yousanusb.com\/wp-content\/uploads\/2025\/10\/Wristband-USB-Drive-PVC-bracelet-style-USB-flash-drive-600x600.webp 600w, https:\/\/www.yousanusb.com\/wp-content\/uploads\/2025\/10\/Wristband-USB-Drive-PVC-bracelet-style-USB-flash-drive-100x100.webp 100w\" sizes=\"(max-width: 800px) 100vw, 800px\" \/><\/figure>\n<\/div>\n<\/div>\n<\/div>\n<\/div>\n\n\n\n<p>Zwei klassische Farbkombinationen - Blau-Schwarz und Rot-Schwarz - bieten lebhafte Kontraste, die das jugendliche Modebewusstsein ansprechen und gleichzeitig ein professionelles Erscheinungsbild f\u00fcr gesch\u00e4ftliche Anl\u00e4sse gew\u00e4hrleisten. Das raffinierte Design des USB-Laufwerks l\u00e4sst sich nahtlos in das Armband integrieren: Ein leichter Druck gibt den USB-Anschluss frei, und wenn er nicht gebraucht wird, l\u00e4sst er sich wieder im Armband verstauen.<\/p>\n\n\n\n<div class=\"wp-block-columns is-layout-flex wp-container-core-columns-is-layout-4 wp-block-columns-is-layout-flex\">\n<div class=\"wp-block-column is-layout-flow wp-block-column-is-layout-flow\">\n<figure class=\"wp-block-image size-full\"><img decoding=\"async\" width=\"800\" height=\"800\" src=\"https:\/\/www.yousanusb.com\/wp-content\/uploads\/2025\/10\/Custom-Usb-Slap-Wrap-Wristbands.webp\" alt=\"\" class=\"wp-image-20476\" srcset=\"https:\/\/www.yousanusb.com\/wp-content\/uploads\/2025\/10\/Custom-Usb-Slap-Wrap-Wristbands.webp 800w, https:\/\/www.yousanusb.com\/wp-content\/uploads\/2025\/10\/Custom-Usb-Slap-Wrap-Wristbands-300x300.webp 300w, https:\/\/www.yousanusb.com\/wp-content\/uploads\/2025\/10\/Custom-Usb-Slap-Wrap-Wristbands-150x150.webp 150w, https:\/\/www.yousanusb.com\/wp-content\/uploads\/2025\/10\/Custom-Usb-Slap-Wrap-Wristbands-768x768.webp 768w, https:\/\/www.yousanusb.com\/wp-content\/uploads\/2025\/10\/Custom-Usb-Slap-Wrap-Wristbands-12x12.webp 12w, https:\/\/www.yousanusb.com\/wp-content\/uploads\/2025\/10\/Custom-Usb-Slap-Wrap-Wristbands-600x600.webp 600w, https:\/\/www.yousanusb.com\/wp-content\/uploads\/2025\/10\/Custom-Usb-Slap-Wrap-Wristbands-100x100.webp 100w\" sizes=\"(max-width: 800px) 100vw, 800px\" \/><\/figure>\n<\/div>\n\n\n\n<div class=\"wp-block-column is-layout-flow wp-block-column-is-layout-flow\">\n<figure class=\"wp-block-image size-full\"><img loading=\"lazy\" decoding=\"async\" width=\"800\" height=\"800\" src=\"https:\/\/www.yousanusb.com\/wp-content\/uploads\/2025\/10\/Silicone-USB-Flash-Drive-Wristband-Bracelet.webp\" alt=\"\" class=\"wp-image-20477\" srcset=\"https:\/\/www.yousanusb.com\/wp-content\/uploads\/2025\/10\/Silicone-USB-Flash-Drive-Wristband-Bracelet.webp 800w, https:\/\/www.yousanusb.com\/wp-content\/uploads\/2025\/10\/Silicone-USB-Flash-Drive-Wristband-Bracelet-300x300.webp 300w, https:\/\/www.yousanusb.com\/wp-content\/uploads\/2025\/10\/Silicone-USB-Flash-Drive-Wristband-Bracelet-150x150.webp 150w, https:\/\/www.yousanusb.com\/wp-content\/uploads\/2025\/10\/Silicone-USB-Flash-Drive-Wristband-Bracelet-768x768.webp 768w, https:\/\/www.yousanusb.com\/wp-content\/uploads\/2025\/10\/Silicone-USB-Flash-Drive-Wristband-Bracelet-12x12.webp 12w, https:\/\/www.yousanusb.com\/wp-content\/uploads\/2025\/10\/Silicone-USB-Flash-Drive-Wristband-Bracelet-600x600.webp 600w, https:\/\/www.yousanusb.com\/wp-content\/uploads\/2025\/10\/Silicone-USB-Flash-Drive-Wristband-Bracelet-100x100.webp 100w\" sizes=\"(max-width: 800px) 100vw, 800px\" \/><\/figure>\n<\/div>\n<\/div>\n\n\n\n<div class=\"wp-block-columns is-layout-flex wp-container-core-columns-is-layout-5 wp-block-columns-is-layout-flex\">\n<div class=\"wp-block-column is-layout-flow wp-block-column-is-layout-flow\">\n<figure class=\"wp-block-image size-full\"><img loading=\"lazy\" decoding=\"async\" width=\"880\" height=\"800\" src=\"https:\/\/www.yousanusb.com\/wp-content\/uploads\/2025\/10\/custom-usb-flash-drive.jpg\" alt=\"\" class=\"wp-image-20475\" srcset=\"https:\/\/www.yousanusb.com\/wp-content\/uploads\/2025\/10\/custom-usb-flash-drive.jpg 880w, https:\/\/www.yousanusb.com\/wp-content\/uploads\/2025\/10\/custom-usb-flash-drive-300x273.jpg 300w, https:\/\/www.yousanusb.com\/wp-content\/uploads\/2025\/10\/custom-usb-flash-drive-768x698.jpg 768w, https:\/\/www.yousanusb.com\/wp-content\/uploads\/2025\/10\/custom-usb-flash-drive-13x12.jpg 13w, https:\/\/www.yousanusb.com\/wp-content\/uploads\/2025\/10\/custom-usb-flash-drive-600x545.jpg 600w\" sizes=\"(max-width: 880px) 100vw, 880px\" \/><\/figure>\n<\/div>\n\n\n\n<div class=\"wp-block-column is-vertically-aligned-center is-layout-flow wp-block-column-is-layout-flow\">\n<p>Der Wert von USB-Laufwerken f\u00fcr Armb\u00e4nder liegt in ihren vielseitigen Anwendungsm\u00f6glichkeiten:<\/p>\n\n\n\n<p>T\u00e4glicher Gebrauch: Tragen Sie ihn am Handgelenk, um auf dem Weg zur Arbeit, in der Schule oder auf Gesch\u00e4ftsreisen sofort darauf zugreifen zu k\u00f6nnen - Sie m\u00fcssen nicht mehr in Taschen nach Ihrem Laufwerk kramen. Dank des leichten Silikonarmbands ist er weit weniger sperrig als herk\u00f6mmliche USB-Laufwerke am Schl\u00fcsselbund.<\/p>\n\n\n\n<p>Gesch\u00e4ftsgeschenke: Unternehmen k\u00f6nnen das USB-Laufwerk mit ihrem Markenlogo versehen und es als Firmengeschenk oder als Preis f\u00fcr eine Veranstaltung verwenden. Im Vergleich zu gew\u00f6hnlichen Geschenken ist es sowohl praktisch als auch erh\u00f6ht die Markenpr\u00e4senz durch \"tragbares Branding\".<\/p>\n\n\n\n<p>Wir sind eine Fabrik, keine Handelsgesellschaft, daher k\u00f6nnen wir einen sehr wettbewerbsf\u00e4higen Preis anbieten.<\/p>\n<\/div>\n<\/div>","protected":false},"excerpt":{"rendered":"<ul>\n<li>Armband mit Handgelenk 2 in 1<\/li>\n<li>Geeignet f\u00fcr alle Smartphones\/Tablet-PCs und digitalen Produkte<\/li>\n<li>F\u00fcr USB-Laden &amp; Daten\u00fcbertragung &amp; Werbegeschenk<\/li>\n<li>OEM-Unterst\u00fctzung, schnelle Lieferung und hohe Qualit\u00e4t<\/li>\n<li>MOQ:100St\u00fcck<\/li>\n<\/ul>","protected":false},"featured_media":20476,"comment_status":"open","ping_status":"closed","template":"","meta":{"_seopress_robots_primary_cat":"","_seopress_titles_title":"","_seopress_titles_desc":"","_seopress_robots_index":""},"class_list":["post-20472","product","type-product","status-publish","has-post-thumbnail","hentry","product_cat-bracelet-pen-drive"],"_links":{"self":[{"href":"https:\/\/www.yousanusb.com\/de\/wp-json\/wp\/v2\/product\/20472"}],"collection":[{"href":"https:\/\/www.yousanusb.com\/de\/wp-json\/wp\/v2\/product"}],"about":[{"href":"https:\/\/www.yousanusb.com\/de\/wp-json\/wp\/v2\/types\/product"}],"replies":[{"embeddable":true,"href":"https:\/\/www.yousanusb.com\/de\/wp-json\/wp\/v2\/comments?post=20472"}],"wp:featuredmedia":[{"embeddable":true,"href":"https:\/\/www.yousanusb.com\/de\/wp-json\/wp\/v2\/media\/20476"}],"wp:attachment":[{"href":"https:\/\/www.yousanusb.com\/de\/wp-json\/wp\/v2\/media?parent=20472"}],"curies":[{"name":"wp","href":"https:\/\/api.w.org\/{rel}","templated":true}]}}