{"id":20494,"date":"2025-10-12T13:37:15","date_gmt":"2025-10-12T13:37:15","guid":{"rendered":"https:\/\/www.yousanusb.com\/?post_type=product&#038;p=20494"},"modified":"2025-10-15T12:22:02","modified_gmt":"2025-10-15T12:22:02","slug":"eco-friendly-key-shaped-usb-flash-drive","status":"publish","type":"product","link":"https:\/\/www.yousanusb.com\/de\/product\/eco-friendly-key-shaped-usb-flash-drive\/","title":{"rendered":"umweltfreundlicher usb-stick in schl\u00fcsselform"},"content":{"rendered":"<p>Dieses schl\u00fcsself\u00f6rmige USB-Laufwerk gibt es in verschiedenen Ausf\u00fchrungen, die sich vor allem durch die Form der Schl\u00fcsselanh\u00e4nger unterscheiden. Das Geh\u00e4use des Laufwerks besteht aus recycelten Weizenstrohfasern, die mit biologisch abbaubarer Technologie gemischt wurden, und ist mit zwei Anschl\u00fcssen f\u00fcr den t\u00e4glichen Gebrauch ausgestattet. So wird \"Umweltfreundlichkeit\" von einem Slogan aus dem Regal zu einem praktischen Accessoire, das Sie an Ihrem Schl\u00fcsselbund befestigen und jederzeit nutzen k\u00f6nnen.<\/p>\n\n\n\n<div class=\"wp-block-columns is-layout-flex wp-container-core-columns-is-layout-1 wp-block-columns-is-layout-flex\">\n<div class=\"wp-block-column is-layout-flow wp-block-column-is-layout-flow\">\n<figure class=\"wp-block-image size-full\"><img fetchpriority=\"high\" decoding=\"async\" width=\"800\" height=\"800\" src=\"https:\/\/www.yousanusb.com\/wp-content\/uploads\/2025\/10\/eco-friendly-key-usb-flash-drive.webp\" alt=\"\" class=\"wp-image-20499\" srcset=\"https:\/\/www.yousanusb.com\/wp-content\/uploads\/2025\/10\/eco-friendly-key-usb-flash-drive.webp 800w, https:\/\/www.yousanusb.com\/wp-content\/uploads\/2025\/10\/eco-friendly-key-usb-flash-drive-300x300.webp 300w, https:\/\/www.yousanusb.com\/wp-content\/uploads\/2025\/10\/eco-friendly-key-usb-flash-drive-150x150.webp 150w, https:\/\/www.yousanusb.com\/wp-content\/uploads\/2025\/10\/eco-friendly-key-usb-flash-drive-768x768.webp 768w, https:\/\/www.yousanusb.com\/wp-content\/uploads\/2025\/10\/eco-friendly-key-usb-flash-drive-12x12.webp 12w, https:\/\/www.yousanusb.com\/wp-content\/uploads\/2025\/10\/eco-friendly-key-usb-flash-drive-600x600.webp 600w, https:\/\/www.yousanusb.com\/wp-content\/uploads\/2025\/10\/eco-friendly-key-usb-flash-drive-100x100.webp 100w\" sizes=\"(max-width: 800px) 100vw, 800px\" \/><\/figure>\n<\/div>\n\n\n\n<div class=\"wp-block-column is-vertically-aligned-center is-layout-flow wp-block-column-is-layout-flow\">\n<p>Das gesamte Geh\u00e4use besteht aus 80% Weizenstrohfasern und 20% biologisch abbaubarem Harz. Es f\u00fchlt sich weder glitschig wie Plastik noch kalt und hart wie Metall an, sondern tr\u00e4gt die einzigartige, zarte, matte Textur der Getreidefasern. Wenn Sie mit den Fingerspitzen dar\u00fcber streichen, k\u00f6nnen Sie die feinen Strohfaser-Muster erkennen. <\/p>\n\n\n\n<p><\/p>\n<\/div>\n<\/div>\n\n\n\n<p>Wenn Sie ihn an Ihre Nase halten, k\u00f6nnen Sie einen leichten, subtilen Duft von Weizenstroh wahrnehmen - wie die W\u00e4rme eines Herbstfeldes in Ihrer Hand. Der schl\u00fcsself\u00f6rmige K\u00f6rper ist schlank und leicht, nur 3 mm dick, und passt problemlos in eine Tasche oder ein Kartenetui, ohne aufzutragen, so dass er m\u00fchelos t\u00e4glich getragen werden kann.<\/p>\n\n\n\n<div class=\"wp-block-columns is-layout-flex wp-container-core-columns-is-layout-2 wp-block-columns-is-layout-flex\">\n<div class=\"wp-block-column is-layout-flow wp-block-column-is-layout-flow\">\n<figure class=\"wp-block-image size-full\"><img decoding=\"async\" width=\"800\" height=\"800\" src=\"https:\/\/www.yousanusb.com\/wp-content\/uploads\/2025\/10\/O1CN01XkNCyf27yDoN1jhQl_2212807527865-0-cib.jpg_.webp\" alt=\"\" class=\"wp-image-20500\" srcset=\"https:\/\/www.yousanusb.com\/wp-content\/uploads\/2025\/10\/O1CN01XkNCyf27yDoN1jhQl_2212807527865-0-cib.jpg_.webp 800w, https:\/\/www.yousanusb.com\/wp-content\/uploads\/2025\/10\/O1CN01XkNCyf27yDoN1jhQl_2212807527865-0-cib.jpg_-300x300.webp 300w, https:\/\/www.yousanusb.com\/wp-content\/uploads\/2025\/10\/O1CN01XkNCyf27yDoN1jhQl_2212807527865-0-cib.jpg_-150x150.webp 150w, https:\/\/www.yousanusb.com\/wp-content\/uploads\/2025\/10\/O1CN01XkNCyf27yDoN1jhQl_2212807527865-0-cib.jpg_-768x768.webp 768w, https:\/\/www.yousanusb.com\/wp-content\/uploads\/2025\/10\/O1CN01XkNCyf27yDoN1jhQl_2212807527865-0-cib.jpg_-12x12.webp 12w, https:\/\/www.yousanusb.com\/wp-content\/uploads\/2025\/10\/O1CN01XkNCyf27yDoN1jhQl_2212807527865-0-cib.jpg_-600x600.webp 600w, https:\/\/www.yousanusb.com\/wp-content\/uploads\/2025\/10\/O1CN01XkNCyf27yDoN1jhQl_2212807527865-0-cib.jpg_-100x100.webp 100w\" sizes=\"(max-width: 800px) 100vw, 800px\" \/><\/figure>\n<\/div>\n\n\n\n<div class=\"wp-block-column is-layout-flow wp-block-column-is-layout-flow\">\n<figure class=\"wp-block-image size-full\"><img decoding=\"async\" width=\"1000\" height=\"1000\" src=\"https:\/\/www.yousanusb.com\/wp-content\/uploads\/2025\/10\/eco-friendly-key-shaped-usb-flash-drive.webp\" alt=\"\" class=\"wp-image-20498\" srcset=\"https:\/\/www.yousanusb.com\/wp-content\/uploads\/2025\/10\/eco-friendly-key-shaped-usb-flash-drive.webp 1000w, https:\/\/www.yousanusb.com\/wp-content\/uploads\/2025\/10\/eco-friendly-key-shaped-usb-flash-drive-300x300.webp 300w, https:\/\/www.yousanusb.com\/wp-content\/uploads\/2025\/10\/eco-friendly-key-shaped-usb-flash-drive-150x150.webp 150w, https:\/\/www.yousanusb.com\/wp-content\/uploads\/2025\/10\/eco-friendly-key-shaped-usb-flash-drive-768x768.webp 768w, https:\/\/www.yousanusb.com\/wp-content\/uploads\/2025\/10\/eco-friendly-key-shaped-usb-flash-drive-12x12.webp 12w, https:\/\/www.yousanusb.com\/wp-content\/uploads\/2025\/10\/eco-friendly-key-shaped-usb-flash-drive-600x600.webp 600w, https:\/\/www.yousanusb.com\/wp-content\/uploads\/2025\/10\/eco-friendly-key-shaped-usb-flash-drive-100x100.webp 100w\" sizes=\"(max-width: 1000px) 100vw, 1000px\" \/><\/figure>\n<\/div>\n<\/div>\n\n\n\n<p>An einem Ende befindet sich ein rundes Loch, das perfekt in Standard-Metallschl\u00fcsselringe passt, sodass Sie es an Ihren Haus- oder Autoschl\u00fcsseln befestigen k\u00f6nnen. Sie m\u00fcssen nicht mehr daran denken, den USB-Stick separat mitzunehmen - er ist sofort zur Hand, wenn Sie nach Ihrem Schl\u00fcssel greifen. Das flache Loch am anderen Ende passt in d\u00fcnne Lanyards oder Silikonschlaufen, mit denen Sie ihn an der Seite Ihrer Tasche oder an Ihrem Federm\u00e4ppchen befestigen k\u00f6nnen. Sie m\u00fcssen nicht mehr in Ihrer Tasche nach Ihrem USB-Stick suchen.<\/p>\n\n\n\n<div class=\"wp-block-columns is-layout-flex wp-container-core-columns-is-layout-3 wp-block-columns-is-layout-flex\">\n<div class=\"wp-block-column is-layout-flow wp-block-column-is-layout-flow\">\n<figure class=\"wp-block-image size-full\"><img loading=\"lazy\" decoding=\"async\" width=\"800\" height=\"800\" src=\"https:\/\/www.yousanusb.com\/wp-content\/uploads\/2025\/10\/Round-Key-Shaped-USB-Drive-pendrive.webp\" alt=\"\" class=\"wp-image-20501\" srcset=\"https:\/\/www.yousanusb.com\/wp-content\/uploads\/2025\/10\/Round-Key-Shaped-USB-Drive-pendrive.webp 800w, https:\/\/www.yousanusb.com\/wp-content\/uploads\/2025\/10\/Round-Key-Shaped-USB-Drive-pendrive-300x300.webp 300w, https:\/\/www.yousanusb.com\/wp-content\/uploads\/2025\/10\/Round-Key-Shaped-USB-Drive-pendrive-150x150.webp 150w, https:\/\/www.yousanusb.com\/wp-content\/uploads\/2025\/10\/Round-Key-Shaped-USB-Drive-pendrive-768x768.webp 768w, https:\/\/www.yousanusb.com\/wp-content\/uploads\/2025\/10\/Round-Key-Shaped-USB-Drive-pendrive-12x12.webp 12w, https:\/\/www.yousanusb.com\/wp-content\/uploads\/2025\/10\/Round-Key-Shaped-USB-Drive-pendrive-600x600.webp 600w, https:\/\/www.yousanusb.com\/wp-content\/uploads\/2025\/10\/Round-Key-Shaped-USB-Drive-pendrive-100x100.webp 100w\" sizes=\"(max-width: 800px) 100vw, 800px\" \/><\/figure>\n<\/div>\n\n\n\n<div class=\"wp-block-column is-layout-flow wp-block-column-is-layout-flow\">\n<figure class=\"wp-block-image size-full\"><img loading=\"lazy\" decoding=\"async\" width=\"800\" height=\"800\" src=\"https:\/\/www.yousanusb.com\/wp-content\/uploads\/2025\/10\/Biodegradable-Key-Shaped-USB-Drive.webp\" alt=\"\" class=\"wp-image-20497\" srcset=\"https:\/\/www.yousanusb.com\/wp-content\/uploads\/2025\/10\/Biodegradable-Key-Shaped-USB-Drive.webp 800w, https:\/\/www.yousanusb.com\/wp-content\/uploads\/2025\/10\/Biodegradable-Key-Shaped-USB-Drive-300x300.webp 300w, https:\/\/www.yousanusb.com\/wp-content\/uploads\/2025\/10\/Biodegradable-Key-Shaped-USB-Drive-150x150.webp 150w, https:\/\/www.yousanusb.com\/wp-content\/uploads\/2025\/10\/Biodegradable-Key-Shaped-USB-Drive-768x768.webp 768w, https:\/\/www.yousanusb.com\/wp-content\/uploads\/2025\/10\/Biodegradable-Key-Shaped-USB-Drive-12x12.webp 12w, https:\/\/www.yousanusb.com\/wp-content\/uploads\/2025\/10\/Biodegradable-Key-Shaped-USB-Drive-600x600.webp 600w, https:\/\/www.yousanusb.com\/wp-content\/uploads\/2025\/10\/Biodegradable-Key-Shaped-USB-Drive-100x100.webp 100w\" sizes=\"(max-width: 800px) 100vw, 800px\" \/><\/figure>\n<\/div>\n<\/div>\n\n\n\n<p><\/p>","protected":false},"excerpt":{"rendered":"<ul>\n<li>umweltfreundliches Material<\/li>\n<li>usb-stick in schl\u00fcsselform<\/li>\n<li>runder Schl\u00fcsselanh\u00e4nger<\/li>\n<li>benutzerdefiniertes Logo<\/li>\n<li>\u00a0biologisch abbaubare H\u00fclle<\/li>\n<\/ul>","protected":false},"featured_media":20501,"comment_status":"open","ping_status":"closed","template":"","meta":{"_seopress_robots_primary_cat":"","_seopress_titles_title":"eco-friendly key shaped usb flash drive manufacturer","_seopress_titles_desc":"","_seopress_robots_index":""},"class_list":["post-20494","product","type-product","status-publish","has-post-thumbnail","hentry","product_cat-biodegradable-usb-flash-disk","product_cat-retractable-usb-flash-drive","product_tag-biodegradable-key-usb-drive"],"_links":{"self":[{"href":"https:\/\/www.yousanusb.com\/de\/wp-json\/wp\/v2\/product\/20494"}],"collection":[{"href":"https:\/\/www.yousanusb.com\/de\/wp-json\/wp\/v2\/product"}],"about":[{"href":"https:\/\/www.yousanusb.com\/de\/wp-json\/wp\/v2\/types\/product"}],"replies":[{"embeddable":true,"href":"https:\/\/www.yousanusb.com\/de\/wp-json\/wp\/v2\/comments?post=20494"}],"wp:featuredmedia":[{"embeddable":true,"href":"https:\/\/www.yousanusb.com\/de\/wp-json\/wp\/v2\/media\/20501"}],"wp:attachment":[{"href":"https:\/\/www.yousanusb.com\/de\/wp-json\/wp\/v2\/media?parent=20494"}],"curies":[{"name":"wp","href":"https:\/\/api.w.org\/{rel}","templated":true}]}}