{"id":20652,"date":"2025-10-13T10:42:28","date_gmt":"2025-10-13T10:42:28","guid":{"rendered":"https:\/\/www.yousanusb.com\/?post_type=product&#038;p=20652"},"modified":"2025-10-14T05:47:56","modified_gmt":"2025-10-14T05:47:56","slug":"rectangular-head-brushed-metal-key-usb-drive","status":"publish","type":"product","link":"https:\/\/www.yousanusb.com\/de\/product\/rectangular-head-brushed-metal-key-usb-drive\/","title":{"rendered":"USB-Stick mit rechteckigem Kopf aus geb\u00fcrstetem Metall"},"content":{"rendered":"<p>Sind Sie immer noch frustriert von gew\u00f6hnlichen USB-Laufwerken, die leicht zu verlieren sind und denen es an Stil fehlt? Dieses USB-Laufwerk mit quadratischem Kopf und Metallschl\u00fcssel bietet Ihnen ein einzigartiges Speichererlebnis.<\/p>\n\n\n\n<div class=\"wp-block-columns is-layout-flex wp-container-core-columns-is-layout-1 wp-block-columns-is-layout-flex\">\n<div class=\"wp-block-column is-layout-flow wp-block-column-is-layout-flow\">\n<figure class=\"wp-block-image size-full\"><img fetchpriority=\"high\" decoding=\"async\" width=\"800\" height=\"800\" src=\"https:\/\/www.yousanusb.com\/wp-content\/uploads\/2025\/10\/blue-Rectangular-Head-Metal-Brushed-USB-Drive.jpg\" alt=\"blau-rechteckiger Kopf Metall geb\u00fcrstetes USB-Laufwerk\" class=\"wp-image-20655\" srcset=\"https:\/\/www.yousanusb.com\/wp-content\/uploads\/2025\/10\/blue-Rectangular-Head-Metal-Brushed-USB-Drive.jpg 800w, https:\/\/www.yousanusb.com\/wp-content\/uploads\/2025\/10\/blue-Rectangular-Head-Metal-Brushed-USB-Drive-300x300.jpg 300w, https:\/\/www.yousanusb.com\/wp-content\/uploads\/2025\/10\/blue-Rectangular-Head-Metal-Brushed-USB-Drive-150x150.jpg 150w, https:\/\/www.yousanusb.com\/wp-content\/uploads\/2025\/10\/blue-Rectangular-Head-Metal-Brushed-USB-Drive-768x768.jpg 768w, https:\/\/www.yousanusb.com\/wp-content\/uploads\/2025\/10\/blue-Rectangular-Head-Metal-Brushed-USB-Drive-12x12.jpg 12w, https:\/\/www.yousanusb.com\/wp-content\/uploads\/2025\/10\/blue-Rectangular-Head-Metal-Brushed-USB-Drive-600x600.jpg 600w, https:\/\/www.yousanusb.com\/wp-content\/uploads\/2025\/10\/blue-Rectangular-Head-Metal-Brushed-USB-Drive-100x100.jpg 100w\" sizes=\"(max-width: 800px) 100vw, 800px\" \/><\/figure>\n<\/div>\n\n\n\n<div class=\"wp-block-column is-layout-flow wp-block-column-is-layout-flow\">\n<figure class=\"wp-block-image size-full\"><img decoding=\"async\" width=\"800\" height=\"800\" src=\"https:\/\/www.yousanusb.com\/wp-content\/uploads\/2025\/10\/Rectangular-Head-Metal-Brushed-USB-Drive-back.jpg\" alt=\"USB-Laufwerk mit rechteckigem Kopf und geb\u00fcrsteter Metallr\u00fcckseite\" class=\"wp-image-20656\" srcset=\"https:\/\/www.yousanusb.com\/wp-content\/uploads\/2025\/10\/Rectangular-Head-Metal-Brushed-USB-Drive-back.jpg 800w, https:\/\/www.yousanusb.com\/wp-content\/uploads\/2025\/10\/Rectangular-Head-Metal-Brushed-USB-Drive-back-300x300.jpg 300w, https:\/\/www.yousanusb.com\/wp-content\/uploads\/2025\/10\/Rectangular-Head-Metal-Brushed-USB-Drive-back-150x150.jpg 150w, https:\/\/www.yousanusb.com\/wp-content\/uploads\/2025\/10\/Rectangular-Head-Metal-Brushed-USB-Drive-back-768x768.jpg 768w, https:\/\/www.yousanusb.com\/wp-content\/uploads\/2025\/10\/Rectangular-Head-Metal-Brushed-USB-Drive-back-12x12.jpg 12w, https:\/\/www.yousanusb.com\/wp-content\/uploads\/2025\/10\/Rectangular-Head-Metal-Brushed-USB-Drive-back-600x600.jpg 600w, https:\/\/www.yousanusb.com\/wp-content\/uploads\/2025\/10\/Rectangular-Head-Metal-Brushed-USB-Drive-back-100x100.jpg 100w\" sizes=\"(max-width: 800px) 100vw, 800px\" \/><\/figure>\n<\/div>\n<\/div>\n\n\n\n<p>Er ist aus Metall gefertigt und liegt gut in der Hand. Er ist nicht nur robust und kratzfest, sondern h\u00e4lt auch den t\u00e4glichen St\u00f6\u00dfen und Kratzern stand und verl\u00e4ngert so seine Lebensdauer. Sein innovatives schl\u00fcsself\u00f6rmiges Design ist einzigartig. Erh\u00e4ltlich in leuchtendem Rot und Blau, verleiht er Ihrem digitalen Zubeh\u00f6r einen Hauch von Stil.<\/p>\n\n\n\n<div class=\"wp-block-columns is-layout-flex wp-container-core-columns-is-layout-2 wp-block-columns-is-layout-flex\">\n<div class=\"wp-block-column is-layout-flow wp-block-column-is-layout-flow\">\n<figure class=\"wp-block-image size-full\"><img decoding=\"async\" width=\"800\" height=\"800\" src=\"https:\/\/www.yousanusb.com\/wp-content\/uploads\/2025\/10\/Rectangular-Head-Metal-Brushed-USB-Drive.jpg\" alt=\"USB-Laufwerk mit rechteckigem Kopf aus geb\u00fcrstetem Metall\" class=\"wp-image-20657\" srcset=\"https:\/\/www.yousanusb.com\/wp-content\/uploads\/2025\/10\/Rectangular-Head-Metal-Brushed-USB-Drive.jpg 800w, https:\/\/www.yousanusb.com\/wp-content\/uploads\/2025\/10\/Rectangular-Head-Metal-Brushed-USB-Drive-300x300.jpg 300w, https:\/\/www.yousanusb.com\/wp-content\/uploads\/2025\/10\/Rectangular-Head-Metal-Brushed-USB-Drive-150x150.jpg 150w, https:\/\/www.yousanusb.com\/wp-content\/uploads\/2025\/10\/Rectangular-Head-Metal-Brushed-USB-Drive-768x768.jpg 768w, https:\/\/www.yousanusb.com\/wp-content\/uploads\/2025\/10\/Rectangular-Head-Metal-Brushed-USB-Drive-12x12.jpg 12w, https:\/\/www.yousanusb.com\/wp-content\/uploads\/2025\/10\/Rectangular-Head-Metal-Brushed-USB-Drive-600x600.jpg 600w, https:\/\/www.yousanusb.com\/wp-content\/uploads\/2025\/10\/Rectangular-Head-Metal-Brushed-USB-Drive-100x100.jpg 100w\" sizes=\"(max-width: 800px) 100vw, 800px\" \/><\/figure>\n<\/div>\n\n\n\n<div class=\"wp-block-column is-layout-flow wp-block-column-is-layout-flow\">\n<figure class=\"wp-block-image size-full\"><img loading=\"lazy\" decoding=\"async\" width=\"800\" height=\"800\" src=\"https:\/\/www.yousanusb.com\/wp-content\/uploads\/2025\/10\/yellow-Rectangular-Head-Metal-Brushed-USB-Drive.jpg\" alt=\"gelb Rechteckiger USB-Stick mit geb\u00fcrstetem Metallkopf\" class=\"wp-image-20660\" srcset=\"https:\/\/www.yousanusb.com\/wp-content\/uploads\/2025\/10\/yellow-Rectangular-Head-Metal-Brushed-USB-Drive.jpg 800w, https:\/\/www.yousanusb.com\/wp-content\/uploads\/2025\/10\/yellow-Rectangular-Head-Metal-Brushed-USB-Drive-300x300.jpg 300w, https:\/\/www.yousanusb.com\/wp-content\/uploads\/2025\/10\/yellow-Rectangular-Head-Metal-Brushed-USB-Drive-150x150.jpg 150w, https:\/\/www.yousanusb.com\/wp-content\/uploads\/2025\/10\/yellow-Rectangular-Head-Metal-Brushed-USB-Drive-768x768.jpg 768w, https:\/\/www.yousanusb.com\/wp-content\/uploads\/2025\/10\/yellow-Rectangular-Head-Metal-Brushed-USB-Drive-12x12.jpg 12w, https:\/\/www.yousanusb.com\/wp-content\/uploads\/2025\/10\/yellow-Rectangular-Head-Metal-Brushed-USB-Drive-600x600.jpg 600w, https:\/\/www.yousanusb.com\/wp-content\/uploads\/2025\/10\/yellow-Rectangular-Head-Metal-Brushed-USB-Drive-100x100.jpg 100w\" sizes=\"(max-width: 800px) 100vw, 800px\" \/><\/figure>\n<\/div>\n<\/div>\n\n\n\n<p>Mit dem durchdachten Loch am Ende des Schl\u00fcsselbundes k\u00f6nnen Sie ihn ganz einfach an Ihrem Schl\u00fcsselbund, Rucksack oder anderen Gegenst\u00e4nden befestigen, um ihn bequem zu transportieren. Machen Sie sich nie wieder Sorgen, dass Sie Ihr Flash-Laufwerk verlegen k\u00f6nnten.<\/p>","protected":false},"excerpt":{"rendered":"<ul>\n<li>Rechteckiger Kopf<\/li>\n<li>Geb\u00fcrsteter Deckel<\/li>\n<li>Werkstoff Metall<\/li>\n<li>USB-Stick in Schl\u00fcsselform<\/li>\n<li>Viele Farben zur Auswahl<\/li>\n<\/ul>","protected":false},"featured_media":20657,"comment_status":"open","ping_status":"closed","template":"","meta":{"_seopress_robots_primary_cat":"","_seopress_titles_title":"Rectangular-Head Brushed Metal Key USB Drive","_seopress_titles_desc":"Are you still frustrated by ordinary USB drives that are easy to lose and lack style? This square-headed metal key USB drive will definitely give you a unique storage experience.","_seopress_robots_index":""},"class_list":["post-20652","product","type-product","status-publish","has-post-thumbnail","hentry","product_cat-retractable-usb-flash-drive","product_tag-key-usb-flash-drive"],"_links":{"self":[{"href":"https:\/\/www.yousanusb.com\/de\/wp-json\/wp\/v2\/product\/20652"}],"collection":[{"href":"https:\/\/www.yousanusb.com\/de\/wp-json\/wp\/v2\/product"}],"about":[{"href":"https:\/\/www.yousanusb.com\/de\/wp-json\/wp\/v2\/types\/product"}],"replies":[{"embeddable":true,"href":"https:\/\/www.yousanusb.com\/de\/wp-json\/wp\/v2\/comments?post=20652"}],"wp:featuredmedia":[{"embeddable":true,"href":"https:\/\/www.yousanusb.com\/de\/wp-json\/wp\/v2\/media\/20657"}],"wp:attachment":[{"href":"https:\/\/www.yousanusb.com\/de\/wp-json\/wp\/v2\/media?parent=20652"}],"curies":[{"name":"wp","href":"https:\/\/api.w.org\/{rel}","templated":true}]}}