{"id":20752,"date":"2025-10-14T07:52:47","date_gmt":"2025-10-14T07:52:47","guid":{"rendered":"https:\/\/www.yousanusb.com\/?post_type=product&#038;p=20752"},"modified":"2025-10-14T07:55:01","modified_gmt":"2025-10-14T07:55:01","slug":"wooden-key-shaped-usb-flash-drive","status":"publish","type":"product","link":"https:\/\/www.yousanusb.com\/de\/product\/wooden-key-shaped-usb-flash-drive\/","title":{"rendered":"H\u00f6lzerner USB-Stick in Form eines Schl\u00fcssels"},"content":{"rendered":"<p>Wooden Key USB-Laufwerke sind keine gew\u00f6hnlichen Metall-Flash-Laufwerke. Diese USB-Sticks im Stil von Bambus- und Holzschl\u00fcsseln weisen eine nat\u00fcrliche Holzmaserung auf. Holz wiegt nur halb so viel wie Metall, sodass sie am Schl\u00fcsselbund befestigt nicht die Taschen beschweren und nicht laut klappern, wenn sie auf einen Tisch fallen.<\/p>\n\n\n\n<div class=\"wp-block-columns is-layout-flex wp-container-core-columns-is-layout-1 wp-block-columns-is-layout-flex\">\n<div class=\"wp-block-column is-layout-flow wp-block-column-is-layout-flow\"><div class=\"wp-block-image\">\n<figure class=\"aligncenter size-full\"><img fetchpriority=\"high\" decoding=\"async\" width=\"800\" height=\"800\" src=\"https:\/\/www.yousanusb.com\/wp-content\/uploads\/2025\/10\/wood-key-shaped-usb-flash-drive.jpg\" alt=\"\" class=\"wp-image-20761\" srcset=\"https:\/\/www.yousanusb.com\/wp-content\/uploads\/2025\/10\/wood-key-shaped-usb-flash-drive.jpg 800w, https:\/\/www.yousanusb.com\/wp-content\/uploads\/2025\/10\/wood-key-shaped-usb-flash-drive-300x300.jpg 300w, https:\/\/www.yousanusb.com\/wp-content\/uploads\/2025\/10\/wood-key-shaped-usb-flash-drive-150x150.jpg 150w, https:\/\/www.yousanusb.com\/wp-content\/uploads\/2025\/10\/wood-key-shaped-usb-flash-drive-768x768.jpg 768w, https:\/\/www.yousanusb.com\/wp-content\/uploads\/2025\/10\/wood-key-shaped-usb-flash-drive-12x12.jpg 12w, https:\/\/www.yousanusb.com\/wp-content\/uploads\/2025\/10\/wood-key-shaped-usb-flash-drive-600x600.jpg 600w, https:\/\/www.yousanusb.com\/wp-content\/uploads\/2025\/10\/wood-key-shaped-usb-flash-drive-100x100.jpg 100w\" sizes=\"(max-width: 800px) 100vw, 800px\" \/><figcaption class=\"wp-element-caption\">USB-Stick aus Ahornholz in Form eines Schl\u00fcssels<\/figcaption><\/figure><\/div><\/div>\n\n\n\n<div class=\"wp-block-column is-layout-flow wp-block-column-is-layout-flow\"><div class=\"wp-block-image\">\n<figure class=\"aligncenter size-full\"><img decoding=\"async\" width=\"800\" height=\"800\" src=\"https:\/\/www.yousanusb.com\/wp-content\/uploads\/2025\/10\/baboo-key-shaped-usb-flash-drive.jpg\" alt=\"\" class=\"wp-image-20758\" srcset=\"https:\/\/www.yousanusb.com\/wp-content\/uploads\/2025\/10\/baboo-key-shaped-usb-flash-drive.jpg 800w, https:\/\/www.yousanusb.com\/wp-content\/uploads\/2025\/10\/baboo-key-shaped-usb-flash-drive-300x300.jpg 300w, https:\/\/www.yousanusb.com\/wp-content\/uploads\/2025\/10\/baboo-key-shaped-usb-flash-drive-150x150.jpg 150w, https:\/\/www.yousanusb.com\/wp-content\/uploads\/2025\/10\/baboo-key-shaped-usb-flash-drive-768x768.jpg 768w, https:\/\/www.yousanusb.com\/wp-content\/uploads\/2025\/10\/baboo-key-shaped-usb-flash-drive-12x12.jpg 12w, https:\/\/www.yousanusb.com\/wp-content\/uploads\/2025\/10\/baboo-key-shaped-usb-flash-drive-600x600.jpg 600w, https:\/\/www.yousanusb.com\/wp-content\/uploads\/2025\/10\/baboo-key-shaped-usb-flash-drive-100x100.jpg 100w\" sizes=\"(max-width: 800px) 100vw, 800px\" \/><figcaption class=\"wp-element-caption\">Baboo Holz USB-Stick in Form eines Schl\u00fcssels<\/figcaption><\/figure><\/div><\/div>\n<\/div>\n\n\n\n<p>Bambus-Stil: Saubere, helle Maserung mit einer subtilen knotigen Textur unter den Fingern, die einen schwachen Kr\u00e4uterduft verstr\u00f6mt: Die tiefbraune Maserung strahlt Luxus aus! Seine Textur entwickelt mit der Zeit einen st\u00e4rkeren Glanz und passt perfekt zu Gesch\u00e4ftsanzug und Schl\u00fcsseletui.<\/p>\n\n\n\n<div class=\"wp-block-columns is-layout-flex wp-container-core-columns-is-layout-2 wp-block-columns-is-layout-flex\">\n<div class=\"wp-block-column is-layout-flow wp-block-column-is-layout-flow\">\n<figure class=\"wp-block-image size-full\"><img decoding=\"async\" width=\"800\" height=\"800\" src=\"https:\/\/www.yousanusb.com\/wp-content\/uploads\/2025\/10\/wooden-usb-drive-with-keychain.jpg\" alt=\"\" class=\"wp-image-20763\" srcset=\"https:\/\/www.yousanusb.com\/wp-content\/uploads\/2025\/10\/wooden-usb-drive-with-keychain.jpg 800w, https:\/\/www.yousanusb.com\/wp-content\/uploads\/2025\/10\/wooden-usb-drive-with-keychain-300x300.jpg 300w, https:\/\/www.yousanusb.com\/wp-content\/uploads\/2025\/10\/wooden-usb-drive-with-keychain-150x150.jpg 150w, https:\/\/www.yousanusb.com\/wp-content\/uploads\/2025\/10\/wooden-usb-drive-with-keychain-768x768.jpg 768w, https:\/\/www.yousanusb.com\/wp-content\/uploads\/2025\/10\/wooden-usb-drive-with-keychain-12x12.jpg 12w, https:\/\/www.yousanusb.com\/wp-content\/uploads\/2025\/10\/wooden-usb-drive-with-keychain-600x600.jpg 600w, https:\/\/www.yousanusb.com\/wp-content\/uploads\/2025\/10\/wooden-usb-drive-with-keychain-100x100.jpg 100w\" sizes=\"(max-width: 800px) 100vw, 800px\" \/><\/figure>\n<\/div>\n\n\n\n<div class=\"wp-block-column is-layout-flow wp-block-column-is-layout-flow\">\n<figure class=\"wp-block-image size-full\"><img loading=\"lazy\" decoding=\"async\" width=\"800\" height=\"800\" src=\"https:\/\/www.yousanusb.com\/wp-content\/uploads\/2025\/10\/wooden-usb-flash-drive-with-round-hole.jpg\" alt=\"\" class=\"wp-image-20764\" srcset=\"https:\/\/www.yousanusb.com\/wp-content\/uploads\/2025\/10\/wooden-usb-flash-drive-with-round-hole.jpg 800w, https:\/\/www.yousanusb.com\/wp-content\/uploads\/2025\/10\/wooden-usb-flash-drive-with-round-hole-300x300.jpg 300w, https:\/\/www.yousanusb.com\/wp-content\/uploads\/2025\/10\/wooden-usb-flash-drive-with-round-hole-150x150.jpg 150w, https:\/\/www.yousanusb.com\/wp-content\/uploads\/2025\/10\/wooden-usb-flash-drive-with-round-hole-768x768.jpg 768w, https:\/\/www.yousanusb.com\/wp-content\/uploads\/2025\/10\/wooden-usb-flash-drive-with-round-hole-12x12.jpg 12w, https:\/\/www.yousanusb.com\/wp-content\/uploads\/2025\/10\/wooden-usb-flash-drive-with-round-hole-600x600.jpg 600w, https:\/\/www.yousanusb.com\/wp-content\/uploads\/2025\/10\/wooden-usb-flash-drive-with-round-hole-100x100.jpg 100w\" sizes=\"(max-width: 800px) 100vw, 800px\" \/><\/figure>\n<\/div>\n<\/div>\n\n\n\n<p>Ahorn Edition: Die warme, gelbe Holzmaserung, glatt wie polierter Bernstein, passt hervorragend zu hellen Schl\u00fcsselanh\u00e4ngern.<\/p>\n\n\n\n<p>Das obere runde Loch passt genau auf jeden Schl\u00fcsselring, so dass keine Schl\u00fcsselb\u00e4nder mehr ben\u00f6tigt werden. Ob in der Hosentasche oder mit einem Clip an der Tasche befestigt, er ist ein elegantes Accessoire. Er speichert problemlos Kursunterlagen, PPTs und Reisefotos und bietet gleichzeitig eine gute \u00dcbertragungsgeschwindigkeit. Die gr\u00f6\u00dfte \u00dcberraschung? Das Geh\u00e4use aus Bambus\/Holz ist resistent gegen Fingerabdr\u00fccke! Im Gegensatz zu Metallgeh\u00e4usen, die sofort verschmieren, bleibt es auch nach zwei Wochen Gebrauch noch makellos.<\/p>\n\n\n\n<div class=\"wp-block-columns is-layout-flex wp-container-core-columns-is-layout-3 wp-block-columns-is-layout-flex\">\n<div class=\"wp-block-column is-layout-flow wp-block-column-is-layout-flow\">\n<figure class=\"wp-block-image size-full\"><img loading=\"lazy\" decoding=\"async\" width=\"800\" height=\"800\" src=\"https:\/\/www.yousanusb.com\/wp-content\/uploads\/2025\/10\/baboo-key-shaped-usb-flash-drive-bulk-price.jpg\" alt=\"\" class=\"wp-image-20756\" srcset=\"https:\/\/www.yousanusb.com\/wp-content\/uploads\/2025\/10\/baboo-key-shaped-usb-flash-drive-bulk-price.jpg 800w, https:\/\/www.yousanusb.com\/wp-content\/uploads\/2025\/10\/baboo-key-shaped-usb-flash-drive-bulk-price-300x300.jpg 300w, https:\/\/www.yousanusb.com\/wp-content\/uploads\/2025\/10\/baboo-key-shaped-usb-flash-drive-bulk-price-150x150.jpg 150w, https:\/\/www.yousanusb.com\/wp-content\/uploads\/2025\/10\/baboo-key-shaped-usb-flash-drive-bulk-price-768x768.jpg 768w, https:\/\/www.yousanusb.com\/wp-content\/uploads\/2025\/10\/baboo-key-shaped-usb-flash-drive-bulk-price-12x12.jpg 12w, https:\/\/www.yousanusb.com\/wp-content\/uploads\/2025\/10\/baboo-key-shaped-usb-flash-drive-bulk-price-600x600.jpg 600w, https:\/\/www.yousanusb.com\/wp-content\/uploads\/2025\/10\/baboo-key-shaped-usb-flash-drive-bulk-price-100x100.jpg 100w\" sizes=\"(max-width: 800px) 100vw, 800px\" \/><\/figure>\n<\/div>\n\n\n\n<div class=\"wp-block-column is-layout-flow wp-block-column-is-layout-flow\">\n<figure class=\"wp-block-image size-full\"><img loading=\"lazy\" decoding=\"async\" width=\"800\" height=\"800\" src=\"https:\/\/www.yousanusb.com\/wp-content\/uploads\/2025\/10\/baboo-key-shaped-usb-flash-drive-with-logo.jpg\" alt=\"\" class=\"wp-image-20757\" srcset=\"https:\/\/www.yousanusb.com\/wp-content\/uploads\/2025\/10\/baboo-key-shaped-usb-flash-drive-with-logo.jpg 800w, https:\/\/www.yousanusb.com\/wp-content\/uploads\/2025\/10\/baboo-key-shaped-usb-flash-drive-with-logo-300x300.jpg 300w, https:\/\/www.yousanusb.com\/wp-content\/uploads\/2025\/10\/baboo-key-shaped-usb-flash-drive-with-logo-150x150.jpg 150w, https:\/\/www.yousanusb.com\/wp-content\/uploads\/2025\/10\/baboo-key-shaped-usb-flash-drive-with-logo-768x768.jpg 768w, https:\/\/www.yousanusb.com\/wp-content\/uploads\/2025\/10\/baboo-key-shaped-usb-flash-drive-with-logo-12x12.jpg 12w, https:\/\/www.yousanusb.com\/wp-content\/uploads\/2025\/10\/baboo-key-shaped-usb-flash-drive-with-logo-600x600.jpg 600w, https:\/\/www.yousanusb.com\/wp-content\/uploads\/2025\/10\/baboo-key-shaped-usb-flash-drive-with-logo-100x100.jpg 100w\" sizes=\"(max-width: 800px) 100vw, 800px\" \/><\/figure>\n<\/div>\n<\/div>","protected":false},"excerpt":{"rendered":"<ul>\n<li>H\u00f6lzernes Material<\/li>\n<li>USB-Flash-Laufwerk in Form eines Schl\u00fcssels<\/li>\n<li>Der beliebteste Holzschl\u00fcsselstil<\/li>\n<li>Ihr eigenes Logo<\/li>\n<li>MOQ:100PCS<\/li>\n<\/ul>","protected":false},"featured_media":20755,"comment_status":"open","ping_status":"closed","template":"","meta":{"_seopress_robots_primary_cat":"","_seopress_titles_title":"Wooden Key Shaped USB Flash Drive","_seopress_titles_desc":"Wooden Key USB Drives aren't your run-of-the-mill metal flash drives. These bamboo and wood key-style USBs feature natural wood grain textures. Wood is half the weight of metal, so they won't weigh down your pockets when attached to your keychain, and they won't clatter loudly when dropped on a table.","_seopress_robots_index":""},"class_list":["post-20752","product","type-product","status-publish","has-post-thumbnail","hentry","product_cat-retractable-usb-flash-drive","product_cat-wooden-usb-flash-drive","product_tag-wood-key-usb-flash-drive"],"_links":{"self":[{"href":"https:\/\/www.yousanusb.com\/de\/wp-json\/wp\/v2\/product\/20752"}],"collection":[{"href":"https:\/\/www.yousanusb.com\/de\/wp-json\/wp\/v2\/product"}],"about":[{"href":"https:\/\/www.yousanusb.com\/de\/wp-json\/wp\/v2\/types\/product"}],"replies":[{"embeddable":true,"href":"https:\/\/www.yousanusb.com\/de\/wp-json\/wp\/v2\/comments?post=20752"}],"wp:featuredmedia":[{"embeddable":true,"href":"https:\/\/www.yousanusb.com\/de\/wp-json\/wp\/v2\/media\/20755"}],"wp:attachment":[{"href":"https:\/\/www.yousanusb.com\/de\/wp-json\/wp\/v2\/media?parent=20752"}],"curies":[{"name":"wp","href":"https:\/\/api.w.org\/{rel}","templated":true}]}}