{"id":20873,"date":"2025-10-15T23:40:45","date_gmt":"2025-10-15T23:40:45","guid":{"rendered":"https:\/\/www.yousanusb.com\/?post_type=product&#038;p=20873"},"modified":"2025-10-16T01:05:47","modified_gmt":"2025-10-16T01:05:47","slug":"petal-shaped-key-usb-flash-drive","status":"publish","type":"product","link":"https:\/\/www.yousanusb.com\/de\/product\/petal-shaped-key-usb-flash-drive\/","title":{"rendered":"USB-Flash-Laufwerk in Bl\u00fctenblattform"},"content":{"rendered":"<div class=\"wp-block-columns is-layout-flex wp-container-core-columns-is-layout-1 wp-block-columns-is-layout-flex\">\n<div class=\"wp-block-column is-vertically-aligned-center is-layout-flow wp-block-column-is-layout-flow\">\n<figure class=\"wp-block-image size-full\"><img fetchpriority=\"high\" decoding=\"async\" width=\"800\" height=\"800\" src=\"https:\/\/www.yousanusb.com\/wp-content\/uploads\/2025\/10\/key-usb-flash-drive.jpg\" alt=\"\" class=\"wp-image-20877\" srcset=\"https:\/\/www.yousanusb.com\/wp-content\/uploads\/2025\/10\/key-usb-flash-drive.jpg 800w, https:\/\/www.yousanusb.com\/wp-content\/uploads\/2025\/10\/key-usb-flash-drive-300x300.jpg 300w, https:\/\/www.yousanusb.com\/wp-content\/uploads\/2025\/10\/key-usb-flash-drive-150x150.jpg 150w, https:\/\/www.yousanusb.com\/wp-content\/uploads\/2025\/10\/key-usb-flash-drive-768x768.jpg 768w, https:\/\/www.yousanusb.com\/wp-content\/uploads\/2025\/10\/key-usb-flash-drive-12x12.jpg 12w, https:\/\/www.yousanusb.com\/wp-content\/uploads\/2025\/10\/key-usb-flash-drive-600x600.jpg 600w, https:\/\/www.yousanusb.com\/wp-content\/uploads\/2025\/10\/key-usb-flash-drive-100x100.jpg 100w\" sizes=\"(max-width: 800px) 100vw, 800px\" \/><\/figure>\n<\/div>\n\n\n\n<div class=\"wp-block-column is-vertically-aligned-center is-layout-flow wp-block-column-is-layout-flow\">\n<p>Das bl\u00fctenblattf\u00f6rmige USB-Laufwerk bricht mit der starren Form herk\u00f6mmlicher USB-Laufwerke und verbindet auf geniale Weise die zarte Sch\u00f6nheit von Bl\u00fctenbl\u00e4ttern mit dem praktischen Design eines Schl\u00fcssels. Die komplett aus Metall gefertigte, silbern gl\u00e4nzende Oberfl\u00e4che strahlt Raffinesse aus und h\u00e4lt der t\u00e4glichen Beanspruchung stand, um das hochwertige Gef\u00fchl \u00fcber die Zeit zu erhalten.<\/p>\n\n\n\n<p>Das eine Ende des USB-Laufwerks verf\u00fcgt \u00fcber einen Standard-USB-Anschluss, der mit verschiedenen Ger\u00e4ten kompatibel ist und eine reibungslose Daten\u00fcbertragung gew\u00e4hrleistet. Das andere Ende verf\u00fcgt \u00fcber ein ringf\u00f6rmiges Design, das an Bl\u00fctenbl\u00e4tter erinnert, mit schlanken und rhythmischen Linien, die es erm\u00f6glichen, es einfach an Schl\u00fcsselanh\u00e4ngern oder Taschen zu befestigen und es so zu einem stilvollen Accessoire f\u00fcr unterwegs zu machen.<\/p>\n\n\n\n<p>Als Datentr\u00e4ger speichert er zuverl\u00e4ssig Dokumente, hochaufl\u00f6sende Fotos, Videos und andere Dateien. Im Berufsleben ist er ein zuverl\u00e4ssiger Begleiter f\u00fcr die \u00dcbertragung von Projektvorschl\u00e4gen und die Sicherung wichtiger Materialien. Im Alltag bewahrt er wertvolle Erinnerungen wie Reisevlogs und Familienfotos sicher auf und sorgt f\u00fcr eine sichere und effiziente Datenspeicherung.<\/p>\n<\/div>\n<\/div>\n\n\n\n<p>Dieses USB-Laufwerk bietet flexible und vielf\u00e4ltige Techniken zur Logoanpassung, um die visuellen Anforderungen verschiedener Marken zu erf\u00fcllen:<br>Lasergravur: Ideal f\u00fcr komplizierte Schriftarten oder minimalistische Grafiken;<br>Siebdruck: Geeignet f\u00fcr Markenlogos mit mehrfarbigen Designs;<br>Galvanik mit Farbf\u00fcllung: Zun\u00e4chst wird das Logo in Vertiefungen auf der Metalloberfl\u00e4che eingraviert, dann werden diese Bereiche mit farbigen galvanischen Schichten gef\u00fcllt. Dieses Verfahren kombiniert den k\u00fchlen, metallischen Glanz mit dem warmen Ausdruck von Farbe und f\u00fchrt zu einem sehr anspruchsvollen Erscheinungsbild.<br><\/p>\n\n\n\n<div class=\"wp-block-columns is-layout-flex wp-container-core-columns-is-layout-2 wp-block-columns-is-layout-flex\">\n<div class=\"wp-block-column is-layout-flow wp-block-column-is-layout-flow\">\n<figure class=\"wp-block-image size-full\"><img decoding=\"async\" width=\"800\" height=\"800\" src=\"https:\/\/www.yousanusb.com\/wp-content\/uploads\/2025\/10\/metal-key-usb-drive-2.jpg\" alt=\"\" class=\"wp-image-20878\" srcset=\"https:\/\/www.yousanusb.com\/wp-content\/uploads\/2025\/10\/metal-key-usb-drive-2.jpg 800w, https:\/\/www.yousanusb.com\/wp-content\/uploads\/2025\/10\/metal-key-usb-drive-2-300x300.jpg 300w, https:\/\/www.yousanusb.com\/wp-content\/uploads\/2025\/10\/metal-key-usb-drive-2-150x150.jpg 150w, https:\/\/www.yousanusb.com\/wp-content\/uploads\/2025\/10\/metal-key-usb-drive-2-768x768.jpg 768w, https:\/\/www.yousanusb.com\/wp-content\/uploads\/2025\/10\/metal-key-usb-drive-2-12x12.jpg 12w, https:\/\/www.yousanusb.com\/wp-content\/uploads\/2025\/10\/metal-key-usb-drive-2-600x600.jpg 600w, https:\/\/www.yousanusb.com\/wp-content\/uploads\/2025\/10\/metal-key-usb-drive-2-100x100.jpg 100w\" sizes=\"(max-width: 800px) 100vw, 800px\" \/><\/figure>\n<\/div>\n\n\n\n<div class=\"wp-block-column is-layout-flow wp-block-column-is-layout-flow\">\n<figure class=\"wp-block-image size-full\"><img decoding=\"async\" width=\"800\" height=\"800\" src=\"https:\/\/www.yousanusb.com\/wp-content\/uploads\/2025\/10\/key-usb-drive.jpg\" alt=\"\" class=\"wp-image-20876\" srcset=\"https:\/\/www.yousanusb.com\/wp-content\/uploads\/2025\/10\/key-usb-drive.jpg 800w, https:\/\/www.yousanusb.com\/wp-content\/uploads\/2025\/10\/key-usb-drive-300x300.jpg 300w, https:\/\/www.yousanusb.com\/wp-content\/uploads\/2025\/10\/key-usb-drive-150x150.jpg 150w, https:\/\/www.yousanusb.com\/wp-content\/uploads\/2025\/10\/key-usb-drive-768x768.jpg 768w, https:\/\/www.yousanusb.com\/wp-content\/uploads\/2025\/10\/key-usb-drive-12x12.jpg 12w, https:\/\/www.yousanusb.com\/wp-content\/uploads\/2025\/10\/key-usb-drive-600x600.jpg 600w, https:\/\/www.yousanusb.com\/wp-content\/uploads\/2025\/10\/key-usb-drive-100x100.jpg 100w\" sizes=\"(max-width: 800px) 100vw, 800px\" \/><\/figure>\n<\/div>\n<\/div>","protected":false},"excerpt":{"rendered":"<ul>\n<li>Werkstoff Metall<\/li>\n<li>Blumenschl\u00fcssel<\/li>\n<li>Schutz der Schnittstelle<\/li>\n<li>Ultra-lange Standby-Zeit<\/li>\n<li>MOQ\uff1a100St\u00fcck<\/li>\n<\/ul>","protected":false},"featured_media":20878,"comment_status":"open","ping_status":"closed","template":"","meta":{"_seopress_robots_primary_cat":"","_seopress_titles_title":"","_seopress_titles_desc":"","_seopress_robots_index":""},"class_list":["post-20873","product","type-product","status-publish","has-post-thumbnail","hentry","product_cat-retractable-usb-flash-drive","product_tag-key-usb-flash-drive"],"_links":{"self":[{"href":"https:\/\/www.yousanusb.com\/de\/wp-json\/wp\/v2\/product\/20873"}],"collection":[{"href":"https:\/\/www.yousanusb.com\/de\/wp-json\/wp\/v2\/product"}],"about":[{"href":"https:\/\/www.yousanusb.com\/de\/wp-json\/wp\/v2\/types\/product"}],"replies":[{"embeddable":true,"href":"https:\/\/www.yousanusb.com\/de\/wp-json\/wp\/v2\/comments?post=20873"}],"wp:featuredmedia":[{"embeddable":true,"href":"https:\/\/www.yousanusb.com\/de\/wp-json\/wp\/v2\/media\/20878"}],"wp:attachment":[{"href":"https:\/\/www.yousanusb.com\/de\/wp-json\/wp\/v2\/media?parent=20873"}],"curies":[{"name":"wp","href":"https:\/\/api.w.org\/{rel}","templated":true}]}}