{"id":20916,"date":"2025-10-16T00:34:03","date_gmt":"2025-10-16T00:34:03","guid":{"rendered":"https:\/\/www.yousanusb.com\/?post_type=product&#038;p=20916"},"modified":"2025-10-16T01:05:29","modified_gmt":"2025-10-16T01:05:29","slug":"square-headed-key-usb-flash-drive-with-circular-hole","status":"publish","type":"product","link":"https:\/\/www.yousanusb.com\/de\/product\/square-headed-key-usb-flash-drive-with-circular-hole\/","title":{"rendered":"USB-Flash-Laufwerk mit quadratischem Kopf und kreisf\u00f6rmigem Loch"},"content":{"rendered":"<div class=\"wp-block-columns is-layout-flex wp-container-core-columns-is-layout-1 wp-block-columns-is-layout-flex\">\n<div class=\"wp-block-column is-vertically-aligned-center is-layout-flow wp-block-column-is-layout-flow\">\n<p>Dieses schl\u00fcsself\u00f6rmige USB-Laufwerk mit quadratischem Kopf und rundem Loch verf\u00fcgt \u00fcber eine integrierte Metallkonstruktion. Er ist aus hochfestem Edelstahl gefertigt, pr\u00e4zise CNC-bearbeitet und mit einer geb\u00fcrsteten (oder galvanischen) Oberfl\u00e4che versehen. Dies bietet nicht nur kratzfeste und korrosionsbest\u00e4ndige Eigenschaften, sondern unterstreicht auch die minimalistische \u00c4sthetik des Industriedesigns durch sein mattes (oder spiegelndes) metallisches Aussehen.<\/p>\n\n\n\n<p>Der quadratische Kopf ist ergonomisch geformt und bietet einen stabilen Halt beim Einstecken und Herausziehen. Das runde Loch f\u00fcr den Schl\u00fcsselring ist mit den Standard-Schl\u00fcsselanh\u00e4ngern kompatibel, so dass er zusammen mit Ihren Schl\u00fcsseln getragen werden kann. Dies verhindert den Verlust und erf\u00fcllt gleichzeitig die Anforderungen an einen tragbaren \"Grab-and-go\"-Schl\u00fcssel.<\/p>\n<\/div>\n\n\n\n<div class=\"wp-block-column is-vertically-aligned-center is-layout-flow wp-block-column-is-layout-flow\">\n<figure class=\"wp-block-image size-full\"><img fetchpriority=\"high\" decoding=\"async\" width=\"800\" height=\"800\" src=\"https:\/\/www.yousanusb.com\/wp-content\/uploads\/2025\/10\/Square-headed-Key-USB-Flash-Drive-with-Circular-Hole.jpg\" alt=\"\" class=\"wp-image-20921\" srcset=\"https:\/\/www.yousanusb.com\/wp-content\/uploads\/2025\/10\/Square-headed-Key-USB-Flash-Drive-with-Circular-Hole.jpg 800w, https:\/\/www.yousanusb.com\/wp-content\/uploads\/2025\/10\/Square-headed-Key-USB-Flash-Drive-with-Circular-Hole-300x300.jpg 300w, https:\/\/www.yousanusb.com\/wp-content\/uploads\/2025\/10\/Square-headed-Key-USB-Flash-Drive-with-Circular-Hole-150x150.jpg 150w, https:\/\/www.yousanusb.com\/wp-content\/uploads\/2025\/10\/Square-headed-Key-USB-Flash-Drive-with-Circular-Hole-768x768.jpg 768w, https:\/\/www.yousanusb.com\/wp-content\/uploads\/2025\/10\/Square-headed-Key-USB-Flash-Drive-with-Circular-Hole-12x12.jpg 12w, https:\/\/www.yousanusb.com\/wp-content\/uploads\/2025\/10\/Square-headed-Key-USB-Flash-Drive-with-Circular-Hole-600x600.jpg 600w, https:\/\/www.yousanusb.com\/wp-content\/uploads\/2025\/10\/Square-headed-Key-USB-Flash-Drive-with-Circular-Hole-100x100.jpg 100w\" sizes=\"(max-width: 800px) 100vw, 800px\" \/><\/figure>\n<\/div>\n<\/div>\n\n\n\n<div class=\"wp-block-columns is-layout-flex wp-container-core-columns-is-layout-2 wp-block-columns-is-layout-flex\">\n<div class=\"wp-block-column is-vertically-aligned-center is-layout-flow wp-block-column-is-layout-flow\">\n<figure class=\"wp-block-image size-full\"><img decoding=\"async\" width=\"800\" height=\"800\" src=\"https:\/\/www.yousanusb.com\/wp-content\/uploads\/2025\/10\/metal-usb-flash-drive-2.jpg\" alt=\"\" class=\"wp-image-20920\" srcset=\"https:\/\/www.yousanusb.com\/wp-content\/uploads\/2025\/10\/metal-usb-flash-drive-2.jpg 800w, https:\/\/www.yousanusb.com\/wp-content\/uploads\/2025\/10\/metal-usb-flash-drive-2-300x300.jpg 300w, https:\/\/www.yousanusb.com\/wp-content\/uploads\/2025\/10\/metal-usb-flash-drive-2-150x150.jpg 150w, https:\/\/www.yousanusb.com\/wp-content\/uploads\/2025\/10\/metal-usb-flash-drive-2-768x768.jpg 768w, https:\/\/www.yousanusb.com\/wp-content\/uploads\/2025\/10\/metal-usb-flash-drive-2-12x12.jpg 12w, https:\/\/www.yousanusb.com\/wp-content\/uploads\/2025\/10\/metal-usb-flash-drive-2-600x600.jpg 600w, https:\/\/www.yousanusb.com\/wp-content\/uploads\/2025\/10\/metal-usb-flash-drive-2-100x100.jpg 100w\" sizes=\"(max-width: 800px) 100vw, 800px\" \/><\/figure>\n<\/div>\n\n\n\n<div class=\"wp-block-column is-vertically-aligned-center is-layout-flow wp-block-column-is-layout-flow\">\n<p>Dieses USB-Flash-Laufwerk verf\u00fcgt \u00fcber Hochgeschwindigkeits-NAND-Flash-Speicherchips und unterst\u00fctzt mehrere Kapazit\u00e4tskonfigurationen von 8 GB bis 128 GB, was eine flexible Auswahl je nach Datenvolumen erm\u00f6glicht. Die Schnittstellenprotokolle sind mit den Standards USB 2.0\/USB 3.0 kompatibel. Die USB 3.0-Version erreicht sequentielle Lesegeschwindigkeiten von mehr als 100 MB\/s und sequentielle Schreibgeschwindigkeiten von mehr als 30 MB\/s (die tats\u00e4chlichen Geschwindigkeiten k\u00f6nnen je nach Ger\u00e4t und Umgebung variieren) und erm\u00f6glicht die effiziente \u00dcbertragung gro\u00dfer Dateien wie technischer Zeichnungen, Videomaterial und Datenbanksicherungen.<\/p>\n\n\n\n<p>In Zuverl\u00e4ssigkeitstests hat dieses USB-Laufwerk strenge Umwelttests bestanden, darunter Vibrationen (10-2000 Hz), St\u00fcrze (freier Fall aus 1,5 Metern H\u00f6he) und extreme Temperaturen (-20 \u00b0C bis +70 \u00b0C). Es erf\u00fcllt die Anforderungen an die Umweltvertr\u00e4glichkeit von Speicherger\u00e4ten in Industriequalit\u00e4t und kann in komplexen Szenarien eingesetzt werden, z. B. in Produktionslinien der Industrieautomation, bei Vermessungen im Freien und bei der Datenerfassung in Fahrzeugen.<\/p>\n<\/div>\n<\/div>\n\n\n\n<div class=\"wp-block-columns is-layout-flex wp-container-core-columns-is-layout-3 wp-block-columns-is-layout-flex\">\n<div class=\"wp-block-column is-vertically-aligned-center is-layout-flow wp-block-column-is-layout-flow\">\n<p>Dar\u00fcber hinaus erm\u00f6glicht das Laser\u00e4tzverfahren auf Metalloberfl\u00e4chen die individuelle Herstellung von Firmenlogos, Produktcodes oder verschl\u00fcsselten Partitionen. Dies bietet nicht nur markengesch\u00fctzte Datentr\u00e4ger f\u00fcr Gesch\u00e4ftsszenarien, sondern schafft auch exklusive \"ein Schl\u00fcssel, ein Passwort\"-Speicherl\u00f6sungen f\u00fcr Industrieanwender, die einen doppelten Wert in Bezug auf Datensicherheit und Markenf\u00f6rderung bieten.<\/p>\n<\/div>\n\n\n\n<div class=\"wp-block-column is-layout-flow wp-block-column-is-layout-flow\">\n<figure class=\"wp-block-image size-full\"><img decoding=\"async\" width=\"800\" height=\"800\" src=\"https:\/\/www.yousanusb.com\/wp-content\/uploads\/2025\/10\/metal-key-usb-drives.jpg\" alt=\"\" class=\"wp-image-20919\" srcset=\"https:\/\/www.yousanusb.com\/wp-content\/uploads\/2025\/10\/metal-key-usb-drives.jpg 800w, https:\/\/www.yousanusb.com\/wp-content\/uploads\/2025\/10\/metal-key-usb-drives-300x300.jpg 300w, https:\/\/www.yousanusb.com\/wp-content\/uploads\/2025\/10\/metal-key-usb-drives-150x150.jpg 150w, https:\/\/www.yousanusb.com\/wp-content\/uploads\/2025\/10\/metal-key-usb-drives-768x768.jpg 768w, https:\/\/www.yousanusb.com\/wp-content\/uploads\/2025\/10\/metal-key-usb-drives-12x12.jpg 12w, https:\/\/www.yousanusb.com\/wp-content\/uploads\/2025\/10\/metal-key-usb-drives-600x600.jpg 600w, https:\/\/www.yousanusb.com\/wp-content\/uploads\/2025\/10\/metal-key-usb-drives-100x100.jpg 100w\" sizes=\"(max-width: 800px) 100vw, 800px\" \/><\/figure>\n<\/div>\n<\/div>","protected":false},"excerpt":{"rendered":"<ul>\n<li>Rundes Lochdesign<\/li>\n<li>Am beliebtesten<\/li>\n<li>Schl\u00fcsselform<\/li>\n<li>Ultrad\u00fcnne Bauweise<\/li>\n<li>MOQ:100PCS<\/li>\n<\/ul>","protected":false},"featured_media":20921,"comment_status":"open","ping_status":"closed","template":"","meta":{"_seopress_robots_primary_cat":"","_seopress_titles_title":"","_seopress_titles_desc":"","_seopress_robots_index":""},"class_list":["post-20916","product","type-product","status-publish","has-post-thumbnail","hentry","product_cat-retractable-usb-flash-drive","product_tag-key-usb-flash-drive"],"_links":{"self":[{"href":"https:\/\/www.yousanusb.com\/de\/wp-json\/wp\/v2\/product\/20916"}],"collection":[{"href":"https:\/\/www.yousanusb.com\/de\/wp-json\/wp\/v2\/product"}],"about":[{"href":"https:\/\/www.yousanusb.com\/de\/wp-json\/wp\/v2\/types\/product"}],"replies":[{"embeddable":true,"href":"https:\/\/www.yousanusb.com\/de\/wp-json\/wp\/v2\/comments?post=20916"}],"wp:featuredmedia":[{"embeddable":true,"href":"https:\/\/www.yousanusb.com\/de\/wp-json\/wp\/v2\/media\/20921"}],"wp:attachment":[{"href":"https:\/\/www.yousanusb.com\/de\/wp-json\/wp\/v2\/media?parent=20916"}],"curies":[{"name":"wp","href":"https:\/\/api.w.org\/{rel}","templated":true}]}}