{"id":20922,"date":"2025-10-16T01:48:24","date_gmt":"2025-10-16T01:48:24","guid":{"rendered":"https:\/\/www.yousanusb.com\/?post_type=product&#038;p=20922"},"modified":"2025-10-16T02:44:34","modified_gmt":"2025-10-16T02:44:34","slug":"medium-round-headed-key-usb-flash-drive","status":"publish","type":"product","link":"https:\/\/www.yousanusb.com\/de\/product\/medium-round-headed-key-usb-flash-drive\/","title":{"rendered":"Medium Round headed Key USB Flash Drive"},"content":{"rendered":"<div class=\"wp-block-columns is-layout-flex wp-container-core-columns-is-layout-1 wp-block-columns-is-layout-flex\">\n<div class=\"wp-block-column is-layout-flow wp-block-column-is-layout-flow\">\n<figure class=\"wp-block-image size-full\"><img fetchpriority=\"high\" decoding=\"async\" width=\"800\" height=\"800\" src=\"https:\/\/www.yousanusb.com\/wp-content\/uploads\/2025\/10\/Medium-Round-headed-Key-USB-Flash-Drive.jpg\" alt=\"\" class=\"wp-image-20927\" srcset=\"https:\/\/www.yousanusb.com\/wp-content\/uploads\/2025\/10\/Medium-Round-headed-Key-USB-Flash-Drive.jpg 800w, https:\/\/www.yousanusb.com\/wp-content\/uploads\/2025\/10\/Medium-Round-headed-Key-USB-Flash-Drive-300x300.jpg 300w, https:\/\/www.yousanusb.com\/wp-content\/uploads\/2025\/10\/Medium-Round-headed-Key-USB-Flash-Drive-150x150.jpg 150w, https:\/\/www.yousanusb.com\/wp-content\/uploads\/2025\/10\/Medium-Round-headed-Key-USB-Flash-Drive-768x768.jpg 768w, https:\/\/www.yousanusb.com\/wp-content\/uploads\/2025\/10\/Medium-Round-headed-Key-USB-Flash-Drive-12x12.jpg 12w, https:\/\/www.yousanusb.com\/wp-content\/uploads\/2025\/10\/Medium-Round-headed-Key-USB-Flash-Drive-600x600.jpg 600w, https:\/\/www.yousanusb.com\/wp-content\/uploads\/2025\/10\/Medium-Round-headed-Key-USB-Flash-Drive-100x100.jpg 100w\" sizes=\"(max-width: 800px) 100vw, 800px\" \/><\/figure>\n<\/div>\n\n\n\n<div class=\"wp-block-column is-vertically-aligned-center is-layout-flow wp-block-column-is-layout-flow\">\n<p>Das mittelgro\u00dfe kreisf\u00f6rmige USB-Laufwerk in Form eines Schl\u00fcssels hat ein kompaktes Design und ist etwa 20% kleiner als herk\u00f6mmliche Schl\u00fcssel. Seine Kernform \u00e4hnelt einem runden Schl\u00fcssel, der in einem integrierten Metalldruckgussverfahren hergestellt wird. Das Hauptgeh\u00e4use ist aus einer hochfesten Aluminiumlegierung (oder Edelstahl) gefertigt und mit einer galvanischen Nanobeschichtung (oder geb\u00fcrstetem Finish) versehen. Dieses Verfahren macht es resistent gegen Fingerabdr\u00fccke und Abrieb. Es wird mit einem Standard-Schl\u00fcsselring geliefert, den Sie an Ihren Schl\u00fcsseln befestigen k\u00f6nnen, um es bequem transportieren zu k\u00f6nnen.<\/p>\n<\/div>\n<\/div>\n\n\n\n<div class=\"wp-block-columns is-layout-flex wp-container-core-columns-is-layout-2 wp-block-columns-is-layout-flex\">\n<div class=\"wp-block-column is-vertically-aligned-center is-layout-flow wp-block-column-is-layout-flow\">\n<p>Dieses USB-Flash-Laufwerk unterst\u00fctzt mehrere Kapazit\u00e4tskonfigurationen von 8 GB bis 64 GB und erf\u00fcllt damit die unterschiedlichsten Anforderungen an die Datenspeicherung, z. B. von Office-Dokumenten und hochaufl\u00f6senden Multimedia-Dateien. Es bietet Dual-Protokoll-Kompatibilit\u00e4t mit USB 2.0\/USB 3.0-Schnittstellen (variiert je nach Modell). Die USB 3.0-Version erreicht sequentielle Lesegeschwindigkeiten von 80-120 MB\/s und sequentielle Schreibgeschwindigkeiten von 20-40 MB\/s, was eine effiziente Hochgeschwindigkeits\u00fcbertragung gro\u00dfer Dateien wie CAD-Zeichnungen und 4K-Videoclips erm\u00f6glicht.<\/p>\n<\/div>\n\n\n\n<div class=\"wp-block-column is-vertically-aligned-center is-layout-flow wp-block-column-is-layout-flow\">\n<figure class=\"wp-block-image size-full\"><img decoding=\"async\" width=\"800\" height=\"800\" src=\"https:\/\/www.yousanusb.com\/wp-content\/uploads\/2025\/10\/round-metal-key-usb-flash-drive.jpg\" alt=\"\" class=\"wp-image-20929\" srcset=\"https:\/\/www.yousanusb.com\/wp-content\/uploads\/2025\/10\/round-metal-key-usb-flash-drive.jpg 800w, https:\/\/www.yousanusb.com\/wp-content\/uploads\/2025\/10\/round-metal-key-usb-flash-drive-300x300.jpg 300w, https:\/\/www.yousanusb.com\/wp-content\/uploads\/2025\/10\/round-metal-key-usb-flash-drive-150x150.jpg 150w, https:\/\/www.yousanusb.com\/wp-content\/uploads\/2025\/10\/round-metal-key-usb-flash-drive-768x768.jpg 768w, https:\/\/www.yousanusb.com\/wp-content\/uploads\/2025\/10\/round-metal-key-usb-flash-drive-12x12.jpg 12w, https:\/\/www.yousanusb.com\/wp-content\/uploads\/2025\/10\/round-metal-key-usb-flash-drive-600x600.jpg 600w, https:\/\/www.yousanusb.com\/wp-content\/uploads\/2025\/10\/round-metal-key-usb-flash-drive-100x100.jpg 100w\" sizes=\"(max-width: 800px) 100vw, 800px\" \/><\/figure>\n<\/div>\n<\/div>\n\n\n\n<div class=\"wp-block-columns is-layout-flex wp-container-core-columns-is-layout-3 wp-block-columns-is-layout-flex\">\n<div class=\"wp-block-column is-layout-flow wp-block-column-is-layout-flow\">\n<figure class=\"wp-block-image size-full\"><img decoding=\"async\" width=\"800\" height=\"800\" src=\"https:\/\/www.yousanusb.com\/wp-content\/uploads\/2025\/10\/round-key-usb-flash-drive.jpg\" alt=\"\" class=\"wp-image-20928\" srcset=\"https:\/\/www.yousanusb.com\/wp-content\/uploads\/2025\/10\/round-key-usb-flash-drive.jpg 800w, https:\/\/www.yousanusb.com\/wp-content\/uploads\/2025\/10\/round-key-usb-flash-drive-300x300.jpg 300w, https:\/\/www.yousanusb.com\/wp-content\/uploads\/2025\/10\/round-key-usb-flash-drive-150x150.jpg 150w, https:\/\/www.yousanusb.com\/wp-content\/uploads\/2025\/10\/round-key-usb-flash-drive-768x768.jpg 768w, https:\/\/www.yousanusb.com\/wp-content\/uploads\/2025\/10\/round-key-usb-flash-drive-12x12.jpg 12w, https:\/\/www.yousanusb.com\/wp-content\/uploads\/2025\/10\/round-key-usb-flash-drive-600x600.jpg 600w, https:\/\/www.yousanusb.com\/wp-content\/uploads\/2025\/10\/round-key-usb-flash-drive-100x100.jpg 100w\" sizes=\"(max-width: 800px) 100vw, 800px\" \/><\/figure>\n<\/div>\n\n\n\n<div class=\"wp-block-column is-vertically-aligned-center is-layout-flow wp-block-column-is-layout-flow\">\n<p>Im professionellen Bereich wird dieses USB-Laufwerk h\u00e4ufig f\u00fcr die Datenerfassung in der Industrie (z. B. zur Sicherung von SPS-Programmen) und f\u00fcr Fahrzeugdiagnosesysteme (OBD-Betriebsdatenspeicherung) verwendet. Die Metalloberfl\u00e4che unterst\u00fctzt kundenspezifische Verfahren wie Laser\u00e4tzung und UV-Druck, so dass Unternehmen ihre Logos hinzuf\u00fcgen und es in einen kosteng\u00fcnstigen Werbeartikel f\u00fcr eine nachhaltige Markendarstellung verwandeln k\u00f6nnen.<br><\/p>\n<\/div>\n<\/div>","protected":false},"excerpt":{"rendered":"<ul>\n<li>Schl\u00fcssel USB-Laufwerk mittlerer Gr\u00f6\u00dfe<\/li>\n<li>Vollfarbdruck \/Lasergravur<\/li>\n<li>4GB, 8GB, 16GB, 32GB, 64GB Kapazit\u00e4t<\/li>\n<li>Standardm\u00e4\u00dfig USB 2.0 (f\u00fcr USB 3.0, bitte kontaktieren Sie uns)<\/li>\n<li>MOQ:100St\u00fcck<\/li>\n<\/ul>","protected":false},"featured_media":20927,"comment_status":"open","ping_status":"closed","template":"","meta":{"_seopress_robots_primary_cat":"","_seopress_titles_title":"","_seopress_titles_desc":"","_seopress_robots_index":""},"class_list":["post-20922","product","type-product","status-publish","has-post-thumbnail","hentry","product_cat-retractable-usb-flash-drive"],"_links":{"self":[{"href":"https:\/\/www.yousanusb.com\/de\/wp-json\/wp\/v2\/product\/20922"}],"collection":[{"href":"https:\/\/www.yousanusb.com\/de\/wp-json\/wp\/v2\/product"}],"about":[{"href":"https:\/\/www.yousanusb.com\/de\/wp-json\/wp\/v2\/types\/product"}],"replies":[{"embeddable":true,"href":"https:\/\/www.yousanusb.com\/de\/wp-json\/wp\/v2\/comments?post=20922"}],"wp:featuredmedia":[{"embeddable":true,"href":"https:\/\/www.yousanusb.com\/de\/wp-json\/wp\/v2\/media\/20927"}],"wp:attachment":[{"href":"https:\/\/www.yousanusb.com\/de\/wp-json\/wp\/v2\/media?parent=20922"}],"curies":[{"name":"wp","href":"https:\/\/api.w.org\/{rel}","templated":true}]}}